{"id":69354,"date":"2024-09-28T19:49:05","date_gmt":"2024-09-29T00:49:05","guid":{"rendered":"https:\/\/shoply.com\/?post_type=product&#038;p=69354"},"modified":"2025-03-16T16:27:10","modified_gmt":"2025-03-16T21:27:10","slug":"boost-lash-brow-serum","status":"publish","type":"product","link":"https:\/\/2024.shoply.com\/fr_ca\/produit\/boost-lash-brow-serum\/","title":{"rendered":"S\u00e9rum pour cils et sourcils Boost"},"content":{"rendered":"<p><img fetchpriority=\"high\" decoding=\"async\" class=\"wp-image-93771 alignleft\" src=\"https:\/\/shoply.com\/wp-content\/uploads\/2024\/11\/2-15-300x300.webp\" alt=\"\" width=\"540\" height=\"540\" srcset=\"https:\/\/2024.shoply.com\/wp-content\/uploads\/2024\/11\/2-15-300x300.webp 300w, https:\/\/2024.shoply.com\/wp-content\/uploads\/2024\/11\/2-15-800x800.webp 800w, https:\/\/2024.shoply.com\/wp-content\/uploads\/2024\/11\/2-15-150x150.webp 150w, https:\/\/2024.shoply.com\/wp-content\/uploads\/2024\/11\/2-15-768x768.webp 768w, https:\/\/2024.shoply.com\/wp-content\/uploads\/2024\/11\/2-15-12x12.webp 12w, https:\/\/2024.shoply.com\/wp-content\/uploads\/2024\/11\/2-15-430x430.webp 430w, https:\/\/2024.shoply.com\/wp-content\/uploads\/2024\/11\/2-15-700x700.webp 700w, https:\/\/2024.shoply.com\/wp-content\/uploads\/2024\/11\/2-15-50x50.webp 50w, https:\/\/2024.shoply.com\/wp-content\/uploads\/2024\/11\/2-15.webp 1080w\" sizes=\"(max-width: 540px) 100vw, 540px\" \/> <img decoding=\"async\" class=\"wp-image-93772 alignnone\" src=\"https:\/\/shoply.com\/wp-content\/uploads\/2024\/11\/3-8-300x300.webp\" alt=\"\" width=\"540\" height=\"540\" srcset=\"https:\/\/2024.shoply.com\/wp-content\/uploads\/2024\/11\/3-8-300x300.webp 300w, https:\/\/2024.shoply.com\/wp-content\/uploads\/2024\/11\/3-8-800x800.webp 800w, https:\/\/2024.shoply.com\/wp-content\/uploads\/2024\/11\/3-8-150x150.webp 150w, https:\/\/2024.shoply.com\/wp-content\/uploads\/2024\/11\/3-8-768x768.webp 768w, https:\/\/2024.shoply.com\/wp-content\/uploads\/2024\/11\/3-8-12x12.webp 12w, https:\/\/2024.shoply.com\/wp-content\/uploads\/2024\/11\/3-8-430x430.webp 430w, https:\/\/2024.shoply.com\/wp-content\/uploads\/2024\/11\/3-8-700x700.webp 700w, https:\/\/2024.shoply.com\/wp-content\/uploads\/2024\/11\/3-8-50x50.webp 50w, https:\/\/2024.shoply.com\/wp-content\/uploads\/2024\/11\/3-8.webp 1080w\" sizes=\"(max-width: 540px) 100vw, 540px\" \/><\/p>\n<p>&nbsp;<\/p>\n<p><img decoding=\"async\" class=\"alignnone wp-image-73813 size-full\" src=\"https:\/\/shoply.com\/wp-content\/uploads\/2024\/10\/All_LavenderIcons-Edited.webp\" alt=\"\" width=\"1600\" height=\"201\" srcset=\"https:\/\/2024.shoply.com\/wp-content\/uploads\/2024\/10\/All_LavenderIcons-Edited.webp 1600w, https:\/\/2024.shoply.com\/wp-content\/uploads\/2024\/10\/All_LavenderIcons-Edited-400x50.webp 400w, https:\/\/2024.shoply.com\/wp-content\/uploads\/2024\/10\/All_LavenderIcons-Edited-1300x163.webp 1300w, https:\/\/2024.shoply.com\/wp-content\/uploads\/2024\/10\/All_LavenderIcons-Edited-768x96.webp 768w, https:\/\/2024.shoply.com\/wp-content\/uploads\/2024\/10\/All_LavenderIcons-Edited-1536x193.webp 1536w, https:\/\/2024.shoply.com\/wp-content\/uploads\/2024\/10\/All_LavenderIcons-Edited-18x2.webp 18w, https:\/\/2024.shoply.com\/wp-content\/uploads\/2024\/10\/All_LavenderIcons-Edited-700x88.webp 700w, https:\/\/2024.shoply.com\/wp-content\/uploads\/2024\/10\/All_LavenderIcons-Edited-150x19.webp 150w, https:\/\/2024.shoply.com\/wp-content\/uploads\/2024\/10\/All_LavenderIcons-Edited-220x28.webp 220w\" sizes=\"(max-width: 1600px) 100vw, 1600px\" \/><\/p>\n<h5>Ingr\u00e9dients :<br \/>\nWater, Glycerin, Propylene Glycol, Panthenol, Biotinoyl Tripeptide-1, Xanthan Gum, Wheat Amino Acids, Soy Amino Acids, Arginine HCl, Serine, Threonine, Tocopheryl Acetate (Vitamin E), Squalane, Ubiquinone, Polysorbate 80, Diazolidinyl Urea, Iodopropynyl Butylcarbamate, Potassium Sorbate, Tetrasodium EDTA.<\/h5>","protected":false},"excerpt":{"rendered":"<h3><strong><i>S\u00c9RUM VOLUMATEUR POUR CILS ET SOURCILS<\/i><\/strong><\/h3>\n<h5>Cette formule augmente le volume, aidant les cils et les sourcils \u00e0 para\u00eetre plus volumineux et plus \u00e9pais que jamais. Les gens se poseront des questions :\u00a0<i>Quel est votre secret ?<\/i>\u00a0La r\u00e9ponse est le CoQ10, l'antioxydant qui a fait le buzz dans le monde de la beaut\u00e9 pour son super pouvoir de revitalisation des cils et des sourcils. De plus, il contient un m\u00e9lange de vitamine E et de squalane d'origine v\u00e9g\u00e9tale qui stimule la beaut\u00e9 et offre \u00e0 la zone des cils et des sourcils le traitement revitalisant ultime.<\/h5>\n<h5><img loading=\"lazy\" decoding=\"async\" class=\"alignnone size-full wp-image-1790\" src=\"https:\/\/belleandcapri.com\/wp-content\/uploads\/2022\/10\/Features-pink-line.jpg\" alt=\"\" width=\"1600\" height=\"134\" \/>- Favorise l'apparence de cils plus fournis et plus \u00e9pais<br \/>\n- S'applique en douceur, sans faire de paquets<br \/>\n- Plein d'ingr\u00e9dients revitalisants<\/h5>\n<p><img loading=\"lazy\" decoding=\"async\" class=\"alignnone size-full wp-image-1792\" src=\"https:\/\/belleandcapri.com\/wp-content\/uploads\/2022\/10\/Key-Acitves-pink-line.jpg\" alt=\"\" width=\"1600\" height=\"120\" \/><\/p>\n<p><img loading=\"lazy\" decoding=\"async\" class=\"alignnone size-full wp-image-2725\" src=\"https:\/\/belleandcapri.com\/wp-content\/uploads\/2023\/03\/Untitled-design-6.jpg\" alt=\"\" width=\"2048\" height=\"356\" \/><\/p>\n<h5><img loading=\"lazy\" decoding=\"async\" class=\"alignnone size-full wp-image-1791\" src=\"https:\/\/belleandcapri.com\/wp-content\/uploads\/2022\/10\/How-to-benefit-pink-line.jpg\" alt=\"\" width=\"1600\" height=\"105\" \/><br \/>\nPour les cils, appliquer une fine ligne le long de la ligne des cils sup\u00e9rieurs une fois par jour. Appliquer uniquement \u00e0 la racine sur une peau propre, comme pour un eyeliner. Pour les sourcils, appliquer quotidiennement sur la racine des sourcils propres. Passer la brosse de l'applicateur sur les zones clairsem\u00e9es. Laisser le s\u00e9rum p\u00e9n\u00e9trer dans la peau avant d'appliquer d'autres produits.<\/h5>","protected":false},"featured_media":69355,"template":"","meta":{"footnotes":""},"product_brand":[],"product_cat":[821,80,382,383,386],"product_tag":[111,241,137,187,110,150,140,113],"class_list":{"0":"post-69354","1":"product","2":"type-product","3":"status-publish","4":"has-post-thumbnail","6":"product_cat-beauty","7":"product_cat-beauty-health-supplements","8":"product_cat-health","9":"product_cat-personal-care","10":"product_cat-skin-care","11":"product_tag-care","12":"product_tag-cosmetics","13":"product_tag-essentials","14":"product_tag-gluten-free","15":"product_tag-hair","16":"product_tag-serum","17":"product_tag-skin-care","18":"product_tag-vegan","19":"product_shipping_class-shipping-class-1","20":"has-subscription-plans","22":"first","23":"instock","24":"sale","25":"taxable","26":"shipping-taxable","27":"purchasable","28":"product-type-simple"},"bundled_by":[],"bundle_stock_status":"instock","bundle_stock_quantity":null,"bundle_virtual":false,"bundle_layout":"","bundle_add_to_cart_form_location":"","bundle_editable_in_cart":false,"bundle_sold_individually_context":"","bundle_item_grouping":"","bundle_min_size":"","bundle_max_size":"","bundle_price":[],"bundled_items":[],"bundle_sell_ids":[],"group_of_quantity":0,"min_quantity":0,"max_quantity":"","exclude_order_quantity_value_rules":"no","exclude_category_quantity_rules":"no","combine_variations":"no","_links":{"self":[{"href":"https:\/\/2024.shoply.com\/fr_ca\/wp-json\/wp\/v2\/product\/69354","targetHints":{"allow":["GET"]}}],"collection":[{"href":"https:\/\/2024.shoply.com\/fr_ca\/wp-json\/wp\/v2\/product"}],"about":[{"href":"https:\/\/2024.shoply.com\/fr_ca\/wp-json\/wp\/v2\/types\/product"}],"version-history":[{"count":5,"href":"https:\/\/2024.shoply.com\/fr_ca\/wp-json\/wp\/v2\/product\/69354\/revisions"}],"predecessor-version":[{"id":155576,"href":"https:\/\/2024.shoply.com\/fr_ca\/wp-json\/wp\/v2\/product\/69354\/revisions\/155576"}],"wp:featuredmedia":[{"embeddable":true,"href":"https:\/\/2024.shoply.com\/fr_ca\/wp-json\/wp\/v2\/media\/69355"}],"wp:attachment":[{"href":"https:\/\/2024.shoply.com\/fr_ca\/wp-json\/wp\/v2\/media?parent=69354"}],"wp:term":[{"taxonomy":"product_brand","embeddable":true,"href":"https:\/\/2024.shoply.com\/fr_ca\/wp-json\/wp\/v2\/product_brand?post=69354"},{"taxonomy":"product_cat","embeddable":true,"href":"https:\/\/2024.shoply.com\/fr_ca\/wp-json\/wp\/v2\/product_cat?post=69354"},{"taxonomy":"product_tag","embeddable":true,"href":"https:\/\/2024.shoply.com\/fr_ca\/wp-json\/wp\/v2\/product_tag?post=69354"}],"curies":[{"name":"wp","href":"https:\/\/api.w.org\/{rel}","templated":true}]}}