{"id":69422,"date":"2024-09-28T20:46:24","date_gmt":"2024-09-29T01:46:24","guid":{"rendered":"https:\/\/shoply.com\/?post_type=product&#038;p=69422"},"modified":"2025-02-08T01:43:21","modified_gmt":"2025-02-08T06:43:21","slug":"4x-the-hydration-pack","status":"publish","type":"product","link":"https:\/\/2024.shoply.com\/fr_ca\/produit\/4x-the-hydration-pack\/","title":{"rendered":"4x le pack d'hydratation"},"content":{"rendered":"<p><img fetchpriority=\"high\" decoding=\"async\" class=\"alignnone size-full wp-image-73813\" src=\"https:\/\/shoply.com\/wp-content\/uploads\/2024\/10\/All_LavenderIcons-Edited.webp\" alt=\"\" width=\"1600\" height=\"201\" srcset=\"https:\/\/2024.shoply.com\/wp-content\/uploads\/2024\/10\/All_LavenderIcons-Edited.webp 1600w, https:\/\/2024.shoply.com\/wp-content\/uploads\/2024\/10\/All_LavenderIcons-Edited-400x50.webp 400w, https:\/\/2024.shoply.com\/wp-content\/uploads\/2024\/10\/All_LavenderIcons-Edited-1300x163.webp 1300w, https:\/\/2024.shoply.com\/wp-content\/uploads\/2024\/10\/All_LavenderIcons-Edited-768x96.webp 768w, https:\/\/2024.shoply.com\/wp-content\/uploads\/2024\/10\/All_LavenderIcons-Edited-1536x193.webp 1536w, https:\/\/2024.shoply.com\/wp-content\/uploads\/2024\/10\/All_LavenderIcons-Edited-18x2.webp 18w, https:\/\/2024.shoply.com\/wp-content\/uploads\/2024\/10\/All_LavenderIcons-Edited-700x88.webp 700w, https:\/\/2024.shoply.com\/wp-content\/uploads\/2024\/10\/All_LavenderIcons-Edited-150x19.webp 150w, https:\/\/2024.shoply.com\/wp-content\/uploads\/2024\/10\/All_LavenderIcons-Edited-220x28.webp 220w\" sizes=\"(max-width: 1600px) 100vw, 1600px\" \/><\/p>","protected":false},"excerpt":{"rendered":"<h3><strong>Economisez 10% avec cette offre group\u00e9e !<\/strong><\/h3>\n<h5>Voici les h\u00e9ros de l'hydratation pr\u00eats \u00e0 sauver la peau s\u00e8che : Les h\u00e9ros de l'hydratation pr\u00eats \u00e0 sauver la peau s\u00e8che !<\/h5>\n<h5>Dites adieu \u00e0 la s\u00e9cheresse gr\u00e2ce \u00e0 ces quatre super hydratants :<br \/>\n- Hydratant quotidien<br \/>\n- S\u00e9rum r\u00e9parateur \u00e0 l'acide hyaluronique<br \/>\n- Cr\u00e8me de r\u00e9cup\u00e9ration avanc\u00e9e pour la nuit<br \/>\n- Brume hydratante v\u00e9g\u00e9tale pour le visage<\/h5>","protected":false},"featured_media":69424,"template":"","meta":{"footnotes":""},"product_brand":[],"product_cat":[821,80,835,382,383,386],"product_tag":[149,132,111,137,187,155,152,150,140,113],"class_list":{"0":"post-69422","1":"product","2":"type-product","3":"status-publish","4":"has-post-thumbnail","6":"product_cat-beauty","7":"product_cat-beauty-health-supplements","8":"product_cat-bundles","9":"product_cat-health","10":"product_cat-personal-care","11":"product_cat-skin-care","12":"product_tag-anti-aging","13":"product_tag-antioxidants","14":"product_tag-care","15":"product_tag-essentials","16":"product_tag-gluten-free","17":"product_tag-hyaluronic","18":"product_tag-moisturizer","19":"product_tag-serum","20":"product_tag-skin-care","21":"product_tag-vegan","22":"product_shipping_class-shipping-class-2","23":"has-subscription-plans","25":"first","26":"instock","27":"sale","28":"taxable","29":"shipping-taxable","30":"purchasable","31":"product-type-simple"},"bundled_by":[],"bundle_stock_status":"instock","bundle_stock_quantity":null,"bundle_virtual":false,"bundle_layout":"","bundle_add_to_cart_form_location":"","bundle_editable_in_cart":false,"bundle_sold_individually_context":"","bundle_item_grouping":"","bundle_min_size":"","bundle_max_size":"","bundle_price":[],"bundled_items":[],"bundle_sell_ids":[],"group_of_quantity":0,"min_quantity":0,"max_quantity":"","exclude_order_quantity_value_rules":"no","exclude_category_quantity_rules":"no","combine_variations":"no","_links":{"self":[{"href":"https:\/\/2024.shoply.com\/fr_ca\/wp-json\/wp\/v2\/product\/69422","targetHints":{"allow":["GET"]}}],"collection":[{"href":"https:\/\/2024.shoply.com\/fr_ca\/wp-json\/wp\/v2\/product"}],"about":[{"href":"https:\/\/2024.shoply.com\/fr_ca\/wp-json\/wp\/v2\/types\/product"}],"version-history":[{"count":2,"href":"https:\/\/2024.shoply.com\/fr_ca\/wp-json\/wp\/v2\/product\/69422\/revisions"}],"predecessor-version":[{"id":139538,"href":"https:\/\/2024.shoply.com\/fr_ca\/wp-json\/wp\/v2\/product\/69422\/revisions\/139538"}],"wp:featuredmedia":[{"embeddable":true,"href":"https:\/\/2024.shoply.com\/fr_ca\/wp-json\/wp\/v2\/media\/69424"}],"wp:attachment":[{"href":"https:\/\/2024.shoply.com\/fr_ca\/wp-json\/wp\/v2\/media?parent=69422"}],"wp:term":[{"taxonomy":"product_brand","embeddable":true,"href":"https:\/\/2024.shoply.com\/fr_ca\/wp-json\/wp\/v2\/product_brand?post=69422"},{"taxonomy":"product_cat","embeddable":true,"href":"https:\/\/2024.shoply.com\/fr_ca\/wp-json\/wp\/v2\/product_cat?post=69422"},{"taxonomy":"product_tag","embeddable":true,"href":"https:\/\/2024.shoply.com\/fr_ca\/wp-json\/wp\/v2\/product_tag?post=69422"}],"curies":[{"name":"wp","href":"https:\/\/api.w.org\/{rel}","templated":true}]}}