{"id":69762,"date":"2024-09-29T08:19:25","date_gmt":"2024-09-29T13:19:25","guid":{"rendered":"https:\/\/shoply.com\/?post_type=product&#038;p=69762"},"modified":"2025-03-16T16:19:02","modified_gmt":"2025-03-16T21:19:02","slug":"spa-hair-mask","status":"publish","type":"product","link":"https:\/\/2024.shoply.com\/fr_ca\/produit\/spa-hair-mask\/","title":{"rendered":"Masque capillaire Spa"},"content":{"rendered":"<h5>Ingr\u00e9dients :<br \/>\nWater (Aqua), Persea Gratissima (Avocado) Oil, Glycerin, Cetearyl Alcohol, Cetyl Alcohol, Lauryl Laurate, Dimethicone, Polyglyceryl-2 Caprate, Behentrimonium Methosulfate, Stearyl Alcohol, Propanediol, Distearoylethyl Dimonium Chloride, Caprylyl Glycol, Guar Hydroxypropyltrimonium Chloride, Panthenol, 1,2-Hexanediol, Fragrance (Parfum), Glyceryl Laurate, Glyceryl Undecylenate, Xanthan Gum, Caprylhydroxamic Acid, Fumaric Acid, Citric Acid.<\/h5>","protected":false},"excerpt":{"rendered":"<h5>\u00c9levez votre rituel de soin des cheveux au rang d'art avec le masque capillaire Belle &amp; Capri Spa. Ce traitement de type spa va au-del\u00e0 du conditionnement standard, offrant une hydratation en profondeur, une r\u00e9sistance aux frisottis et un toucher doux pour les cheveux indisciplin\u00e9s. Enrichi en glyc\u00e9rine fixatrice d'humidit\u00e9, en panth\u00e9nol lissant les pointes fourchues et en huile d'avocat rehaussant la brillance, il a le pouvoir de transformer m\u00eame les cheveux les plus secs et les plus ternes en une crini\u00e8re soyeuse et facile \u00e0 coiffer.<br \/>\n<img fetchpriority=\"high\" decoding=\"async\" class=\"alignnone size-full wp-image-1790\" src=\"https:\/\/belleandcapri.com\/wp-content\/uploads\/2022\/10\/Features-pink-line.jpg\" alt=\"\" width=\"1600\" height=\"134\" \/><br \/>\n- Hydrate et adoucit les cheveux, minimise les frisottis<br \/>\n- Fixe l'hydratation pour des cheveux d'apparence saine<br \/>\n- D\u00e9m\u00eale les cheveux, am\u00e9liore le coiffage et la maniabilit\u00e9<br \/>\n- Con\u00e7u pour tous les types de cheveux<br \/>\n- Sans danger pour les cheveux color\u00e9s<\/h5>\n<h5><img decoding=\"async\" class=\"alignnone size-full wp-image-1791\" src=\"https:\/\/belleandcapri.com\/wp-content\/uploads\/2022\/10\/How-to-benefit-pink-line.jpg\" alt=\"\" width=\"1600\" height=\"105\" \/><br \/>\nAppliquer une couche g\u00e9n\u00e9reuse sur les cheveux et le cuir chevelu humides. Laisser agir pendant 10 \u00e0 15 minutes, puis rincer. Pour de meilleurs r\u00e9sultats, utilisez le masque deux fois par semaine dans le cadre de vos soins capillaires habituels.<\/h5>\n<p><img decoding=\"async\" class=\"alignnone size-full wp-image-3773\" src=\"https:\/\/belleandcapri.com\/wp-content\/uploads\/2023\/10\/SpaIcons.png\" alt=\"\" width=\"4298\" height=\"859\" \/><\/p>\n<p>&nbsp;<\/p>","protected":false},"featured_media":69765,"template":"","meta":{"footnotes":""},"product_brand":[],"product_cat":[385,821,80,382,383],"product_tag":[108,111,137,110,158,152,113],"class_list":{"0":"post-69762","1":"product","2":"type-product","3":"status-publish","4":"has-post-thumbnail","6":"product_cat-bath-body","7":"product_cat-beauty","8":"product_cat-beauty-health-supplements","9":"product_cat-health","10":"product_cat-personal-care","11":"product_tag-bath","12":"product_tag-care","13":"product_tag-essentials","14":"product_tag-hair","15":"product_tag-mask","16":"product_tag-moisturizer","17":"product_tag-vegan","18":"product_shipping_class-shipping-class-2","19":"has-subscription-plans","21":"first","22":"instock","23":"sale","24":"taxable","25":"shipping-taxable","26":"purchasable","27":"product-type-simple"},"bundled_by":[],"bundle_stock_status":"instock","bundle_stock_quantity":null,"bundle_virtual":false,"bundle_layout":"","bundle_add_to_cart_form_location":"","bundle_editable_in_cart":false,"bundle_sold_individually_context":"","bundle_item_grouping":"","bundle_min_size":"","bundle_max_size":"","bundle_price":[],"bundled_items":[],"bundle_sell_ids":[],"group_of_quantity":0,"min_quantity":0,"max_quantity":"","exclude_order_quantity_value_rules":"no","exclude_category_quantity_rules":"no","combine_variations":"no","_links":{"self":[{"href":"https:\/\/2024.shoply.com\/fr_ca\/wp-json\/wp\/v2\/product\/69762","targetHints":{"allow":["GET"]}}],"collection":[{"href":"https:\/\/2024.shoply.com\/fr_ca\/wp-json\/wp\/v2\/product"}],"about":[{"href":"https:\/\/2024.shoply.com\/fr_ca\/wp-json\/wp\/v2\/types\/product"}],"version-history":[{"count":1,"href":"https:\/\/2024.shoply.com\/fr_ca\/wp-json\/wp\/v2\/product\/69762\/revisions"}],"predecessor-version":[{"id":126144,"href":"https:\/\/2024.shoply.com\/fr_ca\/wp-json\/wp\/v2\/product\/69762\/revisions\/126144"}],"wp:featuredmedia":[{"embeddable":true,"href":"https:\/\/2024.shoply.com\/fr_ca\/wp-json\/wp\/v2\/media\/69765"}],"wp:attachment":[{"href":"https:\/\/2024.shoply.com\/fr_ca\/wp-json\/wp\/v2\/media?parent=69762"}],"wp:term":[{"taxonomy":"product_brand","embeddable":true,"href":"https:\/\/2024.shoply.com\/fr_ca\/wp-json\/wp\/v2\/product_brand?post=69762"},{"taxonomy":"product_cat","embeddable":true,"href":"https:\/\/2024.shoply.com\/fr_ca\/wp-json\/wp\/v2\/product_cat?post=69762"},{"taxonomy":"product_tag","embeddable":true,"href":"https:\/\/2024.shoply.com\/fr_ca\/wp-json\/wp\/v2\/product_tag?post=69762"}],"curies":[{"name":"wp","href":"https:\/\/api.w.org\/{rel}","templated":true}]}}