{"id":69770,"date":"2024-09-29T08:24:40","date_gmt":"2024-09-29T13:24:40","guid":{"rendered":"https:\/\/shoply.com\/?post_type=product&#038;p=69770"},"modified":"2025-03-16T16:18:18","modified_gmt":"2025-03-16T21:18:18","slug":"spa-conditioner","status":"publish","type":"product","link":"https:\/\/2024.shoply.com\/fr_ca\/produit\/spa-conditioner\/","title":{"rendered":"Conditionneur pour spa"},"content":{"rendered":"<h5>Ingr\u00e9dients :<br \/>\nWater (Aqua), Glycerin, Fragrance (Parfum), Cetyl Alcohol, Aloe Barbadensis Leaf Juice, Stearyl Alcohol, C15-19 Alkane, Simmondsia Chinensis (Jojoba) Seed Oil, Persea Gratissima (Avocado) Oil, Distearoylethyl Dimonium Chloride, Argania Spinosa Kernel Oil, Bis(C13-15 Alkoxy) PG-Amodimethicone, Bis-(Isostearoyl\/Oleoyl Isopropyl) Dimonium Methosulfate, Cetyl Esters, Dimethicone, Phenoxyethanol, Cocos Nucifera (Coconut) Oil, Mangifera Indica (Mango) Seed Butter, Cetearyl Alcohol, Guar Hydroxypropyltrimonium Chloride, Hydrolyzed Vegetable Protein, Polyquaternium-10, Benzyl Benzoate, Ethylhexylglycerin, Panthenol, Tilia Tomentosa Bud Extract, Tocopherol, Tetrasodium Glutamate Diacetate, Limonene, Citric Acid, Polyquaternium-7, Fumaric Acid, Sodium Benzoate, Potassium Sorbate, Sodium Acetate, Sodium Chloride, Isopropyl Alcohol, Sodium Hydroxide.<\/h5>","protected":false},"excerpt":{"rendered":"<h5>Faites de chaque jour un jour de spa avec l'apr\u00e8s-shampooing Belle &amp; Capri Spa, un havre de paix pour tous les types de cheveux. Cette formule sans parab\u00e8ne est enrichie d'aloe vera, de prot\u00e9ines v\u00e9g\u00e9tales hydrolys\u00e9es, d'huiles v\u00e9g\u00e9tales et de beurre de mangue, qui agissent en harmonie pour offrir une exp\u00e9rience de soin capillaire luxueuse. Ces ingr\u00e9dients r\u00e9parateurs traitent les dommages \u00e0 la racine, hydratent l'ensemble du cheveu et renforcent la brillance naturelle de vos cheveux, tout en les d\u00e9m\u00ealant et en les prot\u00e9geant des agressions quotidiennes.<br \/>\n<img fetchpriority=\"high\" decoding=\"async\" class=\"alignnone size-full wp-image-1790\" src=\"https:\/\/belleandcapri.com\/wp-content\/uploads\/2022\/10\/Features-pink-line.jpg\" alt=\"\" width=\"1600\" height=\"134\" \/><br \/>\n- Hydrate intens\u00e9ment et am\u00e9liore la r\u00e9tention d'eau<br \/>\n- Aide \u00e0 la protection contre la chaleur et r\u00e9duit les frisottis<br \/>\n- Renforce les antioxydants pour des cheveux plus faciles \u00e0 coiffer.<br \/>\n- Con\u00e7u pour tous les types de cheveux<br \/>\n- Sans danger pour les cheveux color\u00e9s<\/h5>\n<p><img decoding=\"async\" class=\"alignnone size-full wp-image-1791\" src=\"https:\/\/belleandcapri.com\/wp-content\/uploads\/2022\/10\/How-to-benefit-pink-line.jpg\" alt=\"\" width=\"1600\" height=\"105\" \/><\/p>\n<h5>Pour de meilleurs r\u00e9sultats, appliquer quotidiennement apr\u00e8s le shampooing Belle &amp; Capri Spa. R\u00e9partir la quantit\u00e9 d\u00e9sir\u00e9e sur les paumes, appliquer de la pointe \u00e0 la racine, rincer, s\u00e9cher avec une serviette et suivre avec le s\u00e9rum Belle &amp; Capri Spa pour une routine de soins capillaires parfaite.<\/h5>\n<p><img decoding=\"async\" class=\"alignnone size-full wp-image-3773\" src=\"https:\/\/belleandcapri.com\/wp-content\/uploads\/2023\/10\/SpaIcons.png\" alt=\"\" width=\"4298\" height=\"859\" \/><\/p>\n<p>&nbsp;<\/p>","protected":false},"featured_media":69771,"template":"","meta":{"footnotes":""},"product_brand":[],"product_cat":[385,821,80,382,383],"product_tag":[108,111,137,154,110,152,113],"class_list":{"0":"post-69770","1":"product","2":"type-product","3":"status-publish","4":"has-post-thumbnail","6":"product_cat-bath-body","7":"product_cat-beauty","8":"product_cat-beauty-health-supplements","9":"product_cat-health","10":"product_cat-personal-care","11":"product_tag-bath","12":"product_tag-care","13":"product_tag-essentials","14":"product_tag-gel","15":"product_tag-hair","16":"product_tag-moisturizer","17":"product_tag-vegan","18":"product_shipping_class-shipping-class-2","19":"has-subscription-plans","21":"first","22":"instock","23":"sale","24":"taxable","25":"shipping-taxable","26":"purchasable","27":"product-type-simple"},"bundled_by":[],"bundle_stock_status":"instock","bundle_stock_quantity":null,"bundle_virtual":false,"bundle_layout":"","bundle_add_to_cart_form_location":"","bundle_editable_in_cart":false,"bundle_sold_individually_context":"","bundle_item_grouping":"","bundle_min_size":"","bundle_max_size":"","bundle_price":[],"bundled_items":[],"bundle_sell_ids":[],"group_of_quantity":0,"min_quantity":0,"max_quantity":"","exclude_order_quantity_value_rules":"no","exclude_category_quantity_rules":"no","combine_variations":"no","_links":{"self":[{"href":"https:\/\/2024.shoply.com\/fr_ca\/wp-json\/wp\/v2\/product\/69770","targetHints":{"allow":["GET"]}}],"collection":[{"href":"https:\/\/2024.shoply.com\/fr_ca\/wp-json\/wp\/v2\/product"}],"about":[{"href":"https:\/\/2024.shoply.com\/fr_ca\/wp-json\/wp\/v2\/types\/product"}],"version-history":[{"count":1,"href":"https:\/\/2024.shoply.com\/fr_ca\/wp-json\/wp\/v2\/product\/69770\/revisions"}],"predecessor-version":[{"id":126143,"href":"https:\/\/2024.shoply.com\/fr_ca\/wp-json\/wp\/v2\/product\/69770\/revisions\/126143"}],"wp:featuredmedia":[{"embeddable":true,"href":"https:\/\/2024.shoply.com\/fr_ca\/wp-json\/wp\/v2\/media\/69771"}],"wp:attachment":[{"href":"https:\/\/2024.shoply.com\/fr_ca\/wp-json\/wp\/v2\/media?parent=69770"}],"wp:term":[{"taxonomy":"product_brand","embeddable":true,"href":"https:\/\/2024.shoply.com\/fr_ca\/wp-json\/wp\/v2\/product_brand?post=69770"},{"taxonomy":"product_cat","embeddable":true,"href":"https:\/\/2024.shoply.com\/fr_ca\/wp-json\/wp\/v2\/product_cat?post=69770"},{"taxonomy":"product_tag","embeddable":true,"href":"https:\/\/2024.shoply.com\/fr_ca\/wp-json\/wp\/v2\/product_tag?post=69770"}],"curies":[{"name":"wp","href":"https:\/\/api.w.org\/{rel}","templated":true}]}}