{"id":74359,"date":"2025-01-28T11:33:25","date_gmt":"2025-01-28T16:33:25","guid":{"rendered":"https:\/\/shoply.com\/?post_type=product&#038;p=74359"},"modified":"2025-02-19T20:26:47","modified_gmt":"2025-02-20T01:26:47","slug":"noni-gia","status":"publish","type":"product","link":"https:\/\/2024.shoply.com\/fr_ca\/produit\/noni-gia\/","title":{"rendered":"Noni Gia"},"content":{"rendered":"<p>Le Noni GIA est un antioxydant puissant qui peut aider \u00e0 maintenir et \u00e0 soutenir un syst\u00e8me immunitaire sain. Un m\u00e9lange puissant de poudre de noni, d'ananas et de raisin. Noni GIA peut aider \u00e0 maintenir l'efficacit\u00e9 de nos organes, en particulier les syst\u00e8mes digestif et circulatoire.<\/p>","protected":false},"excerpt":{"rendered":"<p>Ce compl\u00e9ment biologique est un anti-bact\u00e9rien et anti-fongique naturel, il fournit des nutriments essentiels \u00e0 la sant\u00e9 des cheveux et de la peau et peut am\u00e9liorer la clart\u00e9 mentale.<\/p>\n<p class=\"p1\"><span class=\"s1\"><i>-\u00a0<\/i><\/span><span class=\"s2\"><i>Ces d\u00e9clarations n'ont pas \u00e9t\u00e9 \u00e9valu\u00e9es par la Food and Drug Administration. Ce produit n'est pas destin\u00e9 \u00e0 diagnostiquer, traiter, gu\u00e9rir ou pr\u00e9venir une quelconque maladie.<\/i><\/span><\/p>\n<p>&nbsp;<\/p>\n<p>&nbsp;<\/p>","protected":false},"featured_media":74366,"template":"","meta":{"footnotes":""},"product_brand":[],"product_cat":[80],"product_tag":[],"class_list":{"0":"post-74359","1":"product","2":"type-product","3":"status-publish","4":"has-post-thumbnail","6":"product_cat-beauty-health-supplements","7":"product_shipping_class-shipping-class-1","9":"first","10":"instock","11":"taxable","12":"shipping-taxable","13":"purchasable","14":"product-type-simple"},"bundled_by":[],"bundle_stock_status":"instock","bundle_stock_quantity":null,"bundle_virtual":false,"bundle_layout":"","bundle_add_to_cart_form_location":"","bundle_editable_in_cart":false,"bundle_sold_individually_context":"","bundle_item_grouping":"","bundle_min_size":"","bundle_max_size":"","bundle_price":[],"bundled_items":[],"bundle_sell_ids":[],"group_of_quantity":0,"min_quantity":0,"max_quantity":"","exclude_order_quantity_value_rules":"no","exclude_category_quantity_rules":"no","combine_variations":"no","_links":{"self":[{"href":"https:\/\/2024.shoply.com\/fr_ca\/wp-json\/wp\/v2\/product\/74359","targetHints":{"allow":["GET"]}}],"collection":[{"href":"https:\/\/2024.shoply.com\/fr_ca\/wp-json\/wp\/v2\/product"}],"about":[{"href":"https:\/\/2024.shoply.com\/fr_ca\/wp-json\/wp\/v2\/types\/product"}],"version-history":[{"count":2,"href":"https:\/\/2024.shoply.com\/fr_ca\/wp-json\/wp\/v2\/product\/74359\/revisions"}],"predecessor-version":[{"id":139438,"href":"https:\/\/2024.shoply.com\/fr_ca\/wp-json\/wp\/v2\/product\/74359\/revisions\/139438"}],"wp:featuredmedia":[{"embeddable":true,"href":"https:\/\/2024.shoply.com\/fr_ca\/wp-json\/wp\/v2\/media\/74366"}],"wp:attachment":[{"href":"https:\/\/2024.shoply.com\/fr_ca\/wp-json\/wp\/v2\/media?parent=74359"}],"wp:term":[{"taxonomy":"product_brand","embeddable":true,"href":"https:\/\/2024.shoply.com\/fr_ca\/wp-json\/wp\/v2\/product_brand?post=74359"},{"taxonomy":"product_cat","embeddable":true,"href":"https:\/\/2024.shoply.com\/fr_ca\/wp-json\/wp\/v2\/product_cat?post=74359"},{"taxonomy":"product_tag","embeddable":true,"href":"https:\/\/2024.shoply.com\/fr_ca\/wp-json\/wp\/v2\/product_tag?post=74359"}],"curies":[{"name":"wp","href":"https:\/\/api.w.org\/{rel}","templated":true}]}}