{"id":75469,"date":"2024-10-10T12:45:17","date_gmt":"2024-10-10T17:45:17","guid":{"rendered":"https:\/\/shoply.com\/?post_type=product&#038;p=75469"},"modified":"2025-03-02T15:19:53","modified_gmt":"2025-03-02T20:19:53","slug":"trimrox","status":"publish","type":"product","link":"https:\/\/2024.shoply.com\/fr_ca\/produit\/trimrox\/","title":{"rendered":"TrimROX"},"content":{"rendered":"<p><strong><span class=\"TextRun MacChromeBold SCXW14352028 BCX0\" lang=\"EN-US\" xml:lang=\"EN-US\"><span class=\"NormalTextRun SCXW14352028 BCX0\">TrimROX<\/span><span class=\"NormalTextRun SCXW14352028 BCX0\">\u2122<\/span><\/span><\/strong><span class=\"TextRun SCXW14352028 BCX0\" lang=\"EN-US\" xml:lang=\"EN-US\"><span class=\"NormalTextRun SCXW14352028 BCX0\"> est un compl\u00e9ment alimentaire innovant et amusant \u00e0 utiliser, con\u00e7u pour soutenir le m\u00e9tabolisme, am\u00e9liorer la combustion des graisses et stimuler les niveaux d'\u00e9nergie. Il utilise un syst\u00e8me d'administration par cr\u00e9pitement, <\/span><strong><span class=\"NormalTextRun SCXW14352028 BCX0\">TrimROX<\/span><\/strong><span class=\"NormalTextRun SCXW14352028 BCX0\"><strong>\u2122<\/strong> offre un moyen agr\u00e9able de faire bouger votre corps et de br\u00fbler des calories efficacement. Gr\u00e2ce \u00e0 sa formulation unique, ce suppl\u00e9ment est parfait pour les personnes qui cherchent \u00e0 g\u00e9rer leur poids, <\/span><span class=\"NormalTextRun SCXW14352028 BCX0\">optimiser<\/span><span class=\"NormalTextRun SCXW14352028 BCX0\"> leur m\u00e9tabolisme et maintenir l'\u00e9nergie tout au long de la journ\u00e9e.<\/span><\/span><span class=\"EOP SCXW14352028 BCX0\">\u00a0<\/span><\/p>\n<p><b>Avantages pour la sant\u00e9 :<\/b><\/p>\n<ul>\n<li><b>Stimule le m\u00e9tabolisme<\/b>: TrimROX combine des extraits naturels puissants comme le Gynostemma et le Purple Tea pour <b>favoriser le m\u00e9tabolisme des graisses<\/b> et la production d'\u00e9nergie.<\/li>\n<\/ul>\n<ul>\n<li><b>\u00c9nergie durable<\/b>: Avec <b>D-Ribose<\/b> et <b>Guayusa<\/b>Gr\u00e2ce \u00e0 sa teneur en vitamine A, vous b\u00e9n\u00e9ficiez d'une source d'\u00e9nergie r\u00e9guli\u00e8re, sans picotement ni baisse de r\u00e9gime, ce qui en fait un produit id\u00e9al pour les personnes actives.<\/li>\n<\/ul>\n<ul>\n<li><b>Favorise la concentration cognitive<\/b>: Ingr\u00e9dients comme <b>Alpha-GPC<\/b> aident \u00e0 maintenir la concentration, la clart\u00e9 mentale et la vivacit\u00e9 d'esprit, essentielles pour les activit\u00e9s quotidiennes et les performances physiques.<\/li>\n<\/ul>\n<ul>\n<li><b>Riche en antioxydants<\/b>: Avec <b>Camu Camu<\/b> et <b>Th\u00e9 violet<\/b>TrimROX est un puissant antioxydant qui aide \u00e0 prot\u00e9ger contre les dommages caus\u00e9s par l'oxydation et \u00e0 favoriser la sant\u00e9 \u00e0 long terme.<\/li>\n<\/ul>\n<p><b>Qui peut en b\u00e9n\u00e9ficier ?<\/b><\/p>\n<p>TrimROX\u2122 est id\u00e9al pour :<\/p>\n<ul>\n<li>Les personnes qui souhaitent g\u00e9rer leur poids en toute s\u00e9curit\u00e9 en augmentant leur m\u00e9tabolisme et en \u00e9quilibrant leur taux de sucre dans le sang.<\/li>\n<\/ul>\n<ul>\n<li>Les personnes \u00e0 la recherche d'un suppl\u00e9ment agr\u00e9able et amusant \u00e0 utiliser pour aider \u00e0 maintenir l'\u00e9nergie et stimuler la motivation tout au long de la journ\u00e9e.<\/li>\n<\/ul>\n<ul>\n<li>Les personnes souhaitant am\u00e9liorer leurs performances physiques et leur clart\u00e9 mentale tout en maintenant un mode de vie sain et \u00e9quilibr\u00e9.<\/li>\n<\/ul>\n<p><b>Comment l'utiliser<\/b><\/p>\n<p>Il suffit d'ouvrir un sachet de TrimROX\u2122 et d'en verser le contenu, petit \u00e0 petit, directement sur la langue. Laissez la sensation de cr\u00e9pitement se dissoudre dans votre bouche pendant que les ingr\u00e9dients agissent pour stimuler votre m\u00e9tabolisme et vos niveaux d'\u00e9nergie. Pour de meilleurs r\u00e9sultats, utilisez un sachet par jour ou selon vos besoins pour soutenir l'\u00e9nergie et le m\u00e9tabolisme.<\/p>\n<p><img fetchpriority=\"high\" decoding=\"async\" class=\"alignnone size-full wp-image-83678\" src=\"https:\/\/shoply.com\/wp-content\/uploads\/2024\/10\/TrimROX-Supplement-Facts.webp\" alt=\"\" width=\"612\" height=\"792\" srcset=\"https:\/\/2024.shoply.com\/wp-content\/uploads\/2024\/10\/TrimROX-Supplement-Facts.webp 612w, https:\/\/2024.shoply.com\/wp-content\/uploads\/2024\/10\/TrimROX-Supplement-Facts-232x300.webp 232w, https:\/\/2024.shoply.com\/wp-content\/uploads\/2024\/10\/TrimROX-Supplement-Facts-9x12.webp 9w, https:\/\/2024.shoply.com\/wp-content\/uploads\/2024\/10\/TrimROX-Supplement-Facts-150x194.webp 150w, https:\/\/2024.shoply.com\/wp-content\/uploads\/2024\/10\/TrimROX-Supplement-Facts-39x50.webp 39w\" sizes=\"(max-width: 612px) 100vw, 612px\" \/><\/p>\n<p><em>Ces d\u00e9clarations n'ont pas \u00e9t\u00e9 \u00e9valu\u00e9es par la Food and Drug Administration. Ce produit n'est pas destin\u00e9 \u00e0 diagnostiquer, traiter, gu\u00e9rir ou pr\u00e9venir une quelconque maladie.<\/em><\/p>","protected":false},"excerpt":{"rendered":"<h2><span class=\"headline ng-star-inserted\">M\u00c9TABOLISME<\/span><\/h2>\n<div>\n<p><strong>Complexe M\u00e9tabolique Popping &amp; Playful<\/strong><br \/>\n<strong>ALIMENT\u00c9 PAR LA TECHNOLOGIE PRODOSOME<\/strong><br \/>\n(sachet de 30 portions)<\/p>\n<p><strong>Stimulez votre m\u00e9tabolisme. Br\u00fblez les graisses. \u00c9quilibrer vos hormones.<\/strong><br \/>\nQui a dit qu'am\u00e9liorer sa sant\u00e9 ne pouvait pas \u00eatre amusant ?<\/p>\n<\/div>","protected":false},"featured_media":76229,"template":"","meta":{"footnotes":""},"product_brand":[],"product_cat":[80],"product_tag":[151,278,117,106,115],"class_list":{"0":"post-75469","1":"product","2":"type-product","3":"status-publish","4":"has-post-thumbnail","6":"product_cat-beauty-health-supplements","7":"product_tag-energy","8":"product_tag-health","9":"product_tag-nutrition","10":"product_tag-peformance","11":"product_tag-supplement","12":"product_shipping_class-shipping-class-1","13":"has-subscription-plans","15":"first","16":"instock","17":"sale","18":"taxable","19":"shipping-taxable","20":"purchasable","21":"product-type-simple"},"bundled_by":["75471","120228","120242"],"bundle_stock_status":"instock","bundle_stock_quantity":941,"bundle_virtual":false,"bundle_layout":"","bundle_add_to_cart_form_location":"","bundle_editable_in_cart":false,"bundle_sold_individually_context":"","bundle_item_grouping":"","bundle_min_size":"","bundle_max_size":"","bundle_price":[],"bundled_items":[],"bundle_sell_ids":[],"group_of_quantity":0,"min_quantity":0,"max_quantity":"","exclude_order_quantity_value_rules":"no","exclude_category_quantity_rules":"no","combine_variations":"no","_links":{"self":[{"href":"https:\/\/2024.shoply.com\/fr_ca\/wp-json\/wp\/v2\/product\/75469","targetHints":{"allow":["GET"]}}],"collection":[{"href":"https:\/\/2024.shoply.com\/fr_ca\/wp-json\/wp\/v2\/product"}],"about":[{"href":"https:\/\/2024.shoply.com\/fr_ca\/wp-json\/wp\/v2\/types\/product"}],"version-history":[{"count":3,"href":"https:\/\/2024.shoply.com\/fr_ca\/wp-json\/wp\/v2\/product\/75469\/revisions"}],"predecessor-version":[{"id":140618,"href":"https:\/\/2024.shoply.com\/fr_ca\/wp-json\/wp\/v2\/product\/75469\/revisions\/140618"}],"wp:featuredmedia":[{"embeddable":true,"href":"https:\/\/2024.shoply.com\/fr_ca\/wp-json\/wp\/v2\/media\/76229"}],"wp:attachment":[{"href":"https:\/\/2024.shoply.com\/fr_ca\/wp-json\/wp\/v2\/media?parent=75469"}],"wp:term":[{"taxonomy":"product_brand","embeddable":true,"href":"https:\/\/2024.shoply.com\/fr_ca\/wp-json\/wp\/v2\/product_brand?post=75469"},{"taxonomy":"product_cat","embeddable":true,"href":"https:\/\/2024.shoply.com\/fr_ca\/wp-json\/wp\/v2\/product_cat?post=75469"},{"taxonomy":"product_tag","embeddable":true,"href":"https:\/\/2024.shoply.com\/fr_ca\/wp-json\/wp\/v2\/product_tag?post=75469"}],"curies":[{"name":"wp","href":"https:\/\/api.w.org\/{rel}","templated":true}]}}