{"id":77408,"date":"2024-10-15T12:09:56","date_gmt":"2024-10-15T17:09:56","guid":{"rendered":"https:\/\/shoply.com\/?post_type=product&#038;p=77408"},"modified":"2025-02-03T15:55:39","modified_gmt":"2025-02-03T20:55:39","slug":"its-ok-to-not-be-ok-black-print-crew-neck","status":"publish","type":"product","link":"https:\/\/2024.shoply.com\/fr_ca\/produit\/its-ok-to-not-be-ok-black-print-crew-neck\/","title":{"rendered":"It's Ok to Not Be Ok Col ras du cou imprim\u00e9 noir"},"content":{"rendered":"<p>It's Ok to Not Be Ok Col ras du cou imprim\u00e9 noir<\/p>\n<ul id=\"product-features\" class=\"product-details-features__list\">\n<li class=\"product-details-features__feature\"><span class=\"product-details-features__text\">8 oz, 50% coton, 50% polyester<\/span><\/li>\n<li class=\"product-details-features__feature\"><span class=\"product-details-features__text\">Couleurs Heather Sport : polyester 60%, coton 40%<\/span><\/li>\n<li class=\"product-details-features__feature\"><span class=\"product-details-features__text\">Safety Orange est conforme aux normes de haute visibilit\u00e9 ANSI - ISEA 107.<\/span><\/li>\n<li class=\"product-details-features__feature\"><span class=\"product-details-features__text\">Col, poignets et ceinture en c\u00f4tes 1\u00d71 avec \u00e9lasthanne<\/span><\/li>\n<li class=\"product-details-features__feature\"><span class=\"product-details-features__text\">Couture double aiguille sur l'ensemble du corps<\/span><\/li>\n<li class=\"product-details-features__feature\"><span class=\"product-details-features__text\">Fil \u00e0 jet d'air r\u00e9sistant aux pilules<\/span><\/li>\n<li class=\"product-details-features__feature\">Transfert par s\u00e9rigraphie<\/li>\n<\/ul>\n<p>Instructions d'entretien : Retourner le v\u00eatement, le laver en machine \u00e0 l'eau froide avec des couleurs similaires. Ne pas blanchir et s\u00e9cher \u00e0 basse temp\u00e9rature. Ne pas repasser sur le transfert.<\/p>","protected":false},"excerpt":{"rendered":"<p>It's Ok to Not Be Ok Col ras du cou imprim\u00e9 noir<\/p>\n<p>DB 8<\/p>","protected":false},"featured_media":76512,"template":"","meta":{"footnotes":""},"product_brand":[],"product_cat":[255,250,103],"product_tag":[263,120,374,258,305,259],"class_list":{"0":"post-77408","1":"product","2":"type-product","3":"status-publish","4":"has-post-thumbnail","6":"product_cat-apparel","7":"product_cat-apparel-accessories","8":"product_cat-clothing-and-accessories","9":"product_tag-apparel","10":"product_tag-clothing","11":"product_tag-crewneck-2","12":"product_tag-fall","13":"product_tag-graphic","14":"product_tag-shirts","15":"product_shipping_class-shipping-class-1","17":"first","18":"instock","19":"taxable","20":"shipping-taxable","21":"purchasable","22":"product-type-variable"},"bundled_by":[],"bundle_stock_status":"instock","bundle_stock_quantity":295,"bundle_virtual":false,"bundle_layout":"","bundle_add_to_cart_form_location":"","bundle_editable_in_cart":false,"bundle_sold_individually_context":"","bundle_item_grouping":"","bundle_min_size":"","bundle_max_size":"","bundle_price":[],"bundled_items":[],"bundle_sell_ids":[],"group_of_quantity":0,"min_quantity":0,"max_quantity":"","exclude_order_quantity_value_rules":"no","exclude_category_quantity_rules":"no","combine_variations":"no","_links":{"self":[{"href":"https:\/\/2024.shoply.com\/fr_ca\/wp-json\/wp\/v2\/product\/77408","targetHints":{"allow":["GET"]}}],"collection":[{"href":"https:\/\/2024.shoply.com\/fr_ca\/wp-json\/wp\/v2\/product"}],"about":[{"href":"https:\/\/2024.shoply.com\/fr_ca\/wp-json\/wp\/v2\/types\/product"}],"version-history":[{"count":1,"href":"https:\/\/2024.shoply.com\/fr_ca\/wp-json\/wp\/v2\/product\/77408\/revisions"}],"predecessor-version":[{"id":132619,"href":"https:\/\/2024.shoply.com\/fr_ca\/wp-json\/wp\/v2\/product\/77408\/revisions\/132619"}],"wp:featuredmedia":[{"embeddable":true,"href":"https:\/\/2024.shoply.com\/fr_ca\/wp-json\/wp\/v2\/media\/76512"}],"wp:attachment":[{"href":"https:\/\/2024.shoply.com\/fr_ca\/wp-json\/wp\/v2\/media?parent=77408"}],"wp:term":[{"taxonomy":"product_brand","embeddable":true,"href":"https:\/\/2024.shoply.com\/fr_ca\/wp-json\/wp\/v2\/product_brand?post=77408"},{"taxonomy":"product_cat","embeddable":true,"href":"https:\/\/2024.shoply.com\/fr_ca\/wp-json\/wp\/v2\/product_cat?post=77408"},{"taxonomy":"product_tag","embeddable":true,"href":"https:\/\/2024.shoply.com\/fr_ca\/wp-json\/wp\/v2\/product_tag?post=77408"}],"curies":[{"name":"wp","href":"https:\/\/api.w.org\/{rel}","templated":true}]}}