{"id":87777,"date":"2024-11-12T22:34:43","date_gmt":"2024-11-13T03:34:43","guid":{"rendered":"https:\/\/shoply.com\/?post_type=product&#038;p=87777"},"modified":"2025-03-12T00:24:36","modified_gmt":"2025-03-12T05:24:36","slug":"social-selling-and-ai-mastery-for-network-marketers-book","status":"publish","type":"product","link":"https:\/\/2024.shoply.com\/fr_ca\/produit\/social-selling-and-ai-mastery-for-network-marketers-book\/","title":{"rendered":"Social Selling and AI Mastery for Network Marketers - Livre"},"content":{"rendered":"<p>Introduction\u00a0<strong>\"La vente sociale et la ma\u00eetrise de l'IA pour les sp\u00e9cialistes du marketing de r\u00e9seau\".<\/strong>\u00a0- votre guide complet pour ma\u00eetriser la vente sociale et exploiter l'IA pour obtenir des r\u00e9sultats in\u00e9gal\u00e9s. Il ne s'agit pas d'un \u00e9ni\u00e8me livre de marketing, mais de votre feuille de route pour transformer votre entreprise et atteindre l'ind\u00e9pendance financi\u00e8re.<\/p>\n<h3><strong>Achetez maintenant et \u00e9conomisez 50% AUJOURD'HUI !<\/strong><\/h3>\n<div id=\"block-1719822734077_4\" class=\"block-type--text text-center col-12\" style=\"text-align: left\">\n<div class=\"block box-shadow- aos-init aos-animate\">\n<p><strong>Que contient ce livre qui change la donne ?<\/strong><\/p>\n<p>&nbsp;<\/p>\n<\/div>\n<\/div>\n<div id=\"block-1719822734077_0\" class=\"block-type--text text-left col-6\" style=\"text-align: left\">\n<div class=\"block box-shadow- aos-init aos-animate\">\n<p><strong>?? D\u00e9couvrir son pourquoi<\/strong>: D\u00e9couvrez les principales motivations qui animent votre entreprise.<\/p>\n<p><strong>?? Identifier votre cr\u00e9neau id\u00e9al<\/strong>: Identifiez votre public cible avec pr\u00e9cision.<\/p>\n<p><strong>?? \u00c9laborer votre proposition de valeur unique<\/strong>: Cr\u00e9ez un message convaincant qui se d\u00e9marque.<\/p>\n<p><strong>??Creating Un contenu irr\u00e9sistible qui convertit<\/strong>: Engagez votre public comme jamais auparavant.<\/p>\n<p><strong>?? Distribuer votre contenu comme un pro<\/strong>: Maximisez votre port\u00e9e et votre impact.<\/p>\n<p><strong>?? Cr\u00e9er et entretenir votre communaut\u00e9 en ligne<\/strong>: Favoriser l'\u00e9mergence d'un public loyal et solidaire.<\/p>\n<p><strong>?? Tirer parti de l'IA pour la vente sociale<\/strong>: Utilisez des outils d'IA de pointe pour rationaliser vos efforts.<\/p>\n<p><strong>?? Adapter votre strat\u00e9gie \u00e0 l'\u00e9chelle<\/strong>: D\u00e9veloppez votre entreprise de mani\u00e8re durable et efficace.<\/p>\n<p><strong>?? Techniques avanc\u00e9es d'IA<\/strong>: Plongez au c\u0153ur de strat\u00e9gies d'IA sophistiqu\u00e9es pour une efficacit\u00e9 maximale<\/p>\n<\/div>\n<\/div>\n<h2 style=\"text-align: left\"><strong>Mais attendez, ce n'est pas tout !<\/strong><\/h2>\n<h3 style=\"text-align: left\"><em>Commandez maintenant et obtenez ...<\/em><\/h3>\n<h4 style=\"text-align: left\"><strong>Acc\u00e8s exclusif \u00e0 la communaut\u00e9<\/strong><\/h4>\n<p>Rejoignez une communaut\u00e9 dynamique de sp\u00e9cialistes du marketing partageant les m\u00eames id\u00e9es pour b\u00e9n\u00e9ficier d'un soutien et d'un r\u00e9seau permanents.<\/p>\n<h4 style=\"text-align: left\"><strong>Conseils d'experts en mati\u00e8re d'image de marque<\/strong><\/h4>\n<p>Obtenez des conseils d'initi\u00e9s sur la construction d'une marque personnelle puissante.<\/p>\n<h4 style=\"text-align: left\"><strong>Appel bonus 1:1 avec Jeff<\/strong><\/h4>\n<p>Participez \u00e0 un appel personnalis\u00e9 1:1 avec Jeff et faites passer votre entreprise \u00e0 la vitesse sup\u00e9rieure.<\/p>\n<h3 style=\"text-align: left\"><em><strong>Les 100 premiers acheteurs b\u00e9n\u00e9ficient d'une remise de 50% sur le livre !<\/strong>\u00a0Ne manquez pas cette offre incroyable !<\/em><\/h3>\n<p>&nbsp;<\/p>\n<div id=\"block-1719827387413_2\" class=\"block-type--text text-center col-12\" style=\"text-align: left\">\n<div class=\"block box-shadow- aos-init aos-animate\">\n<p><strong>Les commentaires de nos lecteurs satisfaits<\/strong><\/p>\n<h4>Rena-May<\/h4>\n<p>&#8220;<strong>WOW WOWIE WOW !<\/strong>\u00a0Votre livre est aussi puissant et \u00e9tonnant que vous, Jeff. Votre voix est \u00e9vidente tout au long du livre. Ce livre est hautement \u00e9ducatif, d\u00e9finitivement inspirant et merveilleusement divertissant. Quiconque poss\u00e8de ce livre obtiendra sans aucun doute le savoir-faire et la capacit\u00e9 de ma\u00eetriser l'IA et la vente sociale.\"<\/p>\n<h4><strong>Dave<\/strong><\/h4>\n<p>\"J'ai r\u00e9cemment suivi le cours \"Social Selling and AI Mastery\" de Jeff, et ce fut une exp\u00e9rience incroyable ! Le livre est une lecture agr\u00e9able, pleine de conseils pratiques qui ont transform\u00e9 la fa\u00e7on dont j'aborde le marketing de r\u00e9seau. Jeff fait un travail remarquable en expliquant les grandes lignes du cours et en d\u00e9taillant clairement ce que vous apprendrez \u00e0 chaque \u00e9tape. De la ma\u00eetrise des techniques de vente sociale \u00e0 l'exploitation des outils d'intelligence artificielle, ce livre couvre tout. Je le recommande vivement \u00e0 tous ceux qui cherchent \u00e0 \u00e9lever leur niveau de marketing !\"<\/p>\n<h4><strong>Jayde<\/strong><\/h4>\n<p>&#8220;<strong>OMG !<\/strong>\u00a0Ayant particip\u00e9 au bootcamp de Jeff et au cours Chat GPT Unleashed, ce livre est d'un niveau sup\u00e9rieur et absolument indispensable.\u00a0<strong>DOIT AVOIR<\/strong> pour tous ceux qui font du marketing de r\u00e9seau ou qui ont une activit\u00e9 en ligne ! Il est si facile \u00e0 lire et j'adore les conseils de Caffeinated Kangaroo ! Ce livre est un vol absolu et l'un des meilleurs outils que vous pouvez ajouter \u00e0 votre collection, en particulier pour vous aider \u00e0 d\u00e9velopper votre entreprise au niveau suivant. Je sais ce qu'il a fait pour moi et je suis encore \u00e9poustoufl\u00e9 par la puissance de l'IA. Apprendre \u00e0 l'utiliser correctement a \u00e9t\u00e9 le plus grand changement pour moi !<\/p>\n<p><strong>Qu'est-ce qui fait que ce livre se d\u00e9marque des autres ?<\/strong><\/p>\n<p>Ce guide complet couvre tous les aspects de la vente sociale et de l'int\u00e9gration de l'IA. Il offre des perspectives pratiques bas\u00e9es sur 16 ann\u00e9es d'exp\u00e9rience dans le marketing digital. Vous y trouverez des strat\u00e9gies \u00e9prouv\u00e9es, accompagn\u00e9es de r\u00e9ussites r\u00e9elles et d'\u00e9tudes de cas. Les instructions \u00e9tape par \u00e9tape sont faciles \u00e0 suivre et \u00e0 mettre en \u0153uvre dans votre entreprise.<\/p>\n<p><strong>\u00c0 propos de l'auteur <\/strong><strong>Jeff Ross<\/strong>Jeff est aussi connu sous le nom de Laptop Lifestyle Dad et de Caffeinated Kangaroo ! Jeff est \u00e9galement l'un des meilleurs sp\u00e9cialistes du marketing de r\u00e9seau pour Dream Trips International et a r\u00e9cemment anim\u00e9 un symposium sur l'intelligence artificielle pour le LA Tribune, sans oublier qu'il est un expert en vente sociale et en intelligence artificielle. Avec une approche centr\u00e9e sur le c\u0153ur, Jeff a aid\u00e9 d'innombrables sp\u00e9cialistes du marketing de r\u00e9seau et entrepreneurs \u00e0 atteindre leurs objectifs. Sa passion pour la combinaison des technologies de pointe et des relations humaines authentiques est la force motrice de ce livre.<\/p>\n<\/div>\n<\/div>\n<div class=\"block box-shadow- background-light aos-init aos-animate\" style=\"text-align: left\"><strong>Pr\u00eat \u00e0 transformer votre jeu de marketing de r\u00e9seau ?<br \/>\n<\/strong>Commandez votre exemplaire de\u00a0<strong>\"La vente sociale et la ma\u00eetrise de l'IA pour les sp\u00e9cialistes du marketing de r\u00e9seau\".<\/strong> t<del>oday pour seulement $39.97 ! <\/del>Les 100 premiers acheteurs b\u00e9n\u00e9ficient d'une r\u00e9duction de 50% ! <strong>Obtenez le livre pour seulement $19.97<\/strong><\/div>\n<p><em>\u00a0<\/em><\/p>\n<p>&nbsp;<\/p>","protected":false},"excerpt":{"rendered":"<h3>D\u00e9bloquez le pouvoir de l'IA et de la vente sociale - Transformez votre activit\u00e9 de marketing de r\u00e9seau<\/h3>\n<p>\u00cates-vous pr\u00eat \u00e0 r\u00e9volutionner votre approche du marketing de r\u00e9seau et \u00e0 faire exploser votre succ\u00e8s ?<\/p>\n<p>D\u00e9couvrez comment tirer parti d'une technologie d'IA de pointe et de strat\u00e9gies de vente sociale \u00e9prouv\u00e9es pour cr\u00e9er une entreprise florissante tout en passant plus de temps avec votre famille.<\/p>","protected":false},"featured_media":90641,"template":"","meta":{"footnotes":""},"product_brand":[],"product_cat":[225,87,76],"product_tag":[],"class_list":{"0":"post-87777","1":"product","2":"type-product","3":"status-publish","4":"has-post-thumbnail","6":"product_cat-books-audio-digital","7":"product_cat-elearning","8":"product_cat-memberships","10":"first","11":"instock","12":"sale","13":"downloadable","14":"virtual","15":"purchasable","16":"product-type-simple"},"bundled_by":[],"bundle_stock_status":"instock","bundle_stock_quantity":null,"bundle_virtual":false,"bundle_layout":"","bundle_add_to_cart_form_location":"","bundle_editable_in_cart":false,"bundle_sold_individually_context":"","bundle_item_grouping":"","bundle_min_size":"","bundle_max_size":"","bundle_price":[],"bundled_items":[],"bundle_sell_ids":[],"group_of_quantity":0,"min_quantity":0,"max_quantity":"","exclude_order_quantity_value_rules":"no","exclude_category_quantity_rules":"no","combine_variations":"no","_links":{"self":[{"href":"https:\/\/2024.shoply.com\/fr_ca\/wp-json\/wp\/v2\/product\/87777","targetHints":{"allow":["GET"]}}],"collection":[{"href":"https:\/\/2024.shoply.com\/fr_ca\/wp-json\/wp\/v2\/product"}],"about":[{"href":"https:\/\/2024.shoply.com\/fr_ca\/wp-json\/wp\/v2\/types\/product"}],"version-history":[{"count":1,"href":"https:\/\/2024.shoply.com\/fr_ca\/wp-json\/wp\/v2\/product\/87777\/revisions"}],"predecessor-version":[{"id":127727,"href":"https:\/\/2024.shoply.com\/fr_ca\/wp-json\/wp\/v2\/product\/87777\/revisions\/127727"}],"wp:featuredmedia":[{"embeddable":true,"href":"https:\/\/2024.shoply.com\/fr_ca\/wp-json\/wp\/v2\/media\/90641"}],"wp:attachment":[{"href":"https:\/\/2024.shoply.com\/fr_ca\/wp-json\/wp\/v2\/media?parent=87777"}],"wp:term":[{"taxonomy":"product_brand","embeddable":true,"href":"https:\/\/2024.shoply.com\/fr_ca\/wp-json\/wp\/v2\/product_brand?post=87777"},{"taxonomy":"product_cat","embeddable":true,"href":"https:\/\/2024.shoply.com\/fr_ca\/wp-json\/wp\/v2\/product_cat?post=87777"},{"taxonomy":"product_tag","embeddable":true,"href":"https:\/\/2024.shoply.com\/fr_ca\/wp-json\/wp\/v2\/product_tag?post=87777"}],"curies":[{"name":"wp","href":"https:\/\/api.w.org\/{rel}","templated":true}]}}