{"id":87939,"date":"2024-11-09T13:42:56","date_gmt":"2024-11-09T18:42:56","guid":{"rendered":"https:\/\/shoply.com\/?post_type=product&#038;p=87939"},"modified":"2025-02-26T16:26:23","modified_gmt":"2025-02-26T21:26:23","slug":"just-friggin-perfect-ceramic-spray","status":"publish","type":"product","link":"https:\/\/2024.shoply.com\/fr_ca\/produit\/just-friggin-perfect-ceramic-spray\/","title":{"rendered":"Spray c\u00e9ramique juste parfait"},"content":{"rendered":"<p>Protection longue dur\u00e9e ; permet \u00e0 l'eau de s'accumuler et d'\u00eatre repouss\u00e9e, r\u00e9duisant ainsi les taches et les souillures.<\/p>\n<p>JUST FRIGGIN PERFECT CERAMIC SPRAY cr\u00e9e une couche protectrice contre les rayures, les \u00e9clats et autres dommages, garantissant une beaut\u00e9 prolong\u00e9e \u00e0 votre v\u00e9hicule.<\/p>\n<ul>\n<li><strong><em>Prot\u00e8ge contre les contaminants : \u00a0<\/em><em>Il suffit de le vaporiser pour qu'il \u00e9limine la salet\u00e9, les fientes d'oiseaux, la boue, la poussi\u00e8re, la graisse et les taches tenaces instantan\u00e9ment au contact. Il repousse l'eau et prot\u00e8ge contre la salet\u00e9 et la crasse.<\/em><\/strong><\/li>\n<\/ul>","protected":false},"excerpt":{"rendered":"<p><strong>C'est comme un imperm\u00e9able pour votre v\u00e9hicule !<\/strong><\/p>\n<p>Ce produit de longue dur\u00e9e et extr\u00eamement durable ( Professional Grade, Nano ceramic coating ) est con\u00e7u pour les v\u00e9hicules et autres surfaces solides qui requi\u00e8rent une brillance et une protection sup\u00e9rieures.<\/p>\n<ul>\n<li><em>Sans danger pour toutes les surfaces des automobiles, bateaux, motos, v\u00e9los, VTT, v\u00e9hicules r\u00e9cr\u00e9atifs, camions, avions ....<\/em><\/li>\n<\/ul>","protected":false},"featured_media":88747,"template":"","meta":{"footnotes":""},"product_brand":[],"product_cat":[191],"product_tag":[],"class_list":{"0":"post-87939","1":"product","2":"type-product","3":"status-publish","4":"has-post-thumbnail","6":"product_cat-automotive","7":"product_shipping_class-shipping-class-1","9":"first","10":"instock","11":"sale","12":"taxable","13":"shipping-taxable","14":"purchasable","15":"product-type-simple"},"bundled_by":[],"bundle_stock_status":"instock","bundle_stock_quantity":1997,"bundle_virtual":false,"bundle_layout":"","bundle_add_to_cart_form_location":"","bundle_editable_in_cart":false,"bundle_sold_individually_context":"","bundle_item_grouping":"","bundle_min_size":"","bundle_max_size":"","bundle_price":[],"bundled_items":[],"bundle_sell_ids":[],"group_of_quantity":0,"min_quantity":0,"max_quantity":"","exclude_order_quantity_value_rules":"no","exclude_category_quantity_rules":"no","combine_variations":"no","_links":{"self":[{"href":"https:\/\/2024.shoply.com\/fr_ca\/wp-json\/wp\/v2\/product\/87939","targetHints":{"allow":["GET"]}}],"collection":[{"href":"https:\/\/2024.shoply.com\/fr_ca\/wp-json\/wp\/v2\/product"}],"about":[{"href":"https:\/\/2024.shoply.com\/fr_ca\/wp-json\/wp\/v2\/types\/product"}],"version-history":[{"count":1,"href":"https:\/\/2024.shoply.com\/fr_ca\/wp-json\/wp\/v2\/product\/87939\/revisions"}],"predecessor-version":[{"id":138171,"href":"https:\/\/2024.shoply.com\/fr_ca\/wp-json\/wp\/v2\/product\/87939\/revisions\/138171"}],"wp:featuredmedia":[{"embeddable":true,"href":"https:\/\/2024.shoply.com\/fr_ca\/wp-json\/wp\/v2\/media\/88747"}],"wp:attachment":[{"href":"https:\/\/2024.shoply.com\/fr_ca\/wp-json\/wp\/v2\/media?parent=87939"}],"wp:term":[{"taxonomy":"product_brand","embeddable":true,"href":"https:\/\/2024.shoply.com\/fr_ca\/wp-json\/wp\/v2\/product_brand?post=87939"},{"taxonomy":"product_cat","embeddable":true,"href":"https:\/\/2024.shoply.com\/fr_ca\/wp-json\/wp\/v2\/product_cat?post=87939"},{"taxonomy":"product_tag","embeddable":true,"href":"https:\/\/2024.shoply.com\/fr_ca\/wp-json\/wp\/v2\/product_tag?post=87939"}],"curies":[{"name":"wp","href":"https:\/\/api.w.org\/{rel}","templated":true}]}}