{"id":88018,"date":"2024-11-07T18:22:17","date_gmt":"2024-11-07T23:22:17","guid":{"rendered":"https:\/\/shoply.com\/?post_type=product&#038;p=88018"},"modified":"2025-02-06T14:33:31","modified_gmt":"2025-02-06T19:33:31","slug":"antibacterial-mould-cleaner-refill-bundle-makes-your-home-environment-healthy","status":"publish","type":"product","link":"https:\/\/2024.shoply.com\/fr_ca\/produit\/antibacterial-mould-cleaner-refill-bundle-makes-your-home-environment-healthy\/","title":{"rendered":"Antibacterial &#038; Mould Cleaner &#8211; Refill Bundle &#8211; Makes Your Home Environment Healthy"},"content":{"rendered":"<h2><strong>Nettoyant antibact\u00e9rien - un ph\u00e9nom\u00e8ne qui d\u00e9truit les germes et les moisissures<\/strong><\/h2>\n<p>500ml spray et 1 litre Recharge Bundle<\/p>\n<p>D\u00e9couvrez une approche r\u00e9volutionnaire du nettoyage antibact\u00e9rien et antifongique des surfaces domestiques gr\u00e2ce \u00e0 nos solutions sp\u00e9cifiques. Dites adieu aux produits chimiques et profitez du pouvoir naturel de l'hydrolat de camphre, qui est \u00e0 la fois naturellement antibact\u00e9rien et antifongique.<\/p>\n<p>Le nettoyant antibact\u00e9rien Wild Organic Wash est un d\u00e9sinfectant naturel.<\/p>\n<p><strong><span style=\"text-decoration: underline;\">TR\u00c8S EFFICACE SUR LES MOISISSURES<\/span> &#8211; <\/strong>Se d\u00e9barrasse des moisissures et des spores qui peuvent rendre votre maison dangereuse pour la sant\u00e9.<\/p>\n<p><strong>Caract\u00e9ristiques principales :<\/strong><\/p>\n<ul>\n<li><strong>Ingr\u00e9dients naturels :<\/strong>\u00a0Avec seulement deux ingr\u00e9dients, notre nettoyant est aussi naturel et \u00e9cologique que possible.<\/li>\n<li><strong>Nettoyage efficace :<\/strong> Il est cliniquement prouv\u00e9 qu'il \u00e9limine 99,9% des bact\u00e9ries en 20 secondes.<\/li>\n<li><strong>Sans danger pour les familles et les animaux de compagnie :<\/strong>\u00a0Sans danger pour toute la famille, y compris les animaux domestiques.<\/li>\n<li><strong>Aucun rin\u00e7age n'est n\u00e9cessaire :<\/strong>\u00a0Il suffit de vaporiser sur la surface, d'essuyer ou de laisser s\u00e9cher.<\/li>\n<\/ul>\n<p><strong>Convient \u00e0 la plupart des surfaces, y compris :<\/strong><\/p>\n<ul>\n<li>Dessus de banc<\/li>\n<li>Planchers<\/li>\n<li>Bassins<\/li>\n<li>Toilettes<\/li>\n<li>Bacs<\/li>\n<li>\u00c9quipements sportifs<\/li>\n<li>Jouets<\/li>\n<li>Carreaux<\/li>\n<li>Verre<\/li>\n<li>Pierre<\/li>\n<li>Bois<\/li>\n<li>Stratifi\u00e9s<\/li>\n<li>Acier inoxydable<\/li>\n<li>C\u00e9ramique<\/li>\n<li>\u00c9mail<\/li>\n<\/ul>\n<p>Nettoie en toute s\u00e9curit\u00e9 presque toutes les autres surfaces<\/p>\n<p>Le nettoyant antibact\u00e9rien WOW assure un nettoyage en profondeur de toutes les surfaces sales et salissantes. Profitez d'une propret\u00e9 irr\u00e9prochable et d'un r\u00e9sultat sans germes \u00e0 chaque fois !<\/p>\n<p>- Les exc\u00e9dents de pulv\u00e9risation n'endommagent ni les surfaces ni la peau ;<\/p>\n<p>Apportez le parfum frais de l'ext\u00e9rieur dans votre maison tout en nettoyant.<\/p>\n<p>&#8211; Septic safe &#8211; only 3 natural and non-toxic ingredients.<\/p>\n<p><strong>Ingr\u00e9dients :<\/strong><\/p>\n<ul>\n<li>Hydrosol de camphre<\/li>\n<li>H2O riche en min\u00e9raux provenant de l'arri\u00e8re-pays de Byron Bay<\/li>\n<li>Alcohol &#8211; plant based 10%<\/li>\n<\/ul>\n<p><strong>100% Fabriqu\u00e9, d\u00e9tenu et exploit\u00e9 en Australie.<\/strong><\/p>","protected":false},"excerpt":{"rendered":"<h3>\u00c9liminez les germes, les moisissures, la salet\u00e9 et la crasse avec le nettoyant antibact\u00e9rien WOW<\/h3>\n<p>Un nettoyant naturel antiseptique, antibact\u00e9rien et antifongique pour toutes les surfaces, dont il est prouv\u00e9 qu'il tue 99,9% des bact\u00e9ries et des germes en 20 secondes.<\/p>\n<p>Un pouvoir nettoyant et d\u00e9sinfectant incroyable sur toutes les surfaces et tous les mat\u00e9riaux. <span style=\"text-decoration: underline;\"><strong>incroyablement efficace pour \u00e9liminer les moisissures et les spores qui peuvent rendre votre maison dangereuse pour la sant\u00e9.\u00a0<\/strong><\/span><\/p>\n<p>Lib\u00e9rez le pouvoir remarquable de l'hydrolat de camphre et observez la salet\u00e9 et la moisissure se d\u00e9coller comme par magie de la surface pour que vous puissiez l'essuyer facilement.<\/p>\n<p>Senteur naturelle et rafra\u00eechissante des grands espaces.<\/p>\n<p>100% pur et naturel - nettoyants efficaces \u00e0 base de plantes par Wild Organic Ways.<\/p>\n<p>Il suffit de vaporiser et d'essuyer - aucun rin\u00e7age n'est n\u00e9cessaire.<\/p>\n<p>La surpulv\u00e9risation n'ab\u00eeme ni les surfaces ni la peau.<\/p>\n<ul>\n<li>500 ml de spray et 1 litre de recharge - dans le cadre d'une utilisation domestique normale, la dur\u00e9e de vie est estim\u00e9e \u00e0 2 ou 3 mois.<\/li>\n<\/ul>\n<p>Plus d'informations ci-dessous<\/p>\n<p><img fetchpriority=\"high\" decoding=\"async\" class=\"alignnone wp-image-88188\" src=\"https:\/\/shoply.com\/wp-content\/uploads\/2024\/11\/natural-icons-horizontal-400x50.png\" alt=\"Vegan, Australian made, cruelty free, sustainable, eco friendly , recycled icons\" width=\"664\" height=\"83\" \/><\/p>","protected":false},"featured_media":91655,"template":"","meta":{"footnotes":""},"product_brand":[],"product_cat":[100,310,204,470],"product_tag":[153,319,185,113],"class_list":{"0":"post-88018","1":"product","2":"type-product","3":"status-publish","4":"has-post-thumbnail","6":"product_cat-home","7":"product_cat-home-garden","8":"product_cat-home-and-kitchen","9":"product_cat-household-cleaning","10":"product_tag-cleanser","11":"product_tag-home","12":"product_tag-organic","13":"product_tag-vegan","14":"product_shipping_class-shipping-class-1","15":"has-subscription-plans","17":"first","18":"instock","19":"purchasable","20":"product-type-simple"},"bundled_by":[],"bundle_stock_status":"instock","bundle_stock_quantity":null,"bundle_virtual":false,"bundle_layout":"","bundle_add_to_cart_form_location":"","bundle_editable_in_cart":false,"bundle_sold_individually_context":"","bundle_item_grouping":"","bundle_min_size":"","bundle_max_size":"","bundle_price":[],"bundled_items":[],"bundle_sell_ids":[],"group_of_quantity":0,"min_quantity":0,"max_quantity":"","exclude_order_quantity_value_rules":"no","exclude_category_quantity_rules":"no","combine_variations":"no","_links":{"self":[{"href":"https:\/\/2024.shoply.com\/fr_ca\/wp-json\/wp\/v2\/product\/88018","targetHints":{"allow":["GET"]}}],"collection":[{"href":"https:\/\/2024.shoply.com\/fr_ca\/wp-json\/wp\/v2\/product"}],"about":[{"href":"https:\/\/2024.shoply.com\/fr_ca\/wp-json\/wp\/v2\/types\/product"}],"version-history":[{"count":4,"href":"https:\/\/2024.shoply.com\/fr_ca\/wp-json\/wp\/v2\/product\/88018\/revisions"}],"predecessor-version":[{"id":139162,"href":"https:\/\/2024.shoply.com\/fr_ca\/wp-json\/wp\/v2\/product\/88018\/revisions\/139162"}],"wp:featuredmedia":[{"embeddable":true,"href":"https:\/\/2024.shoply.com\/fr_ca\/wp-json\/wp\/v2\/media\/91655"}],"wp:attachment":[{"href":"https:\/\/2024.shoply.com\/fr_ca\/wp-json\/wp\/v2\/media?parent=88018"}],"wp:term":[{"taxonomy":"product_brand","embeddable":true,"href":"https:\/\/2024.shoply.com\/fr_ca\/wp-json\/wp\/v2\/product_brand?post=88018"},{"taxonomy":"product_cat","embeddable":true,"href":"https:\/\/2024.shoply.com\/fr_ca\/wp-json\/wp\/v2\/product_cat?post=88018"},{"taxonomy":"product_tag","embeddable":true,"href":"https:\/\/2024.shoply.com\/fr_ca\/wp-json\/wp\/v2\/product_tag?post=88018"}],"curies":[{"name":"wp","href":"https:\/\/api.w.org\/{rel}","templated":true}]}}