{"id":96544,"date":"2024-11-25T09:55:37","date_gmt":"2024-11-25T14:55:37","guid":{"rendered":"https:\/\/shoply.com\/?post_type=product&#038;p=96544"},"modified":"2025-03-01T06:10:15","modified_gmt":"2025-03-01T11:10:15","slug":"24h-lippentinten-fur-nonstop-farbe-auf-ihren-lippen-red-summerwine","status":"publish","type":"product","link":"https:\/\/2024.shoply.com\/fr_ca\/produit\/24h-lippentinten-fur-nonstop-farbe-auf-ihren-lippen-red-summerwine\/","title":{"rendered":"24h. Lippentinten f\u00fcr nonstop Farbe auf Ihren Lippen ! VIN D'\u00c9T\u00c9 ROUGE"},"content":{"rendered":"<div class=\"product-details__product-attributes\">\n<p>&nbsp;<\/p>\n<p>&nbsp;<\/p>\n<div class=\"details-product-attribute\"><span class=\"details-product-attribute__title\"><span style=\"vertical-align: inherit\"><span style=\"vertical-align: inherit\">Marke :\u00a0 <\/span><\/span><\/span><span class=\"details-product-attribute__value\"><span style=\"vertical-align: inherit\"><span style=\"vertical-align: inherit\">Martina Otte Cosmetics\u00ae - La cosm\u00e9tique de Martina Otte<\/span><\/span><\/span><\/div>\n<\/div>\n<div id=\"productDescription\" class=\"product-details__product-description\">\n<div><span style=\"vertical-align: inherit\"><span style=\"vertical-align: inherit\">Donnez de la vitalit\u00e9 \u00e0 vos l\u00e8vres avec le rouge \u00e0 l\u00e8vres MARTINA OTTE COSMETICS\u00ae de la collection LA PASSIONE, mod\u00e8le \"01 RED SUMMERWINE\". Ce rouge \u00e0 l\u00e8vres est plus qu'un simple produit de maquillage ; c'est un hommage \u00e0 l'individualit\u00e9 et \u00e0 l'\u00e9l\u00e9gance de chacun. Gr\u00e2ce \u00e0 sa forme longue dur\u00e9e, cette teinte pour les l\u00e8vres permet d'estomper les l\u00e8vres dans un rouge chaud et satin\u00e9, sans qu'elles ne s'alt\u00e8rent ou ne s'assombrissent. Id\u00e9al pour tout type d'\u00e9v\u00e9nement, qu'il s'agisse d'une f\u00eate ou d'un \u00e9v\u00e9nement particulier. Vous pouvez vous rendre compte qu'il s'agit d'une fin de semaine. Il suffit d'une seule application de rouge \u00e0 l\u00e8vres pour que vos l\u00e8vres s'embellissent, que votre beaut\u00e9 naturelle soit rehauss\u00e9e et que vous passiez le reste de la fin de semaine en toute s\u00e9r\u00e9nit\u00e9 et de mani\u00e8re attrayante. D\u00e9couvrez le \"RED SUMMERWINE\" - la liqueur qui vous convient aussi bien que vous-m\u00eame. Des lentilles de couleur claire avec une fonction gla\u00e7ante. Haltbarkeit und Pflege in Einem mit den Lippentinten von Martina Otte Cosmetics\u00ae Lift up your Lips ! Les rouges \u00e0 l\u00e8vres de Martina Otte Cosmetics\u00ae, d\u00e9clin\u00e9s dans de superbes couleurs tendance, donnent aux l\u00e8vres de superbes reflets. Des lentilles de couleur claire, qui font ressortir vos l\u00e8vres et les rendent plus lumineuses. Les lentilles de contact, qui fonctionnent 24 heures sur 24. Halten und pflegen Sie auch Ihre Lippen. Les lentilles de contact \u00e0 base de prot\u00e9ines renforcent la structure des l\u00e8vres et leur conf\u00e8rent un \u00e9clat magnifique.<\/span><\/span><\/div>\n<div>\n<p><span style=\"font-weight: 400\">Ingr\u00e9dients :<\/span><\/p>\n<p><span style=\"font-weight: 400\">Huile min\u00e9rale, polyisobut\u00e8ne hydrog\u00e9n\u00e9, ozok\u00e9rite, cire de micrystyle, cire d'Euphorbia Cerifera (Candelilla), peut contenir : Lac rouge 7, rouge 6, oxydes de fer, titane.<\/span><\/p>\n<p><span style=\"font-weight: 400\">sans cruaut\u00e9<\/span><\/p>\n<\/div>\n<\/div>","protected":false},"excerpt":{"rendered":"<h2><b><span style=\"vertical-align: inherit\"><span style=\"vertical-align: inherit\">D\u00e9couvrez la beaut\u00e9 unique des lentilles Martina Otte Cosmetics\u00ae.<\/span><\/span><\/b><\/h2>\n<p><b><span style=\"vertical-align: inherit\"><span style=\"vertical-align: inherit\">Lippenfarbe, die bleibt.<\/span><\/span><\/b><\/p>\n<p><span style=\"font-weight: 400\"><span style=\"vertical-align: inherit\"><span style=\"vertical-align: inherit\">Vous avez envie d'un parfum \u00e0 la lime, qui vous accompagne tout au long de la journ\u00e9e et qui vous fait vibrer ? Avec les teintures \u00e0 l\u00e8vres de Martina Otte Cosmetics\u00ae, ce r\u00eave devient r\u00e9alit\u00e9. Nos formules innovantes visent \u00e0 obtenir un teint intense, qui ne s'alt\u00e8re pas et ne s'estompe pas.<\/span><\/span><\/span><\/p>\n<p><b><span style=\"vertical-align: inherit\"><span style=\"vertical-align: inherit\">Warum du unsere Lippentinten lieben wirst :<\/span><\/span><\/b><\/p>\n<ul>\n<li style=\"font-weight: 400\"><b><span style=\"vertical-align: inherit\"><span style=\"vertical-align: inherit\">Intensive Pigmente : <\/span><\/span><\/b><span style=\"font-weight: 400\"><span style=\"vertical-align: inherit\"><span style=\"vertical-align: inherit\">Pour une couleur satin\u00e9e, qui s'applique imm\u00e9diatement.<\/span><\/span><\/span><\/li>\n<li style=\"font-weight: 400\"><b><span style=\"vertical-align: inherit\"><span style=\"vertical-align: inherit\">Langanhaltende Formel : <\/span><\/span><\/b><span style=\"font-weight: 400\"><span style=\"vertical-align: inherit\"><span style=\"vertical-align: inherit\">G\u00e9nie\u00dfe stundenlangen Tragekomfort ohne Nachschminken.<\/span><\/span><\/span><\/li>\n<li style=\"font-weight: 400\"><b><span style=\"vertical-align: inherit\"><span style=\"vertical-align: inherit\">Une gamme compl\u00e8te de produits de beaut\u00e9 : <\/span><\/span><\/b><span style=\"font-weight: 400\"><span style=\"vertical-align: inherit\"><span style=\"vertical-align: inherit\">Trouvez la Nuance qui vous convient le mieux pour chaque situation.<\/span><\/span><\/span><\/li>\n<li style=\"font-weight: 400\"><b><span style=\"vertical-align: inherit\"><span style=\"vertical-align: inherit\">Confort d'utilisation \u00e9lev\u00e9 : <\/span><\/span><\/b><span style=\"font-weight: 400\"><span style=\"vertical-align: inherit\"><span style=\"vertical-align: inherit\">La texture l\u00e9g\u00e8re ne fait pas ressortir les l\u00e8vres.<\/span><\/span><\/span><\/li>\n<li style=\"font-weight: 400\"><b><span style=\"vertical-align: inherit\"><span style=\"vertical-align: inherit\">Application pratique : <\/span><\/span><\/b><span style=\"font-weight: 400\"><span style=\"vertical-align: inherit\"><span style=\"vertical-align: inherit\">L'Applikator permet de r\u00e9aliser des auditions simples et rapides.<\/span><\/span><\/span><\/li>\n<\/ul>\n<p><b><span style=\"vertical-align: inherit\"><span style=\"vertical-align: inherit\">Deine Lippen, dein Statement.<\/span><\/span><\/b><\/p>\n<p><span style=\"font-weight: 400\"><span style=\"vertical-align: inherit\"><span style=\"vertical-align: inherit\">Nos lentilles de contact vous permettent d'obtenir un r\u00e9sultat exceptionnel. Qu'il s'agisse d'un ton nude naturel pour la f\u00eate ou d'une couleur raffin\u00e9e pour une occasion particuli\u00e8re, nos lentilles soulignent votre beaut\u00e9 individuelle.<\/span><\/span><\/span><\/p>\n<h3><b><span style=\"vertical-align: inherit\"><span style=\"vertical-align: inherit\">Unwiderstehlich und langanhaltend<\/span><\/span><\/b><\/h3>\n<p><b><span style=\"vertical-align: inherit\"><span style=\"vertical-align: inherit\">\"Ein Kuss f\u00fcr die Ewigkeit\".<\/span><\/span><\/b><\/p>\n<p><span style=\"font-weight: 400\"><span style=\"vertical-align: inherit\"><span style=\"vertical-align: inherit\"><span style=\"vertical-align: inherit\"><span style=\"vertical-align: inherit\"><span style=\"vertical-align: inherit\"><span style=\"vertical-align: inherit\">Nos lentilles sont plus qu'une simple couleur - elles sont un symbole. Une interpr\u00e9tation de la beaut\u00e9 durable, qui se traduit par une sensation de bien-\u00eatre. Gr\u00e2ce \u00e0 des couleurs intenses et \u00e0 un reflet lumineux sur les l\u00e8vres, votre look prend une tournure inattendue. La luxuriance des couleurs n'a rien de surprenant.<\/span><\/span><\/span><\/span><\/span><\/span><\/span><\/p>\n<h3><b><span style=\"vertical-align: inherit\"><span style=\"vertical-align: inherit\"><span style=\"vertical-align: inherit\"><span style=\"vertical-align: inherit\"><span style=\"vertical-align: inherit\"><span style=\"vertical-align: inherit\">Deine Farbe, dein Statement<\/span><\/span><\/span><\/span><\/span><\/span><\/b><\/h3>\n<p><b><span style=\"vertical-align: inherit\"><span style=\"vertical-align: inherit\"><span style=\"vertical-align: inherit\"><span style=\"vertical-align: inherit\"><span style=\"vertical-align: inherit\"><span style=\"vertical-align: inherit\">\"Setze ein Zeichen mit Farbe, die bleibt\".<\/span><\/span><\/span><\/span><\/span><\/span><\/b><\/p>\n<p><span style=\"font-weight: 400\"><span style=\"vertical-align: inherit\"><span style=\"vertical-align: inherit\"><span style=\"vertical-align: inherit\"><span style=\"vertical-align: inherit\"><span style=\"vertical-align: inherit\"><span style=\"vertical-align: inherit\">Nos lentilles de contact sont votre d\u00e9claration personnelle. Choisissez parmi une grande vari\u00e9t\u00e9 de nuances et trouvez la couleur qui vous convient le mieux. Qu'elles soient vives et naturelles ou qu'elles soient brillantes et \u00e9clatantes, nos couleurs s'adaptent \u00e0 ce qu'elles expriment. Avec elles, vous cr\u00e9ez une image et vous donnez un effet inattendu \u00e0 l'arri\u00e8re-plan.<\/span><\/span><\/span><\/span><\/span><\/span><\/span><\/p>\n<h3><b><span style=\"vertical-align: inherit\"><span style=\"vertical-align: inherit\"><span style=\"vertical-align: inherit\"><span style=\"vertical-align: inherit\"><span style=\"vertical-align: inherit\"><span style=\"vertical-align: inherit\">Freiheit f\u00fcr deine Lippen<\/span><\/span><\/span><\/span><\/span><\/span><\/b><\/h3>\n<p><b><span style=\"vertical-align: inherit\"><span style=\"vertical-align: inherit\"><span style=\"vertical-align: inherit\"><span style=\"vertical-align: inherit\"><span style=\"vertical-align: inherit\"><span style=\"vertical-align: inherit\">\"Sp\u00fcre die Freiheit, du selbst zu sein.\"<\/span><\/span><\/span><\/span><\/span><\/span><\/b><\/p>\n<p><span style=\"font-weight: 400\"><span style=\"vertical-align: inherit\"><span style=\"vertical-align: inherit\"><span style=\"vertical-align: inherit\"><span style=\"vertical-align: inherit\"><span style=\"vertical-align: inherit\"><span style=\"vertical-align: inherit\">Avec nos Lippentinten, vous pouvez vous d\u00e9tendre tout au long de la journ\u00e9e, sans que vous ayez \u00e0 vous soucier des pens\u00e9es li\u00e9es \u00e0 l'alimentation. La forme allong\u00e9e a pour but de faire en sorte que l'effort de lecture soit frais et intense tout au long de la journ\u00e9e. Gagnez en libert\u00e9, en vous faisant oublier et en gagnant votre vie.<\/span><\/span><\/span><\/span><\/span><\/span><\/span><\/p>\n<p><b><span style=\"vertical-align: inherit\"><span style=\"vertical-align: inherit\"><span style=\"vertical-align: inherit\"><span style=\"vertical-align: inherit\"><span style=\"vertical-align: inherit\"><span style=\"vertical-align: inherit\">Qu'est-ce qui fait la particularit\u00e9 de nos Lippentinten ?<\/span><\/span><\/span><\/span><\/span><\/span><\/b><\/p>\n<ul>\n<li style=\"font-weight: 400\"><b><span style=\"vertical-align: inherit\"><span style=\"vertical-align: inherit\"><span style=\"vertical-align: inherit\"><span style=\"vertical-align: inherit\"><span style=\"vertical-align: inherit\"><span style=\"vertical-align: inherit\">Farbes intensives : <\/span><\/span><\/span><\/span><\/span><\/span><\/b><span style=\"font-weight: 400\"><span style=\"vertical-align: inherit\"><span style=\"vertical-align: inherit\"><span style=\"vertical-align: inherit\"><span style=\"vertical-align: inherit\"><span style=\"vertical-align: inherit\"><span style=\"vertical-align: inherit\">Une br\u00e8ve palette de couleurs pour tous les go\u00fbts.<\/span><\/span><\/span><\/span><\/span><\/span><\/span><\/li>\n<li style=\"font-weight: 400\"><b><span style=\"vertical-align: inherit\"><span style=\"vertical-align: inherit\"><span style=\"vertical-align: inherit\"><span style=\"vertical-align: inherit\"><span style=\"vertical-align: inherit\"><span style=\"vertical-align: inherit\">Langanhaltende Formel : <\/span><\/span><\/span><\/span><\/span><\/span><\/b><span style=\"font-weight: 400\"><span style=\"vertical-align: inherit\"><span style=\"vertical-align: inherit\"><span style=\"vertical-align: inherit\"><span style=\"vertical-align: inherit\"><span style=\"vertical-align: inherit\"><span style=\"vertical-align: inherit\">Au fil des jours, la couleur est devenue plus claire.<\/span><\/span><\/span><\/span><\/span><\/span><\/span><\/li>\n<li style=\"font-weight: 400\"><b><span style=\"vertical-align: inherit\"><span style=\"vertical-align: inherit\"><span style=\"vertical-align: inherit\"><span style=\"vertical-align: inherit\"><span style=\"vertical-align: inherit\"><span style=\"vertical-align: inherit\">Confort d'utilisation \u00e9lev\u00e9 : <\/span><\/span><\/span><\/span><\/span><\/span><\/b><span style=\"font-weight: 400\"><span style=\"vertical-align: inherit\"><span style=\"vertical-align: inherit\"><span style=\"vertical-align: inherit\"><span style=\"vertical-align: inherit\"><span style=\"vertical-align: inherit\"><span style=\"vertical-align: inherit\">Samtig weich und nicht austrocknend.<\/span><\/span><\/span><\/span><\/span><\/span><\/span><\/li>\n<li style=\"font-weight: 400\"><b><span style=\"vertical-align: inherit\"><span style=\"vertical-align: inherit\"><span style=\"vertical-align: inherit\"><span style=\"vertical-align: inherit\"><span style=\"vertical-align: inherit\"><span style=\"vertical-align: inherit\">Application pratique : <\/span><\/span><\/span><\/span><\/span><\/span><\/b><span style=\"font-weight: 400\"><span style=\"vertical-align: inherit\"><span style=\"vertical-align: inherit\"><span style=\"vertical-align: inherit\"><span style=\"vertical-align: inherit\"><span style=\"vertical-align: inherit\"><span style=\"vertical-align: inherit\">Pour un r\u00e9sultat parfait.<\/span><\/span><\/span><\/span><\/span><\/span><\/span><\/li>\n<\/ul>\n<p><b><span style=\"vertical-align: inherit\"><span style=\"vertical-align: inherit\"><span style=\"vertical-align: inherit\"><span style=\"vertical-align: inherit\"><span style=\"vertical-align: inherit\"><span style=\"vertical-align: inherit\">Il est possible d'inverser la tendance et de se laisser porter par nos partenaires.<\/span><\/span><\/span><\/span><\/span><\/span><\/b><\/p>\n<h2><b><span style=\"vertical-align: inherit\"><span style=\"vertical-align: inherit\"><span style=\"vertical-align: inherit\"><span style=\"vertical-align: inherit\"><span style=\"vertical-align: inherit\"><span style=\"vertical-align: inherit\">\"L'\u00e9t\u00e9 rose\" : Un outil pour les l\u00e8vres de la vie en soci\u00e9t\u00e9<\/span><\/span><\/span><\/span><\/span><\/span><\/b><\/h2>\n<p><b><span style=\"vertical-align: inherit\"><span style=\"vertical-align: inherit\"><span style=\"vertical-align: inherit\"><span style=\"vertical-align: inherit\"><span style=\"vertical-align: inherit\"><span style=\"vertical-align: inherit\">Un arbre, dont les histoires sont racont\u00e9es<\/span><\/span><\/span><\/span><\/span><\/span><\/b><\/p>\n<p><span style=\"font-weight: 400\"><span style=\"vertical-align: inherit\"><span style=\"vertical-align: inherit\"><span style=\"vertical-align: inherit\"><span style=\"vertical-align: inherit\"><span style=\"vertical-align: inherit\"><span style=\"vertical-align: inherit\">Stell dir vor, deine Lippen sind ein Glas voll feinstem Rotwein. Elles sont pleines d'\u00e9nergie et d'une bonne dose de chaleur. C'est ce genre d'effet qui caract\u00e9rise nos lentilles. <\/span><\/span><\/span><\/span><\/span><\/span><\/span><b><span style=\"vertical-align: inherit\"><span style=\"vertical-align: inherit\"><span style=\"vertical-align: inherit\"><span style=\"vertical-align: inherit\"><span style=\"vertical-align: inherit\"><span style=\"vertical-align: inherit\">\"Roter Sommerwein\" <\/span><\/span><\/span><\/span><\/span><\/span><\/b><span style=\"font-weight: 400\"><span style=\"vertical-align: inherit\"><span style=\"vertical-align: inherit\"><span style=\"vertical-align: inherit\"><span style=\"vertical-align: inherit\"><span style=\"vertical-align: inherit\"><span style=\"vertical-align: inherit\">. Un motif, dont la beaut\u00e9, l'\u00e9l\u00e9gance et une touche de vintage ont fait le tour du monde.<\/span><\/span><\/span><\/span><\/span><\/span><\/span><\/p>\n<p><b><span style=\"vertical-align: inherit\"><span style=\"vertical-align: inherit\"><span style=\"vertical-align: inherit\"><span style=\"vertical-align: inherit\"><span style=\"vertical-align: inherit\"><span style=\"vertical-align: inherit\">Warum du sie liebst wirst :<\/span><\/span><\/span><\/span><\/span><\/span><\/b><\/p>\n<ul>\n<li style=\"font-weight: 400\"><b><span style=\"vertical-align: inherit\"><span style=\"vertical-align: inherit\"><span style=\"vertical-align: inherit\"><span style=\"vertical-align: inherit\"><span style=\"vertical-align: inherit\"><span style=\"vertical-align: inherit\">Intensive Pigmentierung : <\/span><\/span><\/span><\/span><\/span><\/span><\/b><span style=\"font-weight: 400\"><span style=\"vertical-align: inherit\"><span style=\"vertical-align: inherit\"><span style=\"vertical-align: inherit\"><span style=\"vertical-align: inherit\"><span style=\"vertical-align: inherit\"><span style=\"vertical-align: inherit\">Une couleur satin\u00e9e, qui s'applique imm\u00e9diatement et qui fait ressortir les l\u00e8vres.<\/span><\/span><\/span><\/span><\/span><\/span><\/span><\/li>\n<li style=\"font-weight: 400\"><b><span style=\"vertical-align: inherit\"><span style=\"vertical-align: inherit\"><span style=\"vertical-align: inherit\"><span style=\"vertical-align: inherit\"><span style=\"vertical-align: inherit\"><span style=\"vertical-align: inherit\">Samtiger Glanz : <\/span><\/span><\/span><\/span><\/span><\/span><\/b><span style=\"font-weight: 400\"><span style=\"vertical-align: inherit\"><span style=\"vertical-align: inherit\"><span style=\"vertical-align: inherit\"><span style=\"vertical-align: inherit\"><span style=\"vertical-align: inherit\"><span style=\"vertical-align: inherit\">Une finition l\u00e9g\u00e8rement glac\u00e9e, qui conf\u00e8re aux l\u00e8vres un \u00e9clat de luxe.<\/span><\/span><\/span><\/span><\/span><\/span><\/span><\/li>\n<li style=\"font-weight: 400\"><b><span style=\"vertical-align: inherit\"><span style=\"vertical-align: inherit\"><span style=\"vertical-align: inherit\"><span style=\"vertical-align: inherit\"><span style=\"vertical-align: inherit\"><span style=\"vertical-align: inherit\">Confort d'utilisation \u00e9lev\u00e9 : <\/span><\/span><\/span><\/span><\/span><\/span><\/b><span style=\"font-weight: 400\"><span style=\"vertical-align: inherit\"><span style=\"vertical-align: inherit\"><span style=\"vertical-align: inherit\"><span style=\"vertical-align: inherit\"><span style=\"vertical-align: inherit\"><span style=\"vertical-align: inherit\">La forme l\u00e9g\u00e8re n'affecte pas les l\u00e8vres et permet d'obtenir un r\u00e9sultat int\u00e9ressant.<\/span><\/span><\/span><\/span><\/span><\/span><\/span><\/li>\n<li style=\"font-weight: 400\"><b><span style=\"vertical-align: inherit\"><span style=\"vertical-align: inherit\"><span style=\"vertical-align: inherit\"><span style=\"vertical-align: inherit\"><span style=\"vertical-align: inherit\"><span style=\"vertical-align: inherit\">Application pratique : <\/span><\/span><\/span><\/span><\/span><\/span><\/b><span style=\"font-weight: 400\"><span style=\"vertical-align: inherit\"><span style=\"vertical-align: inherit\"><span style=\"vertical-align: inherit\"><span style=\"vertical-align: inherit\"><span style=\"vertical-align: inherit\"><span style=\"vertical-align: inherit\">L'applicateur pr\u00e4zise permet une utilisation simple et efficace.<\/span><\/span><\/span><\/span><\/span><\/span><\/span><\/li>\n<\/ul>\n<p><b><span style=\"vertical-align: inherit\"><span style=\"vertical-align: inherit\"><span style=\"vertical-align: inherit\"><span style=\"vertical-align: inherit\"><span style=\"vertical-align: inherit\"><span style=\"vertical-align: inherit\">Pour tous les usages<\/span><\/span><\/span><\/span><\/span><\/span><\/b><\/p>\n<p><span style=\"font-weight: 400\"><span style=\"vertical-align: inherit\"><span style=\"vertical-align: inherit\"><span style=\"vertical-align: inherit\"><span style=\"vertical-align: inherit\"><span style=\"vertical-align: inherit\"><span style=\"vertical-align: inherit\">Que ce soit pour une fin de semaine romantique, une soir\u00e9e festive ou tout simplement pour une journ\u00e9e exceptionnelle, le \"Roter Sommerwein\" est la solution id\u00e9ale. Elle s'adapte \u00e0 tous les tons et conf\u00e8re \u00e0 chaque look une note \u00e9l\u00e9gante.<\/span><\/span><\/span><\/span><\/span><\/span><\/span><\/p>\n<p><b><span style=\"vertical-align: inherit\"><span style=\"vertical-align: inherit\"><span style=\"vertical-align: inherit\"><span style=\"vertical-align: inherit\"><span style=\"vertical-align: inherit\"><span style=\"vertical-align: inherit\">D\u00e9couvrez votre Diva int\u00e9rieure<\/span><\/span><\/span><\/span><\/span><\/span><\/b><\/p>\n<p><span style=\"font-weight: 400\"><span style=\"vertical-align: inherit\"><span style=\"vertical-align: inherit\"><span style=\"vertical-align: inherit\"><span style=\"vertical-align: inherit\"><span style=\"vertical-align: inherit\"><span style=\"vertical-align: inherit\">Avec \"Roter Sommerwein\", vous faites une belle d\u00e9claration. Il s'agit d'un motif qui est \u00e0 la fois verf\u00fchrerisch et zeitlos.<\/span><\/span><\/span><\/span><\/span><\/span><\/span><\/p>","protected":false},"featured_media":149299,"template":"","meta":{"footnotes":""},"product_brand":[],"product_cat":[821,80,384],"product_tag":[149,743,111,241,592,832,397,480,398,525],"class_list":{"0":"post-96544","1":"product","2":"type-product","3":"status-publish","4":"has-post-thumbnail","6":"product_cat-beauty","7":"product_cat-beauty-health-supplements","8":"product_cat-cosmetics","9":"product_tag-anti-aging","10":"product_tag-beauty","11":"product_tag-care","12":"product_tag-cosmetics","13":"product_tag-high-quality","14":"product_tag-la-passione-collection-2024-01-red-summerwine-lip-tint-created-by-martina-otte-cosmetics","15":"product_tag-luxury","16":"product_tag-new-arrivals","17":"product_tag-unique","18":"product_tag-womens","19":"product_shipping_class-shipping-class-3","20":"has-subscription-plans","22":"first","23":"instock","24":"sale","25":"taxable","26":"shipping-taxable","27":"purchasable","28":"product-type-simple"},"bundled_by":[],"bundle_stock_status":"instock","bundle_stock_quantity":null,"bundle_virtual":false,"bundle_layout":"","bundle_add_to_cart_form_location":"","bundle_editable_in_cart":false,"bundle_sold_individually_context":"","bundle_item_grouping":"","bundle_min_size":"","bundle_max_size":"","bundle_price":[],"bundled_items":[],"bundle_sell_ids":[],"group_of_quantity":0,"min_quantity":0,"max_quantity":"","exclude_order_quantity_value_rules":"no","exclude_category_quantity_rules":"no","combine_variations":"no","_links":{"self":[{"href":"https:\/\/2024.shoply.com\/fr_ca\/wp-json\/wp\/v2\/product\/96544","targetHints":{"allow":["GET"]}}],"collection":[{"href":"https:\/\/2024.shoply.com\/fr_ca\/wp-json\/wp\/v2\/product"}],"about":[{"href":"https:\/\/2024.shoply.com\/fr_ca\/wp-json\/wp\/v2\/types\/product"}],"version-history":[{"count":3,"href":"https:\/\/2024.shoply.com\/fr_ca\/wp-json\/wp\/v2\/product\/96544\/revisions"}],"predecessor-version":[{"id":149303,"href":"https:\/\/2024.shoply.com\/fr_ca\/wp-json\/wp\/v2\/product\/96544\/revisions\/149303"}],"wp:featuredmedia":[{"embeddable":true,"href":"https:\/\/2024.shoply.com\/fr_ca\/wp-json\/wp\/v2\/media\/149299"}],"wp:attachment":[{"href":"https:\/\/2024.shoply.com\/fr_ca\/wp-json\/wp\/v2\/media?parent=96544"}],"wp:term":[{"taxonomy":"product_brand","embeddable":true,"href":"https:\/\/2024.shoply.com\/fr_ca\/wp-json\/wp\/v2\/product_brand?post=96544"},{"taxonomy":"product_cat","embeddable":true,"href":"https:\/\/2024.shoply.com\/fr_ca\/wp-json\/wp\/v2\/product_cat?post=96544"},{"taxonomy":"product_tag","embeddable":true,"href":"https:\/\/2024.shoply.com\/fr_ca\/wp-json\/wp\/v2\/product_tag?post=96544"}],"curies":[{"name":"wp","href":"https:\/\/api.w.org\/{rel}","templated":true}]}}