{"id":96604,"date":"2024-11-26T02:21:28","date_gmt":"2024-11-26T07:21:28","guid":{"rendered":"https:\/\/shoply.com\/?post_type=product&#038;p=96604"},"modified":"2025-02-27T13:56:23","modified_gmt":"2025-02-27T18:56:23","slug":"optimiere-deine-gesichtszuge-contouring-made-easy-terracotta-dreams-bp4","status":"publish","type":"product","link":"https:\/\/2024.shoply.com\/hi\/product\/optimiere-deine-gesichtszuge-contouring-made-easy-terracotta-dreams-bp4\/","title":{"rendered":"Optimiere Deine Gesichtsz\u00fcge &#8211; Contouring made easy! Terracotta Dreams BP4"},"content":{"rendered":"<div class=\"product-details__product-attributes\">\n<p>&nbsp;<\/p>\n<div class=\"details-product-attribute\"><span class=\"details-product-attribute__title\"><span style=\"vertical-align: inherit\"><span style=\"vertical-align: inherit\">\u092e\u093e\u0930\u094d\u0915\u0947:\u00a0 <\/span><\/span><\/span><span class=\"details-product-attribute__value\"><span style=\"vertical-align: inherit\"><span style=\"vertical-align: inherit\">\u092e\u093e\u0930\u094d\u091f\u093f\u0928\u093e \u0913\u091f\u094d\u091f\u0947 \u0915\u0949\u0938\u094d\u092e\u0947\u091f\u093f\u0915\u094d\u0938\u00ae<\/span><\/span><\/span><\/div>\n<\/div>\n<div id=\"productDescription\" class=\"product-details__product-description\">\n<div><span style=\"vertical-align: inherit\"><span style=\"vertical-align: inherit\">Verleihen Sie Ihrem Gesicht neue Konturen \u2013 mit dem \u201eTerracotta Dreams\u201c Contouring Puder von Martina Otte Cosmetics\u00ae. Entdecken Sie dieses einzigartige Produkt, das von den warmen T\u00f6nen S\u00fcdfrankreichs inspiriert wurde. Es ist ideal f\u00fcr jede Hautfarbe, egal ob Sie einen roten, blassen oder gebr\u00e4unten Teint haben. \u201eTerracotta Dreams\u201c bietet einen starken Kontrast, der besonders bei Haut mit einem Olivenunterton oder bereits sonnengebr\u00e4unter Haut wundersch\u00f6ne Akzente setzt. Das Auftragen l\u00e4sst sich ganz einfach mit den Fingern oder einem Pinsel handhaben, sodass jedermann spielend leicht frische und ausdrucksstarke Konturen zaubern kann. In meinem Beauty Tutorial erfahren Sie, wie Sie das Beste aus Ihrem Typ herausholen k\u00f6nnen.Lassen Sie sich von \u201eTerracotta Dreams\u201c verf\u00fchren und genie\u00dfen Sie das hervorragende Finish, das Sie in eine Welt voller Sch\u00f6nheit und Eleganz entf\u00fchrt.Ihre Martina Otte Ein verj\u00fcngender Contouring Pulver mit Pflegewirkstoffen verleiht Ihnen jetzt mehr Frische und ein jugendliches Aussehen. Konturierung leicht gemacht. Zaubern Sie Farbkonstraste und Frische in Ihrem Gesicht. Ein Contouring, das auch als Lidschatten verwendet werden kann. Blitz \u2013 Make-up leicht gemacht. Ich bin jetzt frisch und gepflegt. Contouring Powders von Martina Otte Cosmetics\u00ae zaubern Ihnen im Nu Frische und ein jugendliches Aussehen. Ihr Gesicht herausarbeiten durch das richtige Contouring Powder mit tollen Farbkontrasten. Pflege und Liftingwirkkraft in Einem. Das Contouring Powder von Martina Otte Cosmetics\u00ae<\/span><\/span><\/div>\n<div>\n<p><span style=\"font-weight: 400\">\u0938\u093e\u092e\u0917\u094d\u0930\u0940:<\/span><\/p>\n<p><span style=\"font-weight: 400\">\u092e\u0940\u0915\u093e, \u0935\u093f\u091f\u093e\u092e\u093f\u0928 \u0908, \u0928\u093e\u0930\u093f\u092f\u0932 \u0924\u0947\u0932, \u0905\u0902\u0917\u0942\u0930 \u092c\u0940\u091c \u0924\u0947\u0932, \u092a\u0949\u0932\u0940\u092e\u0947\u0925\u093f\u0932 \u092e\u0947\u0925\u093e\u0915\u094d\u0930\u093e\u0907\u0932\u0947\u091f, \u0928\u093e\u092f\u0932\u0949\u0928, 12 \u0911\u0915\u094d\u091f\u0940\u0921\u094b\u0921\u0947\u0938\u093f\u0932 \u0938\u094d\u091f\u0940\u092f\u0930\u0949\u092f\u0932 \u0938\u094d\u091f\u0940\u092f\u0930\u0947\u091f, \u092e\u0948\u0917\u094d\u0928\u0940\u0936\u093f\u092f\u092e \u0938\u094d\u091f\u0940\u092f\u0930\u0947\u091f, \u0938\u093f\u0932\u093f\u0915\u093e, \u092e\u0947\u0925\u093f\u0915\u094b\u0928, \u092c\u094b\u0930\u0949\u0928 \u0928\u093e\u0907\u091f\u094d\u0930\u093e\u0907\u0921, \u0906\u0907\u0938\u094b\u092a\u094d\u0930\u094b\u092a\u093e\u0907\u0932 \u092a\u093e\u092e\u093f\u091f\u0947\u091f, \u092e\u093f\u0925\u093e\u0907\u0932 \u0939\u093e\u0907\u0921\u094d\u0930\u094b\u091c\u0928\u0947\u091f\u0947\u0921 \u0930\u094b\u0938\u093f\u0928\u0947\u091f, \u0921\u093e\u092f\u092e\u0947\u0925\u093f\u0915\u094b\u0928, \u092c\u093f\u0938-\u0921\u093f\u0917\u094d\u0932\u093f\u0938\u0930\u0940\u0932 \u092a\u0949\u0932\u0940\u090f\u0938\u093e\u0907\u0932\u093e\u0921\u093f\u092a\u0947\u091f-2, \u092b\u0947\u0928\u094b\u0915\u094d\u0938\u0940\u0925\u0947\u0928\u0949\u0932, \u090f\u0925\u093f\u0932\u0939\u0947\u0915\u094d\u0938\u093f\u0932\u0917\u094d\u0932\u093f\u0938\u0930\u0940\u0928,\u00a0<\/span><\/p>\n<p><span style=\"font-weight: 400\">+\/- (\u0907\u0938\u092e\u0947\u0902 \u0936\u093e\u092e\u093f\u0932 \u0939\u094b \u0938\u0915\u0924\u093e \u0939\u0948), \u0906\u092f\u0930\u0928 \u0911\u0915\u094d\u0938\u093e\u0907\u0921, (CI77492), \u091f\u093e\u0907\u091f\u0947\u0928\u093f\u092f\u092e \u0921\u093e\u0907\u0911\u0915\u094d\u0938\u093e\u0907\u0921 (CI 77891), \u0906\u092f\u0930\u0928 \u0911\u0915\u094d\u0938\u093e\u0907\u0921 (CI 77491), \u0906\u092f\u0930\u0928 \u0911\u0915\u094d\u0938\u093e\u0907\u0921 (CI 77499)<\/span><\/p>\n<p><span style=\"font-weight: 400\">\u0915\u094d\u0930\u0942\u0930\u0924\u093e \u092e\u0941\u0915\u094d\u0924, Parabenfrei<\/span><\/p>\n<\/div>\n<\/div>","protected":false},"excerpt":{"rendered":"<h2><b><span style=\"vertical-align: inherit\"><span style=\"vertical-align: inherit\">\u0915\u0902\u091f\u0942\u0930\u093f\u0902\u0917 \u092a\u093e\u0909\u0921\u0930 \u0935\u0949\u0928 \u092e\u093e\u0930\u094d\u091f\u093f\u0928\u093e \u0913\u091f\u094d\u091f\u0947 \u0915\u0949\u0938\u094d\u092e\u0947\u091f\u093f\u0915\u094d\u0938\u00ae - \u0921\u093f\u091c\u093e\u0907\u0928 \u092e\u0947\u0902 \u092c\u093f\u0932\u094d\u0915\u0941\u0932 \u0938\u0939\u0940<\/span><\/span><\/b><\/h2>\n<p><span style=\"font-weight: 400\"><span style=\"vertical-align: inherit\"><span style=\"vertical-align: inherit\">\u092e\u093e\u0930\u094d\u091f\u093f\u0928\u093e \u0913\u091f\u094d\u091f\u0947 \u0915\u0949\u0938\u094d\u092e\u0947\u091f\u093f\u0915\u094d\u0938\u00ae \u0915\u093e \u0915\u0949\u0928\u094d\u091f\u0942\u0930\u093f\u0902\u0917 \u092a\u093e\u0909\u0921\u0930 \u0938\u092d\u0940 \u0915\u0947 \u0932\u093f\u090f \u090f\u0915 \u0905\u0935\u093f\u0936\u094d\u0935\u0938\u0928\u0940\u092f \u0909\u0924\u094d\u092a\u093e\u0926 \u0939\u0948, \u0907\u0938\u092e\u0947\u0902 \u090f\u0915 \u092c\u0921\u093c\u0940 \u0936\u0930\u094d\u0924 \u0939\u0948 \u0914\u0930 \u090f\u0915 \u092c\u0921\u093c\u0940 \u092a\u0930\u093f\u092d\u093e\u0937\u093e \u0939\u0948\u0964 \u090f\u0915 \u0935\u0930\u094d\u0937 \u0938\u0947 \u0905\u0927\u093f\u0915 \u0938\u092e\u092f \u0924\u0915 \u090f\u092c\u094d\u091c\u0947\u0938\u094d\u091f\u093f\u092e\u091f\u0947\u0928 \u092b\u093e\u0930\u092c\u091f\u0928\u0902\u0917 \u0914\u0930 \u0938\u0947\u0928\u0947\u0930 \u0938\u0947\u0921\u093f\u091c\u0947\u0928 \u091f\u0947\u0915\u094d\u0938\u091a\u0930 \u090f\u0930\u094d\u092e\u094b\u0917\u094d\u0932\u093f\u091a\u094d\u091f \u090f\u0938 \u0921\u093e\u092f\u0930, \u0917\u0948\u0902\u091c\u093c \u090f\u0907\u0928\u092b\u0948\u091a \u0908\u0928 \u092a\u094d\u0930\u094b\u092b\u0947\u0936\u0928\u0932\u094d\u0938 \u0915\u0902\u091f\u0942\u0930\u093f\u0902\u0917 \u091c\u093c\u0942 \u091c\u093c\u0949\u092c\u0930\u094d\u0928\u0964<\/span><\/span><\/span><\/p>\n<h3><b><span style=\"vertical-align: inherit\"><span style=\"vertical-align: inherit\">\u0935\u093e\u0930\u0941\u092e \u0921\u0941 \u0926\u093e\u0938 \u0915\u0902\u091f\u0942\u0930\u093f\u0902\u0917 \u092a\u093e\u0909\u0921\u0930 \u0932\u0947\u092c\u0947\u0928 \u0935\u0930\u094d\u0938\u094d\u091f:<\/span><\/span><\/b><\/h3>\n<ul>\n<li style=\"font-weight: 400\"><b><span style=\"vertical-align: inherit\"><span style=\"vertical-align: inherit\">\u092a\u094d\u0930\u093e\u0915\u0943\u0924\u093f\u0915 \u0915\u094b\u0928\u094d\u091f\u0942\u0930\u0947\u0902: <\/span><\/span><\/b><span style=\"font-weight: 400\"><span style=\"vertical-align: inherit\"><span style=\"vertical-align: inherit\">\u0926\u0940 \u0928\u094d\u092f\u0941\u090f\u0928\u094d\u0938\u093f\u090f\u0930\u091f\u0947\u0928 \u092b\u093c\u094d\u092f\u0942\u0917\u0947\u0928 \u092b\u093c\u094d\u092f\u0942\u0917\u0947\u0928 \u0938\u093f\u091a \u0928\u0939\u0924\u094d\u0932\u094b\u0938 \u0907\u0928 \u0921\u0947\u0907\u0928\u0947\u0928 \u0939\u0949\u091f\u0928 \u0908\u0928 \u0905\u0902\u0921 \u0938\u094b\u0930\u094d\u0917\u0928 \u092b\u093c\u0941\u0930 \u0908\u0928 \u0928\u0947\u091a\u0941\u0930\u0932\u093f\u091a \u0935\u093f\u0930\u094d\u0915\u0947\u0902\u0921\u0947\u0938 \u090f\u0930\u094d\u0917\u0947\u092c\u094d\u0928\u093f\u0938\u0964<\/span><\/span><\/span><\/li>\n<li style=\"font-weight: 400\"><b><span style=\"vertical-align: inherit\"><span style=\"vertical-align: inherit\">\u0938\u0940\u0927\u093e \u092c\u0928\u093e\u0935\u091f: <\/span><\/span><\/b><span style=\"font-weight: 400\"><span style=\"vertical-align: inherit\"><span style=\"vertical-align: inherit\">\u0926\u093e\u0938 \u092a\u0941\u0921\u0947\u0930 \u0932\u093e\u0938\u094d\u091f \u0938\u093f\u091a \u0932\u0940\u091a\u094d\u091f \u0911\u092b\u091f\u094d\u0930\u0948\u0917\u0928 \u0905\u0902\u0921 \u0935\u0930\u094d\u092c\u094d\u0932\u0947\u0902\u0921\u0947\u0928, \u0913\u0939\u0928\u0947 \u0938\u094d\u091f\u094d\u0930\u0947\u0907\u092b\u0947\u0928 \u091c\u093c\u0942 \u0939\u093f\u0902\u091f\u0930\u0932\u0938\u0947\u0928\u0964<\/span><\/span><\/span><\/li>\n<li style=\"font-weight: 400\"><b><span style=\"vertical-align: inherit\"><span style=\"vertical-align: inherit\">\u0926\u0940\u0930\u094d\u0918\u093e\u0935\u0927\u093f \u0930\u094b\u0915: <\/span><\/span><\/b><span style=\"font-weight: 400\"><span style=\"vertical-align: inherit\"><span style=\"vertical-align: inherit\">\u0921\u093e\u0938 \u0915\u0902\u091f\u0942\u0930\u093f\u0902\u0917 \u092a\u093e\u0909\u0921\u0930 \u091f\u0948\u0917 \u0914\u0930 \u091f\u094d\u0930\u094b\u091f\u091c\u093c\u094d\u091f \u0926\u0947\u0928 \u090f\u0902\u0938\u094d\u092a\u094d\u0930\u0941\u091a\u0938\u094d\u0935\u094b\u0932\u0928 \u092c\u0947\u0921\u093f\u0902\u0917\u0941\u0902\u0917\u0947\u0928 \u0915\u0947 \u092c\u0940\u091a \u0930\u0941\u0915 \u0917\u092f\u093e\u0964<\/span><\/span><\/span><\/li>\n<li style=\"font-weight: 400\"><b><span style=\"vertical-align: inherit\"><span style=\"vertical-align: inherit\"><span style=\"vertical-align: inherit\"><span style=\"vertical-align: inherit\">\u0938\u092c\u0938\u0947 \u0905\u0927\u093f\u0915 \u092c\u093e\u0930 \u0926\u0947\u0916\u093e \u0917\u092f\u093e: <\/span><\/span><\/span><\/span><\/b><span style=\"font-weight: 400\"><span style=\"vertical-align: inherit\"><span style=\"vertical-align: inherit\"><span style=\"vertical-align: inherit\"><span style=\"vertical-align: inherit\">\u090f\u0915 \u0914\u0930 \u0921\u0947\u091c\u0947\u0902\u091f\u0947\u0938 \u0911\u0932\u091f\u0948\u0917\u094d\u0938-\u092e\u0947\u0915-\u0905\u092a \u092f\u093e \u090f\u0915 \u0914\u0930 \u0921\u094d\u0930\u093e\u092e\u093e \u090f\u092c\u0947\u0902\u0921-\u0932\u0941\u0915 \u0915\u0947 \u0932\u093f\u090f - \u092f\u0939 \u092a\u0942\u0930\u0940 \u0924\u0930\u0939 \u0938\u0947 \u0907\u0928\u0938\u0947\u091f\u091c\u093c\u092c\u093e\u0930 \u0939\u0948\u0964<\/span><\/span><\/span><\/span><\/span><\/li>\n<\/ul>\n<h3><b><span style=\"vertical-align: inherit\"><span style=\"vertical-align: inherit\"><span style=\"vertical-align: inherit\"><span style=\"vertical-align: inherit\">\u0924\u094b \u0939\u092e \u0915\u0939\u0924\u0947 \u0939\u0948\u0902:<\/span><\/span><\/span><\/span><\/b><\/h3>\n<ol>\n<li style=\"font-weight: 400\"><b><span style=\"vertical-align: inherit\"><span style=\"vertical-align: inherit\"><span style=\"vertical-align: inherit\"><span style=\"vertical-align: inherit\">\u0930\u093e\u091c\u094d\u092f \u0914\u0930 \u092a\u094d\u0930\u0936\u093e\u0938\u0928 \u092e\u0941\u0916\u094d\u092f: <\/span><\/span><\/span><\/span><\/b><span style=\"font-weight: 400\"><span style=\"vertical-align: inherit\"><span style=\"vertical-align: inherit\"><span style=\"vertical-align: inherit\"><span style=\"vertical-align: inherit\">\u090f\u0915 \u092a\u0930\u092b\u0947\u0915\u094d\u091f \u092e\u0947\u0915\u0905\u092a \u0915\u0947 \u0932\u093f\u090f \u0917\u094d\u0930\u0941\u0902\u0921\u0932\u0947\u091c \u0915\u093e \u0909\u092a\u092f\u094b\u0917 \u0915\u0930\u0928\u093e \u090f\u0915 \u0905\u091a\u094d\u091b\u093e \u0935\u093f\u091a\u093e\u0930 \u0939\u0948\u0964<\/span><\/span><\/span><\/span><\/span><\/li>\n<li style=\"font-weight: 400\"><b><span style=\"vertical-align: inherit\"><span style=\"vertical-align: inherit\"><span style=\"vertical-align: inherit\"><span style=\"vertical-align: inherit\"><span style=\"vertical-align: inherit\"><span style=\"vertical-align: inherit\">\u0935\u0947\u0939\u0932\u0947\u0928 \u0938\u0940 \u0921\u0947\u0928 \u0930\u093f\u091a\u091f\u093f\u091c\u0947\u0928 \u092b\u093e\u0930\u094d\u092c\u091f\u0928: <\/span><\/span><\/span><\/span><\/span><\/span><\/b><span style=\"font-weight: 400\"><span style=\"vertical-align: inherit\"><span style=\"vertical-align: inherit\"><span style=\"vertical-align: inherit\"><span style=\"vertical-align: inherit\"><span style=\"vertical-align: inherit\"><span style=\"vertical-align: inherit\">\u091c\u092c \u0906\u092a \u092e\u0947\u0915\u0905\u092a \u0915\u093e \u0932\u093e\u092d \u0909\u0920\u093e\u0924\u0947 \u0939\u0948\u0902 \u0924\u094b \u0906\u092a\u0915\u094b \u092e\u093e\u0930\u094d\u091f\u093f\u0928\u093e \u0913\u091f\u094d\u091f\u0947 \u0915\u0949\u0938\u094d\u092e\u0947\u091f\u093f\u0915\u094d\u0938\u00ae \u0938\u0947 \u0915\u0902\u091f\u0942\u0930\u093f\u0902\u0917 \u092a\u093e\u0909\u0921\u0930 \u092e\u093f\u0932\u0924\u093e \u0939\u0948\u0964 \u0905\u092a\u0928\u0947 \u092a\u0938\u0902\u0926\u0940\u0926\u093e \u0935\u094d\u092f\u0935\u0938\u093e\u092f \u0915\u094b \u0927\u094d\u092f\u093e\u0928 \u092e\u0947\u0902 \u0930\u0916\u0924\u0947 \u0939\u0941\u090f!<\/span><\/span><\/span><\/span><\/span><\/span><\/span><\/li>\n<li style=\"font-weight: 400\"><b><span style=\"vertical-align: inherit\"><span style=\"vertical-align: inherit\"><span style=\"vertical-align: inherit\"><span style=\"vertical-align: inherit\"><span style=\"vertical-align: inherit\"><span style=\"vertical-align: inherit\">\u0906\u092a\u0915\u0947 \u091c\u0940\u0935\u0928 \u0915\u093e \u0906\u0927\u093e\u0930: <\/span><\/span><\/span><\/span><\/span><\/span><\/b><span style=\"font-weight: 400\"><span style=\"vertical-align: inherit\"><span style=\"vertical-align: inherit\"><span style=\"vertical-align: inherit\"><span style=\"vertical-align: inherit\"><span style=\"vertical-align: inherit\"><span style=\"vertical-align: inherit\">\u0926\u0941\u0916 \u0915\u0940 \u092c\u093e\u0924 \u092f\u0939 \u0939\u0948 \u0915\u093f \u0939\u092e\u0928\u0947 \u092a\u094d\u0930\u093e\u0915\u0943\u0924\u093f\u0915 \u0930\u0942\u092a \u0938\u0947 \u0915\u0949\u0928\u094d\u091f\u0941\u0930\u0947\u0928 \u0915\u093e \u0909\u092a\u092f\u094b\u0917 \u0915\u093f\u092f\u093e \u0939\u0948, \u0939\u092e \u0906\u092a\u0915\u094b \u0935\u093e\u0902\u0917\u0947\u0928\u0915\u094b\u0928\u091a\u0947\u0928 \u0915\u0947 \u0932\u093f\u090f \u0927\u0928\u094d\u092f\u0935\u093e\u0926 \u0926\u0947\u0924\u0947 \u0939\u0948\u0902, \u0914\u0930 \u0906\u092a\u0915\u0947 \u092a\u093e\u0938 \u0928\u0938\u0947\u0928\u0915\u094b\u0902\u091f\u0942\u0930 \u0915\u0947 \u0932\u093f\u090f \u090f\u0915 \u0936\u094d\u0932\u093e\u092b\u0947\u0928 \u092d\u0940 \u0939\u0948\u0964<\/span><\/span><\/span><\/span><\/span><\/span><\/span><\/li>\n<li style=\"font-weight: 400\"><b><span style=\"vertical-align: inherit\"><span style=\"vertical-align: inherit\"><span style=\"vertical-align: inherit\"><span style=\"vertical-align: inherit\"><span style=\"vertical-align: inherit\"><span style=\"vertical-align: inherit\">\u0935\u0930\u094d\u092c\u094d\u0932\u0947\u0902\u0921\u0928: <\/span><\/span><\/span><\/span><\/span><\/span><\/b><span style=\"font-weight: 400\"><span style=\"vertical-align: inherit\"><span style=\"vertical-align: inherit\"><span style=\"vertical-align: inherit\"><span style=\"vertical-align: inherit\"><span style=\"vertical-align: inherit\"><span style=\"vertical-align: inherit\">\u090f\u0915 \u092c\u093e\u0930 \u091c\u092c \u0906\u092a \u090f\u0915 \u092a\u093f\u0928\u0938\u0947\u0932 \u092a\u094d\u0930\u093e\u092a\u094d\u0924 \u0915\u0930 \u0932\u0947\u0924\u0947 \u0939\u0948\u0902, \u0924\u094b \u092e\u0941\u091d\u0947 \u0915\u0947\u0935\u0932 \u0936\u0947\u092b\u093c\u0928 \u0915\u0940 \u0906\u0935\u0936\u094d\u092f\u0915\u0924\u093e \u0939\u094b\u0924\u0940 \u0939\u0948\u0964<\/span><\/span><\/span><\/span><\/span><\/span><\/span><\/li>\n<\/ol>\n<h3><b><span style=\"vertical-align: inherit\"><span style=\"vertical-align: inherit\"><span style=\"vertical-align: inherit\"><span style=\"vertical-align: inherit\"><span style=\"vertical-align: inherit\"><span style=\"vertical-align: inherit\">\u092e\u093e\u0930\u094d\u091f\u093f\u0928\u093e \u0913\u091f\u094d\u091f\u0947 \u0915\u0949\u0938\u094d\u092e\u0947\u091f\u093f\u0915\u094d\u0938\u00ae \u0915\u093e \u0932\u093e\u092d:<\/span><\/span><\/span><\/span><\/span><\/span><\/b><\/h3>\n<ul>\n<li style=\"font-weight: 400\"><b><span style=\"vertical-align: inherit\"><span style=\"vertical-align: inherit\"><span style=\"vertical-align: inherit\"><span style=\"vertical-align: inherit\"><span style=\"vertical-align: inherit\"><span style=\"vertical-align: inherit\">\u0909\u091a\u094d\u091a\u0924\u0930 \u0930\u0947\u091f\u093f\u0902\u0917 \u0938\u093e\u092e\u0917\u094d\u0930\u0940: <\/span><\/span><\/span><\/span><\/span><\/span><\/b><span style=\"font-weight: 400\"><span style=\"vertical-align: inherit\"><span style=\"vertical-align: inherit\"><span style=\"vertical-align: inherit\"><span style=\"vertical-align: inherit\"><span style=\"vertical-align: inherit\"><span style=\"vertical-align: inherit\">\u092e\u093e\u0930\u094d\u091f\u093f\u0928\u093e \u0913\u091f\u094d\u091f\u0947 \u0915\u0949\u0938\u094d\u092e\u0947\u091f\u093f\u0915\u094d\u0938\u00ae \u0915\u093e \u0909\u0924\u094d\u092a\u093e\u0926 \u0907\u0928\u0939\u093e\u0932\u094d\u091f\u094d\u0938\u0938\u094d\u091f\u0949\u092b\u0947\u0928 \u092b\u0949\u0930\u094d\u092e\u0942\u0932\u0947\u0936\u0928 \u0915\u0947 \u0938\u093e\u0925 \u0939\u0948, \u092e\u0947\u0930\u0947 \u092a\u093e\u0938 \u090f\u0915 \u0914\u0930 \u0909\u0924\u094d\u092a\u093e\u0926 \u0939\u0948\u0964<\/span><\/span><\/span><\/span><\/span><\/span><\/span><\/li>\n<li style=\"font-weight: 400\"><b><span style=\"vertical-align: inherit\"><span style=\"vertical-align: inherit\"><span style=\"vertical-align: inherit\"><span style=\"vertical-align: inherit\"><span style=\"vertical-align: inherit\"><span style=\"vertical-align: inherit\">\u0935\u094d\u092f\u0915\u094d\u0924\u093f\u0917\u0924 \u0938\u0941\u091d\u093e\u0935: <\/span><\/span><\/span><\/span><\/span><\/span><\/b><span style=\"font-weight: 400\"><span style=\"vertical-align: inherit\"><span style=\"vertical-align: inherit\"><span style=\"vertical-align: inherit\"><span style=\"vertical-align: inherit\"><span style=\"vertical-align: inherit\"><span style=\"vertical-align: inherit\">\u092e\u093e\u0930\u094d\u091f\u093f\u0928\u093e \u0913\u091f\u094d\u091f\u0947 \u0915\u0949\u0938\u094d\u092e\u0947\u091f\u093f\u0915\u094d\u0938\u00ae \u0928\u0947 \u090f\u0915 \u0935\u094d\u092f\u0915\u094d\u0924\u093f\u0917\u0924 \u0932\u093e\u092d \u092a\u094d\u0930\u093e\u092a\u094d\u0924 \u0915\u093f\u092f\u093e \u0939\u0948, \u091c\u094b \u0906\u092a\u0915\u0947 \u0909\u0924\u094d\u092a\u093e\u0926 \u0915\u094b \u0938\u092e\u0943\u0926\u094d\u0927 \u092c\u0928\u093e\u0928\u0947 \u092e\u0947\u0902 \u0906\u092a\u0915\u0940 \u092e\u0926\u0926 \u0915\u0930 \u0938\u0915\u0924\u093e \u0939\u0948\u0964 \u090f\u0915 \u0908\u092e\u0947\u0932 \u092d\u0947\u091c\u0947\u0902 \u0914\u0930 \u090f\u0915 \u0935\u094d\u092f\u0915\u094d\u0924\u093f\u0917\u0924 \u0908\u092e\u0947\u0932 \u092d\u0947\u091c\u0947\u0902\u0964\u00a0<\/span><\/span><\/span><\/span><\/span><\/span><\/span><\/li>\n<\/ul>\n<h3><b><span style=\"vertical-align: inherit\"><span style=\"vertical-align: inherit\"><span style=\"vertical-align: inherit\"><span style=\"vertical-align: inherit\"><span style=\"vertical-align: inherit\"><span style=\"vertical-align: inherit\">Fokus auf die Vielseitigkeit<\/span><\/span><\/span><\/span><\/span><\/span><\/b><\/h3>\n<p><b><span style=\"vertical-align: inherit\"><span style=\"vertical-align: inherit\"><span style=\"vertical-align: inherit\"><span style=\"vertical-align: inherit\"><span style=\"vertical-align: inherit\"><span style=\"vertical-align: inherit\">Terracotta Dreams Contouring Powder \u2013 kreiert von Martina Otte Cosmetics\u00ae<\/span><\/span><\/span><\/span><\/span><\/span><\/b><\/p>\n<p><b><span style=\"vertical-align: inherit\"><span style=\"vertical-align: inherit\"><span style=\"vertical-align: inherit\"><span style=\"vertical-align: inherit\"><span style=\"vertical-align: inherit\"><span style=\"vertical-align: inherit\">Terracotta Tr\u00e4ume: Mehr als nur Contouring. <\/span><\/span><\/span><\/span><\/span><\/span><\/b><span style=\"font-weight: 400\"><span style=\"vertical-align: inherit\"><span style=\"vertical-align: inherit\"><span style=\"vertical-align: inherit\"><span style=\"vertical-align: inherit\"><span style=\"vertical-align: inherit\"><span style=\"vertical-align: inherit\">Entdecke die vielseitige Anwendung unseres neuen Puders. Ob als zartes Contouring f\u00fcr definierte Gesichtsz\u00fcge oder als leichtes Rouge f\u00fcr einen frischen Glow \u2013 unser Terracotta Tr\u00e4ume verleiht deinem Teint eine gesunde, sonnengek\u00fcsste Ausstrahlung. Die warme, leicht orangefarbene Nuance passt sich perfekt an jeden Hautton an und l\u00e4sst dich strahlen.<\/span><\/span><\/span><\/span><\/span><\/span><\/span><\/p>\n<h3><b><span style=\"vertical-align: inherit\"><span style=\"vertical-align: inherit\"><span style=\"vertical-align: inherit\"><span style=\"vertical-align: inherit\"><span style=\"vertical-align: inherit\"><span style=\"vertical-align: inherit\">Fokus auf den Sommer-Look<\/span><\/span><\/span><\/span><\/span><\/span><\/b><\/h3>\n<p><b><span style=\"vertical-align: inherit\"><span style=\"vertical-align: inherit\"><span style=\"vertical-align: inherit\"><span style=\"vertical-align: inherit\"><span style=\"vertical-align: inherit\"><span style=\"vertical-align: inherit\">Hol dir den Sommer auf der Haut: <\/span><\/span><\/span><\/span><\/span><\/span><\/b><span style=\"font-weight: 400\"><span style=\"vertical-align: inherit\"><span style=\"vertical-align: inherit\"><span style=\"vertical-align: inherit\"><span style=\"vertical-align: inherit\"><span style=\"vertical-align: inherit\"><span style=\"vertical-align: inherit\">Mit unserem Terracotta Tr\u00e4ume Contouring Powder von Martina Otte Cosmetics\u00ae zauberst du dir einen sonnengek\u00fcssten Teint, der an eine warme Urlaubstage erinnert. Die leichte, seidige Textur l\u00e4sst sich m\u00fchelos auftragen und verleiht deinen Wangen einen nat\u00fcrlichen Flush. Perfekt f\u00fcr einen frischen, sommerlichen Look.<\/span><\/span><\/span><\/span><\/span><\/span><\/span><\/p>\n<h3><b><span style=\"vertical-align: inherit\"><span style=\"vertical-align: inherit\"><span style=\"vertical-align: inherit\"><span style=\"vertical-align: inherit\"><span style=\"vertical-align: inherit\"><span style=\"vertical-align: inherit\">Fokus auf nat\u00fcrliche Sch\u00f6nheit<\/span><\/span><\/span><\/span><\/span><\/span><\/b><\/h3>\n<p><b><span style=\"vertical-align: inherit\"><span style=\"vertical-align: inherit\"><span style=\"vertical-align: inherit\"><span style=\"vertical-align: inherit\"><span style=\"vertical-align: inherit\"><span style=\"vertical-align: inherit\">Nat\u00fcrliche Sch\u00f6nheit, neu definiert: <\/span><\/span><\/span><\/span><\/span><\/span><\/b><span style=\"font-weight: 400\"><span style=\"vertical-align: inherit\"><span style=\"vertical-align: inherit\"><span style=\"vertical-align: inherit\"><span style=\"vertical-align: inherit\"><span style=\"vertical-align: inherit\"><span style=\"vertical-align: inherit\">Betone deine Gesichtsz\u00fcge und verleihe deinem Teint eine gesunde Farbe mit unserem Terracotta Tr\u00e4ume Contouring Powder von Martina Otte Cosmetics\u00ae. Die leichte Orange-Nuance sorgt f\u00fcr einen nat\u00fcrlichen, frischen Glow und l\u00e4sst dich strahlen.<\/span><\/span><\/span><\/span><\/span><\/span><\/span><\/p>","protected":false},"featured_media":97082,"template":"","meta":{"footnotes":""},"product_brand":[],"product_cat":[821,80,384],"product_tag":[149,174,529,111,592,379,480,581,398,880,525],"class_list":{"0":"post-96604","1":"product","2":"type-product","3":"status-publish","4":"has-post-thumbnail","6":"product_cat-beauty","7":"product_cat-beauty-health-supplements","8":"product_cat-cosmetics","9":"product_tag-anti-aging","10":"product_tag-anti-inflammatory","11":"product_tag-breathable","12":"product_tag-care","13":"product_tag-high-quality","14":"product_tag-inspiration","15":"product_tag-new-arrivals","16":"product_tag-stylish","17":"product_tag-unique","18":"product_tag-verleihen-sie-ihrem-gesicht-neue-konturen-mit-dem-terracotta-dreams-contouring-puder-von-martina-otte-cosmetics-entdecken-sie-dieses-einzigartige-produkt","19":"product_tag-womens","20":"product_shipping_class-shipping-class-4","21":"has-subscription-plans","23":"first","24":"instock","25":"sale","26":"taxable","27":"shipping-taxable","28":"purchasable","29":"product-type-simple"},"bundled_by":[],"bundle_stock_status":"instock","bundle_stock_quantity":null,"bundle_virtual":false,"bundle_layout":"","bundle_add_to_cart_form_location":"","bundle_editable_in_cart":false,"bundle_sold_individually_context":"","bundle_item_grouping":"","bundle_min_size":"","bundle_max_size":"","bundle_price":[],"bundled_items":[],"bundle_sell_ids":[],"group_of_quantity":0,"min_quantity":0,"max_quantity":"","exclude_order_quantity_value_rules":"no","exclude_category_quantity_rules":"no","combine_variations":"no","_links":{"self":[{"href":"https:\/\/2024.shoply.com\/hi\/wp-json\/wp\/v2\/product\/96604","targetHints":{"allow":["GET"]}}],"collection":[{"href":"https:\/\/2024.shoply.com\/hi\/wp-json\/wp\/v2\/product"}],"about":[{"href":"https:\/\/2024.shoply.com\/hi\/wp-json\/wp\/v2\/types\/product"}],"version-history":[{"count":2,"href":"https:\/\/2024.shoply.com\/hi\/wp-json\/wp\/v2\/product\/96604\/revisions"}],"predecessor-version":[{"id":147631,"href":"https:\/\/2024.shoply.com\/hi\/wp-json\/wp\/v2\/product\/96604\/revisions\/147631"}],"wp:featuredmedia":[{"embeddable":true,"href":"https:\/\/2024.shoply.com\/hi\/wp-json\/wp\/v2\/media\/97082"}],"wp:attachment":[{"href":"https:\/\/2024.shoply.com\/hi\/wp-json\/wp\/v2\/media?parent=96604"}],"wp:term":[{"taxonomy":"product_brand","embeddable":true,"href":"https:\/\/2024.shoply.com\/hi\/wp-json\/wp\/v2\/product_brand?post=96604"},{"taxonomy":"product_cat","embeddable":true,"href":"https:\/\/2024.shoply.com\/hi\/wp-json\/wp\/v2\/product_cat?post=96604"},{"taxonomy":"product_tag","embeddable":true,"href":"https:\/\/2024.shoply.com\/hi\/wp-json\/wp\/v2\/product_tag?post=96604"}],"curies":[{"name":"wp","href":"https:\/\/api.w.org\/{rel}","templated":true}]}}