{"id":96443,"date":"2024-11-25T06:52:04","date_gmt":"2024-11-25T11:52:04","guid":{"rendered":"https:\/\/shoply.com\/?post_type=product&#038;p=96443"},"modified":"2025-02-26T14:41:18","modified_gmt":"2025-02-26T19:41:18","slug":"haltbarer-lippenstift-mit-perfekter-deckkraft-miss-mauve","status":"publish","type":"product","link":"https:\/\/2024.shoply.com\/id\/produk\/haltbarer-lippenstift-mit-perfekter-deckkraft-miss-mauve\/","title":{"rendered":"Haltbarer Lippenstift mit perfekter Deckkraft! Miss Mauve"},"content":{"rendered":"<div class=\"product-details__product-attributes\">\n<p>&nbsp;<\/p>\n<p>&nbsp;<\/p>\n<div class=\"details-product-attribute\"><span class=\"details-product-attribute__title\"><span style=\"vertical-align: inherit\"><span style=\"vertical-align: inherit\"><span style=\"vertical-align: inherit\"><span style=\"vertical-align: inherit\">Marke:\u00a0 <\/span><\/span><\/span><\/span><\/span><span class=\"details-product-attribute__value\"><span style=\"vertical-align: inherit\"><span style=\"vertical-align: inherit\"><span style=\"vertical-align: inherit\"><span style=\"vertical-align: inherit\">Martina Otte Cosmetics\u00ae<\/span><\/span><\/span><\/span><\/span><\/div>\n<\/div>\n<div id=\"productDescription\" class=\"product-details__product-description\">\n<div><span style=\"vertical-align: inherit\"><span style=\"vertical-align: inherit\"><span style=\"vertical-align: inherit\"><span style=\"vertical-align: inherit\">Verleihen Sie Ihren Lippen ein Strahlen mit Miss Mauve! Dieser Lippenstift aus der Heartbeat Collection von Martina Otte Cosmetics\u00ae verspricht nicht nur eine exzellente Deckkraft, sondern auch ein Freude spendendes Tragegef\u00fchl. Seine einzigartige Himbeernuance mit einem Hauch von Pink sorgt f\u00fcr einen frischen und lebendigen Look. Besonderer Clou: Der integrierte, individuell kombinierbare Spiegel erm\u00f6glicht eine m\u00fchelose Anwendung zu jeder Zeit. Vegan, tierversuchsfrei und ohne Parabene bietet Miss Mauve eine verantwortungsbewusste Wahl f\u00fcr Ihre Sch\u00f6nheitsroutine. Ideal f\u00fcr den t\u00e4glichen Gebrauch und f\u00fcr jene, die ihrem Erscheinungsbild eine besondere Note verleihen m\u00f6chten.Erleben Sie, wie Miss Mauve Ihre nat\u00fcrliche Ausstrahlung unterstreicht und Ihr Wohlbefinden steigert \u2013 ein Must-Have f\u00fcr jede moderne Frau! Hohe Farbpigmente und Deckkraft zaubern wundersch\u00f6ne, gepflegte Lippen Clean Beauty auf Ihren Lippen mit Lippenstiften, die vegan, parabenfrei und ohne Tierversuche sind. Hohe Farbintensit\u00e4t \u00fcber Stunden und Pflege, die Lippenpliseef\u00e4ltchen verschwinden lassen. Vergr\u00f6\u00dfert Ihre Lippen optisch durch einen intensiven Farbbooster Haltbare Lippenstifte, die optisch gr\u00f6\u00dfere Lippen zaubern Sagen Sie Ihren Lippenf\u00e4ltchen bye bye durch die hochpigmentierten und pflegenden Lippenstifte von Martina Otte Cosmetics\u00ae<\/span><\/span><\/span><\/span><\/div>\n<\/div>\n<div>\n<p><span style=\"font-weight: 400\">Ingredients: Ozokerite, Microcrystal Line Wax, Synthetic Candeltlla, Polyethylene, Silica,\u00a0 AluDiisostearyl Malate, Bis-dtcl Yceryi, Polyisobutene, Ethylhexyl Patmttate, Isononyl Tsononanoate, Squalane, Caprylic\/Cap, Tridecyl Trtmellttath, CI77492, CI 15850, CI 77510, CI 15985, CI 77891, Tocopherol, Flavor,\u00a0<\/span><\/p>\n<p><span style=\"font-weight: 400\">cruelty free, parabenfrei, vegan<\/span><\/p>\n<\/div>","protected":false},"excerpt":{"rendered":"<h3><b><span style=\"vertical-align: inherit\"><span style=\"vertical-align: inherit\"><span style=\"vertical-align: inherit\"><span style=\"vertical-align: inherit\">Ein Herzschlag f\u00fcr deine Lippen<\/span><\/span><\/span><\/span><\/b><\/h3>\n<p><span style=\"font-weight: 400\"><span style=\"vertical-align: inherit\"><span style=\"vertical-align: inherit\"><span style=\"vertical-align: inherit\"><span style=\"vertical-align: inherit\">\u201e <\/span><\/span><\/span><\/span><\/span><b><span style=\"vertical-align: inherit\"><span style=\"vertical-align: inherit\"><span style=\"vertical-align: inherit\"><span style=\"vertical-align: inherit\">Heartbeat Collection \u2013 Ein Puls f\u00fcr deine Sch\u00f6nheit.<\/span><\/span><\/span><\/span><\/b><\/p>\n<p><span style=\"font-weight: 400\"><span style=\"vertical-align: inherit\"><span style=\"vertical-align: inherit\"><span style=\"vertical-align: inherit\"><span style=\"vertical-align: inherit\">Jeder Lippenstift erz\u00e4hlt eine Geschichte. Unsere neue Heartbeat Collection von Martina Otte Cosmetics\u00ae schl\u00e4gt ein neues Kapitel auf. Mit maximalem Halt und liebevoller Pflege umh\u00fcllen diese veganen, parabenfreien und tierversuchsfreien Lippenstifte deine Lippen und schenken ihnen ein unvergleichliches Gef\u00fchl von Z\u00e4rtlichkeit. Gegen l\u00e4stige Lippenf\u00e4ltchen wirken sie wie ein sanfter Kuss, der deine Lippen glatt und geschmeidig macht. Ein Herzschlag f\u00fcr deine Lippen, ein L\u00e4cheln f\u00fcr deine Seele.<\/span><\/span><\/span><\/span><\/span><\/p>\n<h3><b><span style=\"vertical-align: inherit\"><span style=\"vertical-align: inherit\"><span style=\"vertical-align: inherit\"><span style=\"vertical-align: inherit\">Liebe auf den ersten Auftrag<\/span><\/span><\/span><\/span><\/b><\/h3>\n<p><span style=\"font-weight: 400\"><span style=\"vertical-align: inherit\"><span style=\"vertical-align: inherit\"><span style=\"vertical-align: inherit\"><span style=\"vertical-align: inherit\">\u201e <\/span><\/span><\/span><\/span><\/span><b><span style=\"vertical-align: inherit\"><span style=\"vertical-align: inherit\"><span style=\"vertical-align: inherit\"><span style=\"vertical-align: inherit\">Entdecke die Liebe auf den ersten Auftrag.<\/span><\/span><\/span><\/span><\/b><\/p>\n<p><span style=\"font-weight: 400\"><span style=\"vertical-align: inherit\"><span style=\"vertical-align: inherit\"><span style=\"vertical-align: inherit\"><span style=\"vertical-align: inherit\">Unsere Heartbeat Collection ist mehr als nur Lippenstift. Es ist ein Liebesbeweis an deine Lippen. Mit jedem Auftrag sp\u00fcrst du die intensive Pflege und den langanhaltenden Halt. Die veganen Formeln verw\u00f6hnen deine Lippen und lassen sie voller Lebendigkeit erstrahlen. Sag \u201eJa\u201c zu Farben, die dein Herz h\u00f6her schlagen l\u00e4sst und zu Pflege, die deine Lippen rundum gl\u00fccklich macht.\u201c<\/span><\/span><\/span><\/span><\/span><\/p>\n<p><b><span style=\"vertical-align: inherit\"><span style=\"vertical-align: inherit\"><span style=\"vertical-align: inherit\"><span style=\"vertical-align: inherit\">Dein Herz schl\u00e4gt f\u00fcr Farbe<\/span><\/span><\/span><\/span><\/b><\/p>\n<p><span style=\"font-weight: 400\"><span style=\"vertical-align: inherit\"><span style=\"vertical-align: inherit\"><span style=\"vertical-align: inherit\"><span style=\"vertical-align: inherit\">&#8221; <\/span><\/span><\/span><\/span><\/span><b><span style=\"vertical-align: inherit\"><span style=\"vertical-align: inherit\"><span style=\"vertical-align: inherit\"><span style=\"vertical-align: inherit\">Farbe bekannt mit der Heartbeat Collection.<\/span><\/span><\/span><\/span><\/b><\/p>\n<p><span style=\"font-weight: 400\"><span style=\"vertical-align: inherit\"><span style=\"vertical-align: inherit\"><span style=\"vertical-align: inherit\"><span style=\"vertical-align: inherit\"><span style=\"vertical-align: inherit\"><span style=\"vertical-align: inherit\">Lass dein Herz f\u00fcr Farbe schlagen und entdecke die vielf\u00e4ltige Palette unserer neuen Lippenstifte. Jede Nuance erz\u00e4hlt eine eigene Geschichte und unterstreicht deine individuelle Sch\u00f6nheit. Die veganen Formeln sorgen f\u00fcr ein gutes Gewissen und die innovative Anti-Falten-Technologie schenkt deinen Lippen ein jugendliches Aussehen. Trau dich, Farbe zu bekennen und deine Lippen zum Strahlen zu bringen.<\/span><\/span><\/span><\/span><\/span><\/span><\/span><\/p>","protected":false},"featured_media":147192,"template":"","meta":{"footnotes":""},"product_brand":[],"product_cat":[821,80,384],"product_tag":[149,743,111,112,851,592,155,480,398,113,525],"class_list":{"0":"post-96443","1":"product","2":"type-product","3":"status-publish","4":"has-post-thumbnail","6":"product_cat-beauty","7":"product_cat-beauty-health-supplements","8":"product_cat-cosmetics","9":"product_tag-anti-aging","10":"product_tag-beauty","11":"product_tag-care","12":"product_tag-cell-renewal","13":"product_tag-haltbarer-lippenstift-mit-perfekter-deckkraft-miss-mauve","14":"product_tag-high-quality","15":"product_tag-hyaluronic","16":"product_tag-new-arrivals","17":"product_tag-unique","18":"product_tag-vegan","19":"product_tag-womens","20":"product_shipping_class-shipping-class-2","21":"has-subscription-plans","23":"first","24":"instock","25":"sale","26":"taxable","27":"shipping-taxable","28":"purchasable","29":"product-type-simple"},"bundled_by":[],"bundle_stock_status":"instock","bundle_stock_quantity":null,"bundle_virtual":false,"bundle_layout":"","bundle_add_to_cart_form_location":"","bundle_editable_in_cart":false,"bundle_sold_individually_context":"","bundle_item_grouping":"","bundle_min_size":"","bundle_max_size":"","bundle_price":[],"bundled_items":[],"bundle_sell_ids":[],"group_of_quantity":0,"min_quantity":0,"max_quantity":"","exclude_order_quantity_value_rules":"no","exclude_category_quantity_rules":"no","combine_variations":"no","_links":{"self":[{"href":"https:\/\/2024.shoply.com\/id\/wp-json\/wp\/v2\/product\/96443","targetHints":{"allow":["GET"]}}],"collection":[{"href":"https:\/\/2024.shoply.com\/id\/wp-json\/wp\/v2\/product"}],"about":[{"href":"https:\/\/2024.shoply.com\/id\/wp-json\/wp\/v2\/types\/product"}],"version-history":[{"count":3,"href":"https:\/\/2024.shoply.com\/id\/wp-json\/wp\/v2\/product\/96443\/revisions"}],"predecessor-version":[{"id":147196,"href":"https:\/\/2024.shoply.com\/id\/wp-json\/wp\/v2\/product\/96443\/revisions\/147196"}],"wp:featuredmedia":[{"embeddable":true,"href":"https:\/\/2024.shoply.com\/id\/wp-json\/wp\/v2\/media\/147192"}],"wp:attachment":[{"href":"https:\/\/2024.shoply.com\/id\/wp-json\/wp\/v2\/media?parent=96443"}],"wp:term":[{"taxonomy":"product_brand","embeddable":true,"href":"https:\/\/2024.shoply.com\/id\/wp-json\/wp\/v2\/product_brand?post=96443"},{"taxonomy":"product_cat","embeddable":true,"href":"https:\/\/2024.shoply.com\/id\/wp-json\/wp\/v2\/product_cat?post=96443"},{"taxonomy":"product_tag","embeddable":true,"href":"https:\/\/2024.shoply.com\/id\/wp-json\/wp\/v2\/product_tag?post=96443"}],"curies":[{"name":"wp","href":"https:\/\/api.w.org\/{rel}","templated":true}]}}