{"id":96538,"date":"2024-11-25T09:12:15","date_gmt":"2024-11-25T14:12:15","guid":{"rendered":"https:\/\/shoply.com\/?post_type=product&#038;p=96538"},"modified":"2025-03-01T06:11:43","modified_gmt":"2025-03-01T11:11:43","slug":"24h-lippentinten-fur-nonstop-farbe-auf-ihren-lippen-bloody-mary","status":"publish","type":"product","link":"https:\/\/2024.shoply.com\/id\/produk\/24h-lippentinten-fur-nonstop-farbe-auf-ihren-lippen-bloody-mary\/","title":{"rendered":"24h. Lippentinten untuk warna tanpa henti di bibir Anda! BLOODY MARY"},"content":{"rendered":"<div class=\"product-details__product-attributes\">\n<p>&nbsp;<\/p>\n<p>&nbsp;<\/p>\n<p>&nbsp;<\/p>\n<div class=\"details-product-attribute\"><span class=\"details-product-attribute__title\"><span style=\"vertical-align: inherit\"><span style=\"vertical-align: inherit\">Marke:\u00a0 <\/span><\/span><\/span><span class=\"details-product-attribute__value\"><span style=\"vertical-align: inherit\"><span style=\"vertical-align: inherit\">Martina Otte Cosmetics\u00ae<\/span><\/span><\/span><\/div>\n<\/div>\n<div id=\"productDescription\" class=\"product-details__product-description\">\n<div><span style=\"vertical-align: inherit\"><span style=\"vertical-align: inherit\">Entdecken Sie unwiderstehliche Farbintensit\u00e4t mit dem BLOODY MARY Lip Tint aus der neuen LA PASSIONE Collection von Martina Otte Cosmetics\u00ae. Dieser hochwertige Lippentint bietet langanhaltende Farbe und ein geschmeidiges Tragegef\u00fchl, ohne die Lippen auszutrocknen. Perfekt f\u00fcr jeden Anlass, setzt BLOODY MARY ein elegantes Statement und betont Ihre nat\u00fcrliche Sch\u00f6nheit. Stellen Sie sich einen Tag vor, an dem Sie von einem wichtigen Gesch\u00e4ftstreffen direkt zu einer Abendveranstaltung wechseln; BLOODY MARY bleibt Ihr zuverl\u00e4ssiger Begleiter, der nicht verschmiert oder verblasst. Zeigen Sie die Welt Ihrer Einzigartigkeit \u2013 mit einem Hauch von BLOODY MARY auf Ihren Lippen. BLOODY MARY \u2013 weil Sie es verdienen, Ihr Leben in vollen Z\u00fcgen und in Farbe zu leben! Haltbare Lippentinten mit gl\u00e4nzender Funktion. Haltbarkeit und Pflege in Einem mit den Lippentinten von Martina Otte Cosmetics\u00ae Lift up your Lips! Die Lippentinten von Martina Otte Cosmetics\u00ae in tollen Trendfarben zaubern Ihnen tolle Farbkonstraste auf die Lippen. Haltbare Lippentinten, die Ihre Lippen auch pflegen und optisch vergr\u00f6\u00dfern. Die Lippentinten, die 24h. Halten und pflegen Sie auch Ihre Lippen. Die Lippentinten mit Pflegewirkstoffen verj\u00fcngen Ihre Lippenstruktur und zaubern einen wunderbaren samtigen Glanz auf Ihre Lippen.<\/span><\/span><\/div>\n<\/div>\n<div>\n<p><span style=\"font-weight: 400\">Bahan:<\/span><\/p>\n<p><span style=\"font-weight: 400\">Minyak Mineral, Poliisobutena Terhidrogenasi, Ozokerite, Lilin Micrystle, Lilin Euphorbia Cerifera (Candelilla), Mungkin Mengandung: Danau Merah 7, Merah 6, Oksida Besi, Titanium<\/span><\/p>\n<p><span style=\"font-weight: 400\">bebas dari kekejaman<\/span><\/p>\n<\/div>","protected":false},"excerpt":{"rendered":"<h2><b><span style=\"vertical-align: inherit\"><span style=\"vertical-align: inherit\">Endsecken Sie die unvergleichliche Haltbarkeit von Martina Otte Cosmetics\u00ae Lippentinten<\/span><\/span><\/b><\/h2>\n<p><b><span style=\"vertical-align: inherit\"><span style=\"vertical-align: inherit\">Lippenfarbe, die bleibt.<\/span><\/span><\/b><\/p>\n<p><span style=\"font-weight: 400\"><span style=\"vertical-align: inherit\"><span style=\"vertical-align: inherit\">Tr\u00e4ume dari sebuah Bibir, yang sepanjang hari terus berlanjut dan membuat Anda tertidur? Dengan Lippentinten dari Martina Otte Cosmetics\u00ae, Anda dapat mengatasi trauma ini. Formulierungen inovatif kami menghasilkan warna yang intensif, yang tidak mudah luntur atau pudar.<\/span><\/span><\/span><\/p>\n<p><b><span style=\"vertical-align: inherit\"><span style=\"vertical-align: inherit\">Warum du unsere Lippentinten lieben wirst:<\/span><\/span><\/b><\/p>\n<ul>\n<li style=\"font-weight: 400\"><b><span style=\"vertical-align: inherit\"><span style=\"vertical-align: inherit\">Pigmente Intensif: <\/span><\/span><\/b><span style=\"font-weight: 400\"><span style=\"vertical-align: inherit\"><span style=\"vertical-align: inherit\">Untuk warna yang tenang, yang nyaman digunakan.<\/span><\/span><\/span><\/li>\n<li style=\"font-weight: 400\"><b><span style=\"vertical-align: inherit\"><span style=\"vertical-align: inherit\">Langanhaltende Formel: <\/span><\/span><\/b><span style=\"font-weight: 400\"><span style=\"vertical-align: inherit\"><span style=\"vertical-align: inherit\">Genie\u00dfe stundenlangen Tragekomfort ohne Nachschminken.<\/span><\/span><\/span><\/li>\n<li style=\"font-weight: 400\"><b><span style=\"vertical-align: inherit\"><span style=\"vertical-align: inherit\">Farbauswahl yang dapat dilakukan sendiri: <\/span><\/span><\/b><span style=\"font-weight: 400\"><span style=\"vertical-align: inherit\"><span style=\"vertical-align: inherit\">Temukan Nuansa sempurna Anda untuk setiap Anlass.<\/span><\/span><\/span><\/li>\n<li style=\"font-weight: 400\"><b><span style=\"vertical-align: inherit\"><span style=\"vertical-align: inherit\">Angenehmer Tragekomfort: <\/span><\/span><\/b><span style=\"font-weight: 400\"><span style=\"vertical-align: inherit\"><span style=\"vertical-align: inherit\">Tekstur yang halus tidak akan merusak bibir Anda.<\/span><\/span><\/span><\/li>\n<li style=\"font-weight: 400\"><b><span style=\"vertical-align: inherit\"><span style=\"vertical-align: inherit\">Selamat tinggal: <\/span><\/span><\/b><span style=\"font-weight: 400\"><span style=\"vertical-align: inherit\"><span style=\"vertical-align: inherit\">Der Applikator memungkinkan pengiriman yang mudah dan praktis.<\/span><\/span><\/span><\/li>\n<\/ul>\n<p><b><span style=\"vertical-align: inherit\"><span style=\"vertical-align: inherit\">Deine Lippen, dein Pernyataan.<\/span><\/span><\/b><\/p>\n<p><span style=\"font-weight: 400\"><span style=\"vertical-align: inherit\"><span style=\"vertical-align: inherit\">Dengan Lippentinten kami, Anda membuat pernyataan yang jelas. Apakah warna nude yang natural untuk sehari-hari atau warna yang cerah untuk sebuah ruangan yang indah - lipstik kami menunjukkan keunikan pribadi Anda.<\/span><\/span><\/span><\/p>\n<h3><b><span style=\"vertical-align: inherit\"><span style=\"vertical-align: inherit\">Tidak banyak dan tidak banyak<\/span><\/span><\/b><\/h3>\n<p><b><span style=\"vertical-align: inherit\"><span style=\"vertical-align: inherit\">\"Sebuah Kuss untuk die Ewigkeit.\"<\/span><\/span><\/b><\/p>\n<p><span style=\"font-weight: 400\"><span style=\"vertical-align: inherit\"><span style=\"vertical-align: inherit\"><span style=\"vertical-align: inherit\"><span style=\"vertical-align: inherit\">Warna bibir kami lebih dari sekadar warna - mereka adalah sebuah pemandangan. Sebuah Versprechen tentang kesegaran yang luar biasa, yang juga merupakan Kuss yang paling menyenangkan. Dengan warna-warna yang intensif dan rasa yang sama di bibir, memberikan kesan yang tidak biasa pada tampilan Anda. Rasakan kemewahan warna, yang hampir tidak pernah terlihat.<\/span><\/span><\/span><\/span><\/span><\/p>\n<h3><b><span style=\"vertical-align: inherit\"><span style=\"vertical-align: inherit\"><span style=\"vertical-align: inherit\"><span style=\"vertical-align: inherit\">Deine Farbe, dein Pernyataan<\/span><\/span><\/span><\/span><\/b><\/h3>\n<p><b><span style=\"vertical-align: inherit\"><span style=\"vertical-align: inherit\"><span style=\"vertical-align: inherit\"><span style=\"vertical-align: inherit\"><span style=\"vertical-align: inherit\"><span style=\"vertical-align: inherit\">\"Setze ein Zeichen mit Farbe, die bleibt.\"<\/span><\/span><\/span><\/span><\/span><\/span><\/b><\/p>\n<p><span style=\"font-weight: 400\"><span style=\"vertical-align: inherit\"><span style=\"vertical-align: inherit\"><span style=\"vertical-align: inherit\"><span style=\"vertical-align: inherit\"><span style=\"vertical-align: inherit\"><span style=\"vertical-align: inherit\">Warna bibir kami adalah pernyataan Anda yang sesungguhnya. Pilihlah dari sekian banyak warna dan temukan warna yang paling cocok untuk Anda. Apakah zart dan natural atau kr\u00e4ftig dan ausdrucksstark - warna bibir kami dapat Anda pilih, apa yang Anda inginkan. Dengan itu, Anda akan mendapatkan kesan yang luar biasa.<\/span><\/span><\/span><\/span><\/span><\/span><\/span><\/p>\n<h3><b><span style=\"vertical-align: inherit\"><span style=\"vertical-align: inherit\"><span style=\"vertical-align: inherit\"><span style=\"vertical-align: inherit\"><span style=\"vertical-align: inherit\"><span style=\"vertical-align: inherit\">Bebas untuk Anda Lippen<\/span><\/span><\/span><\/span><\/span><\/span><\/b><\/h3>\n<p><b><span style=\"vertical-align: inherit\"><span style=\"vertical-align: inherit\"><span style=\"vertical-align: inherit\"><span style=\"vertical-align: inherit\"><span style=\"vertical-align: inherit\"><span style=\"vertical-align: inherit\">\"Sp\u00fcre die Freiheit, kau sendiri yang menentukan.\"<\/span><\/span><\/span><\/span><\/span><\/span><\/b><\/p>\n<p><span style=\"font-weight: 400\"><span style=\"vertical-align: inherit\"><span style=\"vertical-align: inherit\"><span style=\"vertical-align: inherit\"><span style=\"vertical-align: inherit\"><span style=\"vertical-align: inherit\"><span style=\"vertical-align: inherit\">Dengan Lippentinten kami, Anda dapat menikmati sepanjang hari, tanpa harus memikirkan makanan penutup. Formulanya yang sederhana memastikan bahwa bibir Anda sepanjang hari terasa segar dan intensif. Nikmati kebebasan, untuk membuat Anda sendiri dan menikmati hari Anda sendiri.<\/span><\/span><\/span><\/span><\/span><\/span><\/span><\/p>\n<p><b><span style=\"vertical-align: inherit\"><span style=\"vertical-align: inherit\"><span style=\"vertical-align: inherit\"><span style=\"vertical-align: inherit\"><span style=\"vertical-align: inherit\"><span style=\"vertical-align: inherit\">Apakah Lippentinten kami begitu luar biasa?<\/span><\/span><\/span><\/span><\/span><\/span><\/b><\/p>\n<ul>\n<li style=\"font-weight: 400\"><b><span style=\"vertical-align: inherit\"><span style=\"vertical-align: inherit\"><span style=\"vertical-align: inherit\"><span style=\"vertical-align: inherit\"><span style=\"vertical-align: inherit\"><span style=\"vertical-align: inherit\">Farben Intensif: <\/span><\/span><\/span><\/span><\/span><\/span><\/b><span style=\"font-weight: 400\"><span style=\"vertical-align: inherit\"><span style=\"vertical-align: inherit\"><span style=\"vertical-align: inherit\"><span style=\"vertical-align: inherit\"><span style=\"vertical-align: inherit\"><span style=\"vertical-align: inherit\">Eine breite Palette an Nuancen f\u00fcr jeden Geschmack.<\/span><\/span><\/span><\/span><\/span><\/span><\/span><\/li>\n<li style=\"font-weight: 400\"><b><span style=\"vertical-align: inherit\"><span style=\"vertical-align: inherit\"><span style=\"vertical-align: inherit\"><span style=\"vertical-align: inherit\"><span style=\"vertical-align: inherit\"><span style=\"vertical-align: inherit\">Langanhaltende Formel: <\/span><\/span><\/span><\/span><\/span><\/span><\/b><span style=\"font-weight: 400\"><span style=\"vertical-align: inherit\"><span style=\"vertical-align: inherit\"><span style=\"vertical-align: inherit\"><span style=\"vertical-align: inherit\"><span style=\"vertical-align: inherit\"><span style=\"vertical-align: inherit\">Lebih dari Stunden hinweg leuchtende Farbe.<\/span><\/span><\/span><\/span><\/span><\/span><\/span><\/li>\n<li style=\"font-weight: 400\"><b><span style=\"vertical-align: inherit\"><span style=\"vertical-align: inherit\"><span style=\"vertical-align: inherit\"><span style=\"vertical-align: inherit\"><span style=\"vertical-align: inherit\"><span style=\"vertical-align: inherit\">Angenehmer Tragekomfort: <\/span><\/span><\/span><\/span><\/span><\/span><\/b><span style=\"font-weight: 400\"><span style=\"vertical-align: inherit\"><span style=\"vertical-align: inherit\"><span style=\"vertical-align: inherit\"><span style=\"vertical-align: inherit\"><span style=\"vertical-align: inherit\"><span style=\"vertical-align: inherit\">Samtig weich und nicht austrocknend.<\/span><\/span><\/span><\/span><\/span><\/span><\/span><\/li>\n<li style=\"font-weight: 400\"><b><span style=\"vertical-align: inherit\"><span style=\"vertical-align: inherit\"><span style=\"vertical-align: inherit\"><span style=\"vertical-align: inherit\"><span style=\"vertical-align: inherit\"><span style=\"vertical-align: inherit\">Selamat tinggal: <\/span><\/span><\/span><\/span><\/span><\/span><\/b><span style=\"font-weight: 400\"><span style=\"vertical-align: inherit\"><span style=\"vertical-align: inherit\"><span style=\"vertical-align: inherit\"><span style=\"vertical-align: inherit\"><span style=\"vertical-align: inherit\"><span style=\"vertical-align: inherit\">Untuk perjalanan yang sempurna.<\/span><\/span><\/span><\/span><\/span><\/span><\/span><\/li>\n<\/ul>\n<p><b><span style=\"vertical-align: inherit\"><span style=\"vertical-align: inherit\"><span style=\"vertical-align: inherit\"><span style=\"vertical-align: inherit\"><span style=\"vertical-align: inherit\"><span style=\"vertical-align: inherit\">Erlebe den Unterschied und verliebe dich in unseren Lippentinten.<\/span><\/span><\/span><\/span><\/span><\/span><\/b><\/p>\n<h2><b><span style=\"vertical-align: inherit\"><span style=\"vertical-align: inherit\"><span style=\"vertical-align: inherit\"><span style=\"vertical-align: inherit\"><span style=\"vertical-align: inherit\"><span style=\"vertical-align: inherit\">Bloody Mary \u2013 Ein mutiger Farbtupfer<\/span><\/span><\/span><\/span><\/span><\/span><\/b><\/h2>\n<p><b><span style=\"vertical-align: inherit\"><span style=\"vertical-align: inherit\"><span style=\"vertical-align: inherit\"><span style=\"vertical-align: inherit\"><span style=\"vertical-align: inherit\"><span style=\"vertical-align: inherit\">F\u00fcr alle, die es leidenschaftlich lieben.<\/span><\/span><\/span><\/span><\/span><\/span><\/b><\/p>\n<p><span style=\"font-weight: 400\"><span style=\"vertical-align: inherit\"><span style=\"vertical-align: inherit\"><span style=\"vertical-align: inherit\"><span style=\"vertical-align: inherit\"><span style=\"vertical-align: inherit\"><span style=\"vertical-align: inherit\">Unsere Lippentinte <\/span><\/span><\/span><\/span><\/span><\/span><\/span><b><span style=\"vertical-align: inherit\"><span style=\"vertical-align: inherit\"><span style=\"vertical-align: inherit\"><span style=\"vertical-align: inherit\"><span style=\"vertical-align: inherit\"><span style=\"vertical-align: inherit\">Bloody Mary <\/span><\/span><\/span><\/span><\/span><\/span><\/b><span style=\"font-weight: 400\"><span style=\"vertical-align: inherit\"><span style=\"vertical-align: inherit\"><span style=\"vertical-align: inherit\"><span style=\"vertical-align: inherit\"><span style=\"vertical-align: inherit\"><span style=\"vertical-align: inherit\">ist ein Statement f\u00fcr sich. Ein intensives Rot, das deine Lippen zum absoluten Blickfang macht. Perfekt f\u00fcr alle, die es lieben, aufzufallen und einen bleibenden Eindruck zu hinterlassen.<\/span><\/span><\/span><\/span><\/span><\/span><\/span><\/p>\n<p><b><span style=\"vertical-align: inherit\"><span style=\"vertical-align: inherit\"><span style=\"vertical-align: inherit\"><span style=\"vertical-align: inherit\"><span style=\"vertical-align: inherit\"><span style=\"vertical-align: inherit\">Warum du sie liebst wirst:<\/span><\/span><\/span><\/span><\/span><\/span><\/b><\/p>\n<ul>\n<li style=\"font-weight: 400\"><b><span style=\"vertical-align: inherit\"><span style=\"vertical-align: inherit\"><span style=\"vertical-align: inherit\"><span style=\"vertical-align: inherit\"><span style=\"vertical-align: inherit\"><span style=\"vertical-align: inherit\">Pigmentierung Intensif: <\/span><\/span><\/span><\/span><\/span><\/span><\/b><span style=\"font-weight: 400\"><span style=\"vertical-align: inherit\"><span style=\"vertical-align: inherit\"><span style=\"vertical-align: inherit\"><span style=\"vertical-align: inherit\"><span style=\"vertical-align: inherit\"><span style=\"vertical-align: inherit\">Ein klassisches Rot, das sofort auff\u00e4llt.<\/span><\/span><\/span><\/span><\/span><\/span><\/span><\/li>\n<li style=\"font-weight: 400\"><b><span style=\"vertical-align: inherit\"><span style=\"vertical-align: inherit\"><span style=\"vertical-align: inherit\"><span style=\"vertical-align: inherit\"><span style=\"vertical-align: inherit\"><span style=\"vertical-align: inherit\">Leuchtender Glanz: <\/span><\/span><\/span><\/span><\/span><\/span><\/b><span style=\"font-weight: 400\"><span style=\"vertical-align: inherit\"><span style=\"vertical-align: inherit\"><span style=\"vertical-align: inherit\"><span style=\"vertical-align: inherit\"><span style=\"vertical-align: inherit\"><span style=\"vertical-align: inherit\">Ein gl\u00e4nzendes Finish, das deinen Lippen einen Hauch von Glamour verleiht.<\/span><\/span><\/span><\/span><\/span><\/span><\/span><\/li>\n<li style=\"font-weight: 400\"><b><span style=\"vertical-align: inherit\"><span style=\"vertical-align: inherit\"><span style=\"vertical-align: inherit\"><span style=\"vertical-align: inherit\"><span style=\"vertical-align: inherit\"><span style=\"vertical-align: inherit\">Angenehmer Tragekomfort: <\/span><\/span><\/span><\/span><\/span><\/span><\/b><span style=\"font-weight: 400\"><span style=\"vertical-align: inherit\"><span style=\"vertical-align: inherit\"><span style=\"vertical-align: inherit\"><span style=\"vertical-align: inherit\"><span style=\"vertical-align: inherit\"><span style=\"vertical-align: inherit\">Die leichte Formel h\u00e4lt Ihre Lippen geschmeidig und hydratisiert.<\/span><\/span><\/span><\/span><\/span><\/span><\/span><\/li>\n<li style=\"font-weight: 400\"><b><span style=\"vertical-align: inherit\"><span style=\"vertical-align: inherit\"><span style=\"vertical-align: inherit\"><span style=\"vertical-align: inherit\"><span style=\"vertical-align: inherit\"><span style=\"vertical-align: inherit\">Einfache Anwendung: <\/span><\/span><\/span><\/span><\/span><\/span><\/b><span style=\"font-weight: 400\"><span style=\"vertical-align: inherit\"><span style=\"vertical-align: inherit\"><span style=\"vertical-align: inherit\"><span style=\"vertical-align: inherit\"><span style=\"vertical-align: inherit\"><span style=\"vertical-align: inherit\">Der pr\u00e4zise Applikator erm\u00f6glicht ein fehlerfreies Auftragen.<\/span><\/span><\/span><\/span><\/span><\/span><\/span><\/li>\n<\/ul>\n<p><b><span style=\"vertical-align: inherit\"><span style=\"vertical-align: inherit\"><span style=\"vertical-align: inherit\"><span style=\"vertical-align: inherit\"><span style=\"vertical-align: inherit\"><span style=\"vertical-align: inherit\">Untuk setiap Anlass<\/span><\/span><\/span><\/span><\/span><\/span><\/b><\/p>\n<p><span style=\"font-weight: 400\"><span style=\"vertical-align: inherit\"><span style=\"vertical-align: inherit\"><span style=\"vertical-align: inherit\"><span style=\"vertical-align: inherit\"><span style=\"vertical-align: inherit\"><span style=\"vertical-align: inherit\">Ob f\u00fcr einen dramatischen Abendlook oder einen selbstbewussten Auftritt am Tag \u2013 Bloody Mary ist die perfekte Wahl. Sie passt zu einer Vielzahl von Outfits und Make-up-Looks.<\/span><\/span><\/span><\/span><\/span><\/span><\/span><\/p>\n<p><b><span style=\"vertical-align: inherit\"><span style=\"vertical-align: inherit\"><span style=\"vertical-align: inherit\"><span style=\"vertical-align: inherit\"><span style=\"vertical-align: inherit\"><span style=\"vertical-align: inherit\">Entdecke deine innere Vamp<\/span><\/span><\/span><\/span><\/span><\/span><\/b><\/p>\n<p><span style=\"font-weight: 400\"><span style=\"vertical-align: inherit\"><span style=\"vertical-align: inherit\"><span style=\"vertical-align: inherit\"><span style=\"vertical-align: inherit\"><span style=\"vertical-align: inherit\"><span style=\"vertical-align: inherit\">Wage etwas Neues und entdecke deinen inneren Vamp mit unserer Bloody Mary Lippentinte.<\/span><\/span><\/span><\/span><\/span><\/span><\/span><\/p>","protected":false},"featured_media":149304,"template":"","meta":{"footnotes":""},"product_brand":[],"product_cat":[821,80,384],"product_tag":[149,743,111,241,592,825,480,630,525],"class_list":{"0":"post-96538","1":"product","2":"type-product","3":"status-publish","4":"has-post-thumbnail","6":"product_cat-beauty","7":"product_cat-beauty-health-supplements","8":"product_cat-cosmetics","9":"product_tag-anti-aging","10":"product_tag-beauty","11":"product_tag-care","12":"product_tag-cosmetics","13":"product_tag-high-quality","14":"product_tag-la-passione-collection-2024-02-bloody-mary-lip-tint-created-by-martina-otte-cosmetics","15":"product_tag-new-arrivals","16":"product_tag-trendy","17":"product_tag-womens","18":"product_shipping_class-shipping-class-3","19":"has-subscription-plans","21":"first","22":"instock","23":"sale","24":"taxable","25":"shipping-taxable","26":"purchasable","27":"product-type-simple"},"bundled_by":[],"bundle_stock_status":"instock","bundle_stock_quantity":null,"bundle_virtual":false,"bundle_layout":"","bundle_add_to_cart_form_location":"","bundle_editable_in_cart":false,"bundle_sold_individually_context":"","bundle_item_grouping":"","bundle_min_size":"","bundle_max_size":"","bundle_price":[],"bundled_items":[],"bundle_sell_ids":[],"group_of_quantity":0,"min_quantity":0,"max_quantity":"","exclude_order_quantity_value_rules":"no","exclude_category_quantity_rules":"no","combine_variations":"no","_links":{"self":[{"href":"https:\/\/2024.shoply.com\/id\/wp-json\/wp\/v2\/product\/96538","targetHints":{"allow":["GET"]}}],"collection":[{"href":"https:\/\/2024.shoply.com\/id\/wp-json\/wp\/v2\/product"}],"about":[{"href":"https:\/\/2024.shoply.com\/id\/wp-json\/wp\/v2\/types\/product"}],"version-history":[{"count":4,"href":"https:\/\/2024.shoply.com\/id\/wp-json\/wp\/v2\/product\/96538\/revisions"}],"predecessor-version":[{"id":149305,"href":"https:\/\/2024.shoply.com\/id\/wp-json\/wp\/v2\/product\/96538\/revisions\/149305"}],"wp:featuredmedia":[{"embeddable":true,"href":"https:\/\/2024.shoply.com\/id\/wp-json\/wp\/v2\/media\/149304"}],"wp:attachment":[{"href":"https:\/\/2024.shoply.com\/id\/wp-json\/wp\/v2\/media?parent=96538"}],"wp:term":[{"taxonomy":"product_brand","embeddable":true,"href":"https:\/\/2024.shoply.com\/id\/wp-json\/wp\/v2\/product_brand?post=96538"},{"taxonomy":"product_cat","embeddable":true,"href":"https:\/\/2024.shoply.com\/id\/wp-json\/wp\/v2\/product_cat?post=96538"},{"taxonomy":"product_tag","embeddable":true,"href":"https:\/\/2024.shoply.com\/id\/wp-json\/wp\/v2\/product_tag?post=96538"}],"curies":[{"name":"wp","href":"https:\/\/api.w.org\/{rel}","templated":true}]}}