{"id":108287,"date":"2024-12-18T11:31:41","date_gmt":"2024-12-18T16:31:41","guid":{"rendered":"https:\/\/shoply.com\/?post_type=product&#038;p=108287"},"modified":"2025-03-11T11:05:30","modified_gmt":"2025-03-11T16:05:30","slug":"nucalm-sleepsuite-annual-subscription","status":"publish","type":"product","link":"https:\/\/2024.shoply.com\/it\/prodotto\/nucalm-sleepsuite-annual-subscription\/","title":{"rendered":"NuCalm\u00ae SLEEPSUITE - Abbonamento annuale"},"content":{"rendered":"<h2 class=\"mb-2\" style=\"text-align: center\">L'abbonamento SLEEPSUITE comprende tre prodotti sull'app mobile NuCalm: Rescue, PowerNap e DeepSleep.<\/h2>\n<section style=\"text-align: center\">\n<div style=\"margin: 0 auto;max-width: 800px;display: grid;grid-template-columns: repeat(auto-fit, minmax(200px, 1fr));gap: 1rem;align-items: start\">\n<div style=\"display: flex;flex-wrap: wrap;align-items: start\">\n<div style=\"flex: 1;padding-left: 1rem\">\n<p><img fetchpriority=\"high\" decoding=\"async\" class=\"mx-auto self-center w-auto max-w-24\" src=\"https:\/\/shoply.com\/wp-content\/uploads\/2025\/01\/rescue.CYhNCfuD_2lgniM.webp\" alt=\"Rescue\" width=\"928\" height=\"1548\" \/><\/p>\n<h3 style=\"font-weight: bold\">NuCalm Rescue<\/h3>\n<p>Recupero e ripristino pi\u00f9 profondi<br \/>\n<i>\"Il soccorso mi restituisce l'equilibrio e mi permette di produrre risultati\".<\/i><br \/>\n- Tony Robbins<\/p>\n<\/div>\n<\/div>\n<div style=\"display: flex;flex-wrap: wrap;align-items: start\">\n<div style=\"flex: 1;padding-left: 1rem\">\n<p><img decoding=\"async\" class=\"mx-auto self-center w-auto max-w-24\" src=\"https:\/\/shoply.com\/wp-content\/uploads\/2025\/01\/deepsleep.MpSwpC50_ZYK9eE.webp\" alt=\"DeepSleep\" width=\"928\" height=\"1548\" \/><\/p>\n<h3 style=\"font-weight: bold\">NuCalm Sonno profondo<\/h3>\n<p>Addormentarsi rapidamente e rimanere addormentati<\/p>\n<p><i>\"Ascoltando DeepSleep ho sperimentato il sonno pi\u00f9 profondo, il sonno pi\u00f9 REM e il sonno pi\u00f9 prolungato che abbia mai avuto in vita mia\".<\/i><br \/>\n- Tony Robbins<\/p>\n<\/div>\n<\/div>\n<div style=\"display: flex;flex-wrap: wrap;align-items: start\">\n<div style=\"flex: 1;padding-left: 1rem\">\n<p><img decoding=\"async\" class=\"mx-auto self-center w-auto max-w-24 alignnone\" src=\"https:\/\/shoply.com\/wp-content\/uploads\/2025\/01\/powernap.webp\" alt=\"NuCalm Powernap\" width=\"928\" height=\"1548\" \/><\/p>\n<h3 style=\"font-weight: bold\">NuCalm PowerNap<\/h3>\n<p>Il pisolino definitivo per una rapida carica di energia<\/p>\n<p><i>\"PowerNap - Un gradito reset durante la giornata\".<\/i><br \/>\n- Nichola, Santa Cruz, CA<\/p>\n<\/div>\n<\/div>\n<\/div>\n<\/section>\n<section>\n<p style=\"text-align: center\">Lasciate che vi ricordiamo come ci si sente a dormire bene. Unitevi alle migliaia di persone che in tutto il mondo usano SLEEPSUITE per ottenere il sonno e il recupero che meritano.<\/p>\n<h2 style=\"margin-bottom: 20px;font-size: 24px;text-align: center\">Il metodo NuCalm<\/h2>\n<div style=\"max-width: 640px;margin: 0 auto\">\n<ul style=\"list-style-type: disc;padding-left: 20px;text-align: left\">\n<li>Dormire SEMPRE in modo profondo, riposante e benedetto, e svegliarsi completamente rinnovati e riposati.<\/li>\n<li>Riavviare l'energia, l'attenzione e la passione ogni volta che si ha una giornata storta o che si verifica qualcosa di stressante.<\/li>\n<li>Spegnete tutto in un nanosecondo, rallentate la mente, sciogliete lo stress e raggiungete una calma gloriosa e un rilassamento totale con un semplice interruttore.<\/li>\n<li>Fate un pisolino energetico senza sonnecchiare davvero per rigenerarvi ogni volta che vi sentite affaticati.<\/li>\n<\/ul>\n<\/div>\n<\/section>\n<p><!-- Section with 2 Columns --><\/p>\n<div style=\"display: grid;grid-template-columns: repeat(auto-fit, minmax(300px, 1fr));gap: 20px;max-width: 1200px;margin: 20px auto;padding: 10px\">\n<div style=\"background: #f9f9f9;padding: 20px;text-align: center;border: 1px solid #ddd;border-radius: 8px\"><a href=\"https:\/\/shoply.com\/wp-content\/uploads\/2025\/01\/NuCalm-Daily-Habit-Sleep.webp\" target=\"_blank\" rel=\"noopener\"><img loading=\"lazy\" decoding=\"async\" class=\"alignnone wp-image-123850 size-medium\" src=\"https:\/\/shoply.com\/wp-content\/uploads\/2025\/01\/NuCalm-Daily-Habit-Sleep.webp\" alt=\"\" width=\"233\" height=\"300\" \/><\/a><\/div>\n<div style=\"background: #f9f9f9;padding: 20px;text-align: center;border: 1px solid #ddd;border-radius: 8px\">\n<p><a href=\"https:\/\/shoply.com\/wp-content\/uploads\/2025\/01\/nucalm-infographic.webp\" target=\"_blank\" rel=\"noopener\"><img loading=\"lazy\" decoding=\"async\" class=\"alignnone wp-image-123852 size-medium\" src=\"https:\/\/shoply.com\/wp-content\/uploads\/2025\/01\/nucalm-infographic-300x300.webp\" alt=\"\" width=\"300\" height=\"300\" srcset=\"https:\/\/2024.shoply.com\/wp-content\/uploads\/2025\/01\/nucalm-infographic-300x300.webp 300w, https:\/\/2024.shoply.com\/wp-content\/uploads\/2025\/01\/nucalm-infographic-800x800.webp 800w, https:\/\/2024.shoply.com\/wp-content\/uploads\/2025\/01\/nucalm-infographic-150x150.webp 150w, https:\/\/2024.shoply.com\/wp-content\/uploads\/2025\/01\/nucalm-infographic-768x768.webp 768w, https:\/\/2024.shoply.com\/wp-content\/uploads\/2025\/01\/nucalm-infographic-12x12.webp 12w, https:\/\/2024.shoply.com\/wp-content\/uploads\/2025\/01\/nucalm-infographic-430x430.webp 430w, https:\/\/2024.shoply.com\/wp-content\/uploads\/2025\/01\/nucalm-infographic-700x700.webp 700w, https:\/\/2024.shoply.com\/wp-content\/uploads\/2025\/01\/nucalm-infographic-50x50.webp 50w, https:\/\/2024.shoply.com\/wp-content\/uploads\/2025\/01\/nucalm-infographic.webp 1024w\" sizes=\"(max-width: 300px) 100vw, 300px\" \/><\/a><\/p>\n<\/div>\n<\/div>\n<p><!-- Section with Heading and 3 Columns --><\/p>\n<div style=\"max-width: 1200px;margin: 40px auto;text-align: center\">\n<h2 style=\"margin-bottom: 20px;font-size: 24px\">Studi di ricerca su NuCalm<\/h2>\n<div style=\"display: grid;grid-template-columns: repeat(auto-fit, minmax(250px, 1fr));gap: 20px;align-items: start\">\n<div style=\"text-align: center\">\n<p><a href=\"https:\/\/shoply.com\/wp-content\/uploads\/2025\/02\/nucalm-research-biosignal-processing.pdf\" target=\"_blank\" rel=\"noopener\"><img loading=\"lazy\" decoding=\"async\" class=\"alignnone size-medium wp-image-140689\" src=\"https:\/\/shoply.com\/wp-content\/uploads\/2025\/02\/nucalm-research-biosignal-processing.DbyQAlz1_26J45V-230x300.webp\" alt=\"\" width=\"230\" height=\"300\" srcset=\"https:\/\/2024.shoply.com\/wp-content\/uploads\/2025\/02\/nucalm-research-biosignal-processing.DbyQAlz1_26J45V-230x300.webp 230w, https:\/\/2024.shoply.com\/wp-content\/uploads\/2025\/02\/nucalm-research-biosignal-processing.DbyQAlz1_26J45V-9x12.webp 9w, https:\/\/2024.shoply.com\/wp-content\/uploads\/2025\/02\/nucalm-research-biosignal-processing.DbyQAlz1_26J45V-150x195.webp 150w, https:\/\/2024.shoply.com\/wp-content\/uploads\/2025\/02\/nucalm-research-biosignal-processing.DbyQAlz1_26J45V-38x50.webp 38w, https:\/\/2024.shoply.com\/wp-content\/uploads\/2025\/02\/nucalm-research-biosignal-processing.DbyQAlz1_26J45V.webp 315w\" sizes=\"(max-width: 230px) 100vw, 230px\" \/><\/a><\/p>\n<p style=\"margin-top: 10px;font-size: 14px;color: #666\">Analisi del disco di elaborazione dei biosegnali NuCalm e del software neuroacustico per il trattamento dell'ansia e della depressione.<\/p>\n<\/div>\n<div style=\"text-align: center\">\n<p><a href=\"https:\/\/shoply.com\/wp-content\/uploads\/2025\/01\/dr-ck-peng-nucalm-affidavit.pdf\" target=\"_blank\" rel=\"noopener\"><img loading=\"lazy\" decoding=\"async\" class=\"alignnone wp-image-123855 size-medium\" src=\"https:\/\/shoply.com\/wp-content\/uploads\/2025\/01\/dr-ck-peng-nucalm-affidavit.CKLWFEeW_D3uYI-230x300.webp\" alt=\"\" width=\"230\" height=\"300\" srcset=\"https:\/\/2024.shoply.com\/wp-content\/uploads\/2025\/01\/dr-ck-peng-nucalm-affidavit.CKLWFEeW_D3uYI-230x300.webp 230w, https:\/\/2024.shoply.com\/wp-content\/uploads\/2025\/01\/dr-ck-peng-nucalm-affidavit.CKLWFEeW_D3uYI-9x12.webp 9w, https:\/\/2024.shoply.com\/wp-content\/uploads\/2025\/01\/dr-ck-peng-nucalm-affidavit.CKLWFEeW_D3uYI-150x195.webp 150w, https:\/\/2024.shoply.com\/wp-content\/uploads\/2025\/01\/dr-ck-peng-nucalm-affidavit.CKLWFEeW_D3uYI-38x50.webp 38w, https:\/\/2024.shoply.com\/wp-content\/uploads\/2025\/01\/dr-ck-peng-nucalm-affidavit.CKLWFEeW_D3uYI.webp 315w\" sizes=\"(max-width: 230px) 100vw, 230px\" \/><\/a><\/p>\n<p style=\"margin-top: 10px;font-size: 14px;color: #666\">Dichiarazione del Dr. CK Peng sulla richiesta di brevetto NuCalm<\/p>\n<\/div>\n<div style=\"text-align: center\">\n<p><a href=\"https:\/\/shoply.com\/wp-content\/uploads\/2025\/02\/nucalm-research-summary.pdf\" target=\"_blank\" rel=\"noopener\"><img loading=\"lazy\" decoding=\"async\" class=\"alignnone size-medium wp-image-140690\" src=\"https:\/\/shoply.com\/wp-content\/uploads\/2025\/02\/nucalm-research.BGSxujQA_1MvjOK-230x300.webp\" alt=\"\" width=\"230\" height=\"300\" srcset=\"https:\/\/2024.shoply.com\/wp-content\/uploads\/2025\/02\/nucalm-research.BGSxujQA_1MvjOK-230x300.webp 230w, https:\/\/2024.shoply.com\/wp-content\/uploads\/2025\/02\/nucalm-research.BGSxujQA_1MvjOK-9x12.webp 9w, https:\/\/2024.shoply.com\/wp-content\/uploads\/2025\/02\/nucalm-research.BGSxujQA_1MvjOK-150x195.webp 150w, https:\/\/2024.shoply.com\/wp-content\/uploads\/2025\/02\/nucalm-research.BGSxujQA_1MvjOK-38x50.webp 38w, https:\/\/2024.shoply.com\/wp-content\/uploads\/2025\/02\/nucalm-research.BGSxujQA_1MvjOK.webp 315w\" sizes=\"(max-width: 230px) 100vw, 230px\" \/><\/a><\/p>\n<p style=\"margin-top: 10px;font-size: 14px;color: #666\">Panoramica di vari studi su NuCalm con i principali ricercatori indipendenti e accademici.<\/p>\n<\/div>\n<\/div>\n<\/div>\n<div style=\"display: grid;gap: 20px;grid-template-columns: repeat(auto-fit, minmax(300px, 1fr));max-width: 1200px;margin: 20px auto;padding: 10px\">\n<!--[if lt IE 9]><script>document.createElement('video');<\/script><![endif]-->\n\t<div class=\"wp-playlist wp-video-playlist wp-playlist-dark\">\n\t\t<video controls=\"controls\" preload=\"none\" width=\"640\"\n\t\t height=\"360\"\t><\/video>\n\t<div class=\"wp-playlist-next\"><\/div>\n\t<div class=\"wp-playlist-prev\"><\/div>\n\t<noscript>\n\t<ol>\n\t\t<li><a href='https:\/\/2024.shoply.com\/wp-content\/uploads\/2025\/01\/NuCalm-Overview.mp4'>Panoramica di NuCalm<\/a><\/li><li><a href='https:\/\/2024.shoply.com\/wp-content\/uploads\/2025\/01\/NuCalm-In-One-Word.mp4'>NuCalm in una parola<\/a><\/li><li><a href='https:\/\/2024.shoply.com\/wp-content\/uploads\/2025\/01\/Tony-Robbins.mp4'>Tony Robbins<\/a><\/li><li><a href='https:\/\/2024.shoply.com\/wp-content\/uploads\/2025\/02\/I-Tried-Hacking-My-Nervous-System\u2026-Heres-What-Happened-The-Science-of-Stress-Relief-with-NuCalm.mp4'>Ho provato a hackerare il mio sistema nervoso... Ecco cosa \u00e8 successo! (La scienza dello stress con NuCalm)<\/a><\/li><li><a href='https:\/\/2024.shoply.com\/wp-content\/uploads\/2025\/01\/How-This-Pilot-Stays-Calm-Under-Pressure-Using-NuCalm.mp4'>Come questo pilota riesce a mantenere la calma sotto pressione usando NuCalm<\/a><\/li><li><a href='https:\/\/2024.shoply.com\/wp-content\/uploads\/2025\/01\/Mind-Coach-Jim-Kwik-Incorporates-Nucalm-into-his-KwikState-Program-and-Gets-Results.mp4'>L'allenatore mentale Jim Kwik incorpora il Nucalm nel suo programma KwikState e ottiene risultati<\/a><\/li><li><a href='https:\/\/2024.shoply.com\/wp-content\/uploads\/2025\/01\/A-Holistic-Healing-Hack-that-you-Need-in-Your-Life-with-Janet-Hranicky-MD-PhD.mp4'>Un metodo di guarigione olistico di cui avete bisogno nella vostra vita con Janet Hranicky, MD, PhD<\/a><\/li><li><a href='https:\/\/2024.shoply.com\/wp-content\/uploads\/2025\/01\/Mindful-Wellness-with-Fitness-Guru-Brooke-Burke-and-NuCalm.mp4'>Benessere mentale con la guru del fitness Brooke Burke e NuCalm<\/a><\/li>\t<\/ol>\n\t<\/noscript>\n\t<script type=\"application\/json\" class=\"wp-playlist-script\">{\"type\":\"video\",\"tracklist\":true,\"tracknumbers\":true,\"images\":true,\"artists\":true,\"tracks\":[{\"src\":\"https:\\\/\\\/2024.shoply.com\\\/wp-content\\\/uploads\\\/2025\\\/01\\\/NuCalm-Overview.mp4\",\"type\":\"video\\\/mp4\",\"title\":\"NuCalm Overview\",\"caption\":\"\",\"description\":\"\",\"meta\":{\"length_formatted\":\"4:36\"},\"dimensions\":{\"original\":{\"width\":1280,\"height\":720},\"resized\":{\"width\":640,\"height\":360}},\"image\":{\"src\":\"https:\\\/\\\/2024.shoply.com\\\/wp-includes\\\/images\\\/media\\\/video.svg\",\"width\":48,\"height\":64},\"thumb\":{\"src\":\"https:\\\/\\\/2024.shoply.com\\\/wp-includes\\\/images\\\/media\\\/video.svg\",\"width\":48,\"height\":64}},{\"src\":\"https:\\\/\\\/2024.shoply.com\\\/wp-content\\\/uploads\\\/2025\\\/01\\\/NuCalm-In-One-Word.mp4\",\"type\":\"video\\\/mp4\",\"title\":\"NuCalm In One Word\",\"caption\":\"\",\"description\":\"\",\"meta\":{\"length_formatted\":\"0:32\"},\"dimensions\":{\"original\":{\"width\":1280,\"height\":720},\"resized\":{\"width\":640,\"height\":360}},\"image\":{\"src\":\"https:\\\/\\\/2024.shoply.com\\\/wp-includes\\\/images\\\/media\\\/video.svg\",\"width\":48,\"height\":64},\"thumb\":{\"src\":\"https:\\\/\\\/2024.shoply.com\\\/wp-includes\\\/images\\\/media\\\/video.svg\",\"width\":48,\"height\":64}},{\"src\":\"https:\\\/\\\/2024.shoply.com\\\/wp-content\\\/uploads\\\/2025\\\/01\\\/Tony-Robbins.mp4\",\"type\":\"video\\\/mp4\",\"title\":\"Tony Robbins\",\"caption\":\"\",\"description\":\"\",\"meta\":{\"length_formatted\":\"0:29\"},\"dimensions\":{\"original\":{\"width\":1280,\"height\":720},\"resized\":{\"width\":640,\"height\":360}},\"image\":{\"src\":\"https:\\\/\\\/2024.shoply.com\\\/wp-includes\\\/images\\\/media\\\/video.svg\",\"width\":48,\"height\":64},\"thumb\":{\"src\":\"https:\\\/\\\/2024.shoply.com\\\/wp-includes\\\/images\\\/media\\\/video.svg\",\"width\":48,\"height\":64}},{\"src\":\"https:\\\/\\\/2024.shoply.com\\\/wp-content\\\/uploads\\\/2025\\\/02\\\/I-Tried-Hacking-My-Nervous-System\\u2026-Heres-What-Happened-The-Science-of-Stress-Relief-with-NuCalm.mp4\",\"type\":\"video\\\/mp4\",\"title\":\"I Tried Hacking My Nervous System\\u2026 Here\\u2019s What Happened! (The Science of Stress Relief with NuCalm)\",\"caption\":\"\",\"description\":\"\",\"meta\":{\"length_formatted\":\"8:35\"},\"dimensions\":{\"original\":{\"width\":1280,\"height\":720},\"resized\":{\"width\":640,\"height\":360}},\"image\":{\"src\":\"https:\\\/\\\/2024.shoply.com\\\/wp-includes\\\/images\\\/media\\\/video.svg\",\"width\":48,\"height\":64},\"thumb\":{\"src\":\"https:\\\/\\\/2024.shoply.com\\\/wp-includes\\\/images\\\/media\\\/video.svg\",\"width\":48,\"height\":64}},{\"src\":\"https:\\\/\\\/2024.shoply.com\\\/wp-content\\\/uploads\\\/2025\\\/01\\\/How-This-Pilot-Stays-Calm-Under-Pressure-Using-NuCalm.mp4\",\"type\":\"video\\\/mp4\",\"title\":\"How This Pilot Stays Calm Under Pressure Using NuCalm\",\"caption\":\"\",\"description\":\"\",\"meta\":{\"length_formatted\":\"6:29\"},\"dimensions\":{\"original\":{\"width\":1280,\"height\":720},\"resized\":{\"width\":640,\"height\":360}},\"image\":{\"src\":\"https:\\\/\\\/2024.shoply.com\\\/wp-includes\\\/images\\\/media\\\/video.svg\",\"width\":48,\"height\":64},\"thumb\":{\"src\":\"https:\\\/\\\/2024.shoply.com\\\/wp-includes\\\/images\\\/media\\\/video.svg\",\"width\":48,\"height\":64}},{\"src\":\"https:\\\/\\\/2024.shoply.com\\\/wp-content\\\/uploads\\\/2025\\\/01\\\/Mind-Coach-Jim-Kwik-Incorporates-Nucalm-into-his-KwikState-Program-and-Gets-Results.mp4\",\"type\":\"video\\\/mp4\",\"title\":\"Mind Coach Jim Kwik Incorporates Nucalm into his KwikState Program and Gets Results\",\"caption\":\"\",\"description\":\"\",\"meta\":{\"length_formatted\":\"6:46\"},\"dimensions\":{\"original\":{\"width\":1280,\"height\":720},\"resized\":{\"width\":640,\"height\":360}},\"image\":{\"src\":\"https:\\\/\\\/2024.shoply.com\\\/wp-includes\\\/images\\\/media\\\/video.svg\",\"width\":48,\"height\":64},\"thumb\":{\"src\":\"https:\\\/\\\/2024.shoply.com\\\/wp-includes\\\/images\\\/media\\\/video.svg\",\"width\":48,\"height\":64}},{\"src\":\"https:\\\/\\\/2024.shoply.com\\\/wp-content\\\/uploads\\\/2025\\\/01\\\/A-Holistic-Healing-Hack-that-you-Need-in-Your-Life-with-Janet-Hranicky-MD-PhD.mp4\",\"type\":\"video\\\/mp4\",\"title\":\"A Holistic Healing Hack that you Need in Your Life with Janet Hranicky, MD, PhD\",\"caption\":\"\",\"description\":\"\",\"meta\":{\"length_formatted\":\"6:17\"},\"dimensions\":{\"original\":{\"width\":1280,\"height\":720},\"resized\":{\"width\":640,\"height\":360}},\"image\":{\"src\":\"https:\\\/\\\/2024.shoply.com\\\/wp-includes\\\/images\\\/media\\\/video.svg\",\"width\":48,\"height\":64},\"thumb\":{\"src\":\"https:\\\/\\\/2024.shoply.com\\\/wp-includes\\\/images\\\/media\\\/video.svg\",\"width\":48,\"height\":64}},{\"src\":\"https:\\\/\\\/2024.shoply.com\\\/wp-content\\\/uploads\\\/2025\\\/01\\\/Mindful-Wellness-with-Fitness-Guru-Brooke-Burke-and-NuCalm.mp4\",\"type\":\"video\\\/mp4\",\"title\":\"Mindful Wellness with Fitness Guru Brooke Burke and NuCalm\",\"caption\":\"\",\"description\":\"\",\"meta\":{\"length_formatted\":\"1:38\"},\"dimensions\":{\"original\":{\"width\":1280,\"height\":720},\"resized\":{\"width\":640,\"height\":360}},\"image\":{\"src\":\"https:\\\/\\\/2024.shoply.com\\\/wp-includes\\\/images\\\/media\\\/video.svg\",\"width\":48,\"height\":64},\"thumb\":{\"src\":\"https:\\\/\\\/2024.shoply.com\\\/wp-includes\\\/images\\\/media\\\/video.svg\",\"width\":48,\"height\":64}}]}<\/script>\n<\/div>\n\t\n<\/div>","protected":false},"excerpt":{"rendered":"<p><em><strong>L'insonnia controlla la vostra vita?<\/strong><\/em><\/p>\n<p>\u00c8 giunto il momento di riprendere il controllo del vostro sonno e di tornare a sentirvi bene. Il sonno non \u00e8 un lusso, ma \u00e8 essenziale per la salute, la guarigione e l'energia.<\/p>\n<p>La soluzione definitiva \u00e8 arrivata e si chiama NuCalm. Il meraviglioso NON-farmaco che trasmette la scienza attraverso il suono. Sostenuta da 35 anni di neuroscienze brevettate e clinicamente provate e utilizzata dal 2009 da militari statunitensi, piloti, medici e atleti professionisti, questa tecnologia rivoluzionaria \u00e8 ora disponibile in un'applicazione mobile.<\/p>\n<p>Utilizzare la tecnologia che <strong>Tony Robbins, Jim Kwik, Mark Victor Hansen, Ben Greenfield<\/strong>, e <strong>Luke Storey<\/strong> si affidano quotidianamente per l'energia, la chiarezza, le prestazioni e la qualit\u00e0 del sonno.<\/p>\n<p>Cambiate la vostra vita dormendo meglio, pi\u00f9 profondamente e pi\u00f9 velocemente con NuCalm. \u00c8 facile, affidabile, conveniente ed efficace. Iniziate a sentirvi vigili ed entusiasti durante il giorno con NuCalm per un sonno perfetto durante la notte.<\/p>\n<div style=\"background-color: #fff;display: flex;flex-direction: row-reverse;flex-grow: 1;height: 100%;padding: 0;margin: 0 auto;align-items: top\">\n<div style=\"flex: 1;padding-left: 16px\">\n<blockquote>\n<p style=\"font-weight: 500;font-size: 1.10rem;margin: 0\"><strong><em>\"Ascoltando NuCalm, ho sperimentato il sonno pi\u00f9 profondo, il sonno pi\u00f9 REM e il sonno pi\u00f9 prolungato che abbia mai avuto in vita mia. Mi fido dei risultati e mi piace la facilit\u00e0 d'uso\".<\/em><\/strong><\/p>\n<\/blockquote>\n<div style=\"display: flex;align-items: center\">\n<div style=\"font-weight: 500;margin-right: 12px\"><strong><em>Tony Robbins<\/em><\/strong><\/div>\n<div style=\"color: #333;font-size: 0.875rem\"><strong><em>Coach di trasformazione e stratega aziendale #1 d'America, autore di bestseller del NY Times, utilizzatore di NuCalm dal 2015.<\/em><\/strong><\/div>\n<\/div>\n<\/div>\n<div style=\"width: 192px;height: 192px;border-radius: 16px;background-color: #f8f9fa;overflow: hidden;flex-shrink: 0\"><img loading=\"lazy\" decoding=\"async\" style=\"width: 100%;height: 100%;object-fit: cover\" src=\"https:\/\/shoply.com\/wp-content\/uploads\/2025\/01\/tony-robbins1.BqzsG-zS_ZIcwBJ.webp\" alt=\"Tony Robbins\" width=\"733\" height=\"733\" \/><\/div>\n<\/div>","protected":false},"featured_media":127930,"template":"","meta":{"footnotes":""},"product_brand":[],"product_cat":[80,929,382,383,820],"product_tag":[],"class_list":{"0":"post-108287","1":"product","2":"type-product","3":"status-publish","4":"has-post-thumbnail","6":"product_cat-beauty-health-supplements","7":"product_cat-fitness","8":"product_cat-health","9":"product_cat-personal-care","10":"product_cat-wellness","12":"first","13":"instock","14":"virtual","15":"sold-individually","16":"purchasable","17":"product-type-subscription"},"bundled_by":[],"bundle_stock_status":"instock","bundle_stock_quantity":null,"bundle_virtual":false,"bundle_layout":"","bundle_add_to_cart_form_location":"","bundle_editable_in_cart":false,"bundle_sold_individually_context":"","bundle_item_grouping":"","bundle_min_size":"","bundle_max_size":"","bundle_price":[],"bundled_items":[],"bundle_sell_ids":[],"group_of_quantity":0,"min_quantity":0,"max_quantity":"","exclude_order_quantity_value_rules":"no","exclude_category_quantity_rules":"no","combine_variations":"no","_links":{"self":[{"href":"https:\/\/2024.shoply.com\/it\/wp-json\/wp\/v2\/product\/108287","targetHints":{"allow":["GET"]}}],"collection":[{"href":"https:\/\/2024.shoply.com\/it\/wp-json\/wp\/v2\/product"}],"about":[{"href":"https:\/\/2024.shoply.com\/it\/wp-json\/wp\/v2\/types\/product"}],"version-history":[{"count":10,"href":"https:\/\/2024.shoply.com\/it\/wp-json\/wp\/v2\/product\/108287\/revisions"}],"predecessor-version":[{"id":153587,"href":"https:\/\/2024.shoply.com\/it\/wp-json\/wp\/v2\/product\/108287\/revisions\/153587"}],"wp:featuredmedia":[{"embeddable":true,"href":"https:\/\/2024.shoply.com\/it\/wp-json\/wp\/v2\/media\/127930"}],"wp:attachment":[{"href":"https:\/\/2024.shoply.com\/it\/wp-json\/wp\/v2\/media?parent=108287"}],"wp:term":[{"taxonomy":"product_brand","embeddable":true,"href":"https:\/\/2024.shoply.com\/it\/wp-json\/wp\/v2\/product_brand?post=108287"},{"taxonomy":"product_cat","embeddable":true,"href":"https:\/\/2024.shoply.com\/it\/wp-json\/wp\/v2\/product_cat?post=108287"},{"taxonomy":"product_tag","embeddable":true,"href":"https:\/\/2024.shoply.com\/it\/wp-json\/wp\/v2\/product_tag?post=108287"}],"curies":[{"name":"wp","href":"https:\/\/api.w.org\/{rel}","templated":true}]}}