{"id":122447,"date":"2025-01-23T01:12:34","date_gmt":"2025-01-23T06:12:34","guid":{"rendered":"https:\/\/shoply.com\/product\/coming-into-your-own\/"},"modified":"2025-01-27T16:50:21","modified_gmt":"2025-01-27T21:50:21","slug":"coming-into-your-own-original-artwork","status":"publish","type":"product","link":"https:\/\/2024.shoply.com\/it\/prodotto\/coming-into-your-own-original-artwork\/","title":{"rendered":"&#8216;Coming Into Your Own&#8217; Original Artwork"},"content":{"rendered":"<p>&#8220;<em>Coming into Your Own<\/em>&#8216; is part of the body of work &#8216;Emergence&#8217; by Tracie Eaton.<\/p>\n<p>Emergence\" \u00e8 una celebrazione della forma femminile e un viaggio di auto-riflessione.  \u00c8 un riconoscimento di tutto ci\u00f2 che rende belle le donne.  Ci ricorda che le donne sono forti, vulnerabili, potenti, sexy, intelligenti e che dobbiamo possedere e amare tutti gli aspetti di ci\u00f2 che siamo.<\/p>\n<p>Per creare queste opere d'arte, Tracie ha usato il proprio corpo come tela, e la fase iniziale della creazione ha visto Tracie dipingersi allo specchio.  \u00c8 stata poi fotografata in natura in alcune localit\u00e0 della Gold Coast, in Australia.  Con la regolazione digitale del colore e della luce, queste fotografie sono state abbellite a mano da Tracie per creare un'opera d'arte unica e sorprendente.<\/p>\n<p>Dimensioni: 31,5 pollici (l) x 47,2 pollici (h) | 800 mm (l) x 1200 mm (h)<br \/>\nOpere d'arte in acrilico, resina e tecnica mista presentate su tela tesa su cornice di pino.<\/p>\n<p>Tutte le opere d'arte originali sono protette da uno strato di carta velina priva di acidi, avvolte e spedite in una scatola personalizzata.  Le opere d'arte originali sono corredate da un certificato di autenticit\u00e0 e da una dichiarazione di valutazione.<\/p>\n<p>Per la consegna della nuova opera d'arte sono necessari 21 giorni lavorativi dalla data dell'ordine.<\/p>","protected":false},"excerpt":{"rendered":"<p><em>&#8220;Show yourself how much you can achieve.\u00a0 That you can own your destiny, step into the unknown and succeed.\u00a0 It is that feeling that propels you forward,\u00a0 to do what you never thought possible&#8221;.<\/em><\/p>\n<p>Significato dei colori:<\/p>\n<ul>\n<li>Black \u2013 power, strength, strong will, in charge, confidence<\/li>\n<li>White \u2013 openness, anything is possible<\/li>\n<li>Silver &#8211; inner strength, balance, mature<\/li>\n<\/ul>","protected":false},"featured_media":122446,"template":"","meta":{"footnotes":""},"product_brand":[],"product_cat":[403,199,407,100,310],"product_tag":[320,267,319,397],"class_list":{"0":"post-122447","1":"product","2":"type-product","3":"status-publish","4":"has-post-thumbnail","6":"product_cat-arts-entertainment","7":"product_cat-fine-art","8":"product_cat-gift-giving","9":"product_cat-home","10":"product_cat-home-garden","11":"product_tag-decor","12":"product_tag-gifts","13":"product_tag-home","14":"product_tag-luxury","15":"product_shipping_class-shipping-class-1","17":"first","18":"instock","19":"taxable","20":"shipping-taxable","21":"purchasable","22":"product-type-simple"},"bundled_by":[],"bundle_stock_status":"instock","bundle_stock_quantity":null,"bundle_virtual":false,"bundle_layout":"","bundle_add_to_cart_form_location":"","bundle_editable_in_cart":false,"bundle_sold_individually_context":"","bundle_item_grouping":"","bundle_min_size":"","bundle_max_size":"","bundle_price":[],"bundled_items":[],"bundle_sell_ids":[],"group_of_quantity":0,"min_quantity":0,"max_quantity":"","exclude_order_quantity_value_rules":"no","exclude_category_quantity_rules":"no","combine_variations":"no","_links":{"self":[{"href":"https:\/\/2024.shoply.com\/it\/wp-json\/wp\/v2\/product\/122447","targetHints":{"allow":["GET"]}}],"collection":[{"href":"https:\/\/2024.shoply.com\/it\/wp-json\/wp\/v2\/product"}],"about":[{"href":"https:\/\/2024.shoply.com\/it\/wp-json\/wp\/v2\/types\/product"}],"version-history":[{"count":1,"href":"https:\/\/2024.shoply.com\/it\/wp-json\/wp\/v2\/product\/122447\/revisions"}],"predecessor-version":[{"id":125604,"href":"https:\/\/2024.shoply.com\/it\/wp-json\/wp\/v2\/product\/122447\/revisions\/125604"}],"wp:featuredmedia":[{"embeddable":true,"href":"https:\/\/2024.shoply.com\/it\/wp-json\/wp\/v2\/media\/122446"}],"wp:attachment":[{"href":"https:\/\/2024.shoply.com\/it\/wp-json\/wp\/v2\/media?parent=122447"}],"wp:term":[{"taxonomy":"product_brand","embeddable":true,"href":"https:\/\/2024.shoply.com\/it\/wp-json\/wp\/v2\/product_brand?post=122447"},{"taxonomy":"product_cat","embeddable":true,"href":"https:\/\/2024.shoply.com\/it\/wp-json\/wp\/v2\/product_cat?post=122447"},{"taxonomy":"product_tag","embeddable":true,"href":"https:\/\/2024.shoply.com\/it\/wp-json\/wp\/v2\/product_tag?post=122447"}],"curies":[{"name":"wp","href":"https:\/\/api.w.org\/{rel}","templated":true}]}}