{"id":122753,"date":"2025-01-22T17:39:37","date_gmt":"2025-01-22T22:39:37","guid":{"rendered":"https:\/\/shoply.com\/?post_type=product&#038;p=122753"},"modified":"2025-01-22T19:59:38","modified_gmt":"2025-01-23T00:59:38","slug":"11x14-matted-for-8x10-original-artist-prints-speechless","status":"publish","type":"product","link":"https:\/\/2024.shoply.com\/it\/prodotto\/11x14-matted-for-8x10-original-artist-prints-speechless\/","title":{"rendered":"11&#215;14 Matted for 8&#215;10 Original Artist Prints &#8211; Speechless"},"content":{"rendered":"<p>Chad Vlassis, maestro dell'espressionismo astratto, tesse un caleidoscopio di colori ed emozioni in ogni pennellata. Il suo stile unico danza tra il regno del familiare e dell'inaspettato, invitando gli spettatori a esplorare le profondit\u00e0 della propria immaginazione. Vero e proprio visionario, l'opera di Chad \u00e8 una miscela accattivante di passione e innovazione, che trasporta il pubblico in un mondo in cui la creativit\u00e0 non conosce limiti.<\/p>","protected":false},"excerpt":{"rendered":"<p style=\"text-align: left\">Queste splendide stampe opache 11\u00d714 presentano magnificamente le immagini 8\u00d710 delle accattivanti opere originali di Chad. Ogni stampa offre uno sguardo unico sul mondo di colori e forme astratte dell'artista, invitandovi a sperimentare in prima persona la magia della sua visione creativa.<\/p>","protected":false},"featured_media":103534,"template":"","meta":{"footnotes":""},"product_brand":[],"product_cat":[199],"product_tag":[],"class_list":{"0":"post-122753","1":"product","2":"type-product","3":"status-publish","4":"has-post-thumbnail","6":"product_cat-fine-art","7":"product_shipping_class-shipping-class-1","9":"first","10":"instock","11":"sale","12":"taxable","13":"shipping-taxable","14":"purchasable","15":"product-type-simple"},"bundled_by":[],"bundle_stock_status":"instock","bundle_stock_quantity":null,"bundle_virtual":false,"bundle_layout":"","bundle_add_to_cart_form_location":"","bundle_editable_in_cart":false,"bundle_sold_individually_context":"","bundle_item_grouping":"","bundle_min_size":"","bundle_max_size":"","bundle_price":[],"bundled_items":[],"bundle_sell_ids":[],"group_of_quantity":0,"min_quantity":0,"max_quantity":"","exclude_order_quantity_value_rules":"no","exclude_category_quantity_rules":"no","combine_variations":"no","_links":{"self":[{"href":"https:\/\/2024.shoply.com\/it\/wp-json\/wp\/v2\/product\/122753","targetHints":{"allow":["GET"]}}],"collection":[{"href":"https:\/\/2024.shoply.com\/it\/wp-json\/wp\/v2\/product"}],"about":[{"href":"https:\/\/2024.shoply.com\/it\/wp-json\/wp\/v2\/types\/product"}],"version-history":[{"count":0,"href":"https:\/\/2024.shoply.com\/it\/wp-json\/wp\/v2\/product\/122753\/revisions"}],"wp:featuredmedia":[{"embeddable":true,"href":"https:\/\/2024.shoply.com\/it\/wp-json\/wp\/v2\/media\/103534"}],"wp:attachment":[{"href":"https:\/\/2024.shoply.com\/it\/wp-json\/wp\/v2\/media?parent=122753"}],"wp:term":[{"taxonomy":"product_brand","embeddable":true,"href":"https:\/\/2024.shoply.com\/it\/wp-json\/wp\/v2\/product_brand?post=122753"},{"taxonomy":"product_cat","embeddable":true,"href":"https:\/\/2024.shoply.com\/it\/wp-json\/wp\/v2\/product_cat?post=122753"},{"taxonomy":"product_tag","embeddable":true,"href":"https:\/\/2024.shoply.com\/it\/wp-json\/wp\/v2\/product_tag?post=122753"}],"curies":[{"name":"wp","href":"https:\/\/api.w.org\/{rel}","templated":true}]}}