{"id":92309,"date":"2025-01-02T16:37:53","date_gmt":"2025-01-02T21:37:53","guid":{"rendered":"https:\/\/shoply.com\/?post_type=product&#038;p=92309"},"modified":"2025-01-31T15:35:20","modified_gmt":"2025-01-31T20:35:20","slug":"bookglee-the-ultimate-marketing-platform-for-entreprenurial-authors-to-showcase-list-sell-their-books-podcasts-courses-events-monthly-membership","status":"publish","type":"product","link":"https:\/\/2024.shoply.com\/it\/prodotto\/bookglee-the-ultimate-marketing-platform-for-entreprenurial-authors-to-showcase-list-sell-their-books-podcasts-courses-events-monthly-membership\/","title":{"rendered":"Bookglee - La piattaforma di marketing definitiva per autori intraprendenti per presentare, elencare e vendere i loro libri, podcast, corsi ed eventi. Iscrizione mensile"},"content":{"rendered":"<h2 class=\"content-heading h2\">LA PIATTAFORMA DI MARKETING DEFINITIVA PER GLI AUTORI INTRAPRENDENTI!<\/h2>\n<h4 class=\"content-heading h2\">PI\u00d9 MODI PER VENDERE IL VOSTRO LIBRO, PI\u00d9 MODI PER GUADAGNARE, PI\u00d9 ESPOSIZIONE, PI\u00d9 OPPORTUNIT\u00c0!<\/h4>\n<div class=\"rich-text-description\">\n<p>Non \u00e8 mai stato cos\u00ec facile ed entusiasmante\u00a0<em>collegare\u00a0<\/em>con il vostro pubblico e mostrare tutto ci\u00f2 che offrite.<\/p>\n<p>Gli autori non hanno mai avuto una piattaforma come questa, n\u00e9 l'opportunit\u00e0 di aumentare le loro royalties e di dare lustro al loro mercato di lettori diretti! ?<\/p>\n<\/div>","protected":false},"excerpt":{"rendered":"<section id=\"shopify-section-template--17687667081374__rich_text_jGcby6\" class=\"shopify-section rich-text-section section-in-view\">\n<div class=\"container sm-container\">\n<div class=\"rich-text-content text-center\">\n<h2 class=\"content-heading h2\">Autori - Vendi e promuovi il tuo libro Bookglee!<\/h2>\n<\/div>\n<\/div>\n<\/section>\n<section id=\"shopify-section-template--17687667081374__rich_text_AC9zei\" class=\"shopify-section rich-text-section section-in-view\">\n<div class=\"container sm-container\">\n<div class=\"rich-text-content text-center\">\n<div class=\"rich-text-description\">\n<p>Bookglee \u00e8 una piattaforma fresca ed entusiasmante sviluppata per gli autori imprenditori che vogliono entrare in contatto con i lettori e costruire il proprio business librario.<\/p>\n<p>Tradizionalmente, gli autori vendono i loro libri attraverso le librerie se hanno un editore o un distributore, oppure vendono i loro libri direttamente ai mercati, sul loro sito web o alle conferenze.<\/p>\n<p>FINO AD OGGI!<\/p>\n<p>Noi di Bookglee abbiamo cambiato per sempre il gioco per gli autori!<\/p>\n<p>Non avete bisogno di un editore.<\/p>\n<p>Non avete bisogno di un distributore.<\/p>\n<p>Non \u00e8 necessario pagare 55-72% commissioni ai rivenditori - online o offline!<\/p>\n<p>E risparmiate centinaia\/migliaia di dollari sui costi di marketing ogni mese.<\/p>\n<p>In pi\u00f9, ogni volta che il vostro libro viene venduto attraverso un rivenditore, non sapete chi ha portato il vostro libro, non entrate in contatto con il lettore e perdete opportunit\u00e0 future.<\/p>\n<p>Con Bookglee, potete presentare i vostri libri, le firme dei libri, gli eventi, i podcast, i corsi, le interviste e molto altro ancora!<\/p>\n<p><strong>Entrerete in contatto con i lettori e farete crescere il vostro business librario\u00a0<\/strong><em><strong>mentre<\/strong><\/em><strong> aumentare i vostri guadagni!<\/strong><\/p>\n<p>L'iscrizione mensile costa quanto un libro!<\/p>\n<p>Non avete bisogno di creare i vostri video promozionali, di pagare migliaia di dollari di pubblicit\u00e0 o di avere un mucchio di piattaforme di social media! Bookglee ha tutto per voi in un unico spazio!<\/p>\n<p>Iniziate oggi stesso e mettete in mostra e offrite tutto ci\u00f2 che fate per costruire e far crescere la vostra attivit\u00e0 libraria!<\/p>\n<\/div>\n<\/div>\n<\/div>\n<\/section>","protected":false},"featured_media":121170,"template":"","meta":{"footnotes":""},"product_brand":[],"product_cat":[225,76,552],"product_tag":[],"class_list":{"0":"post-92309","1":"product","2":"type-product","3":"status-publish","4":"has-post-thumbnail","6":"product_cat-books-audio-digital","7":"product_cat-memberships","8":"product_cat-services","9":"has-subscription-plans","11":"first","12":"instock","13":"virtual","14":"taxable","15":"purchasable","16":"product-type-simple"},"bundled_by":[],"bundle_stock_status":"instock","bundle_stock_quantity":null,"bundle_virtual":false,"bundle_layout":"","bundle_add_to_cart_form_location":"","bundle_editable_in_cart":false,"bundle_sold_individually_context":"","bundle_item_grouping":"","bundle_min_size":"","bundle_max_size":"","bundle_price":[],"bundled_items":[],"bundle_sell_ids":[],"group_of_quantity":0,"min_quantity":0,"max_quantity":"","exclude_order_quantity_value_rules":"no","exclude_category_quantity_rules":"no","combine_variations":"no","_links":{"self":[{"href":"https:\/\/2024.shoply.com\/it\/wp-json\/wp\/v2\/product\/92309","targetHints":{"allow":["GET"]}}],"collection":[{"href":"https:\/\/2024.shoply.com\/it\/wp-json\/wp\/v2\/product"}],"about":[{"href":"https:\/\/2024.shoply.com\/it\/wp-json\/wp\/v2\/types\/product"}],"version-history":[{"count":1,"href":"https:\/\/2024.shoply.com\/it\/wp-json\/wp\/v2\/product\/92309\/revisions"}],"predecessor-version":[{"id":128951,"href":"https:\/\/2024.shoply.com\/it\/wp-json\/wp\/v2\/product\/92309\/revisions\/128951"}],"wp:featuredmedia":[{"embeddable":true,"href":"https:\/\/2024.shoply.com\/it\/wp-json\/wp\/v2\/media\/121170"}],"wp:attachment":[{"href":"https:\/\/2024.shoply.com\/it\/wp-json\/wp\/v2\/media?parent=92309"}],"wp:term":[{"taxonomy":"product_brand","embeddable":true,"href":"https:\/\/2024.shoply.com\/it\/wp-json\/wp\/v2\/product_brand?post=92309"},{"taxonomy":"product_cat","embeddable":true,"href":"https:\/\/2024.shoply.com\/it\/wp-json\/wp\/v2\/product_cat?post=92309"},{"taxonomy":"product_tag","embeddable":true,"href":"https:\/\/2024.shoply.com\/it\/wp-json\/wp\/v2\/product_tag?post=92309"}],"curies":[{"name":"wp","href":"https:\/\/api.w.org\/{rel}","templated":true}]}}