{"id":96332,"date":"2024-11-25T04:01:19","date_gmt":"2024-11-25T09:01:19","guid":{"rendered":"https:\/\/shoply.com\/?post_type=product&#038;p=96332"},"modified":"2025-02-26T13:02:07","modified_gmt":"2025-02-26T18:02:07","slug":"perfekt-make-up-in-one-minute-no-4","status":"publish","type":"product","link":"https:\/\/2024.shoply.com\/it\/prodotto\/perfekt-make-up-in-one-minute-no-4\/","title":{"rendered":"trucco perfetto in un minuto! No.4"},"content":{"rendered":"<div class=\"product-details__product-attributes\">\n<p>&nbsp;<\/p>\n<p>&nbsp;<\/p>\n<p>&nbsp;<\/p>\n<p>&nbsp;<\/p>\n<p>&nbsp;<\/p>\n<div class=\"product-details__product-attributes\">\n<div class=\"details-product-attribute\"><span class=\"details-product-attribute__title\">Marca:\u00a0<\/span><span class=\"details-product-attribute__value\">Martina Otte Cosmetics\u00ae<\/span><\/div>\n<\/div>\n<div id=\"productDescription\" class=\"product-details__product-description\">\n<div>\n<p>Entdecken Sie nat\u00fcrliche Perfektion! Die All Cover up Foundation No.4 Summer Breeze von Martina Otte Cosmetics\u00ae bietet eine innovative L\u00f6sung f\u00fcr ein makelloses Aussehen. Mit nur einer kirschkerngro\u00dfen Menge erzielen Sie eine vollst\u00e4ndige Abdeckung, die Unregelm\u00e4\u00dfigkeiten ausgleicht, R\u00f6tungen kaschiert und feine Linien sanft umspielt. Die besondere Formel mit lichtreflektierenden Eigenschaften und Liftingeffekt strafft die Haut und sorgt f\u00fcr ein nat\u00fcrliches, samtiges Finish.Durch den integrierten LSF50 ist Ihre Haut zudem optimal vor Sonneneinstrahlung gesch\u00fctzt. Geeignet f\u00fcr mittlere Hauttypen mit intensiver Br\u00e4unung, eignet sich diese Foundation sowohl f\u00fcr das Gesicht als auch f\u00fcr den K\u00f6rper. Erleben Sie die 4-in-1 Wirkung: Concealer, Neutralizer und eine camouflageartige Textur, die ohne Beschwerung deckt. Ein Produkt, das Ihre nat\u00fcrliche Sch\u00f6nheit unterstreicht und pflegt. Sie haben Fragen zur Farbauswahl? Kontaktieren Sie uns jederzeit f\u00fcr eine pers\u00f6nliche Beratung!<\/p>\n<p>Make up und Pflege in einem verleihen Ihnen einen strahlenden und frischen Teint.<\/p>\n<p>Durch die wasserfeste Konsistenz ist das Make up wischfest und h\u00e4lt 24h, ohne abzuf\u00e4rben.<\/p>\n<p>Durch das Hybrid Make up, dass Pflege und Grundierung vereint, brauchen Sie keinen Concealer und Puder mehr.<\/p>\n<p>Hohe Deckkraft und Ergiebigkeit f\u00fcr ein Pflege und Make up Highlight der Extraklasse.<\/p>\n<p>Perfekt grundiert durch hohe Deckkraft. Atmungsaktive Hybrid Foundation mit Pflege verleiht Ihnen ein junges und frisches Aussehen.<\/p>\n<p>Ingredienti:<\/p>\n<\/div>\n<\/div>\n<p>Acqua (Aqua), Ciclopentasilossano, Cera d'api (Cera Alba), Dimeticone stearilico, Isododecano, Cetyl Ethlhexanoate, Cera microcristallina (Crea Microcristal-lina), Ceryl PEG\/PPG-10\/1 Dimeticone, Glyceryl Laurate, Mica, Dis-teardimonium, Hectorite, Methylparaben, Ethylparaben, Butylparaben, Tocopheryl Acetate, Ascorbyl Palmitate, Chamomilla Recutita Extract, Sodium Hyaluronte, Pu\u00f2 contenere\/peut Contenir: Ossidi di ferro (CI 177491, CI 177492, CI 177499), Biossido di titanio (CI 177891) cruelty free<\/p>\n<\/div>","protected":false},"excerpt":{"rendered":"<p>&nbsp;<\/p>\n<ul>\n<li>Scoprite la simbiosi tra cura e trucco con Martina Otte Cosmetics\u00ae.<\/li>\n<li>Il perfetto principiante per tutti gli ambienti: Wasserfest, langanhaltend e con un effetto antiaging.<\/li>\n<li>Martina Otte Cosmetics\u00ae offre fondotinta efficaci e funzionali, che aiutano a migliorare i capelli e a creare un look perfetto.<\/li>\n<li>Risparmia tempo e splendore - con il nostro innovativo trucco ibrido, creato appositamente per le donne moderne.<\/li>\n<li>\n<h2><b>Trucco ibrido di Martina Otte Cosmetics\u00ae: Il perfetto connubio tra bellezza e colore<\/b><\/h2>\n<p><b>Che cos'\u00e8 il trucco ibrido?<\/b><\/p>\n<p>Per ottenere un prodotto che unisce il trucco e l'acconciatura, \u00e8 necessario che il trucco sia di tipo ibrido. Questo \u00e8 il trucco ibrido. Combina i vantaggi di un trucco innovativo con le caratteristiche dei trucchi. Il risultato? Una tinta pi\u00f9 chiara, che si presenta pi\u00f9 delicata e che lascia intravedere le unghie.<\/p>\n<p><b>Che cos'\u00e8 il trucco ibrido di Martina Otte Cosmetics\u00ae?<\/b><\/p>\n<p>I prodotti ibridi di Martina Otte Cosmetics\u00ae sono cos\u00ec ben congegnati che non solo conferiscono un tocco di colore ai capelli, ma li rendono anche pi\u00f9 luminosi. Ecco alcuni vantaggi che potete ottenere:<\/p>\n<ul>\n<li><b>Perfekte Deckkraft:\u00a0<\/b>Che si tratti di una leggera tinta o di un'addormentatura completa, i nostri prodotti ibridi soddisfano le vostre esigenze e eliminano le disuguaglianze, le rotture e le rughe.<\/li>\n<li><b>Pflege intensivo:\u00a0<\/b>Inhaltsstoffe di grande valore come Hyalurons\u00e4ure, Vitamine e Antioxidantien rafforzano i capelli con la loro fertilit\u00e0, li proteggono dalle infiammazioni e ne favoriscono la rigenerazione.<\/li>\n<li><b>Finitura Nat\u00fcrliches:\u00a0<\/b>I nostri prodotti ibridi offrono una finitura naturale e uniforme, anche se non \u00e8 stato applicato alcun make-up.<\/li>\n<li><b>Langanhaltende Wirkung:\u00a0<\/b>Godetevi un intero Tag con una tinta frischiata e brillante.<\/li>\n<li><b>Applicazione multifunzionale:\u00a0<\/b>Alcuni dei nostri prodotti ibridi possono essere utilizzati sia come fondotinta e correttore, sia come creme leggere.<\/li>\n<\/ul>\n<p><b>Warum Hybrid-Make-up von Martina Otte Cosmetics\u00ae?<\/b><\/p>\n<ul>\n<li><b>Soluzioni individuali:\u00a0<\/b>Offriamo una vasta gamma di prodotti ibridi per ogni tipo di taglio e per ogni esigenza.<\/li>\n<li><b>H\u00f6chste Qualit\u00e4t:\u00a0<\/b>I nostri prodotti sono realizzati con ingredienti di alta qualit\u00e0 e di qualit\u00e0 superiore.<\/li>\n<\/ul>\n<p>Perfezionatevi e definite la vostra bellezza con il make up ibrido di Martina Otte Cosmetics\u00ae.<\/li>\n<\/ul>","protected":false},"featured_media":147095,"template":"","meta":{"footnotes":""},"product_brand":[],"product_cat":[77],"product_tag":[892,149,174,241,592,140,398],"class_list":{"0":"post-96332","1":"product","2":"type-product","3":"status-publish","4":"has-post-thumbnail","6":"product_cat-uncategorized","7":"product_tag-all-cover-up-foundation-no-4-summer-breeze-created-by-martina-otte-cosmetics","8":"product_tag-anti-aging","9":"product_tag-anti-inflammatory","10":"product_tag-cosmetics","11":"product_tag-high-quality","12":"product_tag-skin-care","13":"product_tag-unique","14":"product_shipping_class-shipping-class-2","15":"has-subscription-plans","17":"first","18":"instock","19":"sale","20":"taxable","21":"shipping-taxable","22":"purchasable","23":"product-type-simple"},"bundled_by":[],"bundle_stock_status":"instock","bundle_stock_quantity":null,"bundle_virtual":false,"bundle_layout":"","bundle_add_to_cart_form_location":"","bundle_editable_in_cart":false,"bundle_sold_individually_context":"","bundle_item_grouping":"","bundle_min_size":"","bundle_max_size":"","bundle_price":[],"bundled_items":[],"bundle_sell_ids":[],"group_of_quantity":0,"min_quantity":0,"max_quantity":"","exclude_order_quantity_value_rules":"no","exclude_category_quantity_rules":"no","combine_variations":"no","_links":{"self":[{"href":"https:\/\/2024.shoply.com\/it\/wp-json\/wp\/v2\/product\/96332","targetHints":{"allow":["GET"]}}],"collection":[{"href":"https:\/\/2024.shoply.com\/it\/wp-json\/wp\/v2\/product"}],"about":[{"href":"https:\/\/2024.shoply.com\/it\/wp-json\/wp\/v2\/types\/product"}],"version-history":[{"count":9,"href":"https:\/\/2024.shoply.com\/it\/wp-json\/wp\/v2\/product\/96332\/revisions"}],"predecessor-version":[{"id":147110,"href":"https:\/\/2024.shoply.com\/it\/wp-json\/wp\/v2\/product\/96332\/revisions\/147110"}],"wp:featuredmedia":[{"embeddable":true,"href":"https:\/\/2024.shoply.com\/it\/wp-json\/wp\/v2\/media\/147095"}],"wp:attachment":[{"href":"https:\/\/2024.shoply.com\/it\/wp-json\/wp\/v2\/media?parent=96332"}],"wp:term":[{"taxonomy":"product_brand","embeddable":true,"href":"https:\/\/2024.shoply.com\/it\/wp-json\/wp\/v2\/product_brand?post=96332"},{"taxonomy":"product_cat","embeddable":true,"href":"https:\/\/2024.shoply.com\/it\/wp-json\/wp\/v2\/product_cat?post=96332"},{"taxonomy":"product_tag","embeddable":true,"href":"https:\/\/2024.shoply.com\/it\/wp-json\/wp\/v2\/product_tag?post=96332"}],"curies":[{"name":"wp","href":"https:\/\/api.w.org\/{rel}","templated":true}]}}