{"id":96578,"date":"2024-11-25T11:05:17","date_gmt":"2024-11-25T16:05:17","guid":{"rendered":"https:\/\/shoply.com\/?post_type=product&#038;p=96578"},"modified":"2025-02-27T13:48:20","modified_gmt":"2025-02-27T18:48:20","slug":"optimiere-deine-gesichtszuge-contouring-made-easy-fresh-feeling-bp1","status":"publish","type":"product","link":"https:\/\/2024.shoply.com\/it\/prodotto\/optimiere-deine-gesichtszuge-contouring-made-easy-fresh-feeling-bp1\/","title":{"rendered":"Optimiere Deine Gesichtsz\u00fcge - Il contouring \u00e8 facile! Sensazione di freschezza BP1"},"content":{"rendered":"<div class=\"product-details__product-attributes\"><span style=\"display: inline-block;width: 0px;overflow: hidden;line-height: 0\" class=\"mce_SELRES_start\"><\/span><\/p>\n<div class=\"details-product-attribute\"><span class=\"details-product-attribute__title\"><span style=\"vertical-align: inherit\"><span style=\"vertical-align: inherit\">Marca:\u00a0 <\/span><\/span><\/span><span class=\"details-product-attribute__value\"><span style=\"vertical-align: inherit\"><span style=\"vertical-align: inherit\">Martina Otte Cosmetics\u00ae<\/span><\/span><\/span><\/div>\n<\/div>\n<div id=\"productDescription\" class=\"product-details__product-description\">\n<div><span style=\"vertical-align: inherit\"><span style=\"vertical-align: inherit\">Perfektionieren Sie Ihre nat\u00fcrliche Sch\u00f6nheit \u2013 Contouring leicht gemacht. Der BP1 Contouring Powder \u201eFresh Feeling\u201c von Martina Otte Cosmetics\u00ae zaubert mit seiner sanften Pfirsichnuance Struktur und Frische ins Gesicht. Dieser Conturierer ist speziell f\u00fcr Frauen konzipiert, die Wert auf einen nat\u00fcrlichen Look legen. Die seidige Textur erm\u00f6glicht ein leichtes Auftragen, das Tag f\u00fcr Tag \u00fcberzeugt, ohne k\u00fcnstlich zu wirken. Mit dem integrierten Spiegel ist ein schneller Check immer m\u00f6glich. Entdecken Sie, wie unser Contouring Powder Ihren Teint zum Strahlen bringt \u2013 jeden Tag aufs Neue. Ideal f\u00fcr das t\u00e4gliche Make-up-Ritual.Inhaltsstoffe: Mica, Vitamin E, Kokos\u00f6l, Traubenkern\u00f6l, ua Ein verj\u00fcngender Contouring Powder mit Pflegewirkstoffen verleiht Ihnen im Nu mehr Frische und ein jugendliches Aussehen. Konturierung leicht gemacht. Zaubern Sie Farbkonstraste und Frische in Ihrem Gesicht. Ein Contouring, das auch als Lidschatten verwendet werden kann. Blitz \u2013 Make-up leicht gemacht. Ich bin jetzt frisch und gepflegt. Contouring Powders von Martina Otte Cosmetics\u00ae zaubern Ihnen im Nu Frische und ein jugendliches Aussehen. Ihr Gesicht herausarbeiten durch das richtige Contouring Powder mit tollen Farbkontrasten. Pflege und Liftingwirkkraft in Einem. Das Contouring Powder von Martina Otte Cosmetics\u00ae<\/span><\/span><\/div>\n<div>\n<p><span style=\"font-weight: 400\">Ingredienti:<\/span><\/p>\n<p><span style=\"font-weight: 400\">Mica, Vitamin E, Coconut Oil, Grape Seed Oil, Polymethyl Methacrylate, Nylon, 12 Octhydodecyl Stearoyl Stearate, Magnesium Stearate, Silica, Methicone, Boron Nitride, Isopropyl Palmitate, Methyl Hydrogenated Rosinate, Dimethicone, Bis-Diglyceryl Polyacyladipate-2, Phenoxyethanol, Ethylhexylglycerin,\u00a0<\/span><\/p>\n<p><span style=\"font-weight: 400\">+\/- (MAY CONTAIN), Iron Oxides, (CI77492), Titanium Dioxide (CI 77891), Iron Oxides\u00a0 (CI 77491), Iron Oxides (CI\u00a0 77499)<\/span><\/p>\n<p><span style=\"font-weight: 400\">cruelty free, Parabenfrei<\/span><\/p>\n<\/div>\n<\/div>","protected":false},"excerpt":{"rendered":"<h2><span style=\"display: inline-block;width: 0px;overflow: hidden;line-height: 0\" class=\"mce_SELRES_start\"><\/span><b><span style=\"vertical-align: inherit\"><span style=\"vertical-align: inherit\">Contouring Powder von Martina Otte Cosmetics\u00ae \u2013 Deine Gesichtsz\u00fcge perfekt in Szene gesetzt<\/span><\/span><\/b><\/h2>\n<p><span style=\"font-weight: 400\"><span style=\"vertical-align: inherit\"><span style=\"vertical-align: inherit\">Das Contouring Powder von Martina Otte Cosmetics\u00ae ist ein unverzichtbarer Begleiter f\u00fcr alle, die ihre Gesichtsz\u00fcge betonen und f\u00fcr mehr Definition sorgen m\u00f6chten. Mit einer sorgf\u00e4ltig abgestimmten Farbt\u00f6nung und seiner seidigen Textur erm\u00f6glicht es dir, ganz einfach ein professionelles Contouring zu zaubern.<\/span><\/span><\/span><\/p>\n<h3><b><span style=\"vertical-align: inherit\"><span style=\"vertical-align: inherit\">Warum du das Contouring Powder lieben wirst:<\/span><\/span><\/b><\/h3>\n<ul>\n<li style=\"font-weight: 400\"><b><span style=\"vertical-align: inherit\"><span style=\"vertical-align: inherit\">Nat\u00fcrliche Konturen: <\/span><\/span><\/b><span style=\"font-weight: 400\"><span style=\"vertical-align: inherit\"><span style=\"vertical-align: inherit\">Die nuancierten Farbt\u00f6ne f\u00fcgen sich nahtlos in deinen Hautton ein und sorgen f\u00fcr ein nat\u00fcrlich wirkendes Ergebnis.<\/span><\/span><\/span><\/li>\n<li style=\"font-weight: 400\"><b><span style=\"vertical-align: inherit\"><span style=\"vertical-align: inherit\">Seidige Textur: <\/span><\/span><\/b><span style=\"font-weight: 400\"><span style=\"vertical-align: inherit\"><span style=\"vertical-align: inherit\">Das Puder l\u00e4sst sich leicht auftragen und verblenden, ohne Streifen zu hinterlassen.<\/span><\/span><\/span><\/li>\n<li style=\"font-weight: 400\"><b><span style=\"vertical-align: inherit\"><span style=\"vertical-align: inherit\">Langanhaltende Haltbarkeit: <\/span><\/span><\/b><span style=\"font-weight: 400\"><span style=\"vertical-align: inherit\"><span style=\"vertical-align: inherit\">Das Contouring Powder h\u00e4lt den ganzen Tag und trotzt auch anspruchsvollen Bedingungen.<\/span><\/span><\/span><\/li>\n<li style=\"font-weight: 400\"><b><span style=\"vertical-align: inherit\"><span style=\"vertical-align: inherit\">Vielseitig einsetzbar: <\/span><\/span><\/b><span style=\"font-weight: 400\"><span style=\"vertical-align: inherit\"><span style=\"vertical-align: inherit\">Ob f\u00fcr ein dezentes Alltags-Make-up oder einen dramatischen Abend-Look \u2013 das Puder ist vielseitig einsetzbar.<\/span><\/span><\/span><\/li>\n<\/ul>\n<h3><b><span style=\"vertical-align: inherit\"><span style=\"vertical-align: inherit\">So wendest du es an:<\/span><\/span><\/b><\/h3>\n<ol>\n<li style=\"font-weight: 400\"><b><span style=\"vertical-align: inherit\"><span style=\"vertical-align: inherit\"><span style=\"vertical-align: inherit\"><span style=\"vertical-align: inherit\"><span style=\"vertical-align: inherit\"><span style=\"vertical-align: inherit\">Reinige und befeuchtete Haut: <\/span><\/span><\/span><\/span><\/span><\/span><\/b><span style=\"font-weight: 400\"><span style=\"vertical-align: inherit\"><span style=\"vertical-align: inherit\"><span style=\"vertical-align: inherit\"><span style=\"vertical-align: inherit\"><span style=\"vertical-align: inherit\"><span style=\"vertical-align: inherit\">Eine gut vorbereitete Haut ist die Grundlage f\u00fcr ein perfektes Make-up.<\/span><\/span><\/span><\/span><\/span><\/span><\/span><\/li>\n<li style=\"font-weight: 400\"><b><span style=\"vertical-align: inherit\"><span style=\"vertical-align: inherit\"><span style=\"vertical-align: inherit\"><span style=\"vertical-align: inherit\"><span style=\"vertical-align: inherit\"><span style=\"vertical-align: inherit\">W\u00e4hlen Sie den richtigen Farbton: <\/span><\/span><\/span><\/span><\/span><\/span><\/b><span style=\"font-weight: 400\"><span style=\"vertical-align: inherit\"><span style=\"vertical-align: inherit\"><span style=\"vertical-align: inherit\"><span style=\"vertical-align: inherit\"><span style=\"vertical-align: inherit\"><span style=\"vertical-align: inherit\">Nachdem Sie Ihr Make-up aufgetragen haben, entscheiden Sie sich f\u00fcr ein Contouring Powder von Martina Otte Cosmetics\u00ae. W\u00e4hle gerne aus den unterschiedlichen Farbnuancen Deinen Favoriten aus!<\/span><\/span><\/span><\/span><\/span><\/span><\/span><\/li>\n<li style=\"font-weight: 400\"><b><span style=\"vertical-align: inherit\"><span style=\"vertical-align: inherit\"><span style=\"vertical-align: inherit\"><span style=\"vertical-align: inherit\"><span style=\"vertical-align: inherit\"><span style=\"vertical-align: inherit\"><span style=\"vertical-align: inherit\"><span style=\"vertical-align: inherit\">Betone deine Gesichtsz\u00fcge: <\/span><\/span><\/span><\/span><\/span><\/span><\/span><\/span><\/b><span style=\"font-weight: 400\"><span style=\"vertical-align: inherit\"><span style=\"vertical-align: inherit\"><span style=\"vertical-align: inherit\"><span style=\"vertical-align: inherit\"><span style=\"vertical-align: inherit\"><span style=\"vertical-align: inherit\"><span style=\"vertical-align: inherit\"><span style=\"vertical-align: inherit\">Trage das Puder entlang deiner nat\u00fcrlichen Konturen auf, wie zum Beispiel unter den Wangenknochen, an den Schl\u00e4fen und entlang der Nasenkontur.<\/span><\/span><\/span><\/span><\/span><\/span><\/span><\/span><\/span><\/li>\n<li style=\"font-weight: 400\"><b><span style=\"vertical-align: inherit\"><span style=\"vertical-align: inherit\"><span style=\"vertical-align: inherit\"><span style=\"vertical-align: inherit\"><span style=\"vertical-align: inherit\"><span style=\"vertical-align: inherit\"><span style=\"vertical-align: inherit\"><span style=\"vertical-align: inherit\">Verblenden: <\/span><\/span><\/span><\/span><\/span><\/span><\/span><\/span><\/b><span style=\"font-weight: 400\"><span style=\"vertical-align: inherit\"><span style=\"vertical-align: inherit\"><span style=\"vertical-align: inherit\"><span style=\"vertical-align: inherit\"><span style=\"vertical-align: inherit\"><span style=\"vertical-align: inherit\"><span style=\"vertical-align: inherit\"><span style=\"vertical-align: inherit\">Verteilen Sie den Puder sorgf\u00e4ltig mit einem weichen Pinsel, um einen nahtlosen \u00dcbergang zu schaffen.<\/span><\/span><\/span><\/span><\/span><\/span><\/span><\/span><\/span><\/li>\n<\/ol>\n<h3><b><span style=\"vertical-align: inherit\"><span style=\"vertical-align: inherit\"><span style=\"vertical-align: inherit\"><span style=\"vertical-align: inherit\"><span style=\"vertical-align: inherit\"><span style=\"vertical-align: inherit\"><span style=\"vertical-align: inherit\"><span style=\"vertical-align: inherit\">Die Vorteile von Martina Otte Cosmetics\u00ae:<\/span><\/span><\/span><\/span><\/span><\/span><\/span><\/span><\/b><\/h3>\n<ul>\n<li style=\"font-weight: 400\"><b><span style=\"vertical-align: inherit\"><span style=\"vertical-align: inherit\"><span style=\"vertical-align: inherit\"><span style=\"vertical-align: inherit\"><span style=\"vertical-align: inherit\"><span style=\"vertical-align: inherit\"><span style=\"vertical-align: inherit\"><span style=\"vertical-align: inherit\">Hochwertige Inhaltsstoffe: <\/span><\/span><\/span><\/span><\/span><\/span><\/span><\/span><\/b><span style=\"font-weight: 400\"><span style=\"vertical-align: inherit\"><span style=\"vertical-align: inherit\"><span style=\"vertical-align: inherit\"><span style=\"vertical-align: inherit\"><span style=\"vertical-align: inherit\"><span style=\"vertical-align: inherit\"><span style=\"vertical-align: inherit\"><span style=\"vertical-align: inherit\">Die Produkte von Martina Otte Cosmetics\u00ae sind mit hochwertigen Inhaltsstoffen formuliert, die Ihre Haut pflegen und sch\u00fctzen.<\/span><\/span><\/span><\/span><\/span><\/span><\/span><\/span><\/span><\/li>\n<li style=\"font-weight: 400\"><b><span style=\"vertical-align: inherit\"><span style=\"vertical-align: inherit\"><span style=\"vertical-align: inherit\"><span style=\"vertical-align: inherit\"><span style=\"vertical-align: inherit\"><span style=\"vertical-align: inherit\"><span style=\"vertical-align: inherit\"><span style=\"vertical-align: inherit\">Individuelle Beratung: <\/span><\/span><\/span><\/span><\/span><\/span><\/span><\/span><\/b><span style=\"font-weight: 400\"><span style=\"vertical-align: inherit\"><span style=\"vertical-align: inherit\"><span style=\"vertical-align: inherit\"><span style=\"vertical-align: inherit\"><span style=\"vertical-align: inherit\"><span style=\"vertical-align: inherit\"><span style=\"vertical-align: inherit\"><span style=\"vertical-align: inherit\">Martina Otte Cosmetics\u00ae bietet eine individuelle Beratung, um Ihnen bei der Auswahl der richtigen Produkte zu helfen. Schreiben Sie einfach gerne eine E-Mail und genie\u00dfen Sie eine individuelle Beratung.\u00a0<\/span><\/span><\/span><\/span><\/span><\/span><\/span><\/span><\/span><\/li>\n<\/ul>\n<h2><b><span style=\"vertical-align: inherit\"><span style=\"vertical-align: inherit\"><span style=\"vertical-align: inherit\"><span style=\"vertical-align: inherit\"><span style=\"vertical-align: inherit\"><span style=\"vertical-align: inherit\"><span style=\"vertical-align: inherit\"><span style=\"vertical-align: inherit\">Fresh Feeling Contouring Powder: Ein Hauch von Frische f\u00fcr deine Haut<\/span><\/span><\/span><\/span><\/span><\/span><\/span><\/span><\/b><\/h2>\n<p><b><span style=\"vertical-align: inherit\"><span style=\"vertical-align: inherit\"><span style=\"vertical-align: inherit\"><span style=\"vertical-align: inherit\"><span style=\"vertical-align: inherit\"><span style=\"vertical-align: inherit\"><span style=\"vertical-align: inherit\"><span style=\"vertical-align: inherit\">Leichte Textur, nat\u00fcrliche Ergebnisse<\/span><\/span><\/span><\/span><\/span><\/span><\/span><\/span><\/b><\/p>\n<p><span style=\"font-weight: 400\"><span style=\"vertical-align: inherit\"><span style=\"vertical-align: inherit\"><span style=\"vertical-align: inherit\"><span style=\"vertical-align: inherit\"><span style=\"vertical-align: inherit\"><span style=\"vertical-align: inherit\"><span style=\"vertical-align: inherit\"><span style=\"vertical-align: inherit\">Unser <\/span><\/span><\/span><\/span><\/span><\/span><\/span><\/span><\/span><b><span style=\"vertical-align: inherit\"><span style=\"vertical-align: inherit\"><span style=\"vertical-align: inherit\"><span style=\"vertical-align: inherit\"><span style=\"vertical-align: inherit\"><span style=\"vertical-align: inherit\"><span style=\"vertical-align: inherit\"><span style=\"vertical-align: inherit\">Fresh Feeling Contouring Powder <\/span><\/span><\/span><\/span><\/span><\/span><\/span><\/span><\/b><span style=\"font-weight: 400\"><span style=\"vertical-align: inherit\"><span style=\"vertical-align: inherit\"><span style=\"vertical-align: inherit\"><span style=\"vertical-align: inherit\"><span style=\"vertical-align: inherit\"><span style=\"vertical-align: inherit\"><span style=\"vertical-align: inherit\"><span style=\"vertical-align: inherit\">verleiht deinem Teint einen frischen und strahlenden Look. Die leichte, pudrige Textur l\u00e4sst sich m\u00fchelos auftragen und verblenden, um ein nat\u00fcrliches, makelloses Finish zu erzielen.<\/span><\/span><\/span><\/span><\/span><\/span><\/span><\/span><\/span><\/p>\n<p><b><span style=\"vertical-align: inherit\"><span style=\"vertical-align: inherit\"><span style=\"vertical-align: inherit\"><span style=\"vertical-align: inherit\"><span style=\"vertical-align: inherit\"><span style=\"vertical-align: inherit\"><span style=\"vertical-align: inherit\"><span style=\"vertical-align: inherit\">Warum du es liebst wirst:<\/span><\/span><\/span><\/span><\/span><\/span><\/span><\/span><\/b><\/p>\n<ul>\n<li style=\"font-weight: 400\"><b><span style=\"vertical-align: inherit\"><span style=\"vertical-align: inherit\"><span style=\"vertical-align: inherit\"><span style=\"vertical-align: inherit\"><span style=\"vertical-align: inherit\"><span style=\"vertical-align: inherit\"><span style=\"vertical-align: inherit\"><span style=\"vertical-align: inherit\">Leichte Textur: <\/span><\/span><\/span><\/span><\/span><\/span><\/span><\/span><\/b><span style=\"font-weight: 400\"><span style=\"vertical-align: inherit\"><span style=\"vertical-align: inherit\"><span style=\"vertical-align: inherit\"><span style=\"vertical-align: inherit\"><span style=\"vertical-align: inherit\"><span style=\"vertical-align: inherit\"><span style=\"vertical-align: inherit\"><span style=\"vertical-align: inherit\">F\u00fchlt sich angenehm leicht auf der Haut an und verstopft keine Poren.<\/span><\/span><\/span><\/span><\/span><\/span><\/span><\/span><\/span><\/li>\n<li style=\"font-weight: 400\"><b><span style=\"vertical-align: inherit\"><span style=\"vertical-align: inherit\"><span style=\"vertical-align: inherit\"><span style=\"vertical-align: inherit\"><span style=\"vertical-align: inherit\"><span style=\"vertical-align: inherit\"><span style=\"vertical-align: inherit\"><span style=\"vertical-align: inherit\">Nat\u00fcrliche Ergebnisse: <\/span><\/span><\/span><\/span><\/span><\/span><\/span><\/span><\/b><span style=\"font-weight: 400\"><span style=\"vertical-align: inherit\"><span style=\"vertical-align: inherit\"><span style=\"vertical-align: inherit\"><span style=\"vertical-align: inherit\"><span style=\"vertical-align: inherit\"><span style=\"vertical-align: inherit\"><span style=\"vertical-align: inherit\"><span style=\"vertical-align: inherit\">Die zarten Materialien passen perfekt zu deinem Hautton.<\/span><\/span><\/span><\/span><\/span><\/span><\/span><\/span><\/span><\/li>\n<li style=\"font-weight: 400\"><b><span style=\"vertical-align: inherit\"><span style=\"vertical-align: inherit\"><span style=\"vertical-align: inherit\"><span style=\"vertical-align: inherit\"><span style=\"vertical-align: inherit\"><span style=\"vertical-align: inherit\"><span style=\"vertical-align: inherit\"><span style=\"vertical-align: inherit\">Langanhaltender Halt: <\/span><\/span><\/span><\/span><\/span><\/span><\/span><\/span><\/b><span style=\"font-weight: 400\"><span style=\"vertical-align: inherit\"><span style=\"vertical-align: inherit\"><span style=\"vertical-align: inherit\"><span style=\"vertical-align: inherit\"><span style=\"vertical-align: inherit\"><span style=\"vertical-align: inherit\"><span style=\"vertical-align: inherit\"><span style=\"vertical-align: inherit\">Dein Make-up bleibt den ganzen Tag frisch und makellos.<\/span><\/span><\/span><\/span><\/span><\/span><\/span><\/span><\/span><\/li>\n<li style=\"font-weight: 400\"><b><span style=\"vertical-align: inherit\"><span style=\"vertical-align: inherit\"><span style=\"vertical-align: inherit\"><span style=\"vertical-align: inherit\"><span style=\"vertical-align: inherit\"><span style=\"vertical-align: inherit\"><span style=\"vertical-align: inherit\"><span style=\"vertical-align: inherit\">Einfach anzuwenden: <\/span><\/span><\/span><\/span><\/span><\/span><\/span><\/span><\/b><span style=\"font-weight: 400\"><span style=\"vertical-align: inherit\"><span style=\"vertical-align: inherit\"><span style=\"vertical-align: inherit\"><span style=\"vertical-align: inherit\"><span style=\"vertical-align: inherit\"><span style=\"vertical-align: inherit\"><span style=\"vertical-align: inherit\"><span style=\"vertical-align: inherit\">Die intuitive Anwendung erm\u00f6glicht ein professionelles Ergebnis.<\/span><\/span><\/span><\/span><\/span><\/span><\/span><\/span><\/span><\/li>\n<\/ul>\n<p><b><span style=\"vertical-align: inherit\"><span style=\"vertical-align: inherit\"><span style=\"vertical-align: inherit\"><span style=\"vertical-align: inherit\"><span style=\"vertical-align: inherit\"><span style=\"vertical-align: inherit\"><span style=\"vertical-align: inherit\"><span style=\"vertical-align: inherit\">Dein Geheimnis f\u00fcr einen strahlenden Teint.<\/span><\/span><\/span><\/span><\/span><\/span><\/span><\/span><\/b><\/p>\n<p><span style=\"font-weight: 400\"><span style=\"vertical-align: inherit\"><span style=\"vertical-align: inherit\"><span style=\"vertical-align: inherit\"><span style=\"vertical-align: inherit\"><span style=\"vertical-align: inherit\"><span style=\"vertical-align: inherit\"><span style=\"vertical-align: inherit\"><span style=\"vertical-align: inherit\">Mit unserem Fresh Feeling Contouring Powder von Martina Otte Cosmetics\u00ae kannst du deine Gesichtsz\u00fcge ganz einfach betonen und deinem Look mehr Tiefe verleihen. Die seidige Textur l\u00e4sst sich leicht auftragen und verblenden, ohne zu beschweren.<\/span><\/span><\/span><\/span><\/span><\/span><\/span><\/span><\/span><\/p>","protected":false},"featured_media":96586,"template":"","meta":{"footnotes":""},"product_brand":[],"product_cat":[821,80,384,386],"product_tag":[149,174,743,529,111,379,870,398,525],"class_list":{"0":"post-96578","1":"product","2":"type-product","3":"status-publish","4":"has-post-thumbnail","6":"product_cat-beauty","7":"product_cat-beauty-health-supplements","8":"product_cat-cosmetics","9":"product_cat-skin-care","10":"product_tag-anti-aging","11":"product_tag-anti-inflammatory","12":"product_tag-beauty","13":"product_tag-breathable","14":"product_tag-care","15":"product_tag-inspiration","16":"product_tag-optimiere-deine-gesichtszuge-contouring-made-easy-fresh-feeling-bp1","17":"product_tag-unique","18":"product_tag-womens","19":"product_shipping_class-shipping-class-4","20":"has-subscription-plans","22":"first","23":"instock","24":"sale","25":"taxable","26":"shipping-taxable","27":"purchasable","28":"product-type-simple"},"bundled_by":[],"bundle_stock_status":"instock","bundle_stock_quantity":null,"bundle_virtual":false,"bundle_layout":"","bundle_add_to_cart_form_location":"","bundle_editable_in_cart":false,"bundle_sold_individually_context":"","bundle_item_grouping":"","bundle_min_size":"","bundle_max_size":"","bundle_price":[],"bundled_items":[],"bundle_sell_ids":[],"group_of_quantity":0,"min_quantity":0,"max_quantity":"","exclude_order_quantity_value_rules":"no","exclude_category_quantity_rules":"no","combine_variations":"no","_links":{"self":[{"href":"https:\/\/2024.shoply.com\/it\/wp-json\/wp\/v2\/product\/96578","targetHints":{"allow":["GET"]}}],"collection":[{"href":"https:\/\/2024.shoply.com\/it\/wp-json\/wp\/v2\/product"}],"about":[{"href":"https:\/\/2024.shoply.com\/it\/wp-json\/wp\/v2\/types\/product"}],"version-history":[{"count":2,"href":"https:\/\/2024.shoply.com\/it\/wp-json\/wp\/v2\/product\/96578\/revisions"}],"predecessor-version":[{"id":147625,"href":"https:\/\/2024.shoply.com\/it\/wp-json\/wp\/v2\/product\/96578\/revisions\/147625"}],"wp:featuredmedia":[{"embeddable":true,"href":"https:\/\/2024.shoply.com\/it\/wp-json\/wp\/v2\/media\/96586"}],"wp:attachment":[{"href":"https:\/\/2024.shoply.com\/it\/wp-json\/wp\/v2\/media?parent=96578"}],"wp:term":[{"taxonomy":"product_brand","embeddable":true,"href":"https:\/\/2024.shoply.com\/it\/wp-json\/wp\/v2\/product_brand?post=96578"},{"taxonomy":"product_cat","embeddable":true,"href":"https:\/\/2024.shoply.com\/it\/wp-json\/wp\/v2\/product_cat?post=96578"},{"taxonomy":"product_tag","embeddable":true,"href":"https:\/\/2024.shoply.com\/it\/wp-json\/wp\/v2\/product_tag?post=96578"}],"curies":[{"name":"wp","href":"https:\/\/api.w.org\/{rel}","templated":true}]}}