{"id":96308,"date":"2024-11-25T03:47:45","date_gmt":"2024-11-25T08:47:45","guid":{"rendered":"https:\/\/shoply.com\/?post_type=product&#038;p=96308"},"modified":"2025-02-26T12:47:34","modified_gmt":"2025-02-26T17:47:34","slug":"perfektes-make-up-in-einer-minute-no-3","status":"publish","type":"product","link":"https:\/\/2024.shoply.com\/ja\/product\/perfektes-make-up-in-einer-minute-no-3\/","title":{"rendered":"\u5206\u3067\u5b8c\u74a7\u306a\u30e1\u30a4\u30af\u30a2\u30c3\u30d7\uff01No.3"},"content":{"rendered":"<div class=\"product-details__product-attributes\">\n<p>&nbsp;<\/p>\n<p>&nbsp;<\/p>\n<div class=\"details-product-attribute\"><span class=\"details-product-attribute__title\"><span style=\"vertical-align: inherit\"><span style=\"vertical-align: inherit\"><span style=\"vertical-align: inherit\"><span style=\"vertical-align: inherit\">\u30de\u30eb\u30b1\u00a0 <\/span><\/span><\/span><\/span><\/span><span class=\"details-product-attribute__value\"><span style=\"vertical-align: inherit\"><span style=\"vertical-align: inherit\"><span style=\"vertical-align: inherit\"><span style=\"vertical-align: inherit\">\u30de\u30eb\u30c6\u30a3\u30ca\u30fb\u30aa\u30c3\u30c6\u5316\u7ca7\u54c1<\/span><\/span><\/span><\/span><\/span><\/div>\n<\/div>\n<div id=\"productDescription\" class=\"product-details__product-description\">\n<div><span style=\"vertical-align: inherit\"><span style=\"vertical-align: inherit\"><span style=\"vertical-align: inherit\"><span style=\"vertical-align: inherit\">Verwandeln Sie Ihre Haut in Sekunden! Die All Cover up Foundation No.3 Sanddust von Martina Otte Cosmetics\u00ae bietet eine revolution\u00e4re Formel, die speziell f\u00fcr Gesicht und K\u00f6rper entwickelt wurde und Ihnen ein makelloses Aussehen verleiht. Diese wasserfeste Foundation mit hoher Deckkraft ben\u00f6tigt nur eine kleine Menge zur Anwendung und ersetzt gleichzeitig Ihren Concealer und Puder. Unregelm\u00e4\u00dfigkeiten werden sanft ausgeglichen und leichte Linien sowie F\u00e4ltchen weichgezeichnet. Mit dem Liftingeffekt wird Ihre Haut zus\u00e4tzlich gestrafft, w\u00e4hrend ein SPF50 Schutz vor sch\u00e4dlicher Sonneneinstrahlung bietet. Ideal f\u00fcr leicht gebr\u00e4unte Haut mit einem r\u00f6tlichen Unterton. \u00dcberzeugen Sie sich selbst von der pflegenden und samtenen Textur unserer Sanddust Foundation, die Ihre nat\u00fcrliche Sch\u00f6nheit perfekt zur Geltung bringt. Make-up und Pflege verleihen Ihnen einen strahlenden und frischen Teint. Durch die wasserfeste Konsistenz ist das Make-up wischfest und h\u00e4lt 24h, ohne abzuf\u00e4rben. Durch das Hybrid Make up, das Pflege und Grundierung vereint, brauchen Sie keinen Concealer und Puder mehr. Hohe Deckkraft und Ergiebigkeit f\u00fcr ein Pflege- und Make-up-Highlight der Extraklasse. Perfekt grundiert durch hohe Deckkraft. Die atmungsaktive Hybrid Foundation mit Pflege verleiht Ihnen ein junges und frisches Aussehen.<\/span><\/span><\/span><\/span><\/div>\n<\/div>\n<div><\/div>\n<div>\n<p><span style=\"font-weight: 400\">\u539f\u6750\u6599<\/span><\/p>\n<p><span style=\"font-weight: 400\">\u6c34\uff08\u30a2\u30af\u30a2\uff09\u3001\u30b7\u30af\u30ed\u30da\u30f3\u30bf\u30b7\u30ed\u30ad\u30b5\u30f3\u3001\u30d3\u30fc\u30ef\u30c3\u30af\u30b9\uff08Cera Alba\uff09\u3001\u30b9\u30c6\u30a2\u30ea\u30eb\u30b8\u30e1\u30c1\u30b3\u30f3\u3001\u30a4\u30bd\u30c9\u30c7\u30ab\u30f3\u3001\u30a8\u30c1\u30eb\u30d8\u30ad\u30b5\u30f3\u9178\u30bb\u30c1\u30eb\u3001\u30de\u30a4\u30af\u30ed\u30af\u30ea\u30b9\u30bf\u30ea\u30f3\u30ef\u30c3\u30af\u30b9\uff08Crea Microcristal-lina\uff09\u3001\u30bb\u30ea\u30ebPEG\/PPG-10\/1\u30b8\u30e1\u30c1\u30b3\u30f3\u3001\u30e9\u30a6\u30ea\u30f3\u9178\u30b0\u30ea\u30bb\u30ea\u30eb\u3001\u30de\u30a4\u30ab\u3001\u30b8\u30b9\u30c6\u30a2\u30eb\u30b8\u30e2\u30cb\u30a6\u30e0\u3001\u30d8\u30af\u30c8\u30e9\u30a4\u30c8\u3001\u30e1\u30c1\u30eb\u30d1\u30e9\u30d9\u30f3\u3001\u30a8\u30c1\u30eb\u30d1\u30e9\u30d9\u30f3\u3001\u30d6\u30c1\u30eb\u30d1\u30e9\u30d9\u30f3\u3001\u9162\u9178\u30c8\u30b3\u30d5\u30a7\u30ed\u30fc\u30eb\u3001\u30d1\u30eb\u30df\u30c1\u30f3\u9178\u30a2\u30b9\u30b3\u30eb\u30d3\u30eb\u3001\u30ab\u30e2\u30df\u30e9\u30a8\u30ad\u30b9\u3001\u30d2\u30a2\u30eb\u30ed\u30f3\u9178\u30ca\u30c8\u30ea\u30a6\u30e0\u3001\u4ee5\u4e0b\u3092\u542b\u3080\uff0f\u542b\u307e\u306a\u3044\u5834\u5408\u304c\u3042\u308a\u307e\u3059\uff1a\u9178\u5316\u9244 (CI 177491, CI 177492, CI 177499), \u9178\u5316\u30c1\u30bf\u30f3 (CI 177891) \u7121\u6dfb\u52a0<\/span><\/p>\n<\/div>","protected":false},"excerpt":{"rendered":"<ul>\n<li style=\"font-weight: 400\"><span style=\"font-weight: 400\"><span style=\"vertical-align: inherit\"><span style=\"vertical-align: inherit\"><span style=\"vertical-align: inherit\"><span style=\"vertical-align: inherit\">\u30de\u30eb\u30c6\u30a3\u30ca\u30fb\u30aa\u30c3\u30c6\u5316\u7ca7\u54c1\u00ae\u3067\u3001\u5316\u7ca7\u3068\u7f8e\u5bb9\u306e\u5171\u751f\u3092\u4f53\u9a13\u3057\u3066\u304f\u3060\u3055\u3044\u3002<\/span><\/span><\/span><\/span><\/span><\/li>\n<li style=\"font-weight: 400\"><span style=\"font-weight: 400\"><span style=\"vertical-align: inherit\"><span style=\"vertical-align: inherit\"><span style=\"vertical-align: inherit\"><span style=\"vertical-align: inherit\">\u3042\u3089\u3086\u308b\u30b7\u30fc\u30f3\u3067\u6d3b\u8e8d\u3059\u308b\u3001\u307e\u3055\u306b\u7406\u60f3\u306e\u30d9\u30d3\u30fc\u30ab\u30fc\uff1a\u30ef\u30c3\u30b5\u30fc\u30d5\u30a7\u30b9\u30c8\u3001\u30ea\u30e9\u30c3\u30af\u30b9\u3001\u30a2\u30f3\u30c1\u30a8\u30a4\u30b8\u30f3\u30b0\u3002<\/span><\/span><\/span><\/span><\/span><\/li>\n<li style=\"font-weight: 400\"><span style=\"font-weight: 400\"><span style=\"vertical-align: inherit\"><span style=\"vertical-align: inherit\"><span style=\"vertical-align: inherit\"><span style=\"vertical-align: inherit\">\u30de\u30eb\u30c6\u30a3\u30ca\u30fb\u30aa\u30c3\u30c6\u5316\u7ca7\u54c1\u00ae\u306f\u3001\u3042\u306a\u305f\u306e\u30cf\u30fc\u30c8\u3092\u5f15\u304d\u7de0\u3081\u3001\u7f8e\u3057\u304f\u898b\u305b\u308b\u305f\u3081\u306e\u3001\u9ad8\u54c1\u8cea\u3067\u52b9\u679c\u7684\u306a\u30d5\u30a1\u30f3\u30c7\u30fc\u30b7\u30e7\u30f3\u3092\u63d0\u4f9b\u3057\u307e\u3059\u3002<\/span><\/span><\/span><\/span><\/span><\/li>\n<li style=\"font-weight: 400\"><span style=\"font-weight: 400\"><span style=\"vertical-align: inherit\"><span style=\"vertical-align: inherit\"><span style=\"vertical-align: inherit\"><span style=\"vertical-align: inherit\">\u73fe\u4ee3\u5973\u6027\u306e\u305f\u3081\u306b\u958b\u767a\u3055\u308c\u305f\u9769\u65b0\u7684\u306a\u30cf\u30a4\u30d6\u30ea\u30c3\u30c9\u30e1\u30a4\u30af\u30a2\u30c3\u30d7\u3067\u3001\u6642\u9593\u3092\u7bc0\u7d04\u3057\u3001\u7f8e\u3057\u304f\u306a\u308a\u307e\u3057\u3087\u3046\u3002<\/span><\/span><\/span><\/span><\/span><\/li>\n<li>\n<h2><b><span style=\"vertical-align: inherit\"><span style=\"vertical-align: inherit\">Martina Otte Cosmetics\u00ae\u306e\u30cf\u30a4\u30d6\u30ea\u30c3\u30c9\u30e1\u30a4\u30af\uff1a\u7f8e\u3068\u8272\u306e\u5b8c\u74a7\u306a\u878d\u5408<\/span><\/span><\/b><\/h2>\n<p><b><span style=\"vertical-align: inherit\"><span style=\"vertical-align: inherit\">\u30cf\u30a4\u30d6\u30ea\u30c3\u30c9\u30e1\u30a4\u30af\u3068\u306f\u4f55\u304b\uff1f<\/span><\/span><\/b><\/p>\n<p><span style=\"font-weight: 400\"><span style=\"vertical-align: inherit\"><span style=\"vertical-align: inherit\">\u7f8e\u5bb9\u3068\u30e1\u30a4\u30af\u30a2\u30c3\u30d7\u3092\u3072\u3068\u3064\u306e\u88fd\u54c1\u306b\u5909\u63db\u3059\u308b\u3002\u305d\u308c\u304c\u30cf\u30a4\u30d6\u30ea\u30c3\u30c9\u30fb\u30e1\u30a4\u30af\u30a2\u30c3\u30d7\u3067\u3059\u3002\u9769\u65b0\u7684\u306a\u30e1\u30fc\u30af\u30a2\u30c3\u30d7\u306e\u9577\u6240\u3068\u30e1\u30a4\u30af\u30a2\u30c3\u30d7\u306e\u9577\u6240\u3092\u7d44\u307f\u5408\u308f\u305b\u305f\u3082\u306e\u3067\u3059\u3002\u305d\u306e\u7d50\u679c\u306f\uff1f\u7f8e\u3057\u3044\u4ed5\u4e0a\u304c\u308a\u3067\u3001\u900f\u660e\u611f\u304c\u969b\u7acb\u3061\u307e\u3059\u3002<\/span><\/span><\/span><\/p>\n<p><b><span style=\"vertical-align: inherit\"><span style=\"vertical-align: inherit\">\u30de\u30eb\u30c6\u30a3\u30ca\u30fb\u30aa\u30c3\u30c6\u5316\u7ca7\u54c1\u00ae\u306e\u30cf\u30a4\u30d6\u30ea\u30c3\u30c9\u30fb\u30e1\u30a4\u30af\u30a2\u30c3\u30d7\u306f\u3069\u306e\u3088\u3046\u306a\u3082\u306e\u3067\u3059\u304b\uff1f<\/span><\/span><\/b><\/p>\n<p><span style=\"font-weight: 400\"><span style=\"vertical-align: inherit\"><span style=\"vertical-align: inherit\"><span style=\"vertical-align: inherit\"><span style=\"vertical-align: inherit\">Martina Otte Cosmetics\u00ae\u306e\u30cf\u30a4\u30d6\u30ea\u30c3\u30c9\u88fd\u54c1\u306f\u3001\u5358\u306b\u8272\u3092\u5909\u3048\u308b\u3060\u3051\u3067\u306a\u304f\u3001\u8db3\u3092\u5f15\u304d\u7de0\u3081\u305f\u308a\u3001\u3064\u3084\u3084\u304b\u306b\u3057\u305f\u308a\u3059\u308b\u3053\u3068\u304c\u3067\u304d\u307e\u3059\u3002\u3053\u3053\u306b\u3001\u3042\u306a\u305f\u304c\u5f97\u308b\u3053\u3068\u306e\u3067\u304d\u308b\u3044\u304f\u3064\u304b\u306e\u5229\u70b9\u304c\u3042\u308a\u307e\u3059\uff1a<\/span><\/span><\/span><\/span><\/span><\/p>\n<ul>\n<li style=\"font-weight: 400\"><b><span style=\"vertical-align: inherit\"><span style=\"vertical-align: inherit\"><span style=\"vertical-align: inherit\"><span style=\"vertical-align: inherit\"><span style=\"vertical-align: inherit\"><span style=\"vertical-align: inherit\">\u5b8c\u74a7\u306a\u30c7\u30c3\u30ad\u30af\u30e9\u30d5\u30c8\uff1a <\/span><\/span><\/span><\/span><\/span><\/span><\/b><span style=\"font-weight: 400\"><span style=\"vertical-align: inherit\"><span style=\"vertical-align: inherit\"><span style=\"vertical-align: inherit\"><span style=\"vertical-align: inherit\"><span style=\"vertical-align: inherit\"><span style=\"vertical-align: inherit\">\u79c1\u3069\u3082\u306e\u30cf\u30a4\u30d6\u30ea\u30c3\u30c9\u88fd\u54c1\u306f\u3001\u8efd\u5ea6\u306e\u786c\u3055\u3067\u3042\u308c\u3001\u5b8c\u5168\u306a\u786c\u3055\u3067\u3042\u308c\u3001\u304a\u5ba2\u69d8\u306e\u3054\u5e0c\u671b\u306b\u6cbf\u3044\u3001\u51f9\u51f8\u3084\u6b6a\u307f\u3001\u6b6a\u307f\u3092\u89e3\u6d88\u3057\u307e\u3059\u3002<\/span><\/span><\/span><\/span><\/span><\/span><\/span><\/li>\n<li style=\"font-weight: 400\"><b><span style=\"vertical-align: inherit\"><span style=\"vertical-align: inherit\"><span style=\"vertical-align: inherit\"><span style=\"vertical-align: inherit\"><span style=\"vertical-align: inherit\"><span style=\"vertical-align: inherit\">\u30a4\u30f3\u30c6\u30f3\u30b7\u30d6\u30fb\u30d5\u30ec\u30c3\u30b8\uff1a <\/span><\/span><\/span><\/span><\/span><\/span><\/b><span style=\"font-weight: 400\"><span style=\"vertical-align: inherit\"><span style=\"vertical-align: inherit\"><span style=\"vertical-align: inherit\"><span style=\"vertical-align: inherit\"><span style=\"vertical-align: inherit\"><span style=\"vertical-align: inherit\">\u30d2\u30a2\u30eb\u30ed\u30f3\u9178\u3001\u30d3\u30bf\u30df\u30f3\u3001\u9178\u5316\u9632\u6b62\u5264\u306a\u3069\u306e\u512a\u308c\u305f\u6210\u5206\u304c\u3001\u982d\u76ae\u306e\u67d4\u8edf\u6027\u3092\u9ad8\u3081\u3001\u808c\u8352\u308c\u3092\u9632\u304e\u3001\u518d\u751f\u3092\u4fc3\u9032\u3057\u307e\u3059\u3002<\/span><\/span><\/span><\/span><\/span><\/span><\/span><\/li>\n<li style=\"font-weight: 400\"><b><span style=\"vertical-align: inherit\"><span style=\"vertical-align: inherit\"><span style=\"vertical-align: inherit\"><span style=\"vertical-align: inherit\"><span style=\"vertical-align: inherit\"><span style=\"vertical-align: inherit\"><span style=\"vertical-align: inherit\"><span style=\"vertical-align: inherit\">\u81ea\u7136\u306a\u4ed5\u4e0a\u304c\u308a\uff1a <\/span><\/span><\/span><\/span><\/span><\/span><\/span><\/span><\/b><span style=\"font-weight: 400\"><span style=\"vertical-align: inherit\"><span style=\"vertical-align: inherit\"><span style=\"vertical-align: inherit\"><span style=\"vertical-align: inherit\"><span style=\"vertical-align: inherit\"><span style=\"vertical-align: inherit\"><span style=\"vertical-align: inherit\"><span style=\"vertical-align: inherit\">\u79c1\u305f\u3061\u306e\u30cf\u30a4\u30d6\u30ea\u30c3\u30c9\u88fd\u54c1\u306f\u3001\u3042\u306a\u305f\u304c\u30e1\u30a4\u30af\u30a2\u30c3\u30d7\u3092\u3057\u306a\u3044\u306e\u3068\u540c\u3058\u3088\u3046\u306b\u3001\u81ea\u7136\u3067\u7f8e\u3057\u3044\u4ed5\u4e0a\u304c\u308a\u3092\u3082\u305f\u3089\u3057\u307e\u3059\u3002<\/span><\/span><\/span><\/span><\/span><\/span><\/span><\/span><\/span><\/li>\n<li style=\"font-weight: 400\"><b><span style=\"vertical-align: inherit\"><span style=\"vertical-align: inherit\"><span style=\"vertical-align: inherit\"><span style=\"vertical-align: inherit\"><span style=\"vertical-align: inherit\"><span style=\"vertical-align: inherit\"><span style=\"vertical-align: inherit\"><span style=\"vertical-align: inherit\">\u305d\u306e\u52b9\u679c\uff1a <\/span><\/span><\/span><\/span><\/span><\/span><\/span><\/span><\/b><span style=\"font-weight: 400\"><span style=\"vertical-align: inherit\"><span style=\"vertical-align: inherit\"><span style=\"vertical-align: inherit\"><span style=\"vertical-align: inherit\"><span style=\"vertical-align: inherit\"><span style=\"vertical-align: inherit\"><span style=\"vertical-align: inherit\"><span style=\"vertical-align: inherit\">\u3053\u306e\u83ef\u3084\u304b\u3067\u7f8e\u3057\u3044\u8272\u5f69\u3067\u3001\u4e00\u65e5\u3092\u697d\u3057\u3093\u3067\u304f\u3060\u3055\u3044\u3002<\/span><\/span><\/span><\/span><\/span><\/span><\/span><\/span><\/span><\/li>\n<li style=\"font-weight: 400\"><b><span style=\"vertical-align: inherit\"><span style=\"vertical-align: inherit\"><span style=\"vertical-align: inherit\"><span style=\"vertical-align: inherit\"><span style=\"vertical-align: inherit\"><span style=\"vertical-align: inherit\"><span style=\"vertical-align: inherit\"><span style=\"vertical-align: inherit\">\u30de\u30eb\u30c1\u30d5\u30a1\u30f3\u30af\u30b7\u30e7\u30f3\u30a2\u30d7\u30ea\u30b1\u30fc\u30b7\u30e7\u30f3\uff1a <\/span><\/span><\/span><\/span><\/span><\/span><\/span><\/span><\/b><span style=\"font-weight: 400\"><span style=\"vertical-align: inherit\"><span style=\"vertical-align: inherit\"><span style=\"vertical-align: inherit\"><span style=\"vertical-align: inherit\"><span style=\"vertical-align: inherit\"><span style=\"vertical-align: inherit\"><span style=\"vertical-align: inherit\"><span style=\"vertical-align: inherit\">\u5f53\u793e\u306e\u30cf\u30a4\u30d6\u30ea\u30c3\u30c9\u88fd\u54c1\u306e\u591a\u304f\u306f\u3001\u30d5\u30a1\u30f3\u30c7\u30fc\u30b7\u30e7\u30f3\u3084\u30b3\u30f3\u30b7\u30fc\u30e9\u30fc\u3068\u3057\u3066\u3060\u3051\u3067\u306a\u304f\u3001\u5fae\u7c92\u5b50\u30af\u30ea\u30fc\u30e0\u3068\u3057\u3066\u3082\u304a\u4f7f\u3044\u3044\u305f\u3060\u3051\u307e\u3059\u3002<\/span><\/span><\/span><\/span><\/span><\/span><\/span><\/span><\/span><\/li>\n<\/ul>\n<p><b><span style=\"vertical-align: inherit\"><span style=\"vertical-align: inherit\"><span style=\"vertical-align: inherit\"><span style=\"vertical-align: inherit\"><span style=\"vertical-align: inherit\"><span style=\"vertical-align: inherit\"><span style=\"vertical-align: inherit\"><span style=\"vertical-align: inherit\">\u30de\u30eb\u30c6\u30a3\u30ca\u30fb\u30aa\u30c3\u30c6\u5316\u7ca7\u54c1\u00ae\u306e\u30cf\u30a4\u30d6\u30ea\u30c3\u30c9\u30e1\u30a4\u30af\u3068\u306f\uff1f<\/span><\/span><\/span><\/span><\/span><\/span><\/span><\/span><\/b><\/p>\n<ul>\n<li style=\"font-weight: 400\"><b><span style=\"vertical-align: inherit\"><span style=\"vertical-align: inherit\"><span style=\"vertical-align: inherit\"><span style=\"vertical-align: inherit\"><span style=\"vertical-align: inherit\"><span style=\"vertical-align: inherit\"><span style=\"vertical-align: inherit\"><span style=\"vertical-align: inherit\">\u500b\u5225\u5bfe\u5fdc\uff1a <\/span><\/span><\/span><\/span><\/span><\/span><\/span><\/span><\/b><span style=\"font-weight: 400\"><span style=\"vertical-align: inherit\"><span style=\"vertical-align: inherit\"><span style=\"vertical-align: inherit\"><span style=\"vertical-align: inherit\"><span style=\"vertical-align: inherit\"><span style=\"vertical-align: inherit\"><span style=\"vertical-align: inherit\"><span style=\"vertical-align: inherit\">\u79c1\u305f\u3061\u306f\u3001\u3042\u3089\u3086\u308b\u30bf\u30a4\u30d7\u3001\u3042\u3089\u3086\u308b\u3054\u8981\u671b\u306e\u30cf\u30a4\u30d6\u30ea\u30c3\u30c9\u88fd\u54c1\u3092\u8c4a\u5bcc\u306b\u53d6\u308a\u63c3\u3048\u3066\u3044\u307e\u3059\u3002<\/span><\/span><\/span><\/span><\/span><\/span><\/span><\/span><\/span><\/li>\n<li style=\"font-weight: 400\"><b><span style=\"vertical-align: inherit\"><span style=\"vertical-align: inherit\"><span style=\"vertical-align: inherit\"><span style=\"vertical-align: inherit\"><span style=\"vertical-align: inherit\"><span style=\"vertical-align: inherit\"><span style=\"vertical-align: inherit\"><span style=\"vertical-align: inherit\">\u6700\u9ad8\u306e\u54c1\u8cea\uff1a <\/span><\/span><\/span><\/span><\/span><\/span><\/span><\/span><\/b><span style=\"font-weight: 400\"><span style=\"vertical-align: inherit\"><span style=\"vertical-align: inherit\"><span style=\"vertical-align: inherit\"><span style=\"vertical-align: inherit\"><span style=\"vertical-align: inherit\"><span style=\"vertical-align: inherit\"><span style=\"vertical-align: inherit\"><span style=\"vertical-align: inherit\">\u5f53\u793e\u306e\u88fd\u54c1\u306f\u3001\u9ad8\u7d14\u5ea6\u3001\u9ad8\u7d14\u5ea6\u3001\u9ad8\u7d14\u5ea6\u5316\u5b66\u7269\u8cea\u3092\u4f7f\u7528\u3057\u3066\u3044\u307e\u3059\u3002<\/span><\/span><\/span><\/span><\/span><\/span><\/span><\/span><\/span><\/li>\n<\/ul>\n<p><span style=\"font-weight: 400\"><span style=\"vertical-align: inherit\"><span style=\"vertical-align: inherit\"><span style=\"vertical-align: inherit\"><span style=\"vertical-align: inherit\"><span style=\"vertical-align: inherit\"><span style=\"vertical-align: inherit\"><span style=\"vertical-align: inherit\"><span style=\"vertical-align: inherit\">\u30de\u30eb\u30c6\u30a3\u30ca\u30fb\u30aa\u30c3\u30c6\u30fb\u30b3\u30b9\u30e1\u30c6\u30a3\u30c3\u30af\u30b9\u00ae\u306e\u30cf\u30a4\u30d6\u30ea\u30c3\u30c9\u30fb\u30e1\u30a4\u30af\u30a2\u30c3\u30d7\u3067\u3001\u81ea\u5206\u3089\u3057\u3055\u3092\u6f14\u51fa\u3057\u307e\u3057\u3087\u3046\u3002<\/span><\/span><\/span><\/span><\/span><\/span><\/span><\/span><\/span><\/li>\n<\/ul>\n<p>&nbsp;<\/p>","protected":false},"featured_media":147092,"template":"","meta":{"footnotes":""},"product_brand":[],"product_cat":[77],"product_tag":[889,149,174,529,111,592,155,397,480,862],"class_list":{"0":"post-96308","1":"product","2":"type-product","3":"status-publish","4":"has-post-thumbnail","6":"product_cat-uncategorized","7":"product_tag-all-cover-up-foundation-no-3-sanddust-created-by-martina-otte-cosmetics","8":"product_tag-anti-aging","9":"product_tag-anti-inflammatory","10":"product_tag-breathable","11":"product_tag-care","12":"product_tag-high-quality","13":"product_tag-hyaluronic","14":"product_tag-luxury","15":"product_tag-new-arrivals","16":"product_tag-trockene-und-sensible-haut","17":"product_shipping_class-shipping-class-2","18":"has-subscription-plans","20":"first","21":"instock","22":"sale","23":"taxable","24":"shipping-taxable","25":"purchasable","26":"product-type-simple"},"bundled_by":[],"bundle_stock_status":"instock","bundle_stock_quantity":null,"bundle_virtual":false,"bundle_layout":"","bundle_add_to_cart_form_location":"","bundle_editable_in_cart":false,"bundle_sold_individually_context":"","bundle_item_grouping":"","bundle_min_size":"","bundle_max_size":"","bundle_price":[],"bundled_items":[],"bundle_sell_ids":[],"group_of_quantity":0,"min_quantity":0,"max_quantity":"","exclude_order_quantity_value_rules":"no","exclude_category_quantity_rules":"no","combine_variations":"no","_links":{"self":[{"href":"https:\/\/2024.shoply.com\/ja\/wp-json\/wp\/v2\/product\/96308","targetHints":{"allow":["GET"]}}],"collection":[{"href":"https:\/\/2024.shoply.com\/ja\/wp-json\/wp\/v2\/product"}],"about":[{"href":"https:\/\/2024.shoply.com\/ja\/wp-json\/wp\/v2\/types\/product"}],"version-history":[{"count":3,"href":"https:\/\/2024.shoply.com\/ja\/wp-json\/wp\/v2\/product\/96308\/revisions"}],"predecessor-version":[{"id":147094,"href":"https:\/\/2024.shoply.com\/ja\/wp-json\/wp\/v2\/product\/96308\/revisions\/147094"}],"wp:featuredmedia":[{"embeddable":true,"href":"https:\/\/2024.shoply.com\/ja\/wp-json\/wp\/v2\/media\/147092"}],"wp:attachment":[{"href":"https:\/\/2024.shoply.com\/ja\/wp-json\/wp\/v2\/media?parent=96308"}],"wp:term":[{"taxonomy":"product_brand","embeddable":true,"href":"https:\/\/2024.shoply.com\/ja\/wp-json\/wp\/v2\/product_brand?post=96308"},{"taxonomy":"product_cat","embeddable":true,"href":"https:\/\/2024.shoply.com\/ja\/wp-json\/wp\/v2\/product_cat?post=96308"},{"taxonomy":"product_tag","embeddable":true,"href":"https:\/\/2024.shoply.com\/ja\/wp-json\/wp\/v2\/product_tag?post=96308"}],"curies":[{"name":"wp","href":"https:\/\/api.w.org\/{rel}","templated":true}]}}