{"id":94451,"date":"2024-11-25T03:30:01","date_gmt":"2024-11-25T08:30:01","guid":{"rendered":"https:\/\/shoply.com\/?post_type=product&#038;p=94451"},"modified":"2025-02-26T12:45:19","modified_gmt":"2025-02-26T17:45:19","slug":"perfektes-make-up-in-einer-minute-no-2","status":"publish","type":"product","link":"https:\/\/2024.shoply.com\/ko\/product\/perfektes-make-up-in-einer-minute-no-2\/","title":{"rendered":"Perfektes Make up in einer Minute! No.2"},"content":{"rendered":"<div class=\"product-details__product-attributes\"><span style=\"display: inline-block;width: 0px;overflow: hidden;line-height: 0\" class=\"mce_SELRES_start\"><\/span><\/p>\n<p>&nbsp;<\/p>\n<div class=\"details-product-attribute\"><span class=\"details-product-attribute__title\"><span style=\"vertical-align: inherit\"><span style=\"vertical-align: inherit\"><span style=\"vertical-align: inherit\"><span style=\"vertical-align: inherit\"><span style=\"vertical-align: inherit\"><span style=\"vertical-align: inherit\"><span style=\"vertical-align: inherit\"><span style=\"vertical-align: inherit\"><span style=\"vertical-align: inherit\"><span style=\"vertical-align: inherit\"><span style=\"vertical-align: inherit\"><span style=\"vertical-align: inherit\">Marke:\u00a0 <\/span><\/span><\/span><\/span><\/span><\/span><\/span><\/span><\/span><\/span><\/span><\/span><\/span><span class=\"details-product-attribute__value\"><span style=\"vertical-align: inherit\"><span style=\"vertical-align: inherit\"><span style=\"vertical-align: inherit\"><span style=\"vertical-align: inherit\"><span style=\"vertical-align: inherit\"><span style=\"vertical-align: inherit\"><span style=\"vertical-align: inherit\"><span style=\"vertical-align: inherit\"><span style=\"vertical-align: inherit\"><span style=\"vertical-align: inherit\"><span style=\"vertical-align: inherit\"><span style=\"vertical-align: inherit\">\ub9c8\ub974\ud2f0\ub098 \uc624\ud14c \ucf54\uc2a4\uba54\ud2f1\uc2a4\u00ae<\/span><\/span><\/span><\/span><\/span><\/span><\/span><\/span><\/span><\/span><\/span><\/span><\/span><\/div>\n<\/div>\n<div id=\"productDescription\" class=\"product-details__product-description\">\n<div><span style=\"vertical-align: inherit\"><span style=\"vertical-align: inherit\"><span style=\"vertical-align: inherit\"><span style=\"vertical-align: inherit\"><span style=\"vertical-align: inherit\"><span style=\"vertical-align: inherit\"><span style=\"vertical-align: inherit\"><span style=\"vertical-align: inherit\"><span style=\"vertical-align: inherit\"><span style=\"vertical-align: inherit\"><span style=\"vertical-align: inherit\"><span style=\"vertical-align: inherit\">Verwandeln Sie Ihren Look in Sekundenschnelle! Entdecken Sie die \u201eAll Cover up Foundation No.2 Naturel Beige\u201c von Martina Otte Cosmetics\u00ae. Diese hochdeckende, lichtreflektierende Foundation wurde f\u00fcr Gesicht und K\u00f6rper konzipiert und \u00fcberzeugt durch ihre Wasserfestigkeit und das seidige Finish. Eine kleine Menge gen\u00fcgt bereits, um Unebenheiten zu kaschieren, R\u00f6tungen zu neutralisieren und kleine Linien sanft auszugleichen. Genie\u00dfen Sie den zus\u00e4tzlichen Liftingeffekt und den integrierten Sonnenschutz mit LSF50. Das Ergebnis? Ein nat\u00fcrlich perfekter Teint, der gepflegt aussieht und langanhaltend strahlt. Ideal f\u00fcr helle Haut und f\u00fcr alle, die eine effektive L\u00f6sung f\u00fcr ein makelloses Aussehen suchen. Make-up und Pflege verleihen Ihnen einen strahlenden und frischen Teint. Durch die wasserfeste Konsistenz ist das Make-up wischfest und h\u00e4lt 24h, ohne abzuf\u00e4rben. Durch das Hybrid Make up, das Pflege und Grundierung vereint, brauchen Sie keinen Concealer und Puder mehr. Hohe Deckkraft und Ergiebigkeit f\u00fcr ein Pflege- und Make-up-Highlight der Extraklasse. Perfekt grundiert durch hohe Deckkraft. Die atmungsaktive Hybrid Foundation mit Pflege verleiht Ihnen ein junges und frisches Aussehen.<\/span><\/span><\/span><\/span><\/span><\/span><\/span><\/span><\/span><\/span><\/span><\/span><\/div>\n<div>\n<p><span style=\"font-weight: 400\"><span style=\"vertical-align: inherit\"><span style=\"vertical-align: inherit\"><span style=\"vertical-align: inherit\"><span style=\"vertical-align: inherit\">Zutaten:<\/span><\/span><\/span><\/span><\/span><\/p>\n<p><span style=\"font-weight: 400\"><span style=\"vertical-align: inherit\"><span style=\"vertical-align: inherit\"><span style=\"vertical-align: inherit\"><span style=\"vertical-align: inherit\">Wasser (Aqua), Cyclopentasiloxan, Bienenwachs (Cera Alba), Stearyl Dimethicone, Isododecan, Cetyl Ethylhexanoat, mikrokristallines Wachs (Crea Microcristal-lina), Ceryl PEG\/PPG-10\/1 Dimethicone, Glyceryl Laurate, Glimmer, Dis-teardimonium, Hectorit , Methylparaben, Ethylparaben, Butylparaben, Tocopherylacetat, Ascorbylpalmitat, Chamomilla Recutita-Extrakt, Natriumhyaluronat, Kann enthalten\/kann enthalten: Eisenoxide (CI 177491, CI 177492, CI 177499), Titandioxid (CI 177891) ohne Tierversuche<\/span><\/span><\/span><\/span><\/span><\/p>\n<\/div>\n<\/div>","protected":false},"excerpt":{"rendered":"<ul><span style=\"display: inline-block;width: 0px;overflow: hidden;line-height: 0\" class=\"mce_SELRES_start\"><\/span><\/p>\n<li><span style=\"vertical-align: inherit\"><span style=\"vertical-align: inherit\"><span style=\"vertical-align: inherit\"><span style=\"vertical-align: inherit\"><span style=\"vertical-align: inherit\"><span style=\"vertical-align: inherit\"><span style=\"vertical-align: inherit\"><span style=\"vertical-align: inherit\"><span style=\"vertical-align: inherit\"><span style=\"vertical-align: inherit\"><span style=\"vertical-align: inherit\">\ub9c8\ub974\ud2f0\ub098 \uc624\ud14c \ucf54\uc2a4\uba54\ud2f1\uc2a4\u00ae\uc640 \ud568\uaed8 \ud5a5\uc218\uc640 \uba54\uc774\ud06c\uc5c5\uc758 \uacf5\uc0dd\uc744 \uacbd\ud5d8\ud574 \ubcf4\uc138\uc694.<\/span><\/span><\/span><\/span><\/span><\/span><\/span><\/span><\/span><\/span><\/span><\/li>\n<li><span style=\"vertical-align: inherit\"><span style=\"vertical-align: inherit\"><span style=\"vertical-align: inherit\"><span style=\"vertical-align: inherit\"><span style=\"vertical-align: inherit\"><span style=\"vertical-align: inherit\"><span style=\"vertical-align: inherit\"><span style=\"vertical-align: inherit\"><span style=\"vertical-align: inherit\"><span style=\"vertical-align: inherit\"><span style=\"vertical-align: inherit\">\ubaa8\ub4e0 \uc21c\uac04\uc744 \uc704\ud55c \uc644\ubcbd\ud55c \ub3d9\ubc18\uc790: \uc6cc\ud130\ud504\ub8e8\ud504, \uc624\ub798 \uc9c0\uc18d\ub418\ub294 \uc548\ud2f0\uc5d0\uc774\uc9d5 \ud6a8\uacfc.<\/span><\/span><\/span><\/span><\/span><\/span><\/span><\/span><\/span><\/span><\/span><\/li>\n<li><span style=\"vertical-align: inherit\"><span style=\"vertical-align: inherit\"><span style=\"vertical-align: inherit\"><span style=\"vertical-align: inherit\"><span style=\"vertical-align: inherit\"><span style=\"vertical-align: inherit\"><span style=\"vertical-align: inherit\"><span style=\"vertical-align: inherit\"><span style=\"vertical-align: inherit\"><span style=\"vertical-align: inherit\"><span style=\"vertical-align: inherit\">\ub9c8\ub974\ud2f0\ub098 \uc624\ud14c \ucf54\uc2a4\uba54\ud2f1\uc2a4\u00ae\ub294 \ud53c\ubd80\ub97c \ub9e4\ub044\ub7fd\uac8c \uac00\uafb8\ub294 \ub3d9\uc2dc\uc5d0 \ub9e4\ub825\uc801\uc778 \ub8e9\uc744 \uc5f0\ucd9c\ud560 \uc218 \uc788\ub294 \uace0\uac00\uc758 \uae30\ub2a5\uc131 \ud30c\uc6b4\ub370\uc774\uc158\uc744 \uc81c\uacf5\ud569\ub2c8\ub2e4.<\/span><\/span><\/span><\/span><\/span><\/span><\/span><\/span><\/span><\/span><\/span><\/li>\n<li><span style=\"vertical-align: inherit\"><span style=\"vertical-align: inherit\"><span style=\"vertical-align: inherit\"><span style=\"vertical-align: inherit\"><span style=\"vertical-align: inherit\"><span style=\"vertical-align: inherit\"><span style=\"vertical-align: inherit\"><span style=\"vertical-align: inherit\"><span style=\"vertical-align: inherit\"><span style=\"vertical-align: inherit\"><span style=\"vertical-align: inherit\"><span style=\"vertical-align: inherit\">\ud604\ub300 \uc5ec\uc131\uc744 \uc704\ud574 \ud2b9\ubcc4\ud788 \uac1c\ubc1c\ub41c \ud601\uc2e0\uc801\uc778 \ud558\uc774\ube0c\ub9ac\ub4dc \uba54\uc774\ud06c\uc5c5\uc73c\ub85c \uc2dc\uac04\uc744 \uc808\uc57d\ud558\uace0 \uc2dc\uac04\uc744 \uc808\uc57d\ud558\uc138\uc694.<\/span><\/span><\/span><\/span><\/span><\/span><\/span><\/span><\/span><\/span><\/span><\/span><br \/>\n<h2><b><span style=\"vertical-align: inherit\"><span style=\"vertical-align: inherit\"><span style=\"vertical-align: inherit\"><span style=\"vertical-align: inherit\"><span style=\"vertical-align: inherit\"><span style=\"vertical-align: inherit\">\ub9c8\ub974\ud2f0\ub098 \uc624\ud14c \ucf54\uc2a4\uba54\ud2f1\uc2a4\u00ae\uc758 \ud558\uc774\ube0c\ub9ac\ub4dc \uba54\uc774\ud06c\uc5c5: \ud5a5\ub8cc\uc640 \uc0c9\uc18c\uc758 \uc644\ubcbd\ud55c \uacb0\ud569<\/span><\/span><\/span><\/span><\/span><\/span><\/b><\/h2>\n<p><b><span style=\"vertical-align: inherit\"><span style=\"vertical-align: inherit\"><span style=\"vertical-align: inherit\"><span style=\"vertical-align: inherit\"><span style=\"vertical-align: inherit\"><span style=\"vertical-align: inherit\">\ud558\uc774\ube0c\ub9ac\ub4dc \uba54\uc774\ud06c\uc5c5\uc778\uac00\uc694?<\/span><\/span><\/span><\/span><\/span><\/span><\/b><\/p>\n<p><span style=\"font-weight: 400\"><span style=\"vertical-align: inherit\"><span style=\"vertical-align: inherit\"><span style=\"vertical-align: inherit\"><span style=\"vertical-align: inherit\"><span style=\"vertical-align: inherit\"><span style=\"vertical-align: inherit\">\ud5e4\uc5b4\uc640 \uba54\uc774\ud06c\uc5c5\uc744 \ud558\ub098\uc758 \uc81c\ud488\uc73c\ub85c \ud569\uce5c\ub2e4\uace0 \uac00\uc815\ud574 \ubcf4\uc138\uc694. \ubc14\ub85c \uc774\uac83\uc774 \ud558\uc774\ube0c\ub9ac\ub4dc \uba54\uc774\ud06c\uc5c5\uc785\ub2c8\ub2e4. \ud601\uc2e0\uc801\uc778 \ud30c\uc6b4\ub370\uc774\uc158\uc758 \uc7a5\uc810\uacfc \uba54\uc774\ud06c\uc5c5\uc758 \ud654\ub824\ud55c \ud2b9\uc131\uc774 \uacb0\ud569\ub41c \uc81c\ud488\uc785\ub2c8\ub2e4. \uacb0\uacfc\ub294? \uc120\uba85\ud558\uac8c \ubcf4\uc774\ub294 \ub3d9\uc2dc\uc5d0 \ud53c\ubd80 \uacb0\uc810\uc744 \ucee4\ubc84\ud558\ub294 \uc120\uba85\ud55c \uc0c9\uc870.<\/span><\/span><\/span><\/span><\/span><\/span><\/span><\/p>\n<p><b><span style=\"vertical-align: inherit\"><span style=\"vertical-align: inherit\"><span style=\"vertical-align: inherit\"><span style=\"vertical-align: inherit\"><span style=\"vertical-align: inherit\"><span style=\"vertical-align: inherit\">\ub9c8\ub974\ud2f0\ub098 \uc624\ud14c \ucf54\uc2a4\uba54\ud2f1\uc2a4\uc758 \ud558\uc774\ube0c\ub9ac\ub4dc \uba54\uc774\ud06c\uc5c5\uc740 \ubb34\uc5c7\uc778\uac00\uc694?<\/span><\/span><\/span><\/span><\/span><\/span><\/b><\/p>\n<p><span style=\"font-weight: 400\"><span style=\"vertical-align: inherit\"><span style=\"vertical-align: inherit\"><span style=\"vertical-align: inherit\"><span style=\"vertical-align: inherit\"><span style=\"vertical-align: inherit\"><span style=\"vertical-align: inherit\">\ub9c8\ub974\ud2f0\ub098 \uc624\ud14c \ucf54\uc2a4\uba54\ud2f1\uc2a4\u00ae\uc758 \ud558\uc774\ube0c\ub9ac\ub4dc \uc81c\ud488\uc740 \uc0c9\uc744 \uc785\ud788\ub294 \uac83\ubfd0\ub9cc \uc544\ub2c8\ub77c \ud53c\ubd80\ub97c \uae68\ub057\ud558\uac8c \uac00\uafb8\uace0 \ubcf4\ud638\ud560 \uc218 \uc788\ub3c4\ub85d \uad6c\uc131\ub418\uc5b4 \uc788\uc2b5\ub2c8\ub2e4. \ub2e4\uc74c\uc740 \uae30\ub300\ud560 \uc218 \uc788\ub294 \uba87 \uac00\uc9c0 \uc7a5\uc810\uc785\ub2c8\ub2e4:<\/span><\/span><\/span><\/span><\/span><\/span><\/span><\/p>\n<ul>\n<li style=\"font-weight: 400\"><b><span style=\"vertical-align: inherit\"><span style=\"vertical-align: inherit\"><span style=\"vertical-align: inherit\"><span style=\"vertical-align: inherit\"><span style=\"vertical-align: inherit\"><span style=\"vertical-align: inherit\">\uc644\ubcbd\ud55c \ub370\ud06c\ud06c\ub798\ud504\ud2b8: <\/span><\/span><\/span><\/span><\/span><\/span><\/b><span style=\"font-weight: 400\"><span style=\"vertical-align: inherit\"><span style=\"vertical-align: inherit\"><span style=\"vertical-align: inherit\"><span style=\"vertical-align: inherit\"><span style=\"vertical-align: inherit\"><span style=\"vertical-align: inherit\">\ub2f9\uc0ac\uc758 \ud558\uc774\ube0c\ub9ac\ub4dc \uc81c\ud488\uc740 \uac00\ubcbc\uc6b4 \ubb34\uac8c\ub4e0 \uc644\uc804\ud55c \ucee4\ubc84\ub4e0 \uace0\uac1d\uc758 \uc694\uad6c \uc0ac\ud56d\uc744 \ucda9\uc871\ud558\uba70, \ud30c\uc190, \uc190\uc0c1 \ubc0f \uad6c\uba4d\uc744 \ucd5c\uc18c\ud654\ud569\ub2c8\ub2e4.<\/span><\/span><\/span><\/span><\/span><\/span><\/span><\/li>\n<li style=\"font-weight: 400\"><b><span style=\"vertical-align: inherit\"><span style=\"vertical-align: inherit\"><span style=\"vertical-align: inherit\"><span style=\"vertical-align: inherit\"><span style=\"vertical-align: inherit\"><span style=\"vertical-align: inherit\"><span style=\"vertical-align: inherit\"><span style=\"vertical-align: inherit\">\uc778\ud150\uc2dc\ube0c \ud50c\ub9ac\uc988: <\/span><\/span><\/span><\/span><\/span><\/span><\/span><\/span><\/b><span style=\"font-weight: 400\"><span style=\"vertical-align: inherit\"><span style=\"vertical-align: inherit\"><span style=\"vertical-align: inherit\"><span style=\"vertical-align: inherit\"><span style=\"vertical-align: inherit\"><span style=\"vertical-align: inherit\"><span style=\"vertical-align: inherit\"><span style=\"vertical-align: inherit\">\ud788\uc54c\ub8e8\ub860\uc0b0, \ube44\ud0c0\ubbfc, \ud56d\uc0b0\ud654 \uc131\ubd84\uacfc \uac19\uc740 \uace0\uadc0\ud55c \ud761\uc785 \uc131\ubd84\uc740 \ud53c\ubd80\uc5d0 \ud0c4\ub825\uc744 \uacf5\uae09\ud558\uace0 \uc678\ubd80 \ud658\uacbd\uc73c\ub85c\ubd80\ud130 \ud53c\ubd80\ub97c \ubcf4\ud638\ud558\uba70 \uc7ac\uc0dd\uc744 \ucd09\uc9c4\ud569\ub2c8\ub2e4.<\/span><\/span><\/span><\/span><\/span><\/span><\/span><\/span><\/span><\/li>\n<li style=\"font-weight: 400\"><b><span style=\"vertical-align: inherit\"><span style=\"vertical-align: inherit\"><span style=\"vertical-align: inherit\"><span style=\"vertical-align: inherit\"><span style=\"vertical-align: inherit\"><span style=\"vertical-align: inherit\"><span style=\"vertical-align: inherit\"><span style=\"vertical-align: inherit\">\uc790\uc5f0\uc2a4\ub7ec\uc6b4 \ub9c8\ubb34\ub9ac: <\/span><\/span><\/span><\/span><\/span><\/span><\/span><\/span><\/b><span style=\"font-weight: 400\"><span style=\"vertical-align: inherit\"><span style=\"vertical-align: inherit\"><span style=\"vertical-align: inherit\"><span style=\"vertical-align: inherit\"><span style=\"vertical-align: inherit\"><span style=\"vertical-align: inherit\"><span style=\"vertical-align: inherit\"><span style=\"vertical-align: inherit\">\ub2f9\uc0ac\uc758 \ud558\uc774\ube0c\ub9ac\ub4dc \uc81c\ud488\uc740 \uba54\uc774\ud06c\uc5c5\uc744 \ud558\uc9c0 \uc54a\uc740 \ub4ef \uc790\uc5f0\uc2a4\ub7fd\uace0 \uc790\uc5f0\uc2a4\ub7ec\uc6b4 \ub9c8\ubb34\ub9ac\ub97c \uc120\uc0ac\ud569\ub2c8\ub2e4.<\/span><\/span><\/span><\/span><\/span><\/span><\/span><\/span><\/span><\/li>\n<li style=\"font-weight: 400\"><b><span style=\"vertical-align: inherit\"><span style=\"vertical-align: inherit\"><span style=\"vertical-align: inherit\"><span style=\"vertical-align: inherit\"><span style=\"vertical-align: inherit\"><span style=\"vertical-align: inherit\"><span style=\"vertical-align: inherit\"><span style=\"vertical-align: inherit\">\uc7a5\uae30\uc801\uc778 \ud6a8\uacfc: <\/span><\/span><\/span><\/span><\/span><\/span><\/span><\/span><\/b><span style=\"font-weight: 400\"><span style=\"vertical-align: inherit\"><span style=\"vertical-align: inherit\"><span style=\"vertical-align: inherit\"><span style=\"vertical-align: inherit\"><span style=\"vertical-align: inherit\"><span style=\"vertical-align: inherit\"><span style=\"vertical-align: inherit\"><span style=\"vertical-align: inherit\">\ud558\ub8e8 \uc885\uc77c \uc0c1\ud07c\ud558\uace0 \uac15\ub82c\ud55c \uc0c9\uc870\ub97c \uc990\uae30\uc138\uc694.<\/span><\/span><\/span><\/span><\/span><\/span><\/span><\/span><\/span><\/li>\n<li style=\"font-weight: 400\"><b><span style=\"vertical-align: inherit\"><span style=\"vertical-align: inherit\"><span style=\"vertical-align: inherit\"><span style=\"vertical-align: inherit\"><span style=\"vertical-align: inherit\"><span style=\"vertical-align: inherit\"><span style=\"vertical-align: inherit\"><span style=\"vertical-align: inherit\">\ub2e4\uae30\ub2a5 \uc751\uc6a9 \ud504\ub85c\uadf8\ub7a8: <\/span><\/span><\/span><\/span><\/span><\/span><\/span><\/span><\/b><span style=\"font-weight: 400\"><span style=\"vertical-align: inherit\"><span style=\"vertical-align: inherit\"><span style=\"vertical-align: inherit\"><span style=\"vertical-align: inherit\"><span style=\"vertical-align: inherit\"><span style=\"vertical-align: inherit\"><span style=\"vertical-align: inherit\"><span style=\"vertical-align: inherit\">\ub2f9\uc0ac\uc758 \ub9ce\uc740 \ud558\uc774\ube0c\ub9ac\ub4dc \uc81c\ud488\uc740 \ud30c\uc6b4\ub370\uc774\uc158, \ucee8\uc2e4\ub7ec\ub294 \ubb3c\ub860 \uac00\ubcbc\uc6b4 \ub370\uc774 \ud06c\ub9bc\uc73c\ub85c\ub3c4 \uc0ac\uc6a9\ud560 \uc218 \uc788\uc2b5\ub2c8\ub2e4.<\/span><\/span><\/span><\/span><\/span><\/span><\/span><\/span><\/span><\/li>\n<\/ul>\n<p><b><span style=\"vertical-align: inherit\"><span style=\"vertical-align: inherit\"><span style=\"vertical-align: inherit\"><span style=\"vertical-align: inherit\"><span style=\"vertical-align: inherit\"><span style=\"vertical-align: inherit\"><span style=\"vertical-align: inherit\"><span style=\"vertical-align: inherit\">\ub9c8\ub974\ud2f0\ub098 \uc624\ud14c \ucf54\uc2a4\uba54\ud2f1\uc2a4\uc758 \ud558\uc774\ube0c\ub9ac\ub4dc \uba54\uc774\ud06c\uc5c5\uc740 \uc65c?<\/span><\/span><\/span><\/span><\/span><\/span><\/span><\/span><\/b><\/p>\n<ul>\n<li style=\"font-weight: 400\"><b><span style=\"vertical-align: inherit\"><span style=\"vertical-align: inherit\"><span style=\"vertical-align: inherit\"><span style=\"vertical-align: inherit\"><span style=\"vertical-align: inherit\"><span style=\"vertical-align: inherit\"><span style=\"vertical-align: inherit\"><span style=\"vertical-align: inherit\">\uac1c\ubcc4 \uc194\ub8e8\uc158: <\/span><\/span><\/span><\/span><\/span><\/span><\/span><\/span><\/b><span style=\"font-weight: 400\"><span style=\"vertical-align: inherit\"><span style=\"vertical-align: inherit\"><span style=\"vertical-align: inherit\"><span style=\"vertical-align: inherit\"><span style=\"vertical-align: inherit\"><span style=\"vertical-align: inherit\"><span style=\"vertical-align: inherit\"><span style=\"vertical-align: inherit\">\ub2f9\uc0ac\ub294 \ubaa8\ub4e0 \ud53c\ubd80 \uc720\ud615\uacfc \ubaa8\ub4e0 \uc694\uad6c \uc0ac\ud56d\uc5d0 \ub9de\ub294 \ub2e4\uc591\ud55c \ud558\uc774\ube0c\ub9ac\ub4dc \uc81c\ud488\uc744 \uc81c\uacf5\ud569\ub2c8\ub2e4.<\/span><\/span><\/span><\/span><\/span><\/span><\/span><\/span><\/span><\/li>\n<li style=\"font-weight: 400\"><b><span style=\"vertical-align: inherit\"><span style=\"vertical-align: inherit\"><span style=\"vertical-align: inherit\"><span style=\"vertical-align: inherit\"><span style=\"vertical-align: inherit\"><span style=\"vertical-align: inherit\"><span style=\"vertical-align: inherit\"><span style=\"vertical-align: inherit\">\ucd5c\uace0 \ud488\uc9c8: <\/span><\/span><\/span><\/span><\/span><\/span><\/span><\/span><\/b><span style=\"font-weight: 400\"><span style=\"vertical-align: inherit\"><span style=\"vertical-align: inherit\"><span style=\"vertical-align: inherit\"><span style=\"vertical-align: inherit\"><span style=\"vertical-align: inherit\"><span style=\"vertical-align: inherit\"><span style=\"vertical-align: inherit\"><span style=\"vertical-align: inherit\">\ub2f9\uc0ac\uc758 \uc81c\ud488\uc740 \uc5c4\uc120\ub41c \uace0\ud488\uc9c8\uc758 \uc5c4\uc120\ub41c \uc6d0\ub8cc\ub85c \ub9cc\ub4e4\uc5b4\uc9d1\ub2c8\ub2e4.<\/span><\/span><\/span><\/span><\/span><\/span><\/span><\/span><\/span><\/li>\n<\/ul>\n<p><span style=\"font-weight: 400\"><span style=\"vertical-align: inherit\"><span style=\"vertical-align: inherit\"><span style=\"vertical-align: inherit\"><span style=\"vertical-align: inherit\"><span style=\"vertical-align: inherit\"><span style=\"vertical-align: inherit\"><span style=\"vertical-align: inherit\"><span style=\"vertical-align: inherit\">\ub9c8\ub974\ud2f0\ub098 \uc624\ud14c \ucf54\uc2a4\uba54\ud2f1\uc2a4\u00ae\uc758 \ud558\uc774\ube0c\ub9ac\ub4dc \uba54\uc774\ud06c\uc5c5\uc73c\ub85c \ub098\ub9cc\uc758 \uc544\ub984\ub2e4\uc6c0\uc744 \uc815\uc758\ud558\uace0 \ub098\ub9cc\uc758 \uc544\ub984\ub2e4\uc6c0\uc744 \ud45c\ud604\ud574 \ubcf4\uc138\uc694.<\/span><\/span><\/span><\/span><\/span><\/span><\/span><\/span><\/span><\/p>\n<p><span style=\"vertical-align: inherit\"><span style=\"vertical-align: inherit\"><span style=\"vertical-align: inherit\"><span style=\"vertical-align: inherit\"><span style=\"vertical-align: inherit\">\u00a0<\/span><\/span><\/span><\/span><\/span><\/li>\n<\/ul>","protected":false},"featured_media":147089,"template":"","meta":{"footnotes":""},"product_brand":[],"product_cat":[77],"product_tag":[149,174,743,140],"class_list":{"0":"post-94451","1":"product","2":"type-product","3":"status-publish","4":"has-post-thumbnail","6":"product_cat-uncategorized","7":"product_tag-anti-aging","8":"product_tag-anti-inflammatory","9":"product_tag-beauty","10":"product_tag-skin-care","11":"has-subscription-plans","13":"first","14":"instock","15":"sale","16":"taxable","17":"shipping-taxable","18":"purchasable","19":"product-type-simple"},"bundled_by":[],"bundle_stock_status":"instock","bundle_stock_quantity":null,"bundle_virtual":false,"bundle_layout":"","bundle_add_to_cart_form_location":"","bundle_editable_in_cart":false,"bundle_sold_individually_context":"","bundle_item_grouping":"","bundle_min_size":"","bundle_max_size":"","bundle_price":[],"bundled_items":[],"bundle_sell_ids":[],"group_of_quantity":0,"min_quantity":0,"max_quantity":"","exclude_order_quantity_value_rules":"no","exclude_category_quantity_rules":"no","combine_variations":"no","_links":{"self":[{"href":"https:\/\/2024.shoply.com\/ko\/wp-json\/wp\/v2\/product\/94451","targetHints":{"allow":["GET"]}}],"collection":[{"href":"https:\/\/2024.shoply.com\/ko\/wp-json\/wp\/v2\/product"}],"about":[{"href":"https:\/\/2024.shoply.com\/ko\/wp-json\/wp\/v2\/types\/product"}],"version-history":[{"count":3,"href":"https:\/\/2024.shoply.com\/ko\/wp-json\/wp\/v2\/product\/94451\/revisions"}],"predecessor-version":[{"id":147091,"href":"https:\/\/2024.shoply.com\/ko\/wp-json\/wp\/v2\/product\/94451\/revisions\/147091"}],"wp:featuredmedia":[{"embeddable":true,"href":"https:\/\/2024.shoply.com\/ko\/wp-json\/wp\/v2\/media\/147089"}],"wp:attachment":[{"href":"https:\/\/2024.shoply.com\/ko\/wp-json\/wp\/v2\/media?parent=94451"}],"wp:term":[{"taxonomy":"product_brand","embeddable":true,"href":"https:\/\/2024.shoply.com\/ko\/wp-json\/wp\/v2\/product_brand?post=94451"},{"taxonomy":"product_cat","embeddable":true,"href":"https:\/\/2024.shoply.com\/ko\/wp-json\/wp\/v2\/product_cat?post=94451"},{"taxonomy":"product_tag","embeddable":true,"href":"https:\/\/2024.shoply.com\/ko\/wp-json\/wp\/v2\/product_tag?post=94451"}],"curies":[{"name":"wp","href":"https:\/\/api.w.org\/{rel}","templated":true}]}}