{"id":68179,"date":"2024-09-26T21:51:36","date_gmt":"2024-09-27T02:51:36","guid":{"rendered":"https:\/\/shoply.com\/?post_type=product&#038;p=68179"},"modified":"2025-03-02T15:54:19","modified_gmt":"2025-03-02T20:54:19","slug":"creamy-vanilla-shake-pantry-pack-15-svgs","status":"publish","type":"product","link":"https:\/\/2024.shoply.com\/nl\/product\/creamy-vanilla-shake-pantry-pack-15-svgs\/","title":{"rendered":"Romige vanille shake, voorraadverpakking, 15 stuks"},"content":{"rendered":"<p><img fetchpriority=\"high\" decoding=\"async\" class=\"alignnone size-full wp-image-121049\" src=\"https:\/\/shoply.com\/wp-content\/uploads\/2025\/01\/NS_CreamyVanillaShake_TASTY_04.webp\" alt=\"\" width=\"7844\" height=\"4412\" srcset=\"https:\/\/2024.shoply.com\/wp-content\/uploads\/2025\/01\/NS_CreamyVanillaShake_TASTY_04.webp 1920w, https:\/\/2024.shoply.com\/wp-content\/uploads\/2025\/01\/NS_CreamyVanillaShake_TASTY_04-400x225.webp 400w, https:\/\/2024.shoply.com\/wp-content\/uploads\/2025\/01\/NS_CreamyVanillaShake_TASTY_04-1300x731.webp 1300w, https:\/\/2024.shoply.com\/wp-content\/uploads\/2025\/01\/NS_CreamyVanillaShake_TASTY_04-768x432.webp 768w, https:\/\/2024.shoply.com\/wp-content\/uploads\/2025\/01\/NS_CreamyVanillaShake_TASTY_04-1536x864.webp 1536w, https:\/\/2024.shoply.com\/wp-content\/uploads\/2025\/01\/NS_CreamyVanillaShake_TASTY_04-18x10.webp 18w, https:\/\/2024.shoply.com\/wp-content\/uploads\/2025\/01\/NS_CreamyVanillaShake_TASTY_04-700x394.webp 700w, https:\/\/2024.shoply.com\/wp-content\/uploads\/2025\/01\/NS_CreamyVanillaShake_TASTY_04-150x84.webp 150w, https:\/\/2024.shoply.com\/wp-content\/uploads\/2025\/01\/NS_CreamyVanillaShake_TASTY_04-89x50.webp 89w\" sizes=\"(max-width: 7844px) 100vw, 7844px\" \/><\/p>","protected":false},"excerpt":{"rendered":"<div class=\"col-12 order-1 order-md-1\">\n<p>Het is niet zomaar een vanilleshake. Hij is gemaakt met je gezondheid in gedachten - boordevol kwaliteitsvoedingsstoffen, essenti\u00eble vitaminen, mineralen, prote\u00efnen, vezels en omega-3. Dit is een van de meest voedzame shakes ter wereld. Dit is een van de meest nutri\u00ebntrijke shakes ter wereld. Het is ook gemaakt met een decadente mix van vanille, zeezout, monniksfruit, wei en vetvrije melk. Heerlijk en rijk bij elke slok die je neemt zonder dat het te zoet is.<\/p>\n<p>- 40 essenti\u00eble voedingsstoffen<br \/>\n&#8211; 20g protein, 6g fiber<br \/>\n&#8211; Excellent source of 14 vitamins, 12 minerals<br \/>\n&#8211; 748mg Omega 3 &amp; 568mg Omega 6<br \/>\n&#8211; Gluten free<br \/>\n- Zonder soja<br \/>\n- Geen kunstmatige kleurstoffen, smaakstoffen of conserveringsmiddelen<\/p>\n<\/div>","protected":false},"featured_media":141333,"template":"","meta":{"footnotes":""},"product_brand":[],"product_cat":[80,747,382,738,820],"product_tag":[174,132,111,112,104,240,137,187,163,162,167,117,106,114,105,122,115,166],"class_list":{"0":"post-68179","1":"product","2":"type-product","3":"status-publish","4":"has-post-thumbnail","6":"product_cat-beauty-health-supplements","7":"product_cat-food-beverages","8":"product_cat-health","9":"product_cat-nutritional-supplements","10":"product_cat-wellness","11":"product_tag-anti-inflammatory","12":"product_tag-antioxidants","13":"product_tag-care","14":"product_tag-cell-renewal","15":"product_tag-consumable","16":"product_tag-core-nutrition","17":"product_tag-essentials","18":"product_tag-gluten-free","19":"product_tag-immune","20":"product_tag-immunity","21":"product_tag-l-arginine","22":"product_tag-nutrition","23":"product_tag-peformance","24":"product_tag-protein","25":"product_tag-protein-shake","26":"product_tag-shaker","27":"product_tag-supplement","28":"product_tag-zinc","29":"has-subscription-plans","31":"first","32":"instock","33":"taxable","34":"shipping-taxable","35":"purchasable","36":"product-type-simple"},"bundled_by":[],"bundle_stock_status":"instock","bundle_stock_quantity":null,"bundle_virtual":false,"bundle_layout":"","bundle_add_to_cart_form_location":"","bundle_editable_in_cart":false,"bundle_sold_individually_context":"","bundle_item_grouping":"","bundle_min_size":"","bundle_max_size":"","bundle_price":[],"bundled_items":[],"bundle_sell_ids":[],"group_of_quantity":0,"min_quantity":0,"max_quantity":"","exclude_order_quantity_value_rules":"no","exclude_category_quantity_rules":"no","combine_variations":"no","_links":{"self":[{"href":"https:\/\/2024.shoply.com\/nl\/wp-json\/wp\/v2\/product\/68179","targetHints":{"allow":["GET"]}}],"collection":[{"href":"https:\/\/2024.shoply.com\/nl\/wp-json\/wp\/v2\/product"}],"about":[{"href":"https:\/\/2024.shoply.com\/nl\/wp-json\/wp\/v2\/types\/product"}],"version-history":[{"count":2,"href":"https:\/\/2024.shoply.com\/nl\/wp-json\/wp\/v2\/product\/68179\/revisions"}],"predecessor-version":[{"id":126342,"href":"https:\/\/2024.shoply.com\/nl\/wp-json\/wp\/v2\/product\/68179\/revisions\/126342"}],"wp:featuredmedia":[{"embeddable":true,"href":"https:\/\/2024.shoply.com\/nl\/wp-json\/wp\/v2\/media\/141333"}],"wp:attachment":[{"href":"https:\/\/2024.shoply.com\/nl\/wp-json\/wp\/v2\/media?parent=68179"}],"wp:term":[{"taxonomy":"product_brand","embeddable":true,"href":"https:\/\/2024.shoply.com\/nl\/wp-json\/wp\/v2\/product_brand?post=68179"},{"taxonomy":"product_cat","embeddable":true,"href":"https:\/\/2024.shoply.com\/nl\/wp-json\/wp\/v2\/product_cat?post=68179"},{"taxonomy":"product_tag","embeddable":true,"href":"https:\/\/2024.shoply.com\/nl\/wp-json\/wp\/v2\/product_tag?post=68179"}],"curies":[{"name":"wp","href":"https:\/\/api.w.org\/{rel}","templated":true}]}}