{"id":96332,"date":"2024-11-25T04:01:19","date_gmt":"2024-11-25T09:01:19","guid":{"rendered":"https:\/\/shoply.com\/?post_type=product&#038;p=96332"},"modified":"2025-02-26T13:02:07","modified_gmt":"2025-02-26T18:02:07","slug":"perfekt-make-up-in-one-minute-no-4","status":"publish","type":"product","link":"https:\/\/2024.shoply.com\/nl\/product\/perfekt-make-up-in-one-minute-no-4\/","title":{"rendered":"perfekt make up in one minute! No.4"},"content":{"rendered":"<div class=\"product-details__product-attributes\">\n<p>&nbsp;<\/p>\n<p>&nbsp;<\/p>\n<p>&nbsp;<\/p>\n<p>&nbsp;<\/p>\n<p>&nbsp;<\/p>\n<div class=\"product-details__product-attributes\">\n<div class=\"details-product-attribute\"><span class=\"details-product-attribute__title\">Merken:\u00a0<\/span><span class=\"details-product-attribute__value\">Martina Otte Cosmetics\u00ae<\/span><\/div>\n<\/div>\n<div id=\"productDescription\" class=\"product-details__product-description\">\n<div>\n<p>Entdecken Sie nat\u00fcrliche Perfektion! Die All Cover up Foundation No.4 Summer Breeze von Martina Otte Cosmetics\u00ae bietet eine innovative L\u00f6sung f\u00fcr ein makelloses Aussehen. Mit nur einer kirschkerngro\u00dfen Menge erzielen Sie eine vollst\u00e4ndige Abdeckung, die Unregelm\u00e4\u00dfigkeiten ausgleicht, R\u00f6tungen kaschiert und feine Linien sanft umspielt. Die besondere Formel mit lichtreflektierenden Eigenschaften und Liftingeffekt strafft die Haut und sorgt f\u00fcr ein nat\u00fcrliches, samtiges Finish.Durch den integrierten LSF50 ist Ihre Haut zudem optimal vor Sonneneinstrahlung gesch\u00fctzt. Geeignet f\u00fcr mittlere Hauttypen mit intensiver Br\u00e4unung, eignet sich diese Foundation sowohl f\u00fcr das Gesicht als auch f\u00fcr den K\u00f6rper. Erleben Sie die 4-in-1 Wirkung: Concealer, Neutralizer und eine camouflageartige Textur, die ohne Beschwerung deckt. Ein Produkt, das Ihre nat\u00fcrliche Sch\u00f6nheit unterstreicht und pflegt. Sie haben Fragen zur Farbauswahl? Kontaktieren Sie uns jederzeit f\u00fcr eine pers\u00f6nliche Beratung!<\/p>\n<p>Make up und Pflege in einem verleihen Ihnen einen strahlenden und frischen Teint.<\/p>\n<p>Durch die wasserfeste Konsistenz ist das Make up wischfest und h\u00e4lt 24h, ohne abzuf\u00e4rben.<\/p>\n<p>Durch das Hybrid Make up, dass Pflege und Grundierung vereint, brauchen Sie keinen Concealer und Puder mehr.<\/p>\n<p>Hohe Deckkraft und Ergiebigkeit f\u00fcr ein Pflege und Make up Highlight der Extraklasse.<\/p>\n<p>Perfekt grundiert durch hohe Deckkraft. Atmungsaktive Hybrid Foundation mit Pflege verleiht Ihnen ein junges und frisches Aussehen.<\/p>\n<p>Ingredi\u00ebnten:<\/p>\n<\/div>\n<\/div>\n<p>Water (Aqua), Cyclopentasiloxaan, Beewax (Cera Alba), Stearyl Dimethicone, Isododecaan, Cetyl Ethlhexanoaat, Microkristallijne was (Crea Microcristal-lina), Ceryl PEG\/PPG-10\/1 Dimethicone, Glyceryl Laurate, Mica, Dis-teardimonium, Hectorite, Methylparaben, Ethylparaben, Butylparaben, Tocopheryl Acetaat, Ascorbyl Palmitaat, Chamomilla Recutita Extract, Natrium Hyaluronte, Kan bevatten\/peut bevattenir: IJzeroxiden (CI 177491, CI 177492, CI 177499), Titaandioxide (CI 177891) wreedheidsvrij<\/p>\n<\/div>","protected":false},"excerpt":{"rendered":"<p>&nbsp;<\/p>\n<ul>\n<li>Ervaar de symbiose tussen verzorging en make-up met Martina Otte Cosmetics\u00ae.<\/li>\n<li>De perfecte begeleider voor iedereen: Wasserfest, duurzaam en met Anti-Aging-Effekt.<\/li>\n<li>Martina Otte Cosmetics\u00ae biedt hoogwaardige, werkzame Foundations, die de heupen verstevigen en tegelijkertijd zorgen voor een mooie look.<\/li>\n<li>Zeit sparen und strahlen - mit unserem innovativen Hybrid Make-up, speziell entwickelt f\u00fcr die moderne Frau.<\/li>\n<li>\n<h2><b>Hybride make-up van Martina Otte Cosmetics\u00ae: De perfecte combinatie van kleur en kleur<\/b><\/h2>\n<p><b>Wat is hybride make-up?<\/b><\/p>\n<p>Stell dir vor, deine Hautpflege und dein Make-up verschmelzen zu einem Produkt. Dit is Hybrid-Make-up. Het combineert de voordelen van innovatieve make-up met de unieke eigenschappen van make-up. Het resultaat? Een strahlender Teint, die gepflegt aussieht en gleichzeitig Unreinheiten abdeckt.<\/p>\n<p><b>Wat kan hybride make-up van Martina Otte Cosmetics\u00ae zijn?<\/b><\/p>\n<p>Die Hybrid-Produkte von Martina Otte Cosmetics\u00ae zijn zo konzipiert, dat ze Ihrer Haut nicht nur Farbe verleihen, sondern sie auch flegen und sch\u00fctzen. Hier zijn enkele voordelen die u kunt weten:<\/p>\n<ul>\n<li><b>Perfekte Dekraft:\u00a0<\/b>Lichte T\u00f6nung of volledige Abdeckung - onze hybride producten passen perfect bij uw wensen en zorgen voor onzuiverheden, r\u00f6tungen en augenringe.<\/li>\n<li><b>Intensieve Pflege:\u00a0<\/b>Hoogwaardige inhalatiestoffen zoals hyaluronzuur, vitamine en antioxidanten geven de gezondheid van de hielen meer stevigheid, beschermen ze tegen Umwelteinfl\u00fcssen en bevorderen de regeneratie.<\/li>\n<li><b>Nat\u00fcrliches Afwerking:\u00a0<\/b>Unsere Hybrid-Produkte hinterlassen ein ebenm\u00e4\u00dfiges, nat\u00fcrliches Finish, als du kein Make-up aufgetragen hast.<\/li>\n<li><b>Langdurige werking:\u00a0<\/b>Genie\u00dfen Sie den ganzen Tag \u00fcber frischen und strahlenden Teint.<\/li>\n<li><b>Multifunctionele toepassing:\u00a0<\/b>Veel van onze hybride producten kunnen zowel als foundation, als camouflagestift en als lichte vloeistof worden gebruikt.<\/li>\n<\/ul>\n<p><b>Waarom hybride make-up van Martina Otte Cosmetics\u00ae?<\/b><\/p>\n<ul>\n<li><b>Individuele oplossingen:\u00a0<\/b>Wij bieden een grote verscheidenheid aan hybride producten voor alle soorten hoogwaardige producten en alle vereisten.<\/li>\n<li><b>Hoge kwaliteit:\u00a0<\/b>Unsere Produkte werden aus hochwertigen, sorgf\u00e4ltig ausgew\u00e4hlten Inhaltsstoffen hergestellt.<\/li>\n<\/ul>\n<p>Overwin mezelf en bepaal je eigen schoonheid met de Hybrid Make-up van Martina Otte Cosmetics\u00ae.<\/li>\n<\/ul>","protected":false},"featured_media":147095,"template":"","meta":{"footnotes":""},"product_brand":[],"product_cat":[77],"product_tag":[892,149,174,241,592,140,398],"class_list":{"0":"post-96332","1":"product","2":"type-product","3":"status-publish","4":"has-post-thumbnail","6":"product_cat-uncategorized","7":"product_tag-all-cover-up-foundation-no-4-summer-breeze-created-by-martina-otte-cosmetics","8":"product_tag-anti-aging","9":"product_tag-anti-inflammatory","10":"product_tag-cosmetics","11":"product_tag-high-quality","12":"product_tag-skin-care","13":"product_tag-unique","14":"product_shipping_class-shipping-class-2","15":"has-subscription-plans","17":"first","18":"instock","19":"sale","20":"taxable","21":"shipping-taxable","22":"purchasable","23":"product-type-simple"},"bundled_by":[],"bundle_stock_status":"instock","bundle_stock_quantity":null,"bundle_virtual":false,"bundle_layout":"","bundle_add_to_cart_form_location":"","bundle_editable_in_cart":false,"bundle_sold_individually_context":"","bundle_item_grouping":"","bundle_min_size":"","bundle_max_size":"","bundle_price":[],"bundled_items":[],"bundle_sell_ids":[],"group_of_quantity":0,"min_quantity":0,"max_quantity":"","exclude_order_quantity_value_rules":"no","exclude_category_quantity_rules":"no","combine_variations":"no","_links":{"self":[{"href":"https:\/\/2024.shoply.com\/nl\/wp-json\/wp\/v2\/product\/96332","targetHints":{"allow":["GET"]}}],"collection":[{"href":"https:\/\/2024.shoply.com\/nl\/wp-json\/wp\/v2\/product"}],"about":[{"href":"https:\/\/2024.shoply.com\/nl\/wp-json\/wp\/v2\/types\/product"}],"version-history":[{"count":9,"href":"https:\/\/2024.shoply.com\/nl\/wp-json\/wp\/v2\/product\/96332\/revisions"}],"predecessor-version":[{"id":147110,"href":"https:\/\/2024.shoply.com\/nl\/wp-json\/wp\/v2\/product\/96332\/revisions\/147110"}],"wp:featuredmedia":[{"embeddable":true,"href":"https:\/\/2024.shoply.com\/nl\/wp-json\/wp\/v2\/media\/147095"}],"wp:attachment":[{"href":"https:\/\/2024.shoply.com\/nl\/wp-json\/wp\/v2\/media?parent=96332"}],"wp:term":[{"taxonomy":"product_brand","embeddable":true,"href":"https:\/\/2024.shoply.com\/nl\/wp-json\/wp\/v2\/product_brand?post=96332"},{"taxonomy":"product_cat","embeddable":true,"href":"https:\/\/2024.shoply.com\/nl\/wp-json\/wp\/v2\/product_cat?post=96332"},{"taxonomy":"product_tag","embeddable":true,"href":"https:\/\/2024.shoply.com\/nl\/wp-json\/wp\/v2\/product_tag?post=96332"}],"curies":[{"name":"wp","href":"https:\/\/api.w.org\/{rel}","templated":true}]}}