{"id":96370,"date":"2024-11-25T04:11:08","date_gmt":"2024-11-25T09:11:08","guid":{"rendered":"https:\/\/shoply.com\/?post_type=product&#038;p=96370"},"modified":"2025-02-26T13:07:12","modified_gmt":"2025-02-26T18:07:12","slug":"perfektes-make-up-in-einer-minute-no-5","status":"publish","type":"product","link":"https:\/\/2024.shoply.com\/nl\/product\/perfektes-make-up-in-einer-minute-no-5\/","title":{"rendered":"Perfekt opmaken in een minuut! Nr.5"},"content":{"rendered":"<div class=\"product-details__product-attributes\"><span style=\"display: inline-block;width: 0px;overflow: hidden;line-height: 0\" class=\"mce_SELRES_start\"><\/span><\/p>\n<p>&nbsp;<\/p>\n<p>&nbsp;<\/p>\n<p>&nbsp;<\/p>\n<div class=\"details-product-attribute\"><span class=\"details-product-attribute__title\"><span style=\"vertical-align: inherit\"><span style=\"vertical-align: inherit\"><span style=\"vertical-align: inherit\"><span style=\"vertical-align: inherit\"><span style=\"vertical-align: inherit\"><span style=\"vertical-align: inherit\">Merken:\u00a0 <\/span><\/span><\/span><\/span><\/span><\/span><\/span><span class=\"details-product-attribute__value\"><span style=\"vertical-align: inherit\"><span style=\"vertical-align: inherit\"><span style=\"vertical-align: inherit\"><span style=\"vertical-align: inherit\"><span style=\"vertical-align: inherit\"><span style=\"vertical-align: inherit\">Martina Otte Cosmetics\u00ae<\/span><\/span><\/span><\/span><\/span><\/span><\/span><\/div>\n<\/div>\n<div id=\"productDescription\" class=\"product-details__product-description\">\n<div><span style=\"vertical-align: inherit\"><span style=\"vertical-align: inherit\"><span style=\"vertical-align: inherit\"><span style=\"vertical-align: inherit\"><span style=\"vertical-align: inherit\"><span style=\"vertical-align: inherit\">Ontdek het geheim van een mooiere huid! Die All Cover Up Foundation No.5 Brown Sugar van Martina Otte Cosmetics\u00ae maakt het mogelijk om je gezicht in slechts een minuut te perfectioneren. Deze speciaal ontwikkelde, lichtreflektierende foundation is zowel geschikt voor het gezicht als voor het uiterlijk. Die wasserfeste Formel bietet eine au\u00dfergew\u00f6hnliche Deckkraft, w\u00e4hrend sie gleichzeitig feine Linien gl\u00e4ttet und R\u00f6tungen kaschiert. Dankzij de intensieve werking heeft u geen zus\u00e4tzliches Puder. De krachtige 4-in-1-Wirkung verenigt de voordelen van een camouflagetextuur, neutralisator en camouflagestift, die de onregelmatigheden onmiddellijk verwijdert, zonder dat de bovenkant wordt beschadigd. Een samtiges Finish en de ge\u00efntegreerde Sonnenschutz LSF50 maken deze Must-have compleet. Ideaal voor een dunkleren hauttyp. Ihr neuer Begleiter f\u00fcr ein nat\u00fcrlich perfektes Erscheinungsbild! Make-up en verzorging verleihen Ihnen einen strahlenden und frischen Teint. Door de uitstekende houdbaarheid is de make-up zeer flexibel en blijft hij 24 uur zitten, zonder afvallen. Door de Hybrid Make-up, die perfect is en een goede basis heeft, heeft u geen andere camouflagestift of camouflagestift meer nodig. Hoog dekvermogen en ergiebigkeit voor een make-up highlight van de extraklasse. Perfect door het hoge ontwerp. Die atmungsaktive Hybrid Foundation mit Pflege verleiht Ihnen ein junges und frisches Aussehen.<\/span><\/span><\/span><\/span><\/span><\/span><\/div>\n<\/div>\n<div>\n<p><span style=\"font-weight: 400\">Ingredi\u00ebnten:<\/span><\/p>\n<p><span style=\"font-weight: 400\">Water (Aqua), Cyclopentasiloxaan, Beewax (Cera Alba), Stearyl Dimethicone, Isododecaan, Cetyl Ethlhexanoaat, Microkristallijne was (Crea Microcristal-lina), Ceryl PEG\/PPG-10\/1 Dimethicone, Glyceryl Laurate, Mica, Dis-teardimonium, Hectorite, Methylparaben, Ethylparaben, Butylparaben, Tocopheryl Acetaat, Ascorbyl Palmitaat, Chamomilla Recutita Extract, Natrium Hyaluronte, Kan bevatten\/peut bevattenir: IJzeroxiden (CI 177491, CI 177492, CI 177499), Titaandioxide (CI 177891) wreedheidsvrij<\/span><\/p>\n<\/div>","protected":false},"excerpt":{"rendered":"<p><span style=\"display: inline-block;width: 0px;overflow: hidden;line-height: 0\" class=\"mce_SELRES_start\"><\/span>&nbsp;<\/p>\n<ul>\n<li style=\"font-weight: 400\"><span style=\"font-weight: 400\"><span style=\"vertical-align: inherit\"><span style=\"vertical-align: inherit\"><span style=\"vertical-align: inherit\"><span style=\"vertical-align: inherit\"><span style=\"vertical-align: inherit\"><span style=\"vertical-align: inherit\">Ervaar de symbiose tussen verzorging en make-up met Martina Otte Cosmetics\u00ae.<\/span><\/span><\/span><\/span><\/span><\/span><\/span><\/li>\n<li style=\"font-weight: 400\"><span style=\"font-weight: 400\"><span style=\"vertical-align: inherit\"><span style=\"vertical-align: inherit\"><span style=\"vertical-align: inherit\"><span style=\"vertical-align: inherit\"><span style=\"vertical-align: inherit\"><span style=\"vertical-align: inherit\">De perfecte begeleider voor iedereen: Wasserfest, duurzaam en met Anti-Aging-Effekt.<\/span><\/span><\/span><\/span><\/span><\/span><\/span><\/li>\n<li style=\"font-weight: 400\"><span style=\"font-weight: 400\"><span style=\"vertical-align: inherit\"><span style=\"vertical-align: inherit\"><span style=\"vertical-align: inherit\"><span style=\"vertical-align: inherit\"><span style=\"vertical-align: inherit\"><span style=\"vertical-align: inherit\">Martina Otte Cosmetics\u00ae biedt hoogwaardige, werkzame Foundations, die de heupen verstevigen en tegelijkertijd zorgen voor een mooie look.<\/span><\/span><\/span><\/span><\/span><\/span><\/span><\/li>\n<li style=\"font-weight: 400\"><span style=\"font-weight: 400\"><span style=\"vertical-align: inherit\"><span style=\"vertical-align: inherit\"><span style=\"vertical-align: inherit\"><span style=\"vertical-align: inherit\"><span style=\"vertical-align: inherit\"><span style=\"vertical-align: inherit\">Zeit sparen und strahlen - mit unserem innovativen Hybrid Make-up, speziell entwickelt f\u00fcr die moderne Frau.<\/span><\/span><\/span><\/span><\/span><\/span><\/span><\/li>\n<li>\n<h2><b><span style=\"vertical-align: inherit\"><span style=\"vertical-align: inherit\"><span style=\"vertical-align: inherit\"><span style=\"vertical-align: inherit\">Hybride make-up van Martina Otte Cosmetics\u00ae: De perfecte combinatie van kleur en kleur<\/span><\/span><\/span><\/span><\/b><\/h2>\n<p><b><span style=\"vertical-align: inherit\"><span style=\"vertical-align: inherit\"><span style=\"vertical-align: inherit\"><span style=\"vertical-align: inherit\">Wat is hybride make-up?<\/span><\/span><\/span><\/span><\/b><\/p>\n<p><span style=\"font-weight: 400\"><span style=\"vertical-align: inherit\"><span style=\"vertical-align: inherit\"><span style=\"vertical-align: inherit\"><span style=\"vertical-align: inherit\">Stell dir vor, deine Hautpflege und dein Make-up verschmelzen zu einem Produkt. Dit is Hybrid-Make-up. Het combineert de voordelen van innovatieve make-up met de unieke eigenschappen van make-up. Het resultaat? Een strahlender Teint, die gepflegt aussieht en gleichzeitig Unreinheiten abdeckt.<\/span><\/span><\/span><\/span><\/span><\/p>\n<p><b><span style=\"vertical-align: inherit\"><span style=\"vertical-align: inherit\"><span style=\"vertical-align: inherit\"><span style=\"vertical-align: inherit\">Wat kan hybride make-up van Martina Otte Cosmetics\u00ae zijn?<\/span><\/span><\/span><\/span><\/b><\/p>\n<p><span style=\"font-weight: 400\"><span style=\"vertical-align: inherit\"><span style=\"vertical-align: inherit\"><span style=\"vertical-align: inherit\"><span style=\"vertical-align: inherit\"><span style=\"vertical-align: inherit\"><span style=\"vertical-align: inherit\"><span style=\"vertical-align: inherit\"><span style=\"vertical-align: inherit\">Die Hybrid-Produkte von Martina Otte Cosmetics\u00ae zijn zo konzipiert, dat ze Ihrer Haut nicht nur Farbe verleihen, sondern sie auch flegen und sch\u00fctzen. Hier zijn enkele voordelen die u kunt weten:<\/span><\/span><\/span><\/span><\/span><\/span><\/span><\/span><\/span><\/p>\n<ul>\n<li style=\"font-weight: 400\"><b><span style=\"vertical-align: inherit\"><span style=\"vertical-align: inherit\"><span style=\"vertical-align: inherit\"><span style=\"vertical-align: inherit\"><span style=\"vertical-align: inherit\"><span style=\"vertical-align: inherit\"><span style=\"vertical-align: inherit\"><span style=\"vertical-align: inherit\">Perfekte Dekraft: <\/span><\/span><\/span><\/span><\/span><\/span><\/span><\/span><\/b><span style=\"font-weight: 400\"><span style=\"vertical-align: inherit\"><span style=\"vertical-align: inherit\"><span style=\"vertical-align: inherit\"><span style=\"vertical-align: inherit\"><span style=\"vertical-align: inherit\"><span style=\"vertical-align: inherit\"><span style=\"vertical-align: inherit\"><span style=\"vertical-align: inherit\">Lichte T\u00f6nung of volledige Abdeckung - onze hybride producten passen perfect bij uw wensen en zorgen voor onzuiverheden, r\u00f6tungen en augenringe.<\/span><\/span><\/span><\/span><\/span><\/span><\/span><\/span><\/span><\/li>\n<li style=\"font-weight: 400\"><b><span style=\"vertical-align: inherit\"><span style=\"vertical-align: inherit\"><span style=\"vertical-align: inherit\"><span style=\"vertical-align: inherit\"><span style=\"vertical-align: inherit\"><span style=\"vertical-align: inherit\"><span style=\"vertical-align: inherit\"><span style=\"vertical-align: inherit\">Intensieve Pflege: <\/span><\/span><\/span><\/span><\/span><\/span><\/span><\/span><\/b><span style=\"font-weight: 400\"><span style=\"vertical-align: inherit\"><span style=\"vertical-align: inherit\"><span style=\"vertical-align: inherit\"><span style=\"vertical-align: inherit\"><span style=\"vertical-align: inherit\"><span style=\"vertical-align: inherit\"><span style=\"vertical-align: inherit\"><span style=\"vertical-align: inherit\">Hoogwaardige inhalatiestoffen zoals hyaluronzuur, vitamine en antioxidanten geven de gezondheid van de hielen meer stevigheid, beschermen ze tegen Umwelteinfl\u00fcssen en bevorderen de regeneratie.<\/span><\/span><\/span><\/span><\/span><\/span><\/span><\/span><\/span><\/li>\n<li style=\"font-weight: 400\"><b><span style=\"vertical-align: inherit\"><span style=\"vertical-align: inherit\"><span style=\"vertical-align: inherit\"><span style=\"vertical-align: inherit\"><span style=\"vertical-align: inherit\"><span style=\"vertical-align: inherit\"><span style=\"vertical-align: inherit\"><span style=\"vertical-align: inherit\"><span style=\"vertical-align: inherit\"><span style=\"vertical-align: inherit\">Nat\u00fcrliches Afwerking: <\/span><\/span><\/span><\/span><\/span><\/span><\/span><\/span><\/span><\/span><\/b><span style=\"font-weight: 400\"><span style=\"vertical-align: inherit\"><span style=\"vertical-align: inherit\"><span style=\"vertical-align: inherit\"><span style=\"vertical-align: inherit\"><span style=\"vertical-align: inherit\"><span style=\"vertical-align: inherit\"><span style=\"vertical-align: inherit\"><span style=\"vertical-align: inherit\"><span style=\"vertical-align: inherit\"><span style=\"vertical-align: inherit\">Unsere Hybrid-Produkte hinterlassen ein ebenm\u00e4\u00dfiges, nat\u00fcrliches Finish, als du kein Make-up aufgetragen hast.<\/span><\/span><\/span><\/span><\/span><\/span><\/span><\/span><\/span><\/span><\/span><\/li>\n<li style=\"font-weight: 400\"><b><span style=\"vertical-align: inherit\"><span style=\"vertical-align: inherit\"><span style=\"vertical-align: inherit\"><span style=\"vertical-align: inherit\"><span style=\"vertical-align: inherit\"><span style=\"vertical-align: inherit\"><span style=\"vertical-align: inherit\"><span style=\"vertical-align: inherit\"><span style=\"vertical-align: inherit\"><span style=\"vertical-align: inherit\">Langdurige werking: <\/span><\/span><\/span><\/span><\/span><\/span><\/span><\/span><\/span><\/span><\/b><span style=\"font-weight: 400\"><span style=\"vertical-align: inherit\"><span style=\"vertical-align: inherit\"><span style=\"vertical-align: inherit\"><span style=\"vertical-align: inherit\"><span style=\"vertical-align: inherit\"><span style=\"vertical-align: inherit\"><span style=\"vertical-align: inherit\"><span style=\"vertical-align: inherit\"><span style=\"vertical-align: inherit\"><span style=\"vertical-align: inherit\">Genie\u00dfen Sie den ganzen Tag \u00fcber frischen und strahlenden Teint.<\/span><\/span><\/span><\/span><\/span><\/span><\/span><\/span><\/span><\/span><\/span><\/li>\n<li style=\"font-weight: 400\"><b><span style=\"vertical-align: inherit\"><span style=\"vertical-align: inherit\"><span style=\"vertical-align: inherit\"><span style=\"vertical-align: inherit\"><span style=\"vertical-align: inherit\"><span style=\"vertical-align: inherit\"><span style=\"vertical-align: inherit\"><span style=\"vertical-align: inherit\"><span style=\"vertical-align: inherit\"><span style=\"vertical-align: inherit\">Multifunctionele toepassing: <\/span><\/span><\/span><\/span><\/span><\/span><\/span><\/span><\/span><\/span><\/b><span style=\"font-weight: 400\"><span style=\"vertical-align: inherit\"><span style=\"vertical-align: inherit\"><span style=\"vertical-align: inherit\"><span style=\"vertical-align: inherit\"><span style=\"vertical-align: inherit\"><span style=\"vertical-align: inherit\"><span style=\"vertical-align: inherit\"><span style=\"vertical-align: inherit\"><span style=\"vertical-align: inherit\"><span style=\"vertical-align: inherit\">Veel van onze hybride producten kunnen zowel als foundation, als camouflagestift en als lichte vloeistof worden gebruikt.<\/span><\/span><\/span><\/span><\/span><\/span><\/span><\/span><\/span><\/span><\/span><\/li>\n<\/ul>\n<p><b><span style=\"vertical-align: inherit\"><span style=\"vertical-align: inherit\"><span style=\"vertical-align: inherit\"><span style=\"vertical-align: inherit\"><span style=\"vertical-align: inherit\"><span style=\"vertical-align: inherit\"><span style=\"vertical-align: inherit\"><span style=\"vertical-align: inherit\"><span style=\"vertical-align: inherit\"><span style=\"vertical-align: inherit\">Waarom hybride make-up van Martina Otte Cosmetics\u00ae?<\/span><\/span><\/span><\/span><\/span><\/span><\/span><\/span><\/span><\/span><\/b><\/p>\n<ul>\n<li style=\"font-weight: 400\"><b><span style=\"vertical-align: inherit\"><span style=\"vertical-align: inherit\"><span style=\"vertical-align: inherit\"><span style=\"vertical-align: inherit\"><span style=\"vertical-align: inherit\"><span style=\"vertical-align: inherit\"><span style=\"vertical-align: inherit\"><span style=\"vertical-align: inherit\"><span style=\"vertical-align: inherit\"><span style=\"vertical-align: inherit\">Individuele oplossingen: <\/span><\/span><\/span><\/span><\/span><\/span><\/span><\/span><\/span><\/span><\/b><span style=\"font-weight: 400\"><span style=\"vertical-align: inherit\"><span style=\"vertical-align: inherit\"><span style=\"vertical-align: inherit\"><span style=\"vertical-align: inherit\"><span style=\"vertical-align: inherit\"><span style=\"vertical-align: inherit\"><span style=\"vertical-align: inherit\"><span style=\"vertical-align: inherit\"><span style=\"vertical-align: inherit\"><span style=\"vertical-align: inherit\">Wij bieden een grote verscheidenheid aan hybride producten voor alle soorten hoogwaardige producten en alle vereisten.<\/span><\/span><\/span><\/span><\/span><\/span><\/span><\/span><\/span><\/span><\/span><\/li>\n<li style=\"font-weight: 400\"><b><span style=\"vertical-align: inherit\"><span style=\"vertical-align: inherit\"><span style=\"vertical-align: inherit\"><span style=\"vertical-align: inherit\"><span style=\"vertical-align: inherit\"><span style=\"vertical-align: inherit\"><span style=\"vertical-align: inherit\"><span style=\"vertical-align: inherit\"><span style=\"vertical-align: inherit\"><span style=\"vertical-align: inherit\">Hoge kwaliteit: <\/span><\/span><\/span><\/span><\/span><\/span><\/span><\/span><\/span><\/span><\/b><span style=\"font-weight: 400\"><span style=\"vertical-align: inherit\"><span style=\"vertical-align: inherit\"><span style=\"vertical-align: inherit\"><span style=\"vertical-align: inherit\"><span style=\"vertical-align: inherit\"><span style=\"vertical-align: inherit\"><span style=\"vertical-align: inherit\"><span style=\"vertical-align: inherit\"><span style=\"vertical-align: inherit\"><span style=\"vertical-align: inherit\">Unsere Produkte werden aus hochwertigen, sorgf\u00e4ltig ausgew\u00e4hlten Inhaltsstoffen hergestellt.<\/span><\/span><\/span><\/span><\/span><\/span><\/span><\/span><\/span><\/span><\/span><\/li>\n<\/ul>\n<p><span style=\"font-weight: 400\"><span style=\"vertical-align: inherit\"><span style=\"vertical-align: inherit\"><span style=\"vertical-align: inherit\"><span style=\"vertical-align: inherit\"><span style=\"vertical-align: inherit\"><span style=\"vertical-align: inherit\"><span style=\"vertical-align: inherit\"><span style=\"vertical-align: inherit\"><span style=\"vertical-align: inherit\"><span style=\"vertical-align: inherit\">Overwin mezelf en bepaal je eigen schoonheid met de Hybrid Make-up van Martina Otte Cosmetics\u00ae.<\/span><\/span><\/span><\/span><\/span><\/span><\/span><\/span><\/span><\/span><\/span><\/li>\n<\/ul>","protected":false},"featured_media":147111,"template":"","meta":{"footnotes":""},"product_brand":[],"product_cat":[77],"product_tag":[895,149,174,743,529,111,592,155,140],"class_list":{"0":"post-96370","1":"product","2":"type-product","3":"status-publish","4":"has-post-thumbnail","6":"product_cat-uncategorized","7":"product_tag-all-cover-up-foundation-no-5-brown-sugar-created-by-martina-otte-cosmetics","8":"product_tag-anti-aging","9":"product_tag-anti-inflammatory","10":"product_tag-beauty","11":"product_tag-breathable","12":"product_tag-care","13":"product_tag-high-quality","14":"product_tag-hyaluronic","15":"product_tag-skin-care","16":"product_shipping_class-shipping-class-2","17":"has-subscription-plans","19":"first","20":"instock","21":"sale","22":"taxable","23":"shipping-taxable","24":"purchasable","25":"product-type-simple"},"bundled_by":[],"bundle_stock_status":"instock","bundle_stock_quantity":null,"bundle_virtual":false,"bundle_layout":"","bundle_add_to_cart_form_location":"","bundle_editable_in_cart":false,"bundle_sold_individually_context":"","bundle_item_grouping":"","bundle_min_size":"","bundle_max_size":"","bundle_price":[],"bundled_items":[],"bundle_sell_ids":[],"group_of_quantity":0,"min_quantity":0,"max_quantity":"","exclude_order_quantity_value_rules":"no","exclude_category_quantity_rules":"no","combine_variations":"no","_links":{"self":[{"href":"https:\/\/2024.shoply.com\/nl\/wp-json\/wp\/v2\/product\/96370","targetHints":{"allow":["GET"]}}],"collection":[{"href":"https:\/\/2024.shoply.com\/nl\/wp-json\/wp\/v2\/product"}],"about":[{"href":"https:\/\/2024.shoply.com\/nl\/wp-json\/wp\/v2\/types\/product"}],"version-history":[{"count":7,"href":"https:\/\/2024.shoply.com\/nl\/wp-json\/wp\/v2\/product\/96370\/revisions"}],"predecessor-version":[{"id":147119,"href":"https:\/\/2024.shoply.com\/nl\/wp-json\/wp\/v2\/product\/96370\/revisions\/147119"}],"wp:featuredmedia":[{"embeddable":true,"href":"https:\/\/2024.shoply.com\/nl\/wp-json\/wp\/v2\/media\/147111"}],"wp:attachment":[{"href":"https:\/\/2024.shoply.com\/nl\/wp-json\/wp\/v2\/media?parent=96370"}],"wp:term":[{"taxonomy":"product_brand","embeddable":true,"href":"https:\/\/2024.shoply.com\/nl\/wp-json\/wp\/v2\/product_brand?post=96370"},{"taxonomy":"product_cat","embeddable":true,"href":"https:\/\/2024.shoply.com\/nl\/wp-json\/wp\/v2\/product_cat?post=96370"},{"taxonomy":"product_tag","embeddable":true,"href":"https:\/\/2024.shoply.com\/nl\/wp-json\/wp\/v2\/product_tag?post=96370"}],"curies":[{"name":"wp","href":"https:\/\/api.w.org\/{rel}","templated":true}]}}