{"id":101149,"date":"2024-12-02T19:45:17","date_gmt":"2024-12-03T00:45:17","guid":{"rendered":"https:\/\/shoply.com\/?post_type=product&#038;p=101149"},"modified":"2025-01-29T11:47:37","modified_gmt":"2025-01-29T16:47:37","slug":"pumpkin-peanut-brittle-car-diffuser","status":"publish","type":"product","link":"https:\/\/2024.shoply.com\/pt\/produto\/pumpkin-peanut-brittle-car-diffuser\/","title":{"rendered":"Difusor de ab\u00f3bora com amendoim para autom\u00f3vel"},"content":{"rendered":"<p>O acess\u00f3rio perfeito para se deslocar e refrescar a sua viagem. Pendure-o no espelho retrovisor e desfrute de uma explos\u00e3o de fragr\u00e2ncia cativante.<\/p>\n<p>I hope you love this scent as much as I do. Super sweet, crunchy caramel brittle with loads of salted peanuts and toasted pumpkin seeds. This is an all year round best sellers!<\/p>","protected":false},"excerpt":{"rendered":"<p>The perfect on-the-go accessory to freshen up your ride. Hang it on your rear view mirror and enjoy a burst<\/p>","protected":false},"featured_media":101150,"template":"","meta":{"footnotes":""},"product_brand":[],"product_cat":[314],"product_tag":[794,308],"class_list":{"0":"post-101149","1":"product","2":"type-product","3":"status-publish","4":"has-post-thumbnail","6":"product_cat-candles","7":"product_tag-caramel","8":"product_tag-pumpkin","10":"first","11":"instock","12":"taxable","13":"shipping-taxable","14":"purchasable","15":"product-type-simple"},"bundled_by":[],"bundle_stock_status":"instock","bundle_stock_quantity":5,"bundle_virtual":false,"bundle_layout":"","bundle_add_to_cart_form_location":"","bundle_editable_in_cart":false,"bundle_sold_individually_context":"","bundle_item_grouping":"","bundle_min_size":"","bundle_max_size":"","bundle_price":[],"bundled_items":[],"bundle_sell_ids":[],"group_of_quantity":0,"min_quantity":0,"max_quantity":"","exclude_order_quantity_value_rules":"no","exclude_category_quantity_rules":"no","combine_variations":"no","_links":{"self":[{"href":"https:\/\/2024.shoply.com\/pt\/wp-json\/wp\/v2\/product\/101149","targetHints":{"allow":["GET"]}}],"collection":[{"href":"https:\/\/2024.shoply.com\/pt\/wp-json\/wp\/v2\/product"}],"about":[{"href":"https:\/\/2024.shoply.com\/pt\/wp-json\/wp\/v2\/types\/product"}],"version-history":[{"count":1,"href":"https:\/\/2024.shoply.com\/pt\/wp-json\/wp\/v2\/product\/101149\/revisions"}],"predecessor-version":[{"id":126713,"href":"https:\/\/2024.shoply.com\/pt\/wp-json\/wp\/v2\/product\/101149\/revisions\/126713"}],"wp:featuredmedia":[{"embeddable":true,"href":"https:\/\/2024.shoply.com\/pt\/wp-json\/wp\/v2\/media\/101150"}],"wp:attachment":[{"href":"https:\/\/2024.shoply.com\/pt\/wp-json\/wp\/v2\/media?parent=101149"}],"wp:term":[{"taxonomy":"product_brand","embeddable":true,"href":"https:\/\/2024.shoply.com\/pt\/wp-json\/wp\/v2\/product_brand?post=101149"},{"taxonomy":"product_cat","embeddable":true,"href":"https:\/\/2024.shoply.com\/pt\/wp-json\/wp\/v2\/product_cat?post=101149"},{"taxonomy":"product_tag","embeddable":true,"href":"https:\/\/2024.shoply.com\/pt\/wp-json\/wp\/v2\/product_tag?post=101149"}],"curies":[{"name":"wp","href":"https:\/\/api.w.org\/{rel}","templated":true}]}}