{"id":102375,"date":"2024-12-04T18:58:30","date_gmt":"2024-12-04T23:58:30","guid":{"rendered":"https:\/\/shoply.com\/?post_type=product&#038;p=102375"},"modified":"2025-01-30T14:35:52","modified_gmt":"2025-01-30T19:35:52","slug":"rubellite-tourmaline-gemstone-and-diamond-3-stone-design-cocktail-ring","status":"publish","type":"product","link":"https:\/\/2024.shoply.com\/pt\/produto\/rubellite-tourmaline-gemstone-and-diamond-3-stone-design-cocktail-ring\/","title":{"rendered":"Rubellite Tourmaline Gemstone and Diamond- 3 stone design Cocktail Ring"},"content":{"rendered":"<h2 style=\"font-weight: 400\"><strong>Somos fabricantes de j\u00f3ias finas, criando pe\u00e7as que d\u00e3o poder e transformam.<\/strong><\/h2>\n<p style=\"font-weight: 400\">Acreditamos que s\u00f3 refor\u00e7ando a liga\u00e7\u00e3o \u00fanica que cada um de n\u00f3s tem com a natureza, com os outros e connosco pr\u00f3prios, podemos capacitar e transformar as pessoas na melhor vers\u00e3o de si mesmas.<\/p>\n<p style=\"font-weight: 400\">Aproveitar as qualidades e virtudes das pedras preciosas para se ligar a cada indiv\u00edduo, obtendo-as eticamente de todo o mundo e transformando-as em verdadeiros s\u00edmbolos que d\u00e3o poder e inspiram a transforma\u00e7\u00e3o.<\/p>\n<p style=\"font-weight: 400\">Inspirados por outras \u00e9pocas e lugares antigos, a nossa abordagem ao design de j\u00f3ias vai para al\u00e9m do simplesmente belo e acaba por se traduzir em pe\u00e7as modernas mas intemporais.<\/p>\n<h2 style=\"font-weight: 400\"><strong>Um verdadeiro compromisso com o abastecimento \u00e9tico: O cora\u00e7\u00e3o da Scott Rogers Design<\/strong><\/h2>\n<p style=\"font-weight: 400\">Na SR, acreditamos que o fornecimento respons\u00e1vel n\u00e3o \u00e9 apenas uma pr\u00e1tica comercial; \u00e9 um valor fundamental que orienta tudo o que fazemos. \u00c9 a PERGUNTA que fazemos: \"Onde est\u00e1 a integridade nisto?\" Scott \u00e9 apaixonado por expressar a sua criatividade e liga\u00e7\u00e3o \u00e0 natureza de uma forma \u00e9tica e ecol\u00f3gica. Tem sido uma viagem de 40 anos e continuamos a crescer, a evoluir e a acarinhar as pessoas que t\u00eam a coragem de fazer esta viagem de auto-aprimoramento connosco. Utilizamos ouro reciclado nas nossas cria\u00e7\u00f5es, reduzindo o nosso impacto ambiental.<\/p>\n<p style=\"font-weight: 400\">O nosso amor pelas pedras preciosas de cor \u00e9 profundo. Todas as nossas gemas prov\u00eam diretamente dos campos de gemas de cada pa\u00eds, apoiando as comunidades\/artes\u00e3os locais e garantindo a autenticidade das nossas pedras. As nossas colec\u00e7\u00f5es \u00fanicas e encomendas personalizadas tamb\u00e9m nos levam em aventuras globais para obter pedras preciosas raras e ex\u00f3ticas de todo o mundo.<\/p>\n<p style=\"font-weight: 400\">By choosing SR, you are supporting our brand and ecosystem that is committed to responsible sourcing, sustainable practices, and the creation of exquisite soul-infused &#8216;Talisman&#8217; jewellery. Located in the hinterland of Byron Bay Australia<\/p>\n<p>&nbsp;<\/p>","protected":false},"excerpt":{"rendered":"<p><a href=\"https:\/\/shoply.com\/wp-content\/uploads\/2024\/12\/IMG_3618.mov\">VIDEO OF TOURMALINE DRESS RING <\/a><\/p>\n<p style=\"font-weight: 400\"><strong>Pe\u00e7as que transformam<\/strong><\/p>\n<p style=\"font-weight: 400\">Dress Ring &#8211; CLASSIC\/ Modern &#8211; This one-of-a-kind- piece is sculpted and handcrafted in PLATINUM \u00a0 set in a claw style to encase the Tourmaline, sourced from country of origin \u00a0&#8211; specially cut by one of our gem cutters and designed to suit the 3- stone carved shape- of our collection. \u00a0This ring is unique and part of a classic\/ modern &#8211; suitable for dress\/ cocktail ring . A perfect gift to celebrate milestones.<\/p>\n<p style=\"font-weight: 400\">Dress Ring \/ Cocktail Ring<\/p>\n<p style=\"font-weight: 400\">Platinum and diamonds<\/p>\n<p>Platinum Rubellite &amp; Diamond ring<\/p>\n<p style=\"font-weight: 400\">11mm x 9mm approx<\/p>\n<p>Cadillac pair Diamons-E\/VS2<\/p>\n<p style=\"font-weight: 400\">Size- ( UK- N) (US-6-6)<\/p>\n<p style=\"font-weight: 400\">1660 QV \/664DB \/ 332 CV<\/p>\n<p>&nbsp;<\/p>\n<p>&nbsp;<\/p>\n<p>&nbsp;<\/p>","protected":false},"featured_media":102389,"template":"","meta":{"footnotes":""},"product_brand":[],"product_cat":[206],"product_tag":[267,306,288,759,397],"class_list":{"0":"post-102375","1":"product","2":"type-product","3":"status-publish","4":"has-post-thumbnail","6":"product_cat-jewelry-250-01-or-more","7":"product_tag-gifts","8":"product_tag-handcrafted","9":"product_tag-love","10":"product_tag-lovers","11":"product_tag-luxury","13":"first","14":"instock","15":"sold-individually","16":"taxable","17":"shipping-taxable","18":"purchasable","19":"product-type-simple"},"bundled_by":[],"bundle_stock_status":"instock","bundle_stock_quantity":1,"bundle_virtual":false,"bundle_layout":"","bundle_add_to_cart_form_location":"","bundle_editable_in_cart":false,"bundle_sold_individually_context":"","bundle_item_grouping":"","bundle_min_size":"","bundle_max_size":"","bundle_price":[],"bundled_items":[],"bundle_sell_ids":[],"group_of_quantity":0,"min_quantity":1,"max_quantity":1,"exclude_order_quantity_value_rules":"no","exclude_category_quantity_rules":"no","combine_variations":"no","_links":{"self":[{"href":"https:\/\/2024.shoply.com\/pt\/wp-json\/wp\/v2\/product\/102375","targetHints":{"allow":["GET"]}}],"collection":[{"href":"https:\/\/2024.shoply.com\/pt\/wp-json\/wp\/v2\/product"}],"about":[{"href":"https:\/\/2024.shoply.com\/pt\/wp-json\/wp\/v2\/types\/product"}],"version-history":[{"count":1,"href":"https:\/\/2024.shoply.com\/pt\/wp-json\/wp\/v2\/product\/102375\/revisions"}],"predecessor-version":[{"id":126289,"href":"https:\/\/2024.shoply.com\/pt\/wp-json\/wp\/v2\/product\/102375\/revisions\/126289"}],"wp:featuredmedia":[{"embeddable":true,"href":"https:\/\/2024.shoply.com\/pt\/wp-json\/wp\/v2\/media\/102389"}],"wp:attachment":[{"href":"https:\/\/2024.shoply.com\/pt\/wp-json\/wp\/v2\/media?parent=102375"}],"wp:term":[{"taxonomy":"product_brand","embeddable":true,"href":"https:\/\/2024.shoply.com\/pt\/wp-json\/wp\/v2\/product_brand?post=102375"},{"taxonomy":"product_cat","embeddable":true,"href":"https:\/\/2024.shoply.com\/pt\/wp-json\/wp\/v2\/product_cat?post=102375"},{"taxonomy":"product_tag","embeddable":true,"href":"https:\/\/2024.shoply.com\/pt\/wp-json\/wp\/v2\/product_tag?post=102375"}],"curies":[{"name":"wp","href":"https:\/\/api.w.org\/{rel}","templated":true}]}}