{"id":106252,"date":"2024-12-12T20:11:23","date_gmt":"2024-12-13T01:11:23","guid":{"rendered":"https:\/\/shoply.com\/?post_type=product&#038;p=106252"},"modified":"2025-02-21T01:26:36","modified_gmt":"2025-02-21T06:26:36","slug":"mayella-rose-quartz-crystal-therapy-embrace-self-care-time-rose-quartz-gua-sha-is-your-daily-facial-massage-tool-for-smooth-radiant-skin","status":"publish","type":"product","link":"https:\/\/2024.shoply.com\/pt\/produto\/mayella-rose-quartz-crystal-therapy-embrace-self-care-time-rose-quartz-gua-sha-is-your-daily-facial-massage-tool-for-smooth-radiant-skin\/","title":{"rendered":"Mayella Rose Quartz Crystal therapy &#8211; Embrace Self care time, Rose Quartz Gua Sha is your daily facial massage tool for smooth radiant skin"},"content":{"rendered":"<h3><span style=\"font-size: 1.4em\">Ajuda a revigorar o sistema linf\u00e1tico para uma tez saud\u00e1vel<\/span><\/h3>\n<p>A pr\u00e1tica da t\u00e9cnica Gua Sha na pele ajuda a eliminar as toxinas dos tecidos, estimulando o sistema linf\u00e1tico e a drenagem linf\u00e1tica. O aumento do fluxo sangu\u00edneo tamb\u00e9m leva sangue fresco e oxigenado aos tecidos, m\u00fasculos faciais e nervos, melhorando a sa\u00fade, a vitalidade e o t\u00f3nus dos m\u00fasculos faciais. Ao fazer uma massagem, est\u00e1 a suavizar as rugas e a exercitar visivelmente o seu rosto, criando mais luminosidade, uma tez melhorada, clareza e um brilho saud\u00e1vel.<\/p>\n<h3><strong>Benef\u00edcios da utiliza\u00e7\u00e3o di\u00e1ria<\/strong><\/h3>\n<ol>\n<li><strong>Desintoxica e purifica a pele<\/strong><br \/>\nAcredita-se que os cristais naturais Gua Sha t\u00eam propriedades energ\u00e9ticas e desintoxicantes e, quando combinados com as t\u00e9cnicas Gua Sha, ajudam a estimular a drenagem linf\u00e1tica, eliminando toxinas e promovendo uma tez mais limpa e brilhante.<\/li>\n<li><strong>Estimula a circula\u00e7\u00e3o sangu\u00ednea<\/strong><br \/>\nA utiliza\u00e7\u00e3o di\u00e1ria aumenta o fluxo sangu\u00edneo, garantindo que o oxig\u00e9nio e os nutrientes chegam \u00e0s c\u00e9lulas da pele, o que ajuda a rejuvenescer e a restaurar o brilho natural da pele.<\/li>\n<li><strong>Reduz o incha\u00e7o e o incha\u00e7o<\/strong><br \/>\nA textura suave da obsidiana reduz eficazmente o incha\u00e7o, especialmente \u00e0 volta dos olhos, enquanto esculpe e contorna as carater\u00edsticas faciais.<\/li>\n<li><strong>Minimiza as r\u00eddulas e as rugas<\/strong><br \/>\nA raspagem suave como um movimento de acariciar com a ferramenta incentiva a produ\u00e7\u00e3o de colag\u00e9nio, o que ajuda a melhorar a elasticidade da pele e reduz o aparecimento de linhas finas e rugas ao longo do tempo.<\/li>\n<li><strong>Alivia a tens\u00e3o muscular<\/strong><br \/>\nA utiliza\u00e7\u00e3o regular alivia a tens\u00e3o nos m\u00fasculos faciais, particularmente no maxilar e na testa, criando um aspeto relaxado e refrescado, ao mesmo tempo que ajuda a prevenir as rugas induzidas pela tens\u00e3o.<\/li>\n<li><strong>Ferramentas de cristal como Gua Sha<\/strong> oferecem uma abordagem hol\u00edstica aos cuidados da pele, combinando os benef\u00edcios f\u00edsicos com as propriedades energ\u00e9ticas dos cristais. Cada ferramenta melhora a apar\u00eancia da pele enquanto harmoniza a energia do corpo para uma tez radiante e saud\u00e1vel e um estado de esp\u00edrito elevado. O Cristal que escolher ter\u00e1 energias que pode desejar adotar nos seus rituais di\u00e1rios de cuidados com a pele.<\/li>\n<li><strong>Melhora a absor\u00e7\u00e3o do produto<\/strong><br \/>\nQuando utilizada com s\u00e9runs ou \u00f3leos, a ferramenta Gua Sha ajuda estes produtos a penetrarem profundamente na pele, maximizando a sua efic\u00e1cia.<\/li>\n<\/ol>\n<h4><em>Coment\u00e1rios:<\/em><\/h4>\n<div class=\"jdgm-rev-widg__reviews\">\n<div class=\"jdgm-rev jdgm-divider-top jdgm--done-setup\">\n<div class=\"jdgm-rev__header\"><span class=\"jdgm-rev__author-wrapper\"><span class=\"jdgm-rev__author\"> <span class=\"jdgm-rev__rating\" role=\"img\" aria-label=\"Avalia\u00e7\u00e3o 5 estrelas\">\u00a0<\/span><span class=\"jdgm-rev__timestamp\">06\/30\/2022 <\/span>Em<\/span><\/span><\/div>\n<div class=\"jdgm-rev__content\">\n<p><b class=\"jdgm-rev__title\">Ferramenta facial bonita e relaxante<\/b><\/p>\n<div class=\"jdgm-rev__body\">\n<p>Esta foi a primeira vez que usei um Gua Sha e agora adoro us\u00e1-lo na minha rotina de pele. Os cristais s\u00e3o t\u00e3o bonitos e eu n\u00e3o conseguia escolher um, por isso comprei dois! Eu aplico primeiro o Rose Repair Serum e depois o Gua Sha e ambos fazem a minha pele sentir-se fant\u00e1stica e tornam a minha rotina de cuidados de pele um pouco mais especial. Recomendo-o sem d\u00favida.<\/p>\n<\/div>\n<div class=\"jdgm-rev__pics\"><\/div>\n<h4 class=\"jdgm-rev__vids\">Como utilizar o Gua Sha:<\/h4>\n<\/div>\n<\/div>\n<\/div>\n<p>Os cora\u00e7\u00f5es do Gua Sha t\u00eam uma forma perfeita para contornar e estimular o rosto. Pode optar por utilizar a pequena curva em forma de cora\u00e7\u00e3o do Gua Sha, a curva interior mais plana ou a curva exterior mais arredondada do Crystal para se adaptar melhor \u00e0 curva e \u00e0 estrutura \u00f3ssea do seu rosto.<\/p>\n<p>Varrer ao longo das sobrancelhas, ma\u00e7\u00e3s do rosto, linha do maxilar e dentro e \u00e0 volta das narinas, drenando para baixo e \u00e0 volta dos cantos da boca at\u00e9 ao centro do queixo. Em seguida, escorrer para fora do centro do queixo acima, atrav\u00e9s e abaixo da linha do maxilar com a parte superior do cora\u00e7\u00e3o do Gua Sha.<\/p>\n<p>Utilize a ponta inferior do cora\u00e7\u00e3o Gua Sha para pressionar suave e firmemente um ponto de acupress\u00e3o no centro do l\u00e1bio superior - na dobra, que se sentir\u00e1 ligeiramente sens\u00edvel quando estiver sobre ele, para estimular o metabolismo. N\u00e3o mais do que 3 segundos \u00e9 adequado.<\/p>\n<p>Veja o nosso v\u00eddeo acima para seguir um fluxo lento e meditativo de utiliza\u00e7\u00e3o do Gua Sha com a sua rotina de cuidados da pele <em><strong>ou como pr\u00e1tica nocturna de relaxamento e desestresse <\/strong><\/em>quando fores para a cama. Sabemos que o seu sono vai ser maravilhoso!<\/p>\n<p><strong>Sugest\u00e3o:<\/strong> Embrulhe o seu Gua Sha numa <em>Pano de Limpeza Mayella Natural Fibre<\/em> e coloque-a no frigor\u00edfico durante 20-30 minutos para arrefecer e fazer um tratamento facial \"crio\" para revitalizar e revigorar a pele cansada. Este efeito de arrefecimento tamb\u00e9m pode ajudar a reduzir eficazmente as olheiras e os olhos inchados. Pode eventualmente passar a coloc\u00e1-lo no congelador \u00e0 medida que voc\u00ea e a sua pele se forem habituando \u00e0 t\u00e9cnica.<\/p>\n<p>Da mesma forma, colocar o seu Gua Sha em \u00e1gua morna e depois rolar sobre o seu Soro Reparador Mayella Olivane favorito ajuda a infundir mais profundamente o soro na pele.<\/p>\n<h4>Cuidados a ter com o Gua Sha:<\/h4>\n<p>Limpar com \u00e1gua morna e deixar secar ao ar numa toalha ou pano macio num local seguro.<\/p>\n<p>N\u00e3o \u00e9 necess\u00e1rio usar sab\u00f5es ou detergentes, mas se sentir necessidade de enxaguar qualquer produto do seu Gua Sha com algo mais forte do que \u00e1gua morna, por favor use um detergente ou sab\u00e3o suave, n\u00e3o qu\u00edmico e amigo do ambiente.<\/p>\n<p>Tal como com os seus cristais e pedras preciosas, coloque o seu Gua Sha sob a lua cheia para limpar energeticamente o seu cristal.<\/p>\n<div style=\"width: 1000px;\" class=\"wp-video\"><video class=\"wp-video-shortcode\" id=\"video-106252-2\" width=\"1000\" height=\"1500\" preload=\"metadata\" controls=\"controls\"><source type=\"video\/mp4\" src=\"https:\/\/shoply.com\/wp-content\/uploads\/2024\/11\/Mayella-Stop-Motion-1-1.mp4?_=2\" \/><a href=\"https:\/\/shoply.com\/wp-content\/uploads\/2024\/11\/Mayella-Stop-Motion-1-1.mp4\">https:\/\/shoply.com\/wp-content\/uploads\/2024\/11\/Mayella-Stop-Motion-1-1.mp4<\/a><\/video><\/div>\n<h3><span style=\"font-size: 1.4em\">Escolher o seu Gua Sha<\/span><\/h3>\n<p>Os cristais t\u00eam frequ\u00eancias vibracionais que variam de profundas e terrestres a altas e c\u00f3smicas. Somos atra\u00eddos para uma pedra ou cristal muitas vezes sem saber porqu\u00ea mas sentindo uma resson\u00e2ncia, uma liga\u00e7\u00e3o. Escolher um Gua Sha em particular pode ser uma liga\u00e7\u00e3o intuitiva, simplesmente ser atra\u00eddo por uma cor, forma, ou talvez ligar-se \u00e0s propriedades vibracionais do cristal e \u00e0 energia de cura que gostaria de trazer para o seu ritual di\u00e1rio de pele.<\/p>\n<p>Ao combinar os efeitos terap\u00eauticos da massagem com as propriedades metaf\u00edsicas dos cristais, o Gua Sha transforma a sua rotina de cuidados da pele num ritual hol\u00edstico, beneficiando tanto a sua pele f\u00edsica como o seu bem-estar energ\u00e9tico.<\/p>\n<ol>\n<li><strong>Equil\u00edbrio dos chakras<\/strong>\n<ul>\n<li>Os cristais ajudam a limpar e a equilibrar os bloqueios energ\u00e9ticos, particularmente no chakra do cora\u00e7\u00e3o (associado ao amor e \u00e0 auto-aceita\u00e7\u00e3o) e no chakra do terceiro olho (intui\u00e7\u00e3o e clareza).<\/li>\n<\/ul>\n<\/li>\n<li><strong>Redu\u00e7\u00e3o do stress e da ansiedade<\/strong>\n<ul>\n<li>A sensa\u00e7\u00e3o de arrefecimento destas ferramentas combinada com a energia calmante dos cristais pode acalmar a mente, reduzir o stress e promover o equil\u00edbrio emocional durante o seu ritual de cuidados da pele.<\/li>\n<\/ul>\n<\/li>\n<li><strong>Amplifica o autocuidado consciente<\/strong>\n<ul>\n<li>A utiliza\u00e7\u00e3o de ferramentas de cristal transforma os cuidados com a pele numa pr\u00e1tica meditativa, promovendo a aten\u00e7\u00e3o plena e melhorando a liga\u00e7\u00e3o entre o corpo, a mente e o esp\u00edrito.<\/li>\n<\/ul>\n<\/li>\n<\/ol>\n<h4>Read below a powerful daily affirmation for when using your handcrafted Rose Quartz Gua sha.<\/h4>\n<h3><strong>Quartzo Rosa<\/strong><\/h3>\n<p>O Quartzo Rosa Compassivo traz cura emocional profunda e aceita\u00e7\u00e3o - a Rainha do amor incondicional. A abertura e a aceita\u00e7\u00e3o do amor pr\u00f3prio, promovendo o amor por si pr\u00f3prio, \u00e9 essencial antes de se aceitar o amor dos outros. Rose Quartz ajuda a estabelecer limites apropriados e a ser capaz de dizer \"n\u00e3o\" com amor. Mantendo-se firme e fortalecendo o respeito pelas suas pr\u00f3prias necessidades, ajuda a aprender que o amor incondicional n\u00e3o significa sacrificar-se.<\/p>\n<p>Quando uma porta se fecha, outra se abre, o Quartzo Rosa cura o desgosto e a desilus\u00e3o ao atrair rela\u00e7\u00f5es de amor m\u00fatuo e aceita\u00e7\u00e3o dentro da capacidade de receber. Invoca a auto-confian\u00e7a e a autoestima e fortalece a empatia, a sensibilidade e as intera\u00e7\u00f5es com os outros e encontra resolu\u00e7\u00f5es amorosas para os conflitos.<\/p>\n<p>Quartzo Rosa - Chakra do cora\u00e7\u00e3o, cora\u00e7\u00e3o superior.<\/p>\n<p>Tradicionalmente associado \u00e0s supra-renais.<\/p>\n<p><strong>Afirma\u00e7\u00e3o durante a utiliza\u00e7\u00e3o do Gua Sha de Quartzo Rosa<\/strong>\u00a0<em>\"Sou digno e merecedor de amor e de rela\u00e7\u00f5es amorosas. Eu amo-me incondicionalmente e valorizo a minha presen\u00e7a no mundo. Hoje eu curo amorosamente cada c\u00e9lula bonita do meu corpo e vibro na luz do amor.\"<\/em><\/p>\n<p><strong>Read through the following energetic properties of each Gua Sha to choose the one that resonates. You may find you choose to have one, two or more of each Crystal to vary according to how you feel on different days\u2026<\/strong><\/p>\n<h3><strong>Obsidiana negra<\/strong><\/h3>\n<p>Refor\u00e7a a liga\u00e7\u00e3o \u00e0s ra\u00edzes, a presen\u00e7a e o poder pr\u00f3prio. \u00c9 um purificador profundo e apoia a prote\u00e7\u00e3o energ\u00e9tica, removendo influ\u00eancias negativas. A Obsidiana Negra entra em contacto com a nossa liga\u00e7\u00e3o com a fonte e abra\u00e7a a nossa verdadeira ess\u00eancia, melhorando o nosso esp\u00edrito numa viagem corporal.<\/p>\n<p>A Obsidiana Negra elimina a confus\u00e3o e ajuda a criar clareza, ao mesmo tempo que estabelece a liga\u00e7\u00e3o \u00e0 terra. Ajuda a desintoxicar e a remover bloqueios relacionados com o poder, o abuso de poder e o facto de se ser dono de si pr\u00f3prio.<\/p>\n<p>Tradicionalmente associado \u00e0 digest\u00e3o, \u00e0 desintoxica\u00e7\u00e3o, \u00e0s art\u00e9rias e \u00e0s articula\u00e7\u00f5es.<\/p>\n<p>Obsidiana Negra - Chakra da Base, Chakra Sacral.<\/p>\n<p><strong>Afirma\u00e7\u00e3o durante a utiliza\u00e7\u00e3o de um Gua Sha de Obsidiana Negra<\/strong>\u00a0<em>\"Sinto-me em meu pr\u00f3prio poder. Reconhe\u00e7o a minha beleza e for\u00e7a interiores e vejo-me a alcan\u00e7ar os meus objectivos. Hoje liberto-me de toda a negatividade e abra\u00e7o a minha luz.\"<\/em><\/p>\n<p>&nbsp;<\/p>\n<h3><strong>Olho de tigre<\/strong><\/h3>\n<p>O Olho de Tigre cura suavemente quest\u00f5es de autoestima, auto-cr\u00edtica e criatividade bloqueada. Ajuda a permitir que a luz da pessoa brilhe e protege contra a energia negativa e o bullying. O Olho de Tigre cria um estado de ser altamente vibracional, mas fundamentado. Levanta estados de esp\u00edrito pesados e ansiosos para promover a clareza de inten\u00e7\u00f5es e a confian\u00e7a para fazer mudan\u00e7as, confiando no futuro e alcan\u00e7ando objectivos realistas.<\/p>\n<p>Ajuda a reduzir a sobrecarga e a ativar a capacidade de viver a vida passo a passo, onde todas as coisas podem acontecer. Melhora o pensamento intencional e abre o intelecto, mantendo-se em contacto com as emo\u00e7\u00f5es e os sentimentos.<\/p>\n<p>Tradicionalmente associado aos olhos, \u00e0 digest\u00e3o, \u00e0 garganta e aos ossos.<\/p>\n<p>Olho de Tigre - Plexo Solar, Terceiro Olho.<\/p>\n<p><strong>Afirma\u00e7\u00e3o durante a utiliza\u00e7\u00e3o do Gua Sha Olho de Tigre<\/strong>\u00a0<em>\"Sou corajosa e forte na minha verdade, abra\u00e7ando a luz que est\u00e1 dentro de mim. Quando honro os meus sentimentos e pensamentos, a minha criatividade flui e sinto-me fortalecida por ser eu mesma. Hoje dou um passo em frente na minha vida com objetivo e luz.\"<\/em><\/p>\n<h3><strong>Quartzo transparente<\/strong><\/h3>\n<p>Clarifica, purifica e descongestiona as vias energ\u00e9ticas, ampliando e purificando o campo energ\u00e9tico. Um mestre da cura, o Clear Quartz trabalha em harmonia consigo para trazer o campo energ\u00e9tico e a resson\u00e2ncia de volta ao estado mais perfeito poss\u00edvel. O Quartzo gera, armazena e irradia energia vibracional, estimulando o sistema imunit\u00e1rio e apoiando o regresso ao equil\u00edbrio. O equil\u00edbrio desejado no corpo f\u00edsico \u00e9 chamado de homeostase.<\/p>\n<p>Ajuda a dissolver a negatividade e a estabelecer uma liga\u00e7\u00e3o com a intui\u00e7\u00e3o e a consci\u00eancia superior para \"ver\" mais claramente.<\/p>\n<p>Tradicionalmente associado a todos os \u00f3rg\u00e3os e sistemas do corpo.<\/p>\n<p>Quartzo - Todos os Chakras.<\/p>\n<p><strong>Afirma\u00e7\u00f5es durante a utiliza\u00e7\u00e3o de um Gua Sha de Quartzo Claro<\/strong>\u00a0<em>\"Vejo claramente a bela alma que sou e liberto todos os pensamentos negativos sobre mim pr\u00f3pria. O meu corpo prospera em harmonia e felicidade com o amor e a luz a fluir do meu cora\u00e7\u00e3o para cada c\u00e9lula do meu belo corpo. Hoje estou alinhado e energizado, completo e equilibrado nos meus corpos f\u00edsico, mental, emocional e espiritual.\"<\/em><\/p>\n<p>&nbsp;<\/p>\n<h3><strong>Ametista<\/strong><\/h3>\n<p>A ametista melhora a mem\u00f3ria, a motiva\u00e7\u00e3o e a tomada de decis\u00f5es. Alinha-se com a medita\u00e7\u00e3o, acalma a mente e repele as energias negativas. Melhora o terceiro olho e a capacidade de liga\u00e7\u00e3o com a consci\u00eancia superior. A pedra favorita de S\u00e3o Francisco de Assis - a Ametista est\u00e1 associada aos amantes do amor e a uma liga\u00e7\u00e3o divina.<\/p>\n<p>Tradicionalmente associado \u00e0s c\u00e9lulas, aos sistemas hormonal e imunit\u00e1rio, aos intestinos.<\/p>\n<p>Ametista - Terceiro olho, consci\u00eancia superior.<\/p>\n<p><strong>Afirma\u00e7\u00e3o durante a utiliza\u00e7\u00e3o de um Gua Sha de Ametista<\/strong>\u00a0<em>\"Acalmo a tagarelice da minha mente ocupada e deixo entrar a quietude. Com um cora\u00e7\u00e3o amoroso, ou\u00e7o a minha voz interior, respeitando e confiando na orienta\u00e7\u00e3o do meu Eu Superior para escolher sabiamente e no meu melhor interesse. Hoje liberto toda a cr\u00edtica e negatividade em rela\u00e7\u00e3o a mim pr\u00f3prio e sigo em frente com amor.\"<\/em><\/p>","protected":false},"excerpt":{"rendered":"<div style=\"width: 1920px;\" class=\"wp-video\"><!--[if lt IE 9]><script>document.createElement('video');<\/script><![endif]--><br \/>\n<video class=\"wp-video-shortcode\" id=\"video-106252-1\" width=\"1920\" height=\"1080\" preload=\"metadata\" controls=\"controls\"><source type=\"video\/mp4\" src=\"https:\/\/shoply.com\/wp-content\/uploads\/2024\/11\/Mayella-Gua-Sha-How-to-Use-Daily-Ritual.mp4?_=1\" \/><a href=\"https:\/\/shoply.com\/wp-content\/uploads\/2024\/11\/Mayella-Gua-Sha-How-to-Use-Daily-Ritual.mp4\">https:\/\/shoply.com\/wp-content\/uploads\/2024\/11\/Mayella-Gua-Sha-How-to-Use-Daily-Ritual.mp4<\/a><\/video><\/div>\n<h3><span style=\"font-size: 1.4em\">Uma bela forma de rejuvenescer e revitalizar a sua pele <\/span><strong>Benefits of Crystal Rose Quartz Gua Sha for Skin Therapy;<\/strong><\/h3>\n<p>Os cristais naturais Gua Sha oferecem uma abordagem hol\u00edstica aos cuidados da pele, combinando os benef\u00edcios f\u00edsicos com as propriedades energ\u00e9ticas dos cristais. Cada ferramenta melhora a apar\u00eancia da pele enquanto harmoniza a energia do corpo para uma tez radiante e saud\u00e1vel e um estado de esp\u00edrito elevado.<\/p>\n<p>Gua Sha \u00e9 uma antiga pr\u00e1tica de cura na arte da massagem e dos pontos de press\u00e3o para a sa\u00fade da pele, tonifica\u00e7\u00e3o da pele e vitalidade dos m\u00fasculos faciais, estrutura \u00f3ssea e nervos. A estimula\u00e7\u00e3o destes tecidos ajuda a reduzir o incha\u00e7o, a estagna\u00e7\u00e3o, as olheiras, estimula o fluxo sangu\u00edneo, assegurando que o oxig\u00e9nio e os nutrientes chegam \u00e0s c\u00e9lulas da pele. Isto promove uma tez saud\u00e1vel e brilhante e ajuda a pele a reparar-se mais eficazmente, melhorando as rugas e as r\u00eddulas para manter uma tez luminosa.<\/p>\n<p>Read below a powerful daily affirmation for use when enjoying your Queen of unconditional Self love, Rose Quartz Gua Sha. Each Gua Sha affirmation is helpful in connecting with and choosing your Crystal Gua Sha or maybe a collection depending on your mood!<\/p>\n<p>&nbsp;<\/p>","protected":false},"featured_media":106297,"template":"","meta":{"footnotes":""},"product_brand":[],"product_cat":[821,382,386],"product_tag":[149,174,743,112,139,138,427,137,267,306,592,430,325,394,140,542],"class_list":{"0":"post-106252","1":"product","2":"type-product","3":"status-publish","4":"has-post-thumbnail","6":"product_cat-beauty","7":"product_cat-health","8":"product_cat-skin-care","9":"product_tag-anti-aging","10":"product_tag-anti-inflammatory","11":"product_tag-beauty","12":"product_tag-cell-renewal","13":"product_tag-detox","14":"product_tag-detoxification","15":"product_tag-essential","16":"product_tag-essentials","17":"product_tag-gifts","18":"product_tag-handcrafted","19":"product_tag-high-quality","20":"product_tag-infused","21":"product_tag-self","22":"product_tag-skin","23":"product_tag-skin-care","24":"product_tag-skin-friendly","25":"has-subscription-plans","27":"first","28":"instock","29":"taxable","30":"shipping-taxable","31":"purchasable","32":"product-type-simple"},"bundled_by":[],"bundle_stock_status":"instock","bundle_stock_quantity":99,"bundle_virtual":false,"bundle_layout":"","bundle_add_to_cart_form_location":"","bundle_editable_in_cart":false,"bundle_sold_individually_context":"","bundle_item_grouping":"","bundle_min_size":"","bundle_max_size":"","bundle_price":[],"bundled_items":[],"bundle_sell_ids":[],"group_of_quantity":0,"min_quantity":0,"max_quantity":"","exclude_order_quantity_value_rules":"no","exclude_category_quantity_rules":"no","combine_variations":"no","_links":{"self":[{"href":"https:\/\/2024.shoply.com\/pt\/wp-json\/wp\/v2\/product\/106252","targetHints":{"allow":["GET"]}}],"collection":[{"href":"https:\/\/2024.shoply.com\/pt\/wp-json\/wp\/v2\/product"}],"about":[{"href":"https:\/\/2024.shoply.com\/pt\/wp-json\/wp\/v2\/types\/product"}],"version-history":[{"count":2,"href":"https:\/\/2024.shoply.com\/pt\/wp-json\/wp\/v2\/product\/106252\/revisions"}],"predecessor-version":[{"id":144152,"href":"https:\/\/2024.shoply.com\/pt\/wp-json\/wp\/v2\/product\/106252\/revisions\/144152"}],"wp:featuredmedia":[{"embeddable":true,"href":"https:\/\/2024.shoply.com\/pt\/wp-json\/wp\/v2\/media\/106297"}],"wp:attachment":[{"href":"https:\/\/2024.shoply.com\/pt\/wp-json\/wp\/v2\/media?parent=106252"}],"wp:term":[{"taxonomy":"product_brand","embeddable":true,"href":"https:\/\/2024.shoply.com\/pt\/wp-json\/wp\/v2\/product_brand?post=106252"},{"taxonomy":"product_cat","embeddable":true,"href":"https:\/\/2024.shoply.com\/pt\/wp-json\/wp\/v2\/product_cat?post=106252"},{"taxonomy":"product_tag","embeddable":true,"href":"https:\/\/2024.shoply.com\/pt\/wp-json\/wp\/v2\/product_tag?post=106252"}],"curies":[{"name":"wp","href":"https:\/\/api.w.org\/{rel}","templated":true}]}}