{"id":106377,"date":"2024-12-12T23:06:12","date_gmt":"2024-12-13T04:06:12","guid":{"rendered":"https:\/\/shoply.com\/?post_type=product&#038;p=106377"},"modified":"2025-02-21T01:03:22","modified_gmt":"2025-02-21T06:03:22","slug":"mayella-wheatgrass-250-capsules-family-size-enhance-wellbeing-with-plant-based-properties-that-are-antioxidant-anti-inflammatory-support-the-immune-system-to-detoxify-and-cleanse","status":"publish","type":"product","link":"https:\/\/2024.shoply.com\/pt\/produto\/mayella-wheatgrass-250-capsules-family-size-enhance-wellbeing-with-plant-based-properties-that-are-antioxidant-anti-inflammatory-support-the-immune-system-to-detoxify-and-cleanse\/","title":{"rendered":"Mayella Wheatgrass 250 Capsules : Family size &#8211; Enhance wellbeing with plant-based properties that are antioxidant, anti-inflammatory &#038; support the immune system to detoxify and cleanse"},"content":{"rendered":"<h4><strong>Perfeito para viajar ou para um estilo de vida em movimento<\/strong><\/h4>\n<p>As C\u00e1psulas de Erva de Trigo Mayella s\u00e3o a forma perfeita de apoiar um estilo de vida agitado. Leve-as consigo quando viajar, tenha-as na gaveta da sua secret\u00e1ria no trabalho, 2-4 c\u00e1psulas s\u00e3o f\u00e1ceis de levar consigo para que nunca perca um dia da vida para a qual est\u00e1 aqui!<\/p>\n<h4>10 benef\u00edcios da erva de trigo e porque \u00e9 que o nosso corpo a vai adorar:<\/h4>\n<ul>\n<li>Apoio ao sistema cardiovascular e redu\u00e7\u00e3o do colesterol<\/li>\n<li>Refor\u00e7ar a imunidade da pele<\/li>\n<li>Inibi\u00e7\u00e3o do crescimento bacteriano<\/li>\n<li>Ajuda \u00e0 sa\u00fade metab\u00f3lica<\/li>\n<li>Diminui\u00e7\u00e3o do a\u00e7\u00facar no sangue<\/li>\n<li>Melhorar a fun\u00e7\u00e3o imunit\u00e1ria<\/li>\n<li>Melhorar a digest\u00e3o<\/li>\n<li>Reduzir a inflama\u00e7\u00e3o<\/li>\n<\/ul>\n<h4><span style=\"font-size: 1.4em\">Apoiar a repara\u00e7\u00e3o e a cura da fadiga e da doen\u00e7a<\/span><\/h4>\n<p>A erva de trigo pura e org\u00e2nica pode ajudar a fortalecer o sistema imunit\u00e1rio - o mecanismo de defesa natural do corpo. O incr\u00edvel perfil nutricional da erva de trigo ajuda o crescimento celular, o que pode levar a uma melhor capacidade de cura dentro do corpo. N\u00e3o h\u00e1 nada melhor do que c\u00e9lulas saud\u00e1veis, tanto por dentro como por fora.<\/p>\n<p>A erva de trigo cont\u00e9m 17 formas de amino\u00e1cidos, oito dos nove amino\u00e1cidos essenciais, incluindo arginina, \u00e1cido glut\u00e2mico, alanina, serina, \u00e1cido asp\u00e1rtico, triptofano, metionina, lisina e cistina. Os amino\u00e1cidos s\u00e3o as mol\u00e9culas que se combinam para formar as prote\u00ednas - os blocos de constru\u00e7\u00e3o da vida, e est\u00e3o envolvidos em todas as c\u00e9lulas, tecidos e \u00f3rg\u00e3os do corpo, incluindo m\u00fasculos, pele, cabelo, ossos e sangue. As prote\u00ednas s\u00e3o essenciais para a estrutura, fun\u00e7\u00e3o e regula\u00e7\u00e3o do corpo.<\/p>\n<h4><strong>Apoio ao metabolismo<\/strong><\/h4>\n<p>Quando temos um baixo teor de amino\u00e1cidos, o que pode acontecer por uma s\u00e9rie de raz\u00f5es, geralmente relacionadas com uma dieta desequilibrada, ficamos fatigados, podemos ter perda de mem\u00f3ria, dormir demais, perder t\u00f3nus e volume muscular, desejar alimentos n\u00e3o saud\u00e1veis para obter o que falta e ter uma recupera\u00e7\u00e3o lenta de uma doen\u00e7a ou ficar simplesmente deprimidos.<\/p>\n<div class=\"vM0jzc\">A erva de trigo, com prote\u00ednas biodispon\u00edveis, fibras e antioxidantes, pode ajudar a apoiar o seu metabolismo e a sa\u00fade intestinal.<\/div>\n<div><\/div>\n<div>\n<div id=\"attachment_92855\" style=\"width: 310px\" class=\"wp-caption aligncenter\"><img fetchpriority=\"high\" decoding=\"async\" aria-describedby=\"caption-attachment-92855\" class=\"size-medium wp-image-92855\" src=\"https:\/\/shoply.com\/wp-content\/uploads\/2024\/11\/Mayella-Wheatgrass-Caps-postcard-2-300x300.webp\" alt=\"Mayella wheatgrass capsules container lies on its side with the green capsules spilling out across the table in front of a pink plate with two pieces of toast on it. One piece has avocado and one piece has peanut butter and banana sliced on top.\" width=\"300\" height=\"300\" srcset=\"https:\/\/2024.shoply.com\/wp-content\/uploads\/2024\/11\/Mayella-Wheatgrass-Caps-postcard-2-300x300.webp 300w, https:\/\/2024.shoply.com\/wp-content\/uploads\/2024\/11\/Mayella-Wheatgrass-Caps-postcard-2-800x800.webp 800w, https:\/\/2024.shoply.com\/wp-content\/uploads\/2024\/11\/Mayella-Wheatgrass-Caps-postcard-2-150x150.webp 150w, https:\/\/2024.shoply.com\/wp-content\/uploads\/2024\/11\/Mayella-Wheatgrass-Caps-postcard-2-768x768.webp 768w, https:\/\/2024.shoply.com\/wp-content\/uploads\/2024\/11\/Mayella-Wheatgrass-Caps-postcard-2-1536x1536.webp 1536w, https:\/\/2024.shoply.com\/wp-content\/uploads\/2024\/11\/Mayella-Wheatgrass-Caps-postcard-2-scaled.webp 1920w, https:\/\/2024.shoply.com\/wp-content\/uploads\/2024\/11\/Mayella-Wheatgrass-Caps-postcard-2-12x12.webp 12w, https:\/\/2024.shoply.com\/wp-content\/uploads\/2024\/11\/Mayella-Wheatgrass-Caps-postcard-2-430x430.webp 430w, https:\/\/2024.shoply.com\/wp-content\/uploads\/2024\/11\/Mayella-Wheatgrass-Caps-postcard-2-700x700.webp 700w, https:\/\/2024.shoply.com\/wp-content\/uploads\/2024\/11\/Mayella-Wheatgrass-Caps-postcard-2-50x50.webp 50w\" sizes=\"(max-width: 300px) 100vw, 300px\" \/><p id=\"caption-attachment-92855\" class=\"wp-caption-text\">Micronutrientes quotidianos essenciais para uma vida saud\u00e1vel e feliz!<\/p><\/div>\n<\/div>\n<div><\/div>\n<div>\n<div class=\"WaaZC\">\n<div class=\"RJPOee EIJn2\">\n<div class=\"rPeykc uP58nb MNX06c\"><span role=\"heading\">A erva de trigo pode ajudar na sa\u00fade metab\u00f3lica de v\u00e1rias formas, incluindo<\/span>egular o a\u00e7\u00facar no sangue. A erva de trigo cont\u00e9m compostos bioactivos como flavon\u00f3ides, fen\u00f3licos, alcal\u00f3ides, taninos e saponinas que podem ajudar a reduzir os n\u00edveis de a\u00e7\u00facar no sangue. Estes compostos funcionam de forma semelhante \u00e0 insulina para melhorar a sensibilidade \u00e0 insulina e estimular a produ\u00e7\u00e3o de insulina.<\/div>\n<\/div>\n<\/div>\n<\/div>\n<div><\/div>\n<div>\n<h4 class=\"Gur8Ad\"><strong>Redu\u00e7\u00e3o do colesterol<\/strong><\/h4>\n<div class=\"vM0jzc\">A erva de trigo cont\u00e9m arabinoxilanos, que s\u00e3o um tipo de polissac\u00e1rido e formam uma fibra prebi\u00f3tica que ajuda a baixar os n\u00edveis de colesterol das lipoprote\u00ednas de baixa densidade. Os arabinoxilanos inibem a absor\u00e7\u00e3o do colesterol no intestino e aumentam a elimina\u00e7\u00e3o dos \u00e1cidos biliares.<\/div>\n<\/div>\n<h4><\/h4>\n<h4><span style=\"font-size: 1.4em\">Apoio digestivo e limpeza natural do corpo<\/span><\/h4>\n<p>Como um potente anti-inflamat\u00f3rio natural, a erva de trigo pode ajudar a acalmar o trato gastrointestinal. N\u00edveis elevados de clorofila apoiam a limpeza natural do sistema linf\u00e1tico e funcionam como desodorizante natural, ajudando a eliminar o odor corporal. A inflama\u00e7\u00e3o \u00e9 considerada uma causa subjacente de muitos desequil\u00edbrios no sistema que conduzem a uma sa\u00fade deficiente.<\/p>\n<p>A erva de trigo apoia a produ\u00e7\u00e3o de anticorpos, estimula o crescimento e a repara\u00e7\u00e3o dos tecidos, apoia a produ\u00e7\u00e3o de energia, ajuda o corpo a desintoxicar-se e a limpar-se.<\/p>\n<p>A erva de trigo, juntamente com outras propriedades, tamb\u00e9m cont\u00e9m \u00e1cido Mug\u00e9nico, uma propriedade que ajuda a quelar ou a decompor metais pesados, ajudando a transport\u00e1-los para fora do nosso sistema. Ajudando o nosso corpo a desintoxicar e a limpar a n\u00edvel celular atrav\u00e9s de todos os nossos tecidos e \u00f3rg\u00e3os.<\/p>\n<p>A erva de trigo biol\u00f3gica cont\u00e9m mais de 90 minerais que s\u00e3o vitais para a vida. Estes poderosos minerais ajudam o corpo a resistir \u00e0s doen\u00e7as, aumentando a produ\u00e7\u00e3o de anticorpos e refor\u00e7ando a capacidade do corpo para combater o crescimento anormal das c\u00e9lulas. Os minerais s\u00e3o ingredientes essenciais nas hormonas, enzimas, vitaminas e s\u00e3o necess\u00e1rios para a atividade muscular e nervosa, forma\u00e7\u00e3o de ossos e dentes saud\u00e1veis. Os minerais tamb\u00e9m fornecem suporte estrutural e funcional para o corpo, ajudam a contrair os m\u00fasculos e facilitam a transfer\u00eancia de nutrientes entre as c\u00e9lulas.<\/p>\n<p><strong><em>Os minerais desempenham um papel importante na manuten\u00e7\u00e3o de um metabolismo saud\u00e1vel, s\u00e3o catalisadores e fundamentais na ativa\u00e7\u00e3o das enzimas.<\/em><\/strong><\/p>\n<p>Um catalisador acelera uma rea\u00e7\u00e3o qu\u00edmica ao reduzir a quantidade de energia necess\u00e1ria para a iniciar. No corpo, muitas prote\u00ednas chamadas enzimas actuam como catalisadores, realizando reac\u00e7\u00f5es bioqu\u00edmicas essenciais. Por exemplo, as enzimas criam sinais que movem os membros e ajudam a digerir os alimentos.<\/p>\n<p>N\u00e3o h\u00e1 nada no corpo em que os minerais n\u00e3o estejam envolvidos, o que torna importante garantir que a sua dieta di\u00e1ria o possa apoiar!<\/p>\n<p>Os solos empobrecidos em minerais e os alimentos processados - muitas vezes sobrecarregados com s\u00f3dio, conservantes e a\u00e7\u00facares, podem criar um problema para garantir que isto seja poss\u00edvel. \u00c9 por isso que a suplementa\u00e7\u00e3o com uma fonte de minerais biodispon\u00edveis de qualidade \u00e9 essencial para uma vida de qualidade!<\/p>\n<h3><strong>Benef\u00edcios:<\/strong><\/h3>\n<ul>\n<li><strong>Apoio \u00e0 desintoxica\u00e7\u00e3o e \u00e0 limpeza<br \/>\n<\/strong>A erva de trigo pode ajudar a manter o sistema imunit\u00e1rio enquanto fornece micronutrientes essenciais para o metabolismo dos \u00e1cidos gordos, ajudando o corpo humano a desintoxicar-se e a limpar-se.<\/li>\n<li><strong>Os rebentos jovens (sem gl\u00faten) s\u00e3o colhidos no seu auge<br \/>\n<\/strong>Os jovens rebentos verdes da erva de trigo s\u00e3o colhidos no seu pico nutricional, antes de terem tido a oportunidade de amadurecer em gr\u00e3o de trigo e antes de se ter formado qualquer gl\u00faten.<\/li>\n<li><strong>Ajuda a criar c\u00e9lulas sangu\u00edneas saud\u00e1veis<br \/>\n<\/strong>A erva de trigo ajuda a desintoxicar e a oxigenar o nosso sangue, produzindo c\u00e9lulas sangu\u00edneas vitais e saud\u00e1veis e ajudando o corpo a transportar e armazenar oxig\u00e9nio no sangue e nos m\u00fasculos para produzir energia. Muitas vezes chamada <em>\"Sangue Verde\"<\/em> A erva de trigo tem uma estrutura semelhante \u00e0 hemoglobina com um magn\u00e9sio em vez de ferro na sua estrutura molecular. A hemoglobina \u00e9 uma prote\u00edna que transporta o oxig\u00e9nio pelo corpo.<\/li>\n<li><strong>Multivitam\u00ednico natural \u00e0 base de plantas e refor\u00e7o da imunidade<br \/>\n<\/strong>Wheatgrass \u00e9 altamente recomendado como multivitam\u00ednico alimentar e para a sa\u00fade geral de mulheres, homens, adolescentes e crian\u00e7as. Adequado para toda a fam\u00edlia.<\/li>\n<li><strong>Cuidar da sua pele - <\/strong>Wheatgrass cont\u00e9m vitaminas A, C e E, que ajudam a manter a pele saud\u00e1vel. Promovem a produ\u00e7\u00e3o de colag\u00e9nio e reduzem as rugas.<\/li>\n<li><strong>Antioxidantes e enzimas<\/strong> que possuem propriedades antioxidantes que podem ajudar a inibir e prevenir danos oxidativos no ADN.<\/li>\n<li><strong>Bem-estar di\u00e1rio -<\/strong> Contendo uma s\u00e9rie de vitaminas, minerais, amino\u00e1cidos e enzimas vitais, a investiga\u00e7\u00e3o apoia o importante papel que a erva de trigo pode desempenhar no bem-estar di\u00e1rio.\n<div><\/div>\n<\/li>\n<\/ul>\n<h4><strong>Erva de trigo: O multivitam\u00ednico da natureza para o bem-estar<\/strong><\/h4>\n<p>A erva de trigo \u00e9 um superalimento poderoso repleto de uma variedade de nutrientes que apoiam a sa\u00fade e a vitalidade gerais. Conhecida pelas suas elevadas propriedades antioxidantes, a erva de trigo ajuda a combater o stress oxidativo e apoia a sa\u00fade celular. \u00c9 rica em fitonutrientes, amino\u00e1cidos essenciais e uma vasta gama de minerais, o que a torna no multivitam\u00ednico natural di\u00e1rio ideal. Convenientemente fornecidas em forma de c\u00e1psula, 150 c\u00e1psulas oferecem um fornecimento para um m\u00eas, ajudando-o a manter um bem-estar consistente.<\/p>\n<h4><strong>Principais benef\u00edcios da erva de trigo<\/strong><\/h4>\n<ol>\n<li><strong>Rica fonte de minerais<\/strong>\n<ul>\n<li>Os minerais na erva de trigo oferecem apoio estrutural e funcional para o corpo. Ajudam na contra\u00e7\u00e3o muscular, facilitam o transporte de nutrientes entre as c\u00e9lulas e regulam os processos bioqu\u00edmicos essenciais.<\/li>\n<\/ul>\n<\/li>\n<li><strong>Ativa\u00e7\u00e3o enzim\u00e1tica e cat\u00e1lise<\/strong>\n<ul>\n<li>A erva de trigo cont\u00e9m componentes que apoiam as enzimas, que actuam como catalisadores no corpo. Estas enzimas desempenham um papel fundamental na acelera\u00e7\u00e3o das reac\u00e7\u00f5es qu\u00edmicas que conduzem a processos vitais como a digest\u00e3o, o movimento e a produ\u00e7\u00e3o de energia.<\/li>\n<\/ul>\n<\/li>\n<li><strong>Apoia o equil\u00edbrio do pH<\/strong>\n<ul>\n<li>Os minerais presentes na erva de trigo ajudam a manter o equil\u00edbrio \u00e1cido-base do corpo. Esta regula\u00e7\u00e3o assegura n\u00edveis equilibrados de pH no sangue e noutros fluidos corporais, o que \u00e9 crucial para a sa\u00fade geral.<\/li>\n<\/ul>\n<\/li>\n<li><strong>Cofactores para processos vitais<\/strong>\n<ul>\n<li>Os minerais e nutrientes da erva de trigo servem como cofactores na produ\u00e7\u00e3o de enzimas, vitaminas, hormonas e pigmentos respirat\u00f3rios. Estes elementos s\u00e3o essenciais para a fun\u00e7\u00e3o metab\u00f3lica, regula\u00e7\u00e3o hormonal e transporte de oxig\u00e9nio no corpo.<\/li>\n<\/ul>\n<\/li>\n<li><strong>Propriedades antioxidantes e desintoxicantes<\/strong>\n<ul>\n<li>A erva de trigo est\u00e1 repleta de antioxidantes que neutralizam os radicais livres nocivos, protegendo as c\u00e9lulas de danos. Tamb\u00e9m ajuda a desintoxicar o corpo, promovendo a remo\u00e7\u00e3o de toxinas.<\/li>\n<\/ul>\n<\/li>\n<li><strong>Solu\u00e7\u00e3o de bem-estar conveniente<\/strong>\n<ul>\n<li>Sob a forma de c\u00e1psulas, a erva de trigo oferece uma forma descomplicada de incorporar um superalimento rico em nutrientes na sua rotina di\u00e1ria, apoiando os n\u00edveis de energia, a imunidade e o bem-estar geral.<\/li>\n<\/ul>\n<\/li>\n<\/ol>\n<p>Ao adicionar a erva de trigo ao seu regime di\u00e1rio, est\u00e1 a dar ao seu corpo uma mistura abrangente de nutrientes essenciais que promovem uma sa\u00fade e um bem-estar \u00f3ptimos de dentro para fora.<\/p>\n<h4 class=\"smart-tabs-navigation-li smart-tabs-navigation-accordion smart-tabs-navigation-li-active\">Ingredientes<\/h4>\n<p>As nossas misturas nutricionais org\u00e2nicas s\u00e3o limpas, veganas, sem gl\u00faten, sem lactic\u00ednios, sem cafe\u00edna, sem \u00f3leo de palma e nunca cont\u00eam quaisquer enchimentos, a\u00e7\u00facares ou agentes de volume. N\u00e3o utilizamos quaisquer sabores ou aditivos para real\u00e7ar o sabor em nenhuma das nossas misturas de alimentos integrais - t\u00eam um sabor refrescante e delicioso, naturalmente!<\/p>\n<h4><strong>Ingredientes biol\u00f3gicos nas c\u00e1psulas Mayella...<\/strong><strong>100% Erva de trigo australiana pura e biol\u00f3gica<\/strong><\/h4>\n<p class=\"smart-tabs-navigation-li smart-tabs-navigation-accordion smart-tabs-navigation-li-active\">Modo de utiliza\u00e7\u00e3o: Tomar 2-4 c\u00e1psulas para o bem-estar geral ou 4-6 c\u00e1psulas se desejar apoiar uma jornada de sa\u00fade ou recupera\u00e7\u00e3o, de Mayella \u00ae Australian Wheatgrass como uma fonte nutricional di\u00e1ria com um copo alto de \u00e1gua filtrada, \u00e1gua de coco ou o seu sumo de frutas ou vegetais favorito.<\/p>\n<div id=\"smart-tabs-content-2\" class=\"smart-tabs-content-block smart-tabs-content-block-clone\">\n<p>Tomar de manh\u00e3 ou \u00e0 tarde, com ou sem alimentos.<\/p>\n<p>Para algumas pessoas que sofrem de doen\u00e7as como a acidez e a inflama\u00e7\u00e3o das articula\u00e7\u00f5es, a erva de trigo pode ser o seu novo melhor amigo.<\/p>\n<\/div>\n<p style=\"text-align: center\">***<\/p>\n<h4><strong>Origem e sustentabilidade<\/strong><\/h4>\n<p><em>A erva de trigo Mayella \u00e9 um superalimento vegan 100% puro e limpo, cultivado num ambiente limpo, verde e n\u00e3o polu\u00eddo e em condi\u00e7\u00f5es imaculadas. As pr\u00e1ticas agr\u00edcolas org\u00e2nicas e \u00e9ticas garantem que estamos a captar a m\u00e1xima vitalidade e conte\u00fado de nutrientes no momento da colheita.<\/em><\/p>\n<p><em>As C\u00e1psulas de Erva de Trigo Mayella s\u00e3o tamb\u00e9m certificadas como isentas de \u00f3leo de palma pela Orangutan Alliance.<\/em><\/p>\n<h4 class=\"smart-tabs-content-block smart-tabs-content-block-clone\">Coment\u00e1rios:<\/h4>\n<div class=\"jdgm-rev__header\">\n<p><em><strong><span class=\"jdgm-rev__author-wrapper\"><span class=\"jdgm-rev__author\">Janice Dragani<\/span><\/span><\/strong><\/em><\/p>\n<\/div>\n<div class=\"jdgm-rev__content\">\n<p class=\"jdgm-rev__custom-form\"><em><strong>Muito ben\u00e9fico<\/strong><\/em><\/p>\n<div class=\"jdgm-rev__body\">\n<p>O meu colesterol reduziu muito desde que comecei a tomar as c\u00e1psulas de erva de trigo.<br \/>\nN\u00e3o tomei mais nada!<br \/>\nAdoro este benef\u00edcio!<\/p>\n<\/div>\n<\/div>\n<p><b class=\"jdgm-rev__title\">As c\u00e1psulas de erva de trigo s\u00e3o fant\u00e1sticas!!!<\/b><\/p>\n<div class=\"jdgm-rev__body\">\n<p>Tomo 3 de manh\u00e3 e 3 \u00e0 noite.<br \/>\nResultados fant\u00e1sticos, pois a inflama\u00e7\u00e3o desapareceu do meu corpo e das minhas articula\u00e7\u00f5es.<br \/>\nOs meus p\u00e9s tamb\u00e9m melhoraram imenso desde que tomei a erva de trigo!!!<br \/>\nQuase todos os sintomas dos p\u00e9s desapareceram !!!<br \/>\nAh, e o est\u00f4mago tamb\u00e9m est\u00e1 bem instalado!<br \/>\nResultados maravilhosos, a sensa\u00e7\u00e3o \u00e9 realmente \u00f3ptima.<br \/>\nAdoro essa erva de trigo<br \/>\nFunciona muito bem<br \/>\nEm agradecimento, Jan<\/p>\n<\/div>\n<p><b class=\"jdgm-rev__title\">Est\u00e3o a funcionar lindamente!<\/b><\/p>\n<div class=\"jdgm-rev__body\">\n<p>As c\u00e1psulas de erva de trigo fizeram-me bem! Boa! Est\u00e3o a funcionar muito bem e est\u00e3o de acordo comigo. Elas tiraram a inflama\u00e7\u00e3o das minhas articula\u00e7\u00f5es.<br \/>\nTomo 3 de manh\u00e3. O que acham que devo fazer? N\u00e3o \u00e9 preciso dizer que estou a tomar este medicamento para n\u00e3o me sentir mal. Muito obrigado, vou continuar a tom\u00e1-los depois deste frasco. T. Qld.<\/p>\n<\/div>\n<p>&nbsp;<\/p>\n<p>&nbsp;<\/p>\n<p><b>Estas declara\u00e7\u00f5es n\u00e3o foram avaliadas pela Food and Drug Administration. Estes produtos n\u00e3o se destinam a diagnosticar, tratar, curar ou prevenir qualquer doen\u00e7a.<\/b><\/p>\n<p>&nbsp;<\/p>","protected":false},"excerpt":{"rendered":"<h4>Mayella Organic Wheatgrass 250 C\u00e1psulas: Cuide da sua fam\u00edlia e leve-a consigo para onde quer que v\u00e1 <span style=\"font-weight: 400\">vitalidade | apoio digestivo | desintoxica\u00e7\u00e3o | multivitam\u00ednico<\/span><\/h4>\n<p>Adequado para toda a fam\u00edlia, o tamanho de 250 c\u00e1psulas \u00e9 o multivitam\u00ednico perfeito para ter na sua cozinha pronto a usar. Um multivitam\u00ednico natural \u00e0 base de plantas e impulsionador da imunidade, o incr\u00edvel perfil nutricional da erva de trigo ajuda o crescimento celular, o que pode levar a uma melhor capacidade de cura no corpo. N\u00e3o h\u00e1 nada melhor do que c\u00e9lulas saud\u00e1veis, tanto por dentro como por fora. A erva de trigo \u00e9 altamente recomendada como um multivitam\u00ednico \u00e0 base de alimentos e para a sa\u00fade geral de mulheres, homens, adolescentes e crian\u00e7as.<\/p>","protected":false},"featured_media":92854,"template":"","meta":{"footnotes":""},"product_brand":[],"product_cat":[821,80,382,386],"product_tag":[149,174,132,743,109,112,175,240,176,151,133,427,137,652,497,653,741,187,292,278,592,163,162,146,167,117,185,114,164,184,135,394,542,115,744,343,113,166],"class_list":{"0":"post-106377","1":"product","2":"type-product","3":"status-publish","4":"has-post-thumbnail","6":"product_cat-beauty","7":"product_cat-beauty-health-supplements","8":"product_cat-health","9":"product_cat-skin-care","10":"product_tag-anti-aging","11":"product_tag-anti-inflammatory","12":"product_tag-antioxidants","13":"product_tag-beauty","14":"product_tag-body","15":"product_tag-cell-renewal","16":"product_tag-cognition","17":"product_tag-core-nutrition","18":"product_tag-digestive","19":"product_tag-energy","20":"product_tag-enzymes","21":"product_tag-essential","22":"product_tag-essentials","23":"product_tag-exercise-2","24":"product_tag-fit","25":"product_tag-fitness-2","26":"product_tag-food","27":"product_tag-gluten-free","28":"product_tag-green","29":"product_tag-health","30":"product_tag-high-quality","31":"product_tag-immune","32":"product_tag-immunity","33":"product_tag-keto","34":"product_tag-l-arginine","35":"product_tag-nutrition","36":"product_tag-organic","37":"product_tag-protein","38":"product_tag-quercetin","39":"product_tag-raw-food","40":"product_tag-recovery","41":"product_tag-skin","42":"product_tag-skin-friendly","43":"product_tag-supplement","44":"product_tag-supplements","45":"product_tag-tired","46":"product_tag-vegan","47":"product_tag-zinc","48":"has-subscription-plans","50":"first","51":"instock","52":"taxable","53":"shipping-taxable","54":"purchasable","55":"product-type-simple"},"bundled_by":[],"bundle_stock_status":"instock","bundle_stock_quantity":298,"bundle_virtual":false,"bundle_layout":"","bundle_add_to_cart_form_location":"","bundle_editable_in_cart":false,"bundle_sold_individually_context":"","bundle_item_grouping":"","bundle_min_size":"","bundle_max_size":"","bundle_price":[],"bundled_items":[],"bundle_sell_ids":[],"group_of_quantity":0,"min_quantity":0,"max_quantity":"","exclude_order_quantity_value_rules":"no","exclude_category_quantity_rules":"no","combine_variations":"no","_links":{"self":[{"href":"https:\/\/2024.shoply.com\/pt\/wp-json\/wp\/v2\/product\/106377","targetHints":{"allow":["GET"]}}],"collection":[{"href":"https:\/\/2024.shoply.com\/pt\/wp-json\/wp\/v2\/product"}],"about":[{"href":"https:\/\/2024.shoply.com\/pt\/wp-json\/wp\/v2\/types\/product"}],"version-history":[{"count":3,"href":"https:\/\/2024.shoply.com\/pt\/wp-json\/wp\/v2\/product\/106377\/revisions"}],"predecessor-version":[{"id":144139,"href":"https:\/\/2024.shoply.com\/pt\/wp-json\/wp\/v2\/product\/106377\/revisions\/144139"}],"wp:featuredmedia":[{"embeddable":true,"href":"https:\/\/2024.shoply.com\/pt\/wp-json\/wp\/v2\/media\/92854"}],"wp:attachment":[{"href":"https:\/\/2024.shoply.com\/pt\/wp-json\/wp\/v2\/media?parent=106377"}],"wp:term":[{"taxonomy":"product_brand","embeddable":true,"href":"https:\/\/2024.shoply.com\/pt\/wp-json\/wp\/v2\/product_brand?post=106377"},{"taxonomy":"product_cat","embeddable":true,"href":"https:\/\/2024.shoply.com\/pt\/wp-json\/wp\/v2\/product_cat?post=106377"},{"taxonomy":"product_tag","embeddable":true,"href":"https:\/\/2024.shoply.com\/pt\/wp-json\/wp\/v2\/product_tag?post=106377"}],"curies":[{"name":"wp","href":"https:\/\/api.w.org\/{rel}","templated":true}]}}