{"id":106433,"date":"2024-12-13T00:25:18","date_gmt":"2024-12-13T05:25:18","guid":{"rendered":"https:\/\/shoply.com\/?post_type=product&#038;p=106433"},"modified":"2025-02-26T05:47:42","modified_gmt":"2025-02-26T10:47:42","slug":"acai-berry-beautiful-blend-400gm-family-size-immunity-anti-aging-heart-health-antioxidants","status":"publish","type":"product","link":"https:\/\/2024.shoply.com\/pt\/produto\/acai-berry-beautiful-blend-400gm-family-size-immunity-anti-aging-heart-health-antioxidants\/","title":{"rendered":"A\u00e7a\u00ed Beautiful Blend 400gm - Tamanho familiar imunidade | anti-envelhecimento | sa\u00fade do cora\u00e7\u00e3o | antioxidantes"},"content":{"rendered":"<h3><span style=\"font-size: 1.4em\">Tanta coisa boa que toda a fam\u00edlia vai adorar<\/span><\/h3>\n<p>A Mayella Acai Berry Beautiful Blend est\u00e1 repleta da nossa pr\u00f3pria ameixa nativa australiana Kakadu Plum - a maior fonte alimentar conhecida de vitamina C biodispon\u00edvel do mundo. Est\u00e1 repleta de antioxidantes naturais que ajudam a manter o sistema imunit\u00e1rio forte. O sabor natural 100%, a do\u00e7ura das bagas e as fibras sol\u00faveis encontradas nesta mistura de superfrutas est\u00e3o dispon\u00edveis gra\u00e7as \u00e0 adi\u00e7\u00e3o de beterraba e manga, que tamb\u00e9m apoiam um cora\u00e7\u00e3o e uma digest\u00e3o saud\u00e1veis.<\/p>\n<p>Alguns dos benef\u00edcios saud\u00e1veis:<\/p>\n<div class=\"page\" title=\"P\u00e1gina 6\">\n<div class=\"section\">\n<div class=\"layoutArea\">\n<div class=\"column\">\n<ul>\n<li>Anti-envelhecimento<\/li>\n<li>Apoiar e refor\u00e7ar a imunidade<\/li>\n<li>Sa\u00fade do cora\u00e7\u00e3o e vasos sangu\u00edneos<\/li>\n<li>Superalimentos, antioxidantes e nutrientes essenciais para os v\u00e1rios sistemas de sa\u00fade do organismo - sistema imunit\u00e1rio, cardiovascular, digestivo e nervoso<\/li>\n<li>Apoia uma pele saud\u00e1vel e radiante, uma vez que cada colher de ch\u00e1 aumenta os cofactores de produ\u00e7\u00e3o de colag\u00e9nio e elastina para uma pele flex\u00edvel e jovem.<\/li>\n<li>Ameixa de Kakadu - a maior fonte alimentar conhecida de vitamina C biodispon\u00edvel do mundo.<\/li>\n<li>Aumenta a vitalidade e mant\u00e9m o sistema imunit\u00e1rio forte<\/li>\n<li>Bagas com bons ingredientes para um cabelo e unhas saud\u00e1veis.<\/li>\n<li>Apoiar e refor\u00e7ar o sistema imunit\u00e1rio com compostos bioactivos como a quercetina, conhecida como o \"vaiv\u00e9m do zinco\"<\/li>\n<li>Ajuda a equilibrar e a superar os efeitos do stress e a reduzir os sintomas de fadiga.<\/li>\n<li>Cont\u00e9m nutrientes anti-envelhecimento e estimulantes da pele que promovem um tecido conjuntivo forte, aumentando a produ\u00e7\u00e3o de colag\u00e9nio e elastina.<\/li>\n<\/ul>\n<\/div>\n<\/div>\n<\/div>\n<\/div>\n<h4><strong>Coment\u00e1rios:<\/strong><\/h4>\n<p><b class=\"jdgm-rev__title\">Dose saud\u00e1vel de vitamina C e antioxidantes<\/b><\/p>\n<div class=\"jdgm-rev__body\">\n<p>\"Como fam\u00edlia, ador\u00e1mos adicionar esta incr\u00edvel super mistura a batidos, cereais e at\u00e9 a gelados! Com uma crian\u00e7a de dois anos muito exigente, \u00e9 maravilhoso saber que estamos todos a receber uma dose saud\u00e1vel de vitamina C e antioxidantes. Adoro o compromisso desta marca com o fornecimento \u00e9tico de ingredientes e embalagens sustent\u00e1veis. Emma Freeman\".<\/p>\n<\/div>\n<p><b class=\"jdgm-rev__title\">A MELHOR mistura de frutos silvestres<\/b><\/p>\n<div class=\"jdgm-rev__body\">\n<p>\"Esta mistura \u00e9 t\u00e3o boa!!! Sabe muito bem em batidos, mas comecei a com\u00ea-la diretamente da colher para um r\u00e1pido impulso de sa\u00fade e energia. A adi\u00e7\u00e3o de mel de Manuka significa que se pode comer \u00e0 colher sem ficar com a boca seca e empoeirada. Recomendo-o vivamente! E.S\"<\/p>\n<div class=\"jdgm-rev__content\">\n<p><b class=\"jdgm-rev__title\">A\u00e7a\u00ed Bela Superalimento org\u00e2nico<\/b><\/p>\n<div class=\"jdgm-rev__body\">\n<p>\"Adoro o sabor. At\u00e9 agora, utilizei-o principalmente como cobertura para a minha fruta, quando a quero aumentar. Ainda n\u00e3o o utilizei em batidos, mas estou ansiosa por experimentar em breve. Mandy Owen-Jones\"<\/p>\n<h4>Ingredientes naturais e org\u00e2nicos: 400g<\/h4>\n<p>As nossas misturas nutricionais org\u00e2nicas s\u00e3o limpas, veganas, sem gl\u00faten, sem lactic\u00ednios, sem cafe\u00edna, sem \u00f3leo de palma e nunca cont\u00eam quaisquer enchimentos, a\u00e7\u00facares ou agentes de volume. N\u00e3o utilizamos quaisquer sabores ou aditivos para real\u00e7ar o sabor em nenhuma das nossas misturas de alimentos integrais - t\u00eam um sabor refrescante e delicioso, naturalmente!<\/p>\n<p><strong>A\u00e7a\u00ed da Amaz\u00f3nia*<\/strong>\u00a0- Rico em antioxidantes, ajuda a refor\u00e7ar a imunidade, apoia o sistema cardiovascular e ajuda a digest\u00e3o.<\/p>\n<p><strong>Ameixa de Kakadu -<\/strong> A maior fonte alimentar de vitamina C do mundo, nutre e protege a pele, promove a produ\u00e7\u00e3o de colag\u00e9nio e estimula uma pele clara e luminosa. A presen\u00e7a ben\u00e9fica de polifen\u00f3is, incluindo uma concentra\u00e7\u00e3o naturalmente elevada de \u00e1cido el\u00e1gico, \u00e1cido g\u00e1lico e vitamina C (\u00e1cido asc\u00f3rbico), permite que a ameixa Kakadu seja anti-inflamat\u00f3ria e anti-envelhecimento. Ou pr\u00f3-envelhecimento, como gostamos de dizer!<\/p>\n<p><strong>Manga -<\/strong>\u00a0Antioxidante, com elevado teor de fibras, pectina e vitamina C, ajuda a reduzir os n\u00edveis s\u00e9ricos de colesterol, apoia a sa\u00fade dos olhos e ajuda a pele a auto-reparar-se.<\/p>\n<p><strong>Mirtilo -<\/strong>\u00a0Poderoso antioxidante, protege o c\u00e9rebro, apoia uma digest\u00e3o saud\u00e1vel, melhora a vis\u00e3o, apoia a sa\u00fade do c\u00f3lon, ajuda a restaurar o equil\u00edbrio hormonal e a combater o acne.<\/p>\n<p><strong>Framboesa -<\/strong> Estas bagas s\u00e3o ricas em vitamina C, com outros antioxidantes e flavon\u00f3ides quercetina e \u00e1cido g\u00e1lico + compostos vegetais protectores chamados polifen\u00f3is, as framboesas podem ajudar a reduzir os efeitos f\u00edsicos do envelhecimento e melhorar o equil\u00edbrio e a for\u00e7a. Ajuda a controlar o peso.<\/p>\n<p><strong>Arando -<\/strong> Propriedades anti-envelhecimento e anti-inflamat\u00f3rias, potente fonte de antioxidantes naturais.<\/p>\n<p><strong>Rom\u00e3 -\u00a0<\/strong>um potente antioxidante com um teor de polifen\u00f3is que apoia a redu\u00e7\u00e3o do stress oxidativo. As suas propriedades podem reduzir o stress oxidativo dos macr\u00f3fagos, os radicais livres e a peroxida\u00e7\u00e3o lip\u00eddica - todos os valores que apoiam um sistema imunit\u00e1rio vital e resistente.<\/p>\n<p><strong>Morango -<\/strong>\u00a0Repleto de antioxidantes e fitonutrientes e rico em vitamina C. Ben\u00e9fico para a sa\u00fade do cora\u00e7\u00e3o, elasticidade da pele, forma\u00e7\u00e3o de colag\u00e9nio, repara\u00e7\u00e3o e prote\u00e7\u00e3o contra o stress oxidativo.<\/p>\n<p><strong>Beterraba -<\/strong> Baixo IG, elevado teor de fibras sol\u00faveis, apoia uma flora intestinal saud\u00e1vel, apoia o crescimento saud\u00e1vel da pele, do cabelo e das unhas e aumenta a resist\u00eancia para ajudar a manter os n\u00edveis de energia.<\/p>\n<p><strong>Mel de Manuka -<\/strong> Refor\u00e7o imunit\u00e1rio e apoio \u00e0 cicatriza\u00e7\u00e3o, calmante para dores de garganta, ajuda a reduzir a placa dent\u00e1ria e a gengivite.<\/p>\n<p><strong>Elevada capacidade antioxidante (valor ORAC)<\/strong>:<\/p>\n<ol>\n<li style=\"list-style-type: none\">\n<ul>\n<li>Com um <strong>Valor ORAC total de 51.620 umol\/kg por por\u00e7\u00e3o de 10g<\/strong>Esta mistura \u00e9 excecionalmente rica em antioxidantes. Estes compostos ajudam a combater o stress oxidativo, reduzindo os danos celulares e a inflama\u00e7\u00e3o.<\/li>\n<\/ul>\n<\/li>\n<\/ol>\n<p>ORAC (Oxygen Radical Absorbance Capacity) \u00e9 um m\u00e9todo cient\u00edfico utilizado para medir a capacidade antioxidante dos alimentos e suplementos. Os antioxidantes ajudam a proteger o organismo do stress oxidativo causado pelos radicais livres, que podem danificar as c\u00e9lulas e contribuir para o envelhecimento.<\/p>\n<p><strong>Origem e sustentabilidade:\u00a0<\/strong><\/p>\n<p><em>As Misturas Nutricionais Mayella s\u00e3o 100% limpas, org\u00e2nicas e fabricadas na Austr\u00e1lia, formuladas para apoiar a sa\u00fade e a vitalidade m\u00e1ximas. Obtemos ingredientes a n\u00edvel global a partir dos melhores destinos geogr\u00e1ficos e temos o privil\u00e9gio de trabalhar com produtores de com\u00e9rcio justo e origens sustent\u00e1veis.<\/em><\/p>\n<p>Mayella A\u00e7a\u00ed Beautiful tamb\u00e9m \u00e9 certificada como livre de \u00f3leo de palma pela Orangutan Alliance.<\/p>\n<ul>\n<li>\n<h4><strong>Power - ingredientes integrais\u00a0<\/strong><\/h4>\n<p>Feito a partir de frutos 100% e mel de Manuka, Acai Berry Beautiful \u00e9 um\u00a0<strong><em>Quercetina<\/em><\/strong> mistura rica e eficaz para acalmar, prevenir e apoiar a recupera\u00e7\u00e3o de alergias e inflama\u00e7\u00f5es. A quercetina \u00e9 um composto vegetal natural ou flavonoide que actua como um transportador de zinco, para aumentar a energia e o bem-estar. O <em><strong>Vitamina C<\/strong><\/em>\u00a0(da ameixa de Kakadu!) no nosso A\u00e7a\u00ed Beautiful tamb\u00e9m ajuda a refor\u00e7ar o potencial de combate \u00e0s alergias da quercetina. Os nossos ingredientes s\u00e3o sin\u00e9rgicos e bio-fortificantes na sua a\u00e7\u00e3o conjunta.<\/li>\n<\/ul>\n<p>&nbsp;<\/p>\n<\/div>\n<h4><\/h4>\n<p><b>Estas declara\u00e7\u00f5es n\u00e3o foram avaliadas pela Food and Drug Administration. Estes produtos n\u00e3o se destinam a diagnosticar, tratar, curar ou prevenir qualquer doen\u00e7a.<\/b><\/p>\n<\/div>\n<\/div>","protected":false},"excerpt":{"rendered":"<div style=\"width: 1920px;\" class=\"wp-video\"><!--[if lt IE 9]><script>document.createElement('video');<\/script><![endif]--><br \/>\n<video class=\"wp-video-shortcode\" id=\"video-106433-1\" width=\"1920\" height=\"1080\" preload=\"metadata\" controls=\"controls\"><source type=\"video\/mp4\" src=\"https:\/\/shoply.com\/wp-content\/uploads\/2024\/11\/Acai-Berry-Beautiful-Final-Amzn-1-1.mp4?_=1\" \/><a href=\"https:\/\/shoply.com\/wp-content\/uploads\/2024\/11\/Acai-Berry-Beautiful-Final-Amzn-1-1.mp4\">https:\/\/shoply.com\/wp-content\/uploads\/2024\/11\/Acai-Berry-Beautiful-Final-Amzn-1-1.mp4<\/a><\/video><\/div>\n<h4><strong>Mayella A\u00e7a\u00ed Bela Mistura - Superalimento Org\u00e2nico Vegan: 400g<\/strong><\/h4>\n<p>Uma fonte natural de vitamina C e uma mistura poderosa de antioxidantes e fitonutrientes para uma sa\u00fade radiante. Acai Berry Beautiful \u00e9 adequado para toda a fam\u00edlia, \u00e9 a maneira perfeita de garantir que os seus entes queridos est\u00e3o a desfrutar de todas as coisas boas que a natureza pretende.<\/p>\n<h4><strong>Adequado para toda a fam\u00edlia:<\/strong><\/h4>\n<p>Seguro para todas as idades e uma forma f\u00e1cil de incluir nutrientes na sua dieta ou na da sua fam\u00edlia. Misture em \u00e1gua, leite, iogurte, um batido ou coma-o diretamente da colher se se sentir um pouco indisposto.<\/p>","protected":false},"featured_media":86986,"template":"","meta":{"footnotes":""},"product_brand":[],"product_cat":[80,382,386],"product_tag":[149,174,132,109,112,141,240,138,176,151,187,278,163,162,117,164,184,135,394,115,113,166],"class_list":{"0":"post-106433","1":"product","2":"type-product","3":"status-publish","4":"has-post-thumbnail","6":"product_cat-beauty-health-supplements","7":"product_cat-health","8":"product_cat-skin-care","9":"product_tag-anti-aging","10":"product_tag-anti-inflammatory","11":"product_tag-antioxidants","12":"product_tag-body","13":"product_tag-cell-renewal","14":"product_tag-collagen","15":"product_tag-core-nutrition","16":"product_tag-detoxification","17":"product_tag-digestive","18":"product_tag-energy","19":"product_tag-gluten-free","20":"product_tag-health","21":"product_tag-immune","22":"product_tag-immunity","23":"product_tag-nutrition","24":"product_tag-quercetin","25":"product_tag-raw-food","26":"product_tag-recovery","27":"product_tag-skin","28":"product_tag-supplement","29":"product_tag-vegan","30":"product_tag-zinc","31":"has-subscription-plans","33":"first","34":"instock","35":"shipping-taxable","36":"purchasable","37":"product-type-simple"},"bundled_by":[],"bundle_stock_status":"instock","bundle_stock_quantity":497,"bundle_virtual":false,"bundle_layout":"","bundle_add_to_cart_form_location":"","bundle_editable_in_cart":false,"bundle_sold_individually_context":"","bundle_item_grouping":"","bundle_min_size":"","bundle_max_size":"","bundle_price":[],"bundled_items":[],"bundle_sell_ids":[],"group_of_quantity":0,"min_quantity":0,"max_quantity":"","exclude_order_quantity_value_rules":"no","exclude_category_quantity_rules":"no","combine_variations":"no","_links":{"self":[{"href":"https:\/\/2024.shoply.com\/pt\/wp-json\/wp\/v2\/product\/106433","targetHints":{"allow":["GET"]}}],"collection":[{"href":"https:\/\/2024.shoply.com\/pt\/wp-json\/wp\/v2\/product"}],"about":[{"href":"https:\/\/2024.shoply.com\/pt\/wp-json\/wp\/v2\/types\/product"}],"version-history":[{"count":2,"href":"https:\/\/2024.shoply.com\/pt\/wp-json\/wp\/v2\/product\/106433\/revisions"}],"predecessor-version":[{"id":144132,"href":"https:\/\/2024.shoply.com\/pt\/wp-json\/wp\/v2\/product\/106433\/revisions\/144132"}],"wp:featuredmedia":[{"embeddable":true,"href":"https:\/\/2024.shoply.com\/pt\/wp-json\/wp\/v2\/media\/86986"}],"wp:attachment":[{"href":"https:\/\/2024.shoply.com\/pt\/wp-json\/wp\/v2\/media?parent=106433"}],"wp:term":[{"taxonomy":"product_brand","embeddable":true,"href":"https:\/\/2024.shoply.com\/pt\/wp-json\/wp\/v2\/product_brand?post=106433"},{"taxonomy":"product_cat","embeddable":true,"href":"https:\/\/2024.shoply.com\/pt\/wp-json\/wp\/v2\/product_cat?post=106433"},{"taxonomy":"product_tag","embeddable":true,"href":"https:\/\/2024.shoply.com\/pt\/wp-json\/wp\/v2\/product_tag?post=106433"}],"curies":[{"name":"wp","href":"https:\/\/api.w.org\/{rel}","templated":true}]}}