{"id":115634,"date":"2025-01-03T14:17:41","date_gmt":"2025-01-03T19:17:41","guid":{"rendered":"https:\/\/shoply.com\/product\/awaken-your-best-now\/"},"modified":"2025-03-11T23:23:31","modified_gmt":"2025-03-12T04:23:31","slug":"awaken-your-best-now","status":"publish","type":"product","link":"https:\/\/2024.shoply.com\/pt\/produto\/awaken-your-best-now\/","title":{"rendered":"Desperte o seu melhor AGORA"},"content":{"rendered":"<p>\u00c0 medida que passamos por este evento chamado vida, por vezes ficamos sobrecarregados com os pr\u00f3ximos passos, a nossa estrat\u00e9gia e a a\u00e7\u00e3o necess\u00e1ria.  Este curso vai abrir os seus olhos e o seu cora\u00e7\u00e3o para um estado totalmente novo de execu\u00e7\u00e3o dos seus objectivos para a vida que deseja.<\/p>\n<p>Reserve algum tempo para se ligar ao seu eu aut\u00eantico mais elevado e profundo.  Tu vales a pena!<\/p>\n<p><iframe title=\"Desperte a sua melhor introdu\u00e7\u00e3o\" src=\"https:\/\/player.vimeo.com\/video\/1043549209?dnt=1&amp;app_id=122963\" width=\"500\" height=\"281\" frameborder=\"0\" allow=\"autoplay; fullscreen; picture-in-picture; clipboard-write; encrypted-media\"><\/iframe><\/p>\n<p>&nbsp;<\/p>","protected":false},"excerpt":{"rendered":"<p>As we go through this event called life, sometimes we get overwhelmed with next steps, our strategy and needed action.\u00a0<\/p>","protected":false},"featured_media":115627,"template":"","meta":{"footnotes":""},"product_brand":[],"product_cat":[87,382,820],"product_tag":[],"class_list":{"0":"post-115634","1":"product","2":"type-product","3":"status-publish","4":"has-post-thumbnail","6":"product_cat-elearning","7":"product_cat-health","8":"product_cat-wellness","10":"first","11":"instock","12":"virtual","13":"sold-individually","14":"taxable","15":"purchasable","16":"product-type-simple"},"bundled_by":[],"bundle_stock_status":"instock","bundle_stock_quantity":null,"bundle_virtual":false,"bundle_layout":"","bundle_add_to_cart_form_location":"","bundle_editable_in_cart":false,"bundle_sold_individually_context":"","bundle_item_grouping":"","bundle_min_size":"","bundle_max_size":"","bundle_price":[],"bundled_items":[],"bundle_sell_ids":[],"group_of_quantity":0,"min_quantity":0,"max_quantity":"","exclude_order_quantity_value_rules":"no","exclude_category_quantity_rules":"no","combine_variations":"no","_links":{"self":[{"href":"https:\/\/2024.shoply.com\/pt\/wp-json\/wp\/v2\/product\/115634","targetHints":{"allow":["GET"]}}],"collection":[{"href":"https:\/\/2024.shoply.com\/pt\/wp-json\/wp\/v2\/product"}],"about":[{"href":"https:\/\/2024.shoply.com\/pt\/wp-json\/wp\/v2\/types\/product"}],"version-history":[{"count":2,"href":"https:\/\/2024.shoply.com\/pt\/wp-json\/wp\/v2\/product\/115634\/revisions"}],"predecessor-version":[{"id":153617,"href":"https:\/\/2024.shoply.com\/pt\/wp-json\/wp\/v2\/product\/115634\/revisions\/153617"}],"wp:featuredmedia":[{"embeddable":true,"href":"https:\/\/2024.shoply.com\/pt\/wp-json\/wp\/v2\/media\/115627"}],"wp:attachment":[{"href":"https:\/\/2024.shoply.com\/pt\/wp-json\/wp\/v2\/media?parent=115634"}],"wp:term":[{"taxonomy":"product_brand","embeddable":true,"href":"https:\/\/2024.shoply.com\/pt\/wp-json\/wp\/v2\/product_brand?post=115634"},{"taxonomy":"product_cat","embeddable":true,"href":"https:\/\/2024.shoply.com\/pt\/wp-json\/wp\/v2\/product_cat?post=115634"},{"taxonomy":"product_tag","embeddable":true,"href":"https:\/\/2024.shoply.com\/pt\/wp-json\/wp\/v2\/product_tag?post=115634"}],"curies":[{"name":"wp","href":"https:\/\/api.w.org\/{rel}","templated":true}]}}