{"id":144628,"date":"2025-02-23T05:31:27","date_gmt":"2025-02-23T10:31:27","guid":{"rendered":"https:\/\/shoply.com\/?post_type=product&#038;p=144628"},"modified":"2025-03-08T08:10:52","modified_gmt":"2025-03-08T13:10:52","slug":"make-it-matter-yearly-membership","status":"publish","type":"product","link":"https:\/\/2024.shoply.com\/pt\/produto\/make-it-matter-yearly-membership\/","title":{"rendered":"FAZER VALER A ADES\u00c3O ANUAL"},"content":{"rendered":"<h2 style=\"text-align: left\">Fazer<strong> Associa\u00e7\u00e3o anual Make It Matter: Um ano de Coaching de Desempenho de Elite Transformador<\/strong><\/h2>\n<p><img fetchpriority=\"high\" decoding=\"async\" class=\"alignnone size-medium wp-image-145437\" src=\"https:\/\/shoply.com\/wp-content\/uploads\/2025\/02\/HERO-BANNER-LANDSCAPE-400x209.webp\" alt=\"\" width=\"400\" height=\"209\" srcset=\"https:\/\/2024.shoply.com\/wp-content\/uploads\/2025\/02\/HERO-BANNER-LANDSCAPE-400x209.webp 400w, https:\/\/2024.shoply.com\/wp-content\/uploads\/2025\/02\/HERO-BANNER-LANDSCAPE-1300x680.webp 1300w, https:\/\/2024.shoply.com\/wp-content\/uploads\/2025\/02\/HERO-BANNER-LANDSCAPE-768x402.webp 768w, https:\/\/2024.shoply.com\/wp-content\/uploads\/2025\/02\/HERO-BANNER-LANDSCAPE-1536x804.webp 1536w, https:\/\/2024.shoply.com\/wp-content\/uploads\/2025\/02\/HERO-BANNER-LANDSCAPE-scaled.webp 1920w, https:\/\/2024.shoply.com\/wp-content\/uploads\/2025\/02\/HERO-BANNER-LANDSCAPE-18x9.webp 18w, https:\/\/2024.shoply.com\/wp-content\/uploads\/2025\/02\/HERO-BANNER-LANDSCAPE-700x366.webp 700w, https:\/\/2024.shoply.com\/wp-content\/uploads\/2025\/02\/HERO-BANNER-LANDSCAPE-150x78.webp 150w, https:\/\/2024.shoply.com\/wp-content\/uploads\/2025\/02\/HERO-BANNER-LANDSCAPE-96x50.webp 96w\" sizes=\"(max-width: 400px) 100vw, 400px\" \/><\/p>\n<p style=\"text-align: left\"><span style=\"font-weight: 400\"><strong>Pre\u00e7o:<\/strong> $497\/ano (Inclui 2 meses GR\u00c1TIS)<br \/>\n<strong>NORMALMENTE $5,000<\/strong><\/span><\/p>\n<p style=\"text-align: left\"><span style=\"font-weight: 400\">Mergulhe num ano inteiro de forma\u00e7\u00e3o transformadora com Joseph McClendon III e Malcolm-Jamal Warner. Desbloqueie benef\u00edcios exclusivos e poupe com a nossa subscri\u00e7\u00e3o anual abrangente<\/span><\/p>\n<h3 style=\"text-align: left\"><strong>O seu Ano de Transforma\u00e7\u00e3o Extraordin\u00e1ria<\/strong><\/h3>\n<p style=\"text-align: left\"><span style=\"font-weight: 400\">A Associa\u00e7\u00e3o Anual Make It Matter representa um compromisso decisivo com a sua excel\u00eancia pessoal. Este programa abrangente oferece um ano inteiro de coaching de n\u00edvel de elite, anteriormente acess\u00edvel apenas a artistas de topo, l\u00edderes da ind\u00fastria e celebridades. <\/span><\/p>\n<p style=\"text-align: left\"><span style=\"font-weight: 400\">Atrav\u00e9s de masterclasses mensais ao vivo com Joseph McClendon III e Malcolm-Jamal Warner, desenvolver\u00e1 a mentalidade, os h\u00e1bitos e as estrat\u00e9gias que criam um sucesso impar\u00e1vel.<\/span><\/p>\n<p><img decoding=\"async\" class=\"alignnone size-medium wp-image-145444\" src=\"https:\/\/shoply.com\/wp-content\/uploads\/2025\/02\/SUCCESS-AND-TRANSFORMATION-VISUAL-3-300x300.webp\" alt=\"\" width=\"300\" height=\"300\" srcset=\"https:\/\/2024.shoply.com\/wp-content\/uploads\/2025\/02\/SUCCESS-AND-TRANSFORMATION-VISUAL-3-300x300.webp 300w, https:\/\/2024.shoply.com\/wp-content\/uploads\/2025\/02\/SUCCESS-AND-TRANSFORMATION-VISUAL-3-800x800.webp 800w, https:\/\/2024.shoply.com\/wp-content\/uploads\/2025\/02\/SUCCESS-AND-TRANSFORMATION-VISUAL-3-150x150.webp 150w, https:\/\/2024.shoply.com\/wp-content\/uploads\/2025\/02\/SUCCESS-AND-TRANSFORMATION-VISUAL-3-768x768.webp 768w, https:\/\/2024.shoply.com\/wp-content\/uploads\/2025\/02\/SUCCESS-AND-TRANSFORMATION-VISUAL-3-1536x1536.webp 1536w, https:\/\/2024.shoply.com\/wp-content\/uploads\/2025\/02\/SUCCESS-AND-TRANSFORMATION-VISUAL-3-scaled.webp 1920w, https:\/\/2024.shoply.com\/wp-content\/uploads\/2025\/02\/SUCCESS-AND-TRANSFORMATION-VISUAL-3-12x12.webp 12w, https:\/\/2024.shoply.com\/wp-content\/uploads\/2025\/02\/SUCCESS-AND-TRANSFORMATION-VISUAL-3-430x430.webp 430w, https:\/\/2024.shoply.com\/wp-content\/uploads\/2025\/02\/SUCCESS-AND-TRANSFORMATION-VISUAL-3-700x700.webp 700w, https:\/\/2024.shoply.com\/wp-content\/uploads\/2025\/02\/SUCCESS-AND-TRANSFORMATION-VISUAL-3-50x50.webp 50w\" sizes=\"(max-width: 300px) 100vw, 300px\" \/><\/p>\n<p>&nbsp;<\/p>\n<h4 style=\"text-align: left\"><strong>A experi\u00eancia anual inclui:<\/strong><\/h4>\n<ul style=\"text-align: left\">\n<li><span style=\"font-weight: 400\"> Doze Sess\u00f5es de Masterclass ao vivo Mergulhe em sess\u00f5es mensais transformadoras onde os nossos treinadores especializados partilham estrat\u00e9gias avan\u00e7adas para ultrapassar limita\u00e7\u00f5es e atingir o desempenho m\u00e1ximo.<\/span><\/li>\n<li><span style=\"font-weight: 400\"> Per\u00edodo de implementa\u00e7\u00e3o alargado Beneficie de um ano inteiro para integrar e dominar as t\u00e9cnicas e estrat\u00e9gias partilhadas em cada sess\u00e3o, permitindo uma transforma\u00e7\u00e3o mais profunda e uma mudan\u00e7a duradoura.<\/span><\/li>\n<li><span style=\"font-weight: 400\"> Biblioteca de Recursos Abrangente Aceda \u00e0 nossa cole\u00e7\u00e3o completa de manuais de implementa\u00e7\u00e3o, materiais de forma\u00e7\u00e3o e sess\u00f5es gravadas concebidas para apoiar o seu percurso ao longo do ano.<\/span><\/li>\n<li><span style=\"font-weight: 400\"> Associa\u00e7\u00e3o \u00e0 Comunidade Premium Envolva-se com uma comunidade exclusiva de empreendedores empenhados. Construa liga\u00e7\u00f5es duradouras, partilhe conhecimentos e cres\u00e7a ao lado de outras pessoas dedicadas ao sucesso a longo prazo.<\/span><\/li>\n<\/ul>\n<h4 style=\"text-align: left\"><strong>Conhe\u00e7a os seus guias transformacionais:<\/strong><\/h4>\n<p style=\"text-align: left\"><span style=\"font-weight: 400\">Joseph McClendon III Uma figura lend\u00e1ria no desenvolvimento pessoal e no coaching de desempenho, Joseph passou d\u00e9cadas a aperfei\u00e7oar a arte da transforma\u00e7\u00e3o. A sua combina\u00e7\u00e3o \u00fanica de neuroci\u00eancia, psicologia e sabedoria pr\u00e1tica tem ajudado milhares de pessoas a alcan\u00e7ar resultados revolucion\u00e1rios.<\/span><\/p>\n<p style=\"text-align: left\"><span style=\"font-weight: 400\">Malcolm-Jamal Warner Distinto ator, realizador e perito em desempenho, Malcolm traz uma vis\u00e3o inestim\u00e1vel da sua carreira de sucesso no entretenimento. A sua abordagem pr\u00e1tica da excel\u00eancia inspirou in\u00fameras pessoas a atingirem o seu potencial m\u00e1ximo.<\/span><\/p>\n<p><img decoding=\"async\" class=\"alignnone size-medium wp-image-145439\" src=\"https:\/\/shoply.com\/wp-content\/uploads\/2025\/02\/MOBILE-FRIENDLY-CTA-BADGES-300x300.webp\" alt=\"\" width=\"300\" height=\"300\" srcset=\"https:\/\/2024.shoply.com\/wp-content\/uploads\/2025\/02\/MOBILE-FRIENDLY-CTA-BADGES-300x300.webp 300w, https:\/\/2024.shoply.com\/wp-content\/uploads\/2025\/02\/MOBILE-FRIENDLY-CTA-BADGES-800x800.webp 800w, https:\/\/2024.shoply.com\/wp-content\/uploads\/2025\/02\/MOBILE-FRIENDLY-CTA-BADGES-150x150.webp 150w, https:\/\/2024.shoply.com\/wp-content\/uploads\/2025\/02\/MOBILE-FRIENDLY-CTA-BADGES-768x768.webp 768w, https:\/\/2024.shoply.com\/wp-content\/uploads\/2025\/02\/MOBILE-FRIENDLY-CTA-BADGES-1536x1536.webp 1536w, https:\/\/2024.shoply.com\/wp-content\/uploads\/2025\/02\/MOBILE-FRIENDLY-CTA-BADGES-scaled.webp 1920w, https:\/\/2024.shoply.com\/wp-content\/uploads\/2025\/02\/MOBILE-FRIENDLY-CTA-BADGES-12x12.webp 12w, https:\/\/2024.shoply.com\/wp-content\/uploads\/2025\/02\/MOBILE-FRIENDLY-CTA-BADGES-430x430.webp 430w, https:\/\/2024.shoply.com\/wp-content\/uploads\/2025\/02\/MOBILE-FRIENDLY-CTA-BADGES-700x700.webp 700w, https:\/\/2024.shoply.com\/wp-content\/uploads\/2025\/02\/MOBILE-FRIENDLY-CTA-BADGES-50x50.webp 50w\" sizes=\"(max-width: 300px) 100vw, 300px\" \/><\/p>\n<h4 style=\"text-align: left\"><strong>Carater\u00edsticas do programa anual:<\/strong><\/h4>\n<ul style=\"text-align: left\">\n<li><span style=\"font-weight: 400\"> 12 Masterclasses mensais em direto <\/span><\/li>\n<li><span style=\"font-weight: 400\">Sess\u00f5es alargadas de perguntas e respostas <\/span><\/li>\n<li><span style=\"font-weight: 400\">Workshop de planeamento anual <\/span><\/li>\n<li><span style=\"font-weight: 400\">Guias de implementa\u00e7\u00e3o abrangentes<\/span><\/li>\n<li><span style=\"font-weight: 400\"> Acesso total \u00e0 biblioteca de recursos<\/span><\/li>\n<li><span style=\"font-weight: 400\"> Plataforma comunit\u00e1ria privada<\/span><\/li>\n<li><span style=\"font-weight: 400\"> Sess\u00e3o de dom\u00ednio de fim de ano\u00a0<\/span><\/li>\n<li><span style=\"font-weight: 400\"> Arquivo de grava\u00e7\u00f5es de sess\u00f5es<\/span><\/li>\n<\/ul>\n<p style=\"text-align: left\"><span style=\"font-weight: 400\"><strong>Concebido para:<\/strong> <\/span><span style=\"font-weight: 400\">Empres\u00e1rios vision\u00e1rios - Profissionais ambiciosos - Entusiastas dedicados ao crescimento pessoal - L\u00edderes e promotores de mudan\u00e7as - Qualquer pessoa empenhada na excel\u00eancia a longo prazo<\/span><\/p>\n<p style=\"text-align: left\"><span style=\"font-weight: 400\"><strong>A experi\u00eancia anual:<\/strong> Transforma\u00e7\u00e3o profunda e sustentada - Percurso de crescimento estruturado ao longo de um ano - Jornada de aprendizagem abrangente - Sistema de apoio melhorado - Dois meses gr\u00e1tis (valor $91)<\/span><\/p>\n<h4 style=\"text-align: left\"><span style=\"font-weight: 400\"><strong>Investimento:<\/strong> <\/span><\/h4>\n<p><img loading=\"lazy\" decoding=\"async\" class=\"alignnone size-medium wp-image-145440\" src=\"https:\/\/shoply.com\/wp-content\/uploads\/2025\/02\/SUBSCRIPTION-COMPARISON-GRAPHIC-300x300.webp\" alt=\"\" width=\"300\" height=\"300\" srcset=\"https:\/\/2024.shoply.com\/wp-content\/uploads\/2025\/02\/SUBSCRIPTION-COMPARISON-GRAPHIC-300x300.webp 300w, https:\/\/2024.shoply.com\/wp-content\/uploads\/2025\/02\/SUBSCRIPTION-COMPARISON-GRAPHIC-800x800.webp 800w, https:\/\/2024.shoply.com\/wp-content\/uploads\/2025\/02\/SUBSCRIPTION-COMPARISON-GRAPHIC-150x150.webp 150w, https:\/\/2024.shoply.com\/wp-content\/uploads\/2025\/02\/SUBSCRIPTION-COMPARISON-GRAPHIC-768x768.webp 768w, https:\/\/2024.shoply.com\/wp-content\/uploads\/2025\/02\/SUBSCRIPTION-COMPARISON-GRAPHIC-1536x1536.webp 1536w, https:\/\/2024.shoply.com\/wp-content\/uploads\/2025\/02\/SUBSCRIPTION-COMPARISON-GRAPHIC-scaled.webp 1920w, https:\/\/2024.shoply.com\/wp-content\/uploads\/2025\/02\/SUBSCRIPTION-COMPARISON-GRAPHIC-12x12.webp 12w, https:\/\/2024.shoply.com\/wp-content\/uploads\/2025\/02\/SUBSCRIPTION-COMPARISON-GRAPHIC-430x430.webp 430w, https:\/\/2024.shoply.com\/wp-content\/uploads\/2025\/02\/SUBSCRIPTION-COMPARISON-GRAPHIC-700x700.webp 700w, https:\/\/2024.shoply.com\/wp-content\/uploads\/2025\/02\/SUBSCRIPTION-COMPARISON-GRAPHIC-50x50.webp 50w\" sizes=\"(max-width: 300px) 100vw, 300px\" \/><\/p>\n<p style=\"text-align: left\"><span style=\"font-weight: 400\"><strong>$497\/ano<\/strong> Menos de <strong>$1,40 por dia<\/strong> para um coaching transformador que ir\u00e1 remodelar o seu futuro.<\/span><\/p>\n<h3 style=\"text-align: left\"><strong>Hist\u00f3rias de sucesso e apoios:<\/strong><\/h3>\n<h4 style=\"text-align: left\"><em><strong>\"Apaixonado, brincalh\u00e3o e transformador\"<\/strong><\/em><\/h4>\n<p style=\"text-align: left\">Joseph \u00e9 um dos homens mais apaixonados e brincalh\u00f5es que j\u00e1 conheci.<\/p>\n<p style=\"text-align: left\">Este \u00e9 um tipo que aplica todas as ferramentas imagin\u00e1veis para melhorar a sua vida e ajudar os outros a fazer o mesmo.<\/p>\n<ul style=\"text-align: left\">\n<li style=\"font-weight: 400\"><strong>Tony Robbins<\/strong><\/li>\n<\/ul>\n<h4 style=\"text-align: left\"><em><strong>\"Mestre da liga\u00e7\u00e3o com o p\u00fablico\"<\/strong><\/em><\/h4>\n<p style=\"text-align: left\">Joseph McClendon III n\u00e3o me ensinou apenas a estabelecer liga\u00e7\u00f5es - ele revolucionou a forma como me relaciono profundamente com o meu p\u00fablico.<\/p>\n<p style=\"text-align: left\">Ele cria a energia com t\u00e9cnicas especiais e eu consigo sentir o burburinho antes mesmo de ele aparecer.<\/p>\n<p style=\"text-align: left\">Depois, fixa o olhar numa pessoa e amplifica essa liga\u00e7\u00e3o atrav\u00e9s de v\u00e1rios pontos-chave para incendiar qualquer audi\u00eancia, grande ou pequena.<\/p>\n<ul style=\"text-align: left\">\n<li style=\"font-weight: 400\"><strong>Dra. Lisa Tan<\/strong><\/li>\n<\/ul>\n<h4 style=\"text-align: left\"><em><strong>\"Uma verdadeira for\u00e7a de transforma\u00e7\u00e3o\"<\/strong><\/em><\/h4>\n<p style=\"text-align: left\">Joseph McClendon III \u00e9 uma for\u00e7a da natureza e uma verdadeira inspira\u00e7\u00e3o. Durante 35 anos, partilh\u00e1mos o palco e cada momento foi uma inspira\u00e7\u00e3o.<\/p>\n<p style=\"text-align: left\">A sua sabedoria, humor e cora\u00e7\u00e3o foram fundamentais para a forma\u00e7\u00e3o da ind\u00fastria tal como ela \u00e9 hoje.<\/p>\n<p style=\"text-align: left\">N\u00e3o s\u00f3 eleva o p\u00fablico, mas tamb\u00e9m me motiva pessoalmente a crescer e a ser o meu melhor.<\/p>\n<p style=\"text-align: left\">Juntos, testemunh\u00e1mos o poder da transforma\u00e7\u00e3o e a magia da liga\u00e7\u00e3o, provando que, quando servimos os outros, todos nos elevamos.<\/p>\n<p style=\"text-align: left\">Pessoalmente, a sua orienta\u00e7\u00e3o tem sido fundamental no meu percurso de vida e estou-lhe grato pela sua lideran\u00e7a.<\/p>\n<ul style=\"text-align: left\">\n<li style=\"font-weight: 400\"><strong>Loren Lahav<\/strong><\/li>\n<\/ul>\n<h4 style=\"text-align: left\"><em><strong>\"Um verdadeiro profissional e especialista\"<\/strong><\/em><\/h4>\n<p style=\"text-align: left\">Conhe\u00e7o Joseph McClendon III h\u00e1 d\u00e9cadas, desde o tempo em que fui o maior franchisado de Tony Robbins.<\/p>\n<p style=\"text-align: left\">\u00c9 um verdadeiro profissional, com grande car\u00e1cter e compet\u00eancia, que sabe o que faz<\/p>\n<ul style=\"text-align: left\">\n<li style=\"font-weight: 400\"><strong>Larry Loik<\/strong><\/li>\n<\/ul>\n<h4 style=\"text-align: left\"><span style=\"font-weight: 400\"><strong>O nosso compromisso:<\/strong> Dedicamo-nos \u00e0 sua transforma\u00e7\u00e3o. A sua ades\u00e3o anual \u00e9 apoiada pela nossa garantia de satisfa\u00e7\u00e3o, assegurando que recebe um valor excecional ao longo da sua viagem.<\/span><\/h4>\n<h4 style=\"text-align: left\"><span style=\"font-weight: 400\"><strong>Pronto para se comprometer com o seu futuro?<\/strong> <\/span><\/h4>\n<p style=\"text-align: left\"><span style=\"font-weight: 400\">[Comece o seu ano de transforma\u00e7\u00e3o, <strong>$497<\/strong>] Assinaturas anuais limitadas dispon\u00edveis<\/span><\/p>\n<p style=\"text-align: left\"><span style=\"font-weight: 400\"><strong>Especifica\u00e7\u00f5es t\u00e9cnicas:<\/strong><\/span><\/p>\n<p style=\"text-align: left\"><span style=\"font-weight: 400\"><br \/>\n<strong>Formato: <\/strong><\/span><\/p>\n<ul style=\"text-align: left\">\n<li><span style=\"font-weight: 400\">Masterclasses online em direto <\/span><\/li>\n<li><span style=\"font-weight: 400\">Dura\u00e7\u00e3o: 12 meses <\/span><\/li>\n<li><span style=\"font-weight: 400\">Plataforma: Ambiente digital seguro <\/span><\/li>\n<li><span style=\"font-weight: 400\">Acesso: Plataforma comunit\u00e1ria 24\/7<\/span><\/li>\n<li><span style=\"font-weight: 400\">Apoio: Servi\u00e7os priorit\u00e1rios para membros<\/span><\/li>\n<\/ul>\n<p style=\"text-align: left\"><span style=\"font-weight: 400\">Fa\u00e7a deste o seu ano de transforma\u00e7\u00e3o A ades\u00e3o anual representa um compromisso poderoso para o seu crescimento e sucesso pessoal. <\/span><\/p>\n<p style=\"text-align: left\"><span style=\"font-weight: 400\">Ao escolher o programa anual, n\u00e3o est\u00e1 apenas a investir em coaching - est\u00e1 a investir num ano transformador que estabelecer\u00e1 as bases para um sucesso duradouro.<\/span><\/p>\n<p style=\"text-align: left\">","protected":false},"excerpt":{"rendered":"<p><strong>Associa\u00e7\u00e3o anual Make It Matter: Um ano de Coaching de Desempenho de Elite Transformador<\/strong><\/p>\n<p><span style=\"font-weight: 400\">Comprometa-se com o seu futuro extraordin\u00e1rio com um ano de treino de desempenho de elite. <\/span><\/p>\n<p><span style=\"font-weight: 400\">Receba mensalmente masterclasses ao vivo, sess\u00f5es de forma\u00e7\u00e3o aprofundadas e apoio cont\u00ednuo de treinadores de renome mundial <strong>Joseph McClendon II<\/strong>I e <strong>Malcolm-Jamal Warner<\/strong>. <\/span><\/p>\n<p><span style=\"font-weight: 400\"><strong>Poupar dois meses<\/strong> com a nossa ades\u00e3o anual, acedendo ao nosso conjunto completo de ferramentas de transforma\u00e7\u00e3o.<\/span><\/p>","protected":false},"featured_media":145438,"template":"","meta":{"footnotes":""},"product_brand":[],"product_cat":[87,76],"product_tag":[],"class_list":{"0":"post-144628","1":"product","2":"type-product","3":"status-publish","4":"has-post-thumbnail","6":"product_cat-elearning","7":"product_cat-memberships","8":"has-subscription-plans","10":"first","11":"instock","12":"sale","13":"virtual","14":"taxable","15":"purchasable","16":"product-type-simple"},"bundled_by":[],"bundle_stock_status":"instock","bundle_stock_quantity":null,"bundle_virtual":false,"bundle_layout":"","bundle_add_to_cart_form_location":"","bundle_editable_in_cart":false,"bundle_sold_individually_context":"","bundle_item_grouping":"","bundle_min_size":"","bundle_max_size":"","bundle_price":[],"bundled_items":[],"bundle_sell_ids":[],"group_of_quantity":0,"min_quantity":0,"max_quantity":"","exclude_order_quantity_value_rules":"no","exclude_category_quantity_rules":"no","combine_variations":"no","_links":{"self":[{"href":"https:\/\/2024.shoply.com\/pt\/wp-json\/wp\/v2\/product\/144628","targetHints":{"allow":["GET"]}}],"collection":[{"href":"https:\/\/2024.shoply.com\/pt\/wp-json\/wp\/v2\/product"}],"about":[{"href":"https:\/\/2024.shoply.com\/pt\/wp-json\/wp\/v2\/types\/product"}],"version-history":[{"count":10,"href":"https:\/\/2024.shoply.com\/pt\/wp-json\/wp\/v2\/product\/144628\/revisions"}],"predecessor-version":[{"id":152148,"href":"https:\/\/2024.shoply.com\/pt\/wp-json\/wp\/v2\/product\/144628\/revisions\/152148"}],"wp:featuredmedia":[{"embeddable":true,"href":"https:\/\/2024.shoply.com\/pt\/wp-json\/wp\/v2\/media\/145438"}],"wp:attachment":[{"href":"https:\/\/2024.shoply.com\/pt\/wp-json\/wp\/v2\/media?parent=144628"}],"wp:term":[{"taxonomy":"product_brand","embeddable":true,"href":"https:\/\/2024.shoply.com\/pt\/wp-json\/wp\/v2\/product_brand?post=144628"},{"taxonomy":"product_cat","embeddable":true,"href":"https:\/\/2024.shoply.com\/pt\/wp-json\/wp\/v2\/product_cat?post=144628"},{"taxonomy":"product_tag","embeddable":true,"href":"https:\/\/2024.shoply.com\/pt\/wp-json\/wp\/v2\/product_tag?post=144628"}],"curies":[{"name":"wp","href":"https:\/\/api.w.org\/{rel}","templated":true}]}}