{"id":152303,"date":"2025-03-09T00:03:38","date_gmt":"2025-03-09T05:03:38","guid":{"rendered":"https:\/\/shoply.com\/?post_type=product&#038;p=152303"},"modified":"2025-03-09T00:16:56","modified_gmt":"2025-03-09T05:16:56","slug":"she-is-worthy-blue-bow-proverbs-31-t-shirt","status":"publish","type":"product","link":"https:\/\/2024.shoply.com\/pt\/produto\/she-is-worthy-blue-bow-proverbs-31-t-shirt\/","title":{"rendered":"She Is Worthy Blue Bow, Proverbs 31 T Shirt"},"content":{"rendered":"<p>She Is Worthy Blue Bow, Proverbs 31 \u00a0T Shirt<\/p>\n<p>We use Comfort Colors Heavy Weight T Shirts.<\/p>\n<ul id=\"product-features\" class=\"product-details-features__list\">\n<li class=\"product-details-features__feature\"><span class=\"product-details-features__text\">6.1 oz., 100% ringspun cotton<\/span><\/li>\n<li class=\"product-details-features__feature\"><span class=\"product-details-features__text\">Preshrunk, soft-washed, garment-dyed fabric<\/span><\/li>\n<li class=\"product-details-features__feature\"><span class=\"product-details-features__text\">1&#8243; ribbed collar with double-needle topstitched neckline<\/span><\/li>\n<li class=\"product-details-features__feature\"><span class=\"product-details-features__text\">Double-needle stitched sleeves and bottom hem<\/span><\/li>\n<li class=\"product-details-features__feature\"><span class=\"product-details-features__text\">Twill taped shoulder-to-shoulder<\/span><\/li>\n<li class=\"product-details-features__feature\"><span class=\"product-details-features__text\">Set-in sleeves<\/span><\/li>\n<\/ul>\n<p>Instru\u00e7\u00f5es de manuten\u00e7\u00e3o: Virar a pe\u00e7a do avesso, lavar na m\u00e1quina em \u00e1gua fria com cores semelhantes. N\u00e3o usar lix\u00edvia e secar em lume brando. N\u00e3o passar a ferro sobre o transfer.<\/p>\n<p>&nbsp;<\/p>","protected":false},"excerpt":{"rendered":"<p>She Is Worthy Blue Bow, Proverbs 31 T Shirt<\/p>\n<p>&nbsp;<\/p>","protected":false},"featured_media":152311,"template":"","meta":{"footnotes":""},"product_brand":[],"product_cat":[255,103],"product_tag":[263,315,256,264,120,496,262,137,505,379,259,482],"class_list":{"0":"post-152303","1":"product","2":"type-product","3":"status-publish","4":"has-post-thumbnail","6":"product_cat-apparel","7":"product_cat-clothing-and-accessories","8":"product_tag-apparel","9":"product_tag-birthday","10":"product_tag-casual","11":"product_tag-christian","12":"product_tag-clothing","13":"product_tag-comfortable","14":"product_tag-cotton","15":"product_tag-essentials","16":"product_tag-fashion","17":"product_tag-inspiration","18":"product_tag-shirts","19":"product_tag-tees","20":"has-subscription-plans","22":"first","23":"instock","24":"taxable","25":"shipping-taxable","26":"purchasable","27":"product-type-variable"},"bundled_by":[],"bundle_stock_status":"instock","bundle_stock_quantity":298,"bundle_virtual":false,"bundle_layout":"","bundle_add_to_cart_form_location":"","bundle_editable_in_cart":false,"bundle_sold_individually_context":"","bundle_item_grouping":"","bundle_min_size":"","bundle_max_size":"","bundle_price":[],"bundled_items":[],"bundle_sell_ids":[],"group_of_quantity":0,"min_quantity":0,"max_quantity":"","exclude_order_quantity_value_rules":"no","exclude_category_quantity_rules":"no","combine_variations":"no","_links":{"self":[{"href":"https:\/\/2024.shoply.com\/pt\/wp-json\/wp\/v2\/product\/152303","targetHints":{"allow":["GET"]}}],"collection":[{"href":"https:\/\/2024.shoply.com\/pt\/wp-json\/wp\/v2\/product"}],"about":[{"href":"https:\/\/2024.shoply.com\/pt\/wp-json\/wp\/v2\/types\/product"}],"version-history":[{"count":3,"href":"https:\/\/2024.shoply.com\/pt\/wp-json\/wp\/v2\/product\/152303\/revisions"}],"predecessor-version":[{"id":152328,"href":"https:\/\/2024.shoply.com\/pt\/wp-json\/wp\/v2\/product\/152303\/revisions\/152328"}],"wp:featuredmedia":[{"embeddable":true,"href":"https:\/\/2024.shoply.com\/pt\/wp-json\/wp\/v2\/media\/152311"}],"wp:attachment":[{"href":"https:\/\/2024.shoply.com\/pt\/wp-json\/wp\/v2\/media?parent=152303"}],"wp:term":[{"taxonomy":"product_brand","embeddable":true,"href":"https:\/\/2024.shoply.com\/pt\/wp-json\/wp\/v2\/product_brand?post=152303"},{"taxonomy":"product_cat","embeddable":true,"href":"https:\/\/2024.shoply.com\/pt\/wp-json\/wp\/v2\/product_cat?post=152303"},{"taxonomy":"product_tag","embeddable":true,"href":"https:\/\/2024.shoply.com\/pt\/wp-json\/wp\/v2\/product_tag?post=152303"}],"curies":[{"name":"wp","href":"https:\/\/api.w.org\/{rel}","templated":true}]}}