{"id":29565,"date":"2024-08-19T22:46:30","date_gmt":"2024-08-19T22:46:30","guid":{"rendered":"https:\/\/shoply.com\/?post_type=product&#038;p=29565"},"modified":"2025-02-07T15:11:00","modified_gmt":"2025-02-07T20:11:00","slug":"ur-zinjaburn","status":"publish","type":"product","link":"https:\/\/2024.shoply.com\/pt\/produto\/ur-zinjaburn\/","title":{"rendered":"UR Zinjaburn"},"content":{"rendered":"<p>Pronto para assumir o controlo do seu peso? O nosso ingrediente patenteado Zinjaburn est\u00e1 aqui para ajudar. Como, pode perguntar. Bem, a nossa f\u00f3rmula foi concebida n\u00e3o s\u00f3 para o ajudar a queimar gordura, mas tamb\u00e9m para o ajudar a manter o m\u00fasculo. Somos capazes de fazer isso ajudando no processo de convers\u00e3o de transformar a gordura branca teimosa em gordura castanha, isto \u00e9 o que pode aumentar a sua energia e permitir que a mudan\u00e7a comece.<\/p>\n<div style=\"width: 540px;\" class=\"wp-video\"><video class=\"wp-video-shortcode\" id=\"video-29565-2\" width=\"540\" height=\"960\" preload=\"metadata\" controls=\"controls\"><source type=\"video\/mp4\" src=\"https:\/\/shoply.com\/wp-content\/uploads\/2024\/10\/ZinjaBurn-Tiktok.mp4?_=2\" \/><a href=\"https:\/\/shoply.com\/wp-content\/uploads\/2024\/10\/ZinjaBurn-Tiktok.mp4\">https:\/\/shoply.com\/wp-content\/uploads\/2024\/10\/ZinjaBurn-Tiktok.mp4<\/a><\/video><\/div>\n<p><span style=\"font-size: 10pt;\">MitoPrime\u00ae \u00e9 uma marca registada da NNB Nutrition.<\/span><\/p>\n<p><em><strong>Estas declara\u00e7\u00f5es n\u00e3o foram avaliadas pela Food and Drug Administration.\u00a0<\/strong><\/em><em><strong>Este produto n\u00e3o se destina a diagnosticar, tratar, curar ou prevenir qualquer doen\u00e7a.<\/strong><\/em><\/p>","protected":false},"excerpt":{"rendered":"<div style=\"width: 884px;\" class=\"wp-video\"><!--[if lt IE 9]><script>document.createElement('video');<\/script><![endif]--><br \/>\n<video class=\"wp-video-shortcode\" id=\"video-29565-1\" width=\"884\" height=\"720\" preload=\"metadata\" controls=\"controls\"><source type=\"video\/mp4\" src=\"https:\/\/shoply.com\/wp-content\/uploads\/2024\/12\/470896007_28794060533526678_543324743202168036_n.mp4?_=1\" \/><a href=\"https:\/\/shoply.com\/wp-content\/uploads\/2024\/12\/470896007_28794060533526678_543324743202168036_n.mp4\">https:\/\/shoply.com\/wp-content\/uploads\/2024\/12\/470896007_28794060533526678_543324743202168036_n.mp4<\/a><\/video><\/div>\n<p>30 por\u00e7\u00f5es<\/p>\n<p>&nbsp;<\/p>","protected":false},"featured_media":29566,"template":"","meta":{"footnotes":""},"product_brand":[],"product_cat":[80],"product_tag":[],"class_list":{"0":"post-29565","1":"product","2":"type-product","3":"status-publish","4":"has-post-thumbnail","6":"product_cat-beauty-health-supplements","7":"product_shipping_class-shipping-class-1","8":"has-subscription-plans","10":"first","11":"instock","12":"sale","13":"taxable","14":"shipping-taxable","15":"purchasable","16":"product-type-simple"},"bundled_by":["31070","97420"],"bundle_stock_status":"instock","bundle_stock_quantity":null,"bundle_virtual":false,"bundle_layout":"","bundle_add_to_cart_form_location":"","bundle_editable_in_cart":false,"bundle_sold_individually_context":"","bundle_item_grouping":"","bundle_min_size":"","bundle_max_size":"","bundle_price":[],"bundled_items":[],"bundle_sell_ids":[],"group_of_quantity":0,"min_quantity":0,"max_quantity":"","exclude_order_quantity_value_rules":"no","exclude_category_quantity_rules":"no","combine_variations":"no","_links":{"self":[{"href":"https:\/\/2024.shoply.com\/pt\/wp-json\/wp\/v2\/product\/29565","targetHints":{"allow":["GET"]}}],"collection":[{"href":"https:\/\/2024.shoply.com\/pt\/wp-json\/wp\/v2\/product"}],"about":[{"href":"https:\/\/2024.shoply.com\/pt\/wp-json\/wp\/v2\/types\/product"}],"version-history":[{"count":3,"href":"https:\/\/2024.shoply.com\/pt\/wp-json\/wp\/v2\/product\/29565\/revisions"}],"predecessor-version":[{"id":139434,"href":"https:\/\/2024.shoply.com\/pt\/wp-json\/wp\/v2\/product\/29565\/revisions\/139434"}],"wp:featuredmedia":[{"embeddable":true,"href":"https:\/\/2024.shoply.com\/pt\/wp-json\/wp\/v2\/media\/29566"}],"wp:attachment":[{"href":"https:\/\/2024.shoply.com\/pt\/wp-json\/wp\/v2\/media?parent=29565"}],"wp:term":[{"taxonomy":"product_brand","embeddable":true,"href":"https:\/\/2024.shoply.com\/pt\/wp-json\/wp\/v2\/product_brand?post=29565"},{"taxonomy":"product_cat","embeddable":true,"href":"https:\/\/2024.shoply.com\/pt\/wp-json\/wp\/v2\/product_cat?post=29565"},{"taxonomy":"product_tag","embeddable":true,"href":"https:\/\/2024.shoply.com\/pt\/wp-json\/wp\/v2\/product_tag?post=29565"}],"curies":[{"name":"wp","href":"https:\/\/api.w.org\/{rel}","templated":true}]}}