{"id":60469,"date":"2024-09-17T16:14:33","date_gmt":"2024-09-17T21:14:33","guid":{"rendered":"https:\/\/shoply.com\/?post_type=product&#038;p=60469"},"modified":"2025-02-25T21:12:41","modified_gmt":"2025-02-26T02:12:41","slug":"step-4-hydrovital-mist-collagen-boost","status":"publish","type":"product","link":"https:\/\/2024.shoply.com\/pt\/produto\/step-4-hydrovital-mist-collagen-boost\/","title":{"rendered":"PASSO 4 | N\u00e9voa Hydrovital + REFOR\u00c7O COL\u00c1GENO"},"content":{"rendered":"<p id=\"yui_3_17_2_1_1726607539496_537\" class=\"\">Hydrovital Mist com Collagen Boost \u00e9 o 4\u00ba passo da nossa tecnologia de renova\u00e7\u00e3o celular de marca registada Bo Stegall | The Collection\u00ae\ufe0f.<\/p>\n<p class=\"\"><strong>DIREC\u00c7\u00d5ES (CABELO):<\/strong> Em cabelos secos com uma toalha, pulverizar a 5 cm de dist\u00e2ncia diretamente sobre o cabelo e o couro cabeludo em sec\u00e7\u00f5es.<\/p>\n<p><strong>MASSAGEM<\/strong> Aplicar o produto no couro cabeludo e pentear as pontas para ativar e dispersar os ingredientes org\u00e2nicos.<\/p>\n<p><strong>CONTINUAR<\/strong> com o amplificador de raiz STEP 5 Elevate.<\/p>\n<p>&nbsp;<\/p>\n<p><strong>DIREC\u00c7\u00d5ES (ROSTO E CORPO):<\/strong> Pulverizar diretamente sobre a pele e espalhar o produto na pele.<br \/>\n<strong><br \/>\nCANDIDATURA<\/strong> como o primeiro produto para a pele e para o corpo depois de limpar o rosto e o corpo.<\/p>\n<p>&nbsp;<\/p>\n<p>&nbsp;<\/p>\n<p><strong>O MEU CABELO EST\u00c1 SECO E DANIFICADO!<\/strong><\/p>\n<p><iframe title=\"3) O meu cabelo est\u00e1 seco e danificado! O que \u00e9 que eu fa\u00e7o?\" width=\"500\" height=\"281\" src=\"https:\/\/www.youtube.com\/embed\/-7EXsI1sX7Q?feature=oembed\" frameborder=\"0\" allow=\"accelerometer; autoplay; clipboard-write; encrypted-media; gyroscope; picture-in-picture; web-share\" referrerpolicy=\"strict-origin-when-cross-origin\" allowfullscreen><\/iframe><\/p>\n<p>&nbsp;<\/p>\n<p><strong>O MEU CABELO N\u00c3O TEM VOLUME!<\/strong><\/p>\n<p><iframe title=\"5) O meu cabelo n\u00e3o tem volume! O que \u00e9 que eu fa\u00e7o?\" width=\"500\" height=\"281\" src=\"https:\/\/www.youtube.com\/embed\/Iax6R0fgGIA?feature=oembed\" frameborder=\"0\" allow=\"accelerometer; autoplay; clipboard-write; encrypted-media; gyroscope; picture-in-picture; web-share\" referrerpolicy=\"strict-origin-when-cross-origin\" allowfullscreen><\/iframe><\/p>\n<p>&nbsp;<\/p>\n<p><strong>EU TENHO PONTAS ESPIGADAS!<\/strong><\/p>\n<p><iframe title=\"8) Tenho as pontas espigadas O que devo fazer?\" width=\"500\" height=\"281\" src=\"https:\/\/www.youtube.com\/embed\/ZJk95Thr6p8?feature=oembed\" frameborder=\"0\" allow=\"accelerometer; autoplay; clipboard-write; encrypted-media; gyroscope; picture-in-picture; web-share\" referrerpolicy=\"strict-origin-when-cross-origin\" allowfullscreen><\/iframe><\/p>\n<p>&nbsp;<\/p>\n<p><strong>O MEU CABELO E O MEU COURO CABELUDO S\u00c3O OLEOSOS!<\/strong><\/p>\n<p><iframe title=\"6) Tenho um couro cabeludo oleoso O que devo fazer?\" width=\"500\" height=\"281\" src=\"https:\/\/www.youtube.com\/embed\/_z6gpZyDNRc?feature=oembed\" frameborder=\"0\" allow=\"accelerometer; autoplay; clipboard-write; encrypted-media; gyroscope; picture-in-picture; web-share\" referrerpolicy=\"strict-origin-when-cross-origin\" allowfullscreen><\/iframe><\/p>\n<p>&nbsp;<\/p>\n<p><strong>O MEU CABELO \u00c9 ENCARACOLADO OU ONDULADO!<\/strong><\/p>\n<p><iframe title=\"4) O meu cabelo \u00e9 encaracolado O que \u00e9 que eu fa\u00e7o?\" width=\"500\" height=\"281\" src=\"https:\/\/www.youtube.com\/embed\/_2RLR4ekVVE?feature=oembed\" frameborder=\"0\" allow=\"accelerometer; autoplay; clipboard-write; encrypted-media; gyroscope; picture-in-picture; web-share\" referrerpolicy=\"strict-origin-when-cross-origin\" allowfullscreen><\/iframe><\/p>","protected":false},"excerpt":{"rendered":"<p>Hydrovital Mist com Collagen Boost Science \u00e9 o 4\u00ba passo da nossa tecnologia de renova\u00e7\u00e3o celular de marca registada Bo Stegall | The Collection\u2122.<\/p>\n<p><strong>POR ONDE COME\u00c7O COM BO STEGALL?<\/strong><\/p>\n<p>https:\/\/youtu.be\/P4oB0ALtszw?si=uIDmd4gWvDVM7cmJ<\/p>\n<p><strong>O MEU CABELO EST\u00c1 A FICAR FINO OU A CAIR!<\/strong><\/p>\n<p>https:\/\/youtu.be\/z3gqRLaXzhs?si=OPSN3OVNTZsC7FDr<\/p>","protected":false},"featured_media":61832,"template":"","meta":{"footnotes":""},"product_brand":[],"product_cat":[80],"product_tag":[149,112,141,110,185,131],"class_list":{"0":"post-60469","1":"product","2":"type-product","3":"status-publish","4":"has-post-thumbnail","6":"product_cat-beauty-health-supplements","7":"product_tag-anti-aging","8":"product_tag-cell-renewal","9":"product_tag-collagen","10":"product_tag-hair","11":"product_tag-organic","12":"product_tag-stem-cells","13":"product_shipping_class-shipping-class-1","14":"has-subscription-plans","16":"first","17":"instock","18":"taxable","19":"shipping-taxable","20":"purchasable","21":"product-type-simple"},"bundled_by":[],"bundle_stock_status":"instock","bundle_stock_quantity":null,"bundle_virtual":false,"bundle_layout":"","bundle_add_to_cart_form_location":"","bundle_editable_in_cart":false,"bundle_sold_individually_context":"","bundle_item_grouping":"","bundle_min_size":"","bundle_max_size":"","bundle_price":[],"bundled_items":[],"bundle_sell_ids":[],"group_of_quantity":0,"min_quantity":0,"max_quantity":"","exclude_order_quantity_value_rules":"no","exclude_category_quantity_rules":"no","combine_variations":"no","_links":{"self":[{"href":"https:\/\/2024.shoply.com\/pt\/wp-json\/wp\/v2\/product\/60469","targetHints":{"allow":["GET"]}}],"collection":[{"href":"https:\/\/2024.shoply.com\/pt\/wp-json\/wp\/v2\/product"}],"about":[{"href":"https:\/\/2024.shoply.com\/pt\/wp-json\/wp\/v2\/types\/product"}],"version-history":[{"count":2,"href":"https:\/\/2024.shoply.com\/pt\/wp-json\/wp\/v2\/product\/60469\/revisions"}],"predecessor-version":[{"id":139469,"href":"https:\/\/2024.shoply.com\/pt\/wp-json\/wp\/v2\/product\/60469\/revisions\/139469"}],"wp:featuredmedia":[{"embeddable":true,"href":"https:\/\/2024.shoply.com\/pt\/wp-json\/wp\/v2\/media\/61832"}],"wp:attachment":[{"href":"https:\/\/2024.shoply.com\/pt\/wp-json\/wp\/v2\/media?parent=60469"}],"wp:term":[{"taxonomy":"product_brand","embeddable":true,"href":"https:\/\/2024.shoply.com\/pt\/wp-json\/wp\/v2\/product_brand?post=60469"},{"taxonomy":"product_cat","embeddable":true,"href":"https:\/\/2024.shoply.com\/pt\/wp-json\/wp\/v2\/product_cat?post=60469"},{"taxonomy":"product_tag","embeddable":true,"href":"https:\/\/2024.shoply.com\/pt\/wp-json\/wp\/v2\/product_tag?post=60469"}],"curies":[{"name":"wp","href":"https:\/\/api.w.org\/{rel}","templated":true}]}}