{"id":61907,"date":"2024-09-19T16:53:53","date_gmt":"2024-09-19T21:53:53","guid":{"rendered":"https:\/\/shoply.com\/?post_type=product&#038;p=61907"},"modified":"2025-02-20T17:49:31","modified_gmt":"2025-02-20T22:49:31","slug":"formation-texture-spray","status":"publish","type":"product","link":"https:\/\/2024.shoply.com\/pt\/produto\/formation-texture-spray\/","title":{"rendered":"Spray de textura de forma\u00e7\u00e3o"},"content":{"rendered":"<p><strong>Spray de textura de forma\u00e7\u00e3o<\/strong> is the next generation of TEXTURE in our trademarked BO STEGALL | the collection\u00ae Product line. <strong>Formation<\/strong> was created to add texture and volume without weighing the hair down.<\/p>\n<p><strong>SPRAY\u00a0<\/strong>3-6 inches away from hair in sections on Dry hair. For EXTRA volume, comb through the hair after spraying and Spray the hair in sections a second time.<\/p>\n<p>&nbsp;<\/p>\n<p><strong>O MEU CABELO EST\u00c1 A FICAR FINO OU A CAIR!<\/strong><\/p>\n<p><iframe title=\"2) O meu cabelo est\u00e1 a ficar mais fino! O que \u00e9 que eu fa\u00e7o?\" width=\"500\" height=\"281\" src=\"https:\/\/www.youtube.com\/embed\/z3gqRLaXzhs?feature=oembed\" frameborder=\"0\" allow=\"accelerometer; autoplay; clipboard-write; encrypted-media; gyroscope; picture-in-picture; web-share\" referrerpolicy=\"strict-origin-when-cross-origin\" allowfullscreen><\/iframe><\/p>\n<p>&nbsp;<\/p>\n<p><strong>O MEU CABELO EST\u00c1 SECO E DANIFICADO!<\/strong><\/p>\n<p><iframe title=\"3) O meu cabelo est\u00e1 seco e danificado! O que \u00e9 que eu fa\u00e7o?\" width=\"500\" height=\"281\" src=\"https:\/\/www.youtube.com\/embed\/-7EXsI1sX7Q?feature=oembed\" frameborder=\"0\" allow=\"accelerometer; autoplay; clipboard-write; encrypted-media; gyroscope; picture-in-picture; web-share\" referrerpolicy=\"strict-origin-when-cross-origin\" allowfullscreen><\/iframe><\/p>\n<p>&nbsp;<\/p>\n<p><strong>EU TENHO PONTAS ESPIGADAS!<\/strong><\/p>\n<p><iframe title=\"8) Tenho as pontas espigadas O que devo fazer?\" width=\"500\" height=\"281\" src=\"https:\/\/www.youtube.com\/embed\/ZJk95Thr6p8?feature=oembed\" frameborder=\"0\" allow=\"accelerometer; autoplay; clipboard-write; encrypted-media; gyroscope; picture-in-picture; web-share\" referrerpolicy=\"strict-origin-when-cross-origin\" allowfullscreen><\/iframe><\/p>\n<p>&nbsp;<\/p>\n<p><strong>O MEU CABELO E O MEU COURO CABELUDO S\u00c3O OLEOSOS!<\/strong><\/p>\n<p><iframe title=\"6) Tenho um couro cabeludo oleoso O que devo fazer?\" width=\"500\" height=\"281\" src=\"https:\/\/www.youtube.com\/embed\/_z6gpZyDNRc?feature=oembed\" frameborder=\"0\" allow=\"accelerometer; autoplay; clipboard-write; encrypted-media; gyroscope; picture-in-picture; web-share\" referrerpolicy=\"strict-origin-when-cross-origin\" allowfullscreen><\/iframe><\/p>\n<p>&nbsp;<\/p>\n<p><strong>O MEU CABELO \u00c9 ENCARACOLADO OU ONDULADO!<\/strong><\/p>\n<p><iframe title=\"4) O meu cabelo \u00e9 encaracolado O que \u00e9 que eu fa\u00e7o?\" width=\"500\" height=\"281\" src=\"https:\/\/www.youtube.com\/embed\/_2RLR4ekVVE?feature=oembed\" frameborder=\"0\" allow=\"accelerometer; autoplay; clipboard-write; encrypted-media; gyroscope; picture-in-picture; web-share\" referrerpolicy=\"strict-origin-when-cross-origin\" allowfullscreen><\/iframe><\/p>","protected":false},"excerpt":{"rendered":"<p><strong>Spray de textura de forma\u00e7\u00e3o<\/strong> is the next generation of TEXTURE in our trademarked BO STEGALL | the collection\u00ae Product line.<\/p>\n<p>23 QV \/ 9 DB \/ 5 CV<\/p>\n<p><strong>POR ONDE COME\u00c7O COM BO STEGALL?<\/strong><\/p>\n<p>https:\/\/youtu.be\/P4oB0ALtszw?si=uIDmd4gWvDVM7cmJ<\/p>\n<p><strong>O MEU CABELO N\u00c3O TEM VOLUME!<\/strong><\/p>\n<p>https:\/\/youtu.be\/Iax6R0fgGIA?si=Uauc2vLFf-Nt2LbB<\/p>","protected":false},"featured_media":63563,"template":"","meta":{"footnotes":""},"product_brand":[],"product_cat":[80],"product_tag":[149,112,141,110,185,131],"class_list":{"0":"post-61907","1":"product","2":"type-product","3":"status-publish","4":"has-post-thumbnail","6":"product_cat-beauty-health-supplements","7":"product_tag-anti-aging","8":"product_tag-cell-renewal","9":"product_tag-collagen","10":"product_tag-hair","11":"product_tag-organic","12":"product_tag-stem-cells","13":"product_shipping_class-shipping-class-1","14":"has-subscription-plans","16":"first","17":"instock","18":"taxable","19":"shipping-taxable","20":"purchasable","21":"product-type-simple"},"bundled_by":[],"bundle_stock_status":"instock","bundle_stock_quantity":null,"bundle_virtual":false,"bundle_layout":"","bundle_add_to_cart_form_location":"","bundle_editable_in_cart":false,"bundle_sold_individually_context":"","bundle_item_grouping":"","bundle_min_size":"","bundle_max_size":"","bundle_price":[],"bundled_items":[],"bundle_sell_ids":[],"group_of_quantity":0,"min_quantity":0,"max_quantity":"","exclude_order_quantity_value_rules":"no","exclude_category_quantity_rules":"no","combine_variations":"no","_links":{"self":[{"href":"https:\/\/2024.shoply.com\/pt\/wp-json\/wp\/v2\/product\/61907","targetHints":{"allow":["GET"]}}],"collection":[{"href":"https:\/\/2024.shoply.com\/pt\/wp-json\/wp\/v2\/product"}],"about":[{"href":"https:\/\/2024.shoply.com\/pt\/wp-json\/wp\/v2\/types\/product"}],"version-history":[{"count":3,"href":"https:\/\/2024.shoply.com\/pt\/wp-json\/wp\/v2\/product\/61907\/revisions"}],"predecessor-version":[{"id":139484,"href":"https:\/\/2024.shoply.com\/pt\/wp-json\/wp\/v2\/product\/61907\/revisions\/139484"}],"wp:featuredmedia":[{"embeddable":true,"href":"https:\/\/2024.shoply.com\/pt\/wp-json\/wp\/v2\/media\/63563"}],"wp:attachment":[{"href":"https:\/\/2024.shoply.com\/pt\/wp-json\/wp\/v2\/media?parent=61907"}],"wp:term":[{"taxonomy":"product_brand","embeddable":true,"href":"https:\/\/2024.shoply.com\/pt\/wp-json\/wp\/v2\/product_brand?post=61907"},{"taxonomy":"product_cat","embeddable":true,"href":"https:\/\/2024.shoply.com\/pt\/wp-json\/wp\/v2\/product_cat?post=61907"},{"taxonomy":"product_tag","embeddable":true,"href":"https:\/\/2024.shoply.com\/pt\/wp-json\/wp\/v2\/product_tag?post=61907"}],"curies":[{"name":"wp","href":"https:\/\/api.w.org\/{rel}","templated":true}]}}