{"id":61953,"date":"2024-09-19T17:26:50","date_gmt":"2024-09-19T22:26:50","guid":{"rendered":"https:\/\/shoply.com\/?post_type=product&#038;p=61953"},"modified":"2025-02-19T21:20:39","modified_gmt":"2025-02-20T02:20:39","slug":"dry-shampoo-cell-renewal-technology","status":"publish","type":"product","link":"https:\/\/2024.shoply.com\/pt\/produto\/dry-shampoo-cell-renewal-technology\/","title":{"rendered":"SHAMPOO SECO | Tecnologia de Renova\u00e7\u00e3o Celular"},"content":{"rendered":"<p class=\"\">Bo Stegall | The Collection\u00ae\ufe0f<\/p>\n<p class=\"\"><strong>Cell Renewal Dry Shampoo<\/strong><\/p>\n<p class=\"\">The first Dry Shampoo in the world to actually DRY WASH your hair and scalp. A breakthrough formula without harsh Sulfates and Parabens. Balance the PH of your scalp while permanently reducing the over production or under production of oils on the scalp. Use to Dry Wash your hair without having to get the hair wet in the shower.<\/p>\n<p><strong>DIRECTIONS:<\/strong><\/p>\n<p class=\"\">1.\u00a0<strong>SHAKE<\/strong>\u00a0thoroughly before you spray onto your scalp and hair for intended results.<\/p>\n<p class=\"\">2.\u00a0<strong>SPRAY<\/strong>\u00a0at least 6 inches away from scalp and hair.<\/p>\n<p class=\"\">3.\u00a0<strong>MASSAGEM<\/strong>\u00a0the products into the scalp after spraying a small \u201cspurt\u201d to each section of hair.<\/p>\n<p class=\"\">4.\u00a0<strong>REFRESH<\/strong>\u00a0and cleanse your hair when dry by combing through the ends after spraying onto scalp and hair strands. Activate the ingredients with Heat or with Cool air from your blow dryer.<\/p>\n<p>&nbsp;<\/p>\n<p><strong>POR ONDE COME\u00c7O COM BO STEGALL?<\/strong><\/p>\n<p><iframe title=\"1) Com que produtos devo come\u00e7ar? Eu sou novo!\" width=\"500\" height=\"375\" src=\"https:\/\/www.youtube.com\/embed\/P4oB0ALtszw?feature=oembed\" frameborder=\"0\" allow=\"accelerometer; autoplay; clipboard-write; encrypted-media; gyroscope; picture-in-picture; web-share\" referrerpolicy=\"strict-origin-when-cross-origin\" allowfullscreen><\/iframe><\/p>\n<p>&nbsp;<\/p>\n<p><strong>O MEU CABELO EST\u00c1 A FICAR FINO OU A CAIR!<\/strong><\/p>\n<p><iframe title=\"2) O meu cabelo est\u00e1 a ficar mais fino! O que \u00e9 que eu fa\u00e7o?\" width=\"500\" height=\"281\" src=\"https:\/\/www.youtube.com\/embed\/z3gqRLaXzhs?feature=oembed\" frameborder=\"0\" allow=\"accelerometer; autoplay; clipboard-write; encrypted-media; gyroscope; picture-in-picture; web-share\" referrerpolicy=\"strict-origin-when-cross-origin\" allowfullscreen><\/iframe><\/p>\n<p>&nbsp;<\/p>\n<p><strong>O MEU CABELO EST\u00c1 SECO E DANIFICADO!<\/strong><\/p>\n<p><iframe title=\"3) O meu cabelo est\u00e1 seco e danificado! O que \u00e9 que eu fa\u00e7o?\" width=\"500\" height=\"281\" src=\"https:\/\/www.youtube.com\/embed\/-7EXsI1sX7Q?feature=oembed\" frameborder=\"0\" allow=\"accelerometer; autoplay; clipboard-write; encrypted-media; gyroscope; picture-in-picture; web-share\" referrerpolicy=\"strict-origin-when-cross-origin\" allowfullscreen><\/iframe><\/p>\n<p>&nbsp;<\/p>\n<p><strong>O MEU CABELO N\u00c3O TEM VOLUME!<\/strong><\/p>\n<p><iframe title=\"5) O meu cabelo n\u00e3o tem volume! O que \u00e9 que eu fa\u00e7o?\" width=\"500\" height=\"281\" src=\"https:\/\/www.youtube.com\/embed\/Iax6R0fgGIA?feature=oembed\" frameborder=\"0\" allow=\"accelerometer; autoplay; clipboard-write; encrypted-media; gyroscope; picture-in-picture; web-share\" referrerpolicy=\"strict-origin-when-cross-origin\" allowfullscreen><\/iframe><\/p>\n<p>&nbsp;<\/p>\n<p><strong>EU TENHO PONTAS ESPIGADAS!<\/strong><\/p>\n<p><iframe title=\"8) Tenho as pontas espigadas O que devo fazer?\" width=\"500\" height=\"281\" src=\"https:\/\/www.youtube.com\/embed\/ZJk95Thr6p8?feature=oembed\" frameborder=\"0\" allow=\"accelerometer; autoplay; clipboard-write; encrypted-media; gyroscope; picture-in-picture; web-share\" referrerpolicy=\"strict-origin-when-cross-origin\" allowfullscreen><\/iframe><\/p>\n<p>&nbsp;<\/p>\n<p><strong>O MEU CABELO \u00c9 ENCARACOLADO OU ONDULADO!<\/strong><\/p>\n<p><iframe title=\"4) O meu cabelo \u00e9 encaracolado O que \u00e9 que eu fa\u00e7o?\" width=\"500\" height=\"281\" src=\"https:\/\/www.youtube.com\/embed\/_2RLR4ekVVE?feature=oembed\" frameborder=\"0\" allow=\"accelerometer; autoplay; clipboard-write; encrypted-media; gyroscope; picture-in-picture; web-share\" referrerpolicy=\"strict-origin-when-cross-origin\" allowfullscreen><\/iframe><\/p>","protected":false},"excerpt":{"rendered":"<p class=\"\"><strong>Cell Renewal Dry Shampoo by <\/strong>Bo Stegall | The Collection\u00ae\ufe0f is the first Dry Shampoo of its kind to DRY WASH your hair and scalp.<\/p>\n<p>&nbsp;<\/p>\n<p><strong>O MEU CABELO E O MEU COURO CABELUDO S\u00c3O OLEOSOS!<\/strong><\/p>\n<p>https:\/\/youtu.be\/_z6gpZyDNRc?si=8kdlXQU5MLNR3ua6<\/p>","protected":false},"featured_media":61841,"template":"","meta":{"footnotes":""},"product_brand":[],"product_cat":[80],"product_tag":[149,112,141,110,185,131],"class_list":{"0":"post-61953","1":"product","2":"type-product","3":"status-publish","4":"has-post-thumbnail","6":"product_cat-beauty-health-supplements","7":"product_tag-anti-aging","8":"product_tag-cell-renewal","9":"product_tag-collagen","10":"product_tag-hair","11":"product_tag-organic","12":"product_tag-stem-cells","13":"product_shipping_class-shipping-class-1","14":"has-subscription-plans","16":"first","17":"instock","18":"taxable","19":"shipping-taxable","20":"purchasable","21":"product-type-simple"},"bundled_by":[],"bundle_stock_status":"instock","bundle_stock_quantity":null,"bundle_virtual":false,"bundle_layout":"","bundle_add_to_cart_form_location":"","bundle_editable_in_cart":false,"bundle_sold_individually_context":"","bundle_item_grouping":"","bundle_min_size":"","bundle_max_size":"","bundle_price":[],"bundled_items":[],"bundle_sell_ids":[],"group_of_quantity":0,"min_quantity":0,"max_quantity":"","exclude_order_quantity_value_rules":"no","exclude_category_quantity_rules":"no","combine_variations":"no","_links":{"self":[{"href":"https:\/\/2024.shoply.com\/pt\/wp-json\/wp\/v2\/product\/61953","targetHints":{"allow":["GET"]}}],"collection":[{"href":"https:\/\/2024.shoply.com\/pt\/wp-json\/wp\/v2\/product"}],"about":[{"href":"https:\/\/2024.shoply.com\/pt\/wp-json\/wp\/v2\/types\/product"}],"version-history":[{"count":2,"href":"https:\/\/2024.shoply.com\/pt\/wp-json\/wp\/v2\/product\/61953\/revisions"}],"predecessor-version":[{"id":139463,"href":"https:\/\/2024.shoply.com\/pt\/wp-json\/wp\/v2\/product\/61953\/revisions\/139463"}],"wp:featuredmedia":[{"embeddable":true,"href":"https:\/\/2024.shoply.com\/pt\/wp-json\/wp\/v2\/media\/61841"}],"wp:attachment":[{"href":"https:\/\/2024.shoply.com\/pt\/wp-json\/wp\/v2\/media?parent=61953"}],"wp:term":[{"taxonomy":"product_brand","embeddable":true,"href":"https:\/\/2024.shoply.com\/pt\/wp-json\/wp\/v2\/product_brand?post=61953"},{"taxonomy":"product_cat","embeddable":true,"href":"https:\/\/2024.shoply.com\/pt\/wp-json\/wp\/v2\/product_cat?post=61953"},{"taxonomy":"product_tag","embeddable":true,"href":"https:\/\/2024.shoply.com\/pt\/wp-json\/wp\/v2\/product_tag?post=61953"}],"curies":[{"name":"wp","href":"https:\/\/api.w.org\/{rel}","templated":true}]}}