{"id":61964,"date":"2024-09-19T17:46:01","date_gmt":"2024-09-19T22:46:01","guid":{"rendered":"https:\/\/shoply.com\/?post_type=product&#038;p=61964"},"modified":"2025-02-19T21:19:45","modified_gmt":"2025-02-20T02:19:45","slug":"retouch-dark-root-color-spray","status":"publish","type":"product","link":"https:\/\/2024.shoply.com\/pt\/produto\/retouch-dark-root-color-spray\/","title":{"rendered":"RETOUCH DARK | Spray de colora\u00e7\u00e3o das ra\u00edzes"},"content":{"rendered":"<p class=\"\"><strong>ROOT TOUCH UP SPRAY | Light Brown<\/strong><\/p>\n<p class=\"\">Blends with the following hair colors: (Extremely Dark Brown or Black)<\/p>\n<p class=\"\">Instantly cover up your roots in the safest way possible with Bo Stegall | The Collection temporary Retouch Color Spray. The temporary Color will not fade until you wash your hair.<\/p>\n<p class=\"\"><strong>DIRECTIONS:<\/strong><\/p>\n<p class=\"\"><strong>SHAKE WELL<\/strong> before using each time. Make sure you wipe off any product from the spray nozzle before using.<\/p>\n<p class=\"\"><strong>SPRAY<\/strong> small quick bursts 4 inches from dry hair directly into the sections you want to cover.<\/p>\n<p class=\"\"><strong>DO NOT<\/strong> touch the areas you spray for 10 minutes to allow the spray to dry. If you spray your face or the product drips on your face by accident, just simply wipe off quickly to avoid staining.<\/p>\n<p>&nbsp;<\/p>\n<p>&nbsp;<\/p>\n<p><strong>O MEU CABELO EST\u00c1 A FICAR FINO OU A CAIR!<\/strong><\/p>\n<p><iframe title=\"2) O meu cabelo est\u00e1 a ficar mais fino! O que \u00e9 que eu fa\u00e7o?\" width=\"500\" height=\"281\" src=\"https:\/\/www.youtube.com\/embed\/z3gqRLaXzhs?feature=oembed\" frameborder=\"0\" allow=\"accelerometer; autoplay; clipboard-write; encrypted-media; gyroscope; picture-in-picture; web-share\" referrerpolicy=\"strict-origin-when-cross-origin\" allowfullscreen><\/iframe><\/p>\n<p>&nbsp;<\/p>\n<p><strong>O MEU CABELO EST\u00c1 SECO E DANIFICADO!<\/strong><\/p>\n<p><iframe title=\"3) O meu cabelo est\u00e1 seco e danificado! O que \u00e9 que eu fa\u00e7o?\" width=\"500\" height=\"281\" src=\"https:\/\/www.youtube.com\/embed\/-7EXsI1sX7Q?feature=oembed\" frameborder=\"0\" allow=\"accelerometer; autoplay; clipboard-write; encrypted-media; gyroscope; picture-in-picture; web-share\" referrerpolicy=\"strict-origin-when-cross-origin\" allowfullscreen><\/iframe><\/p>\n<p>&nbsp;<\/p>\n<p><strong>O MEU CABELO N\u00c3O TEM VOLUME!<\/strong><\/p>\n<p><iframe title=\"5) O meu cabelo n\u00e3o tem volume! O que \u00e9 que eu fa\u00e7o?\" width=\"500\" height=\"281\" src=\"https:\/\/www.youtube.com\/embed\/Iax6R0fgGIA?feature=oembed\" frameborder=\"0\" allow=\"accelerometer; autoplay; clipboard-write; encrypted-media; gyroscope; picture-in-picture; web-share\" referrerpolicy=\"strict-origin-when-cross-origin\" allowfullscreen><\/iframe><\/p>\n<p>&nbsp;<\/p>\n<p><strong>EU TENHO PONTAS ESPIGADAS!<\/strong><\/p>\n<p><iframe title=\"8) Tenho as pontas espigadas O que devo fazer?\" width=\"500\" height=\"281\" src=\"https:\/\/www.youtube.com\/embed\/ZJk95Thr6p8?feature=oembed\" frameborder=\"0\" allow=\"accelerometer; autoplay; clipboard-write; encrypted-media; gyroscope; picture-in-picture; web-share\" referrerpolicy=\"strict-origin-when-cross-origin\" allowfullscreen><\/iframe><\/p>\n<p>&nbsp;<\/p>\n<p><strong>O MEU CABELO E O MEU COURO CABELUDO S\u00c3O OLEOSOS!<\/strong><\/p>\n<p><iframe title=\"6) Tenho um couro cabeludo oleoso O que devo fazer?\" width=\"500\" height=\"281\" src=\"https:\/\/www.youtube.com\/embed\/_z6gpZyDNRc?feature=oembed\" frameborder=\"0\" allow=\"accelerometer; autoplay; clipboard-write; encrypted-media; gyroscope; picture-in-picture; web-share\" referrerpolicy=\"strict-origin-when-cross-origin\" allowfullscreen><\/iframe><\/p>\n<p>&nbsp;<\/p>\n<p><strong>O MEU CABELO \u00c9 ENCARACOLADO OU ONDULADO!<\/strong><\/p>\n<p><iframe title=\"4) O meu cabelo \u00e9 encaracolado O que \u00e9 que eu fa\u00e7o?\" width=\"500\" height=\"281\" src=\"https:\/\/www.youtube.com\/embed\/_2RLR4ekVVE?feature=oembed\" frameborder=\"0\" allow=\"accelerometer; autoplay; clipboard-write; encrypted-media; gyroscope; picture-in-picture; web-share\" referrerpolicy=\"strict-origin-when-cross-origin\" allowfullscreen><\/iframe><\/p>","protected":false},"excerpt":{"rendered":"<p class=\"\"><strong>ROOT TOUCH UP SPRAY | Light Brown<\/strong><\/p>\n<p class=\"\">Blends with the following hair colors: (Extremely Dark Brown or Black)<\/p>\n<p class=\"\">Instantly cover up your roots in the safest way possible with Bo Stegall | The Collection temporary Retouch Color Spray. The temporary Color will not fade until you wash your hair.<\/p>\n<p>&nbsp;<\/p>\n<p><strong>POR ONDE COME\u00c7O COM BO STEGALL?<\/strong><\/p>\n<p>https:\/\/youtu.be\/P4oB0ALtszw?si=uIDmd4gWvDVM7cmJ<\/p>","protected":false},"featured_media":61847,"template":"","meta":{"footnotes":""},"product_brand":[],"product_cat":[80],"product_tag":[149,112,141,110,185,131],"class_list":{"0":"post-61964","1":"product","2":"type-product","3":"status-publish","4":"has-post-thumbnail","6":"product_cat-beauty-health-supplements","7":"product_tag-anti-aging","8":"product_tag-cell-renewal","9":"product_tag-collagen","10":"product_tag-hair","11":"product_tag-organic","12":"product_tag-stem-cells","13":"product_shipping_class-shipping-class-1","14":"has-subscription-plans","16":"first","17":"instock","18":"taxable","19":"shipping-taxable","20":"purchasable","21":"product-type-simple"},"bundled_by":[],"bundle_stock_status":"instock","bundle_stock_quantity":null,"bundle_virtual":false,"bundle_layout":"","bundle_add_to_cart_form_location":"","bundle_editable_in_cart":false,"bundle_sold_individually_context":"","bundle_item_grouping":"","bundle_min_size":"","bundle_max_size":"","bundle_price":[],"bundled_items":[],"bundle_sell_ids":[],"group_of_quantity":0,"min_quantity":0,"max_quantity":"","exclude_order_quantity_value_rules":"no","exclude_category_quantity_rules":"no","combine_variations":"no","_links":{"self":[{"href":"https:\/\/2024.shoply.com\/pt\/wp-json\/wp\/v2\/product\/61964","targetHints":{"allow":["GET"]}}],"collection":[{"href":"https:\/\/2024.shoply.com\/pt\/wp-json\/wp\/v2\/product"}],"about":[{"href":"https:\/\/2024.shoply.com\/pt\/wp-json\/wp\/v2\/types\/product"}],"version-history":[{"count":2,"href":"https:\/\/2024.shoply.com\/pt\/wp-json\/wp\/v2\/product\/61964\/revisions"}],"predecessor-version":[{"id":139461,"href":"https:\/\/2024.shoply.com\/pt\/wp-json\/wp\/v2\/product\/61964\/revisions\/139461"}],"wp:featuredmedia":[{"embeddable":true,"href":"https:\/\/2024.shoply.com\/pt\/wp-json\/wp\/v2\/media\/61847"}],"wp:attachment":[{"href":"https:\/\/2024.shoply.com\/pt\/wp-json\/wp\/v2\/media?parent=61964"}],"wp:term":[{"taxonomy":"product_brand","embeddable":true,"href":"https:\/\/2024.shoply.com\/pt\/wp-json\/wp\/v2\/product_brand?post=61964"},{"taxonomy":"product_cat","embeddable":true,"href":"https:\/\/2024.shoply.com\/pt\/wp-json\/wp\/v2\/product_cat?post=61964"},{"taxonomy":"product_tag","embeddable":true,"href":"https:\/\/2024.shoply.com\/pt\/wp-json\/wp\/v2\/product_tag?post=61964"}],"curies":[{"name":"wp","href":"https:\/\/api.w.org\/{rel}","templated":true}]}}