{"id":61976,"date":"2024-09-19T18:22:05","date_gmt":"2024-09-19T23:22:05","guid":{"rendered":"https:\/\/shoply.com\/?post_type=product&#038;p=61976"},"modified":"2025-02-19T21:12:37","modified_gmt":"2025-02-20T02:12:37","slug":"superred-blow-dryer-brush","status":"publish","type":"product","link":"https:\/\/2024.shoply.com\/pt\/produto\/superred-blow-dryer-brush\/","title":{"rendered":"SuperRED | Escova para secador de cabelo"},"content":{"rendered":"<p><strong>THE FIRST<\/strong> <strong>Salon Professional<\/strong> Blow Dryer Brush with SuperRED Technology to eliminate damage. Heat the hair from the inside out (no heat damage to the outer layer of hair strand). The Brush bristles were designed to detangle the hair and create shine. Create extreme volume and smooth frizz!<\/p>\n<p><strong>DIRECTIONS &amp; FEATURES<\/strong>:<\/p>\n<p><strong>SPRAY<\/strong> Step 4 (Hydrovital Mist) as your heat protectant on both wet or dry hair. Always allow hair to dry to 60% prior to using the BLOW-DRYER BRUSH. Can be used on 100% dry hair between washes.<\/p>\n<p>-SuperRED Technology (reduces damage from heat)<\/p>\n<p>-Brush Bristles designed to detangle the hair and create shine<\/p>\n<p>-360 degree swivel cord<\/p>\n<p>-3 Heat settings: low (air only), medium heat, and high heat<\/p>\n<p>1 Year warranty (from date of purchase): Applies to the professional motor<\/p>\n<p>&nbsp;<\/p>\n<p><strong>POR ONDE COME\u00c7O COM BO STEGALL?<\/strong><\/p>\n<p><iframe title=\"1) Com que produtos devo come\u00e7ar? Eu sou novo!\" width=\"500\" height=\"375\" src=\"https:\/\/www.youtube.com\/embed\/P4oB0ALtszw?feature=oembed\" frameborder=\"0\" allow=\"accelerometer; autoplay; clipboard-write; encrypted-media; gyroscope; picture-in-picture; web-share\" referrerpolicy=\"strict-origin-when-cross-origin\" allowfullscreen><\/iframe><\/p>\n<p>&nbsp;<\/p>\n<p><strong>O MEU CABELO EST\u00c1 A FICAR FINO OU A CAIR!<\/strong><\/p>\n<p><iframe title=\"2) O meu cabelo est\u00e1 a ficar mais fino! O que \u00e9 que eu fa\u00e7o?\" width=\"500\" height=\"281\" src=\"https:\/\/www.youtube.com\/embed\/z3gqRLaXzhs?feature=oembed\" frameborder=\"0\" allow=\"accelerometer; autoplay; clipboard-write; encrypted-media; gyroscope; picture-in-picture; web-share\" referrerpolicy=\"strict-origin-when-cross-origin\" allowfullscreen><\/iframe><\/p>\n<p>&nbsp;<\/p>\n<p><strong>O MEU CABELO EST\u00c1 SECO E DANIFICADO!<\/strong><\/p>\n<p><iframe title=\"3) O meu cabelo est\u00e1 seco e danificado! O que \u00e9 que eu fa\u00e7o?\" width=\"500\" height=\"281\" src=\"https:\/\/www.youtube.com\/embed\/-7EXsI1sX7Q?feature=oembed\" frameborder=\"0\" allow=\"accelerometer; autoplay; clipboard-write; encrypted-media; gyroscope; picture-in-picture; web-share\" referrerpolicy=\"strict-origin-when-cross-origin\" allowfullscreen><\/iframe><\/p>\n<p>&nbsp;<\/p>\n<p><strong>EU TENHO PONTAS ESPIGADAS!<\/strong><\/p>\n<p><iframe title=\"8) Tenho as pontas espigadas O que devo fazer?\" width=\"500\" height=\"281\" src=\"https:\/\/www.youtube.com\/embed\/ZJk95Thr6p8?feature=oembed\" frameborder=\"0\" allow=\"accelerometer; autoplay; clipboard-write; encrypted-media; gyroscope; picture-in-picture; web-share\" referrerpolicy=\"strict-origin-when-cross-origin\" allowfullscreen><\/iframe><\/p>\n<p>&nbsp;<\/p>\n<p><strong>O MEU CABELO E O MEU COURO CABELUDO S\u00c3O OLEOSOS!<\/strong><\/p>\n<p><iframe title=\"6) Tenho um couro cabeludo oleoso O que devo fazer?\" width=\"500\" height=\"281\" src=\"https:\/\/www.youtube.com\/embed\/_z6gpZyDNRc?feature=oembed\" frameborder=\"0\" allow=\"accelerometer; autoplay; clipboard-write; encrypted-media; gyroscope; picture-in-picture; web-share\" referrerpolicy=\"strict-origin-when-cross-origin\" allowfullscreen><\/iframe><\/p>","protected":false},"excerpt":{"rendered":"<div id=\"yui_3_17_2_1_1726787435381_124\" class=\"product-excerpt\">\n<p>&nbsp;<\/p>\n<p class=\"\"><strong>FIRST EVER<\/strong> Salon Professional Blow Dryer Brush with SuperRED Technology to eliminate heat damage. Create extreme volume and smooth frizz!<\/p>\n<p>&nbsp;<\/p>\n<p>https:\/\/youtu.be\/Iax6R0fgGIA?si=Uauc2vLFf-Nt2LbB<\/p>\n<\/div>\n<div id=\"yui_3_17_2_1_1726787435381_123\" class=\"product-quantity-input\">\n<section class=\"reviewsSection rCqlEvFxgmgdybsy8TUe\">\n<div id=\"reviews\" class=\"WcpuF9HkTJPlKpxShDMA\">\n<div class=\"ReviewTabsTitle\">\n<div aria-label=\"5.0 average product rating\"><\/div>\n<\/div>\n<\/div>\n<\/section>\n<\/div>","protected":false},"featured_media":61849,"template":"","meta":{"footnotes":""},"product_brand":[],"product_cat":[80],"product_tag":[149,112,141,110,185,131],"class_list":{"0":"post-61976","1":"product","2":"type-product","3":"status-publish","4":"has-post-thumbnail","6":"product_cat-beauty-health-supplements","7":"product_tag-anti-aging","8":"product_tag-cell-renewal","9":"product_tag-collagen","10":"product_tag-hair","11":"product_tag-organic","12":"product_tag-stem-cells","13":"product_shipping_class-shipping-class-2","14":"has-subscription-plans","16":"first","17":"instock","18":"taxable","19":"shipping-taxable","20":"purchasable","21":"product-type-simple"},"bundled_by":[],"bundle_stock_status":"instock","bundle_stock_quantity":null,"bundle_virtual":false,"bundle_layout":"","bundle_add_to_cart_form_location":"","bundle_editable_in_cart":false,"bundle_sold_individually_context":"","bundle_item_grouping":"","bundle_min_size":"","bundle_max_size":"","bundle_price":[],"bundled_items":[],"bundle_sell_ids":[],"group_of_quantity":0,"min_quantity":0,"max_quantity":"","exclude_order_quantity_value_rules":"no","exclude_category_quantity_rules":"no","combine_variations":"no","_links":{"self":[{"href":"https:\/\/2024.shoply.com\/pt\/wp-json\/wp\/v2\/product\/61976","targetHints":{"allow":["GET"]}}],"collection":[{"href":"https:\/\/2024.shoply.com\/pt\/wp-json\/wp\/v2\/product"}],"about":[{"href":"https:\/\/2024.shoply.com\/pt\/wp-json\/wp\/v2\/types\/product"}],"version-history":[{"count":3,"href":"https:\/\/2024.shoply.com\/pt\/wp-json\/wp\/v2\/product\/61976\/revisions"}],"predecessor-version":[{"id":139459,"href":"https:\/\/2024.shoply.com\/pt\/wp-json\/wp\/v2\/product\/61976\/revisions\/139459"}],"wp:featuredmedia":[{"embeddable":true,"href":"https:\/\/2024.shoply.com\/pt\/wp-json\/wp\/v2\/media\/61849"}],"wp:attachment":[{"href":"https:\/\/2024.shoply.com\/pt\/wp-json\/wp\/v2\/media?parent=61976"}],"wp:term":[{"taxonomy":"product_brand","embeddable":true,"href":"https:\/\/2024.shoply.com\/pt\/wp-json\/wp\/v2\/product_brand?post=61976"},{"taxonomy":"product_cat","embeddable":true,"href":"https:\/\/2024.shoply.com\/pt\/wp-json\/wp\/v2\/product_cat?post=61976"},{"taxonomy":"product_tag","embeddable":true,"href":"https:\/\/2024.shoply.com\/pt\/wp-json\/wp\/v2\/product_tag?post=61976"}],"curies":[{"name":"wp","href":"https:\/\/api.w.org\/{rel}","templated":true}]}}