{"id":63325,"date":"2025-01-24T15:33:43","date_gmt":"2025-01-24T20:33:43","guid":{"rendered":"https:\/\/shoply.com\/?post_type=product&#038;p=63325"},"modified":"2025-02-07T17:54:38","modified_gmt":"2025-02-07T22:54:38","slug":"liter-32-oz-cell-renewal-shampoo","status":"publish","type":"product","link":"https:\/\/2024.shoply.com\/pt\/produto\/liter-32-oz-cell-renewal-shampoo\/","title":{"rendered":"LITER (32 OZ) | CELL RENEWAL SHAMPOO"},"content":{"rendered":"<p class=\"\">LITER SIZED (32 0z) Cell Renewal Shampoo + COLLAGEN BOOST is the 2nd step in our trademarked Bo Stegall | The Collection\u2122 Cell Renewal Technology.<\/p>\n<p class=\"\"><strong>PUMP <\/strong>a dime to quarter size amount of STEP 2 Cell Renewal Shampoo into your palms, rub together to activate the organic ingredients. Starting with your scalp scrub thoroughly for 30 seconds. (You may not notice a lather on your first wash.) Continue dispersing the product mid-strand down through hair ends. Rinse.<\/p>\n<p class=\"\"><strong>REAPPLY<\/strong> with a second shampoo once again massaging your scalp for 30 seconds. (You may notice a lather on the second wash.) Rinse.<\/p>\n<p class=\"\"><strong>CONTINUAR<\/strong> with STEP 3 Cell Renewal Conditioner to balance your pH.<\/p>\n<p>&nbsp;<\/p>\n<p>&nbsp;<\/p>\n<p><strong>O MEU CABELO EST\u00c1 A FICAR FINO OU A CAIR!<\/strong><\/p>\n<p><iframe title=\"2) O meu cabelo est\u00e1 a ficar mais fino! O que \u00e9 que eu fa\u00e7o?\" width=\"500\" height=\"281\" src=\"https:\/\/www.youtube.com\/embed\/z3gqRLaXzhs?feature=oembed\" frameborder=\"0\" allow=\"accelerometer; autoplay; clipboard-write; encrypted-media; gyroscope; picture-in-picture; web-share\" referrerpolicy=\"strict-origin-when-cross-origin\" allowfullscreen><\/iframe><\/p>\n<p>&nbsp;<\/p>\n<p><strong>O MEU CABELO EST\u00c1 SECO E DANIFICADO!<\/strong><\/p>\n<p><iframe title=\"3) O meu cabelo est\u00e1 seco e danificado! O que \u00e9 que eu fa\u00e7o?\" width=\"500\" height=\"281\" src=\"https:\/\/www.youtube.com\/embed\/-7EXsI1sX7Q?feature=oembed\" frameborder=\"0\" allow=\"accelerometer; autoplay; clipboard-write; encrypted-media; gyroscope; picture-in-picture; web-share\" referrerpolicy=\"strict-origin-when-cross-origin\" allowfullscreen><\/iframe><\/p>\n<p>&nbsp;<\/p>\n<p><strong>O MEU CABELO N\u00c3O TEM VOLUME!<\/strong><\/p>\n<p><iframe title=\"5) O meu cabelo n\u00e3o tem volume! O que \u00e9 que eu fa\u00e7o?\" width=\"500\" height=\"281\" src=\"https:\/\/www.youtube.com\/embed\/Iax6R0fgGIA?feature=oembed\" frameborder=\"0\" allow=\"accelerometer; autoplay; clipboard-write; encrypted-media; gyroscope; picture-in-picture; web-share\" referrerpolicy=\"strict-origin-when-cross-origin\" allowfullscreen><\/iframe><\/p>\n<p>&nbsp;<\/p>\n<p><strong>EU TENHO PONTAS ESPIGADAS!<\/strong><\/p>\n<p><iframe title=\"8) Tenho as pontas espigadas O que devo fazer?\" width=\"500\" height=\"281\" src=\"https:\/\/www.youtube.com\/embed\/ZJk95Thr6p8?feature=oembed\" frameborder=\"0\" allow=\"accelerometer; autoplay; clipboard-write; encrypted-media; gyroscope; picture-in-picture; web-share\" referrerpolicy=\"strict-origin-when-cross-origin\" allowfullscreen><\/iframe><\/p>\n<p>&nbsp;<\/p>\n<p><strong>O MEU CABELO E O MEU COURO CABELUDO S\u00c3O OLEOSOS!<\/strong><\/p>\n<p><iframe title=\"6) Tenho um couro cabeludo oleoso O que devo fazer?\" width=\"500\" height=\"281\" src=\"https:\/\/www.youtube.com\/embed\/_z6gpZyDNRc?feature=oembed\" frameborder=\"0\" allow=\"accelerometer; autoplay; clipboard-write; encrypted-media; gyroscope; picture-in-picture; web-share\" referrerpolicy=\"strict-origin-when-cross-origin\" allowfullscreen><\/iframe><\/p>\n<p>&nbsp;<\/p>\n<p><strong>O MEU CABELO \u00c9 ENCARACOLADO OU ONDULADO!<\/strong><\/p>\n<p><iframe title=\"4) O meu cabelo \u00e9 encaracolado O que \u00e9 que eu fa\u00e7o?\" width=\"500\" height=\"281\" src=\"https:\/\/www.youtube.com\/embed\/_2RLR4ekVVE?feature=oembed\" frameborder=\"0\" allow=\"accelerometer; autoplay; clipboard-write; encrypted-media; gyroscope; picture-in-picture; web-share\" referrerpolicy=\"strict-origin-when-cross-origin\" allowfullscreen><\/iframe><\/p>","protected":false},"excerpt":{"rendered":"<p>Cell Renewal Shampoo + COLLAGEN BOOST is the 2nd step in our trademarked Bo Stegall | The Collection\u2122 Cell Renewal Technology.<\/p>\n<p class=\"\"><strong>1. KEY PACKAGING\/ BOTTLE UPGRADE:<\/strong><\/p>\n<ul>\n<li>\n<p class=\"\">Comes in a Pump for easier use!<\/p>\n<\/li>\n<\/ul>\n<p class=\"\"><strong>2. KEY SCIENCE\/ FORMULA UPGRADE:<\/strong><\/p>\n<ul>\n<li>\n<p class=\"\">Our advanced ingredients help your scalp and hair produce its own collagen through Collagen Synthesis.<\/p>\n<\/li>\n<\/ul>\n<p>106 QV \/ 42 DB \/ 22 CV<\/p>\n<p><strong>POR ONDE COME\u00c7O COM BO STEGALL?<\/strong><\/p>\n<p>https:\/\/youtu.be\/P4oB0ALtszw?si=uIDmd4gWvDVM7cmJ<\/p>","protected":false},"featured_media":124101,"template":"","meta":{"footnotes":""},"product_brand":[],"product_cat":[821,80,384,382,383],"product_tag":[149,174,132,743,112,110,185,131],"class_list":{"0":"post-63325","1":"product","2":"type-product","3":"status-publish","4":"has-post-thumbnail","6":"product_cat-beauty","7":"product_cat-beauty-health-supplements","8":"product_cat-cosmetics","9":"product_cat-health","10":"product_cat-personal-care","11":"product_tag-anti-aging","12":"product_tag-anti-inflammatory","13":"product_tag-antioxidants","14":"product_tag-beauty","15":"product_tag-cell-renewal","16":"product_tag-hair","17":"product_tag-organic","18":"product_tag-stem-cells","19":"has-subscription-plans","21":"first","22":"instock","23":"taxable","24":"shipping-taxable","25":"purchasable","26":"product-type-simple"},"bundled_by":[],"bundle_stock_status":"instock","bundle_stock_quantity":null,"bundle_virtual":false,"bundle_layout":"","bundle_add_to_cart_form_location":"","bundle_editable_in_cart":false,"bundle_sold_individually_context":"","bundle_item_grouping":"","bundle_min_size":"","bundle_max_size":"","bundle_price":[],"bundled_items":[],"bundle_sell_ids":[],"group_of_quantity":0,"min_quantity":0,"max_quantity":"","exclude_order_quantity_value_rules":"no","exclude_category_quantity_rules":"no","combine_variations":"no","_links":{"self":[{"href":"https:\/\/2024.shoply.com\/pt\/wp-json\/wp\/v2\/product\/63325","targetHints":{"allow":["GET"]}}],"collection":[{"href":"https:\/\/2024.shoply.com\/pt\/wp-json\/wp\/v2\/product"}],"about":[{"href":"https:\/\/2024.shoply.com\/pt\/wp-json\/wp\/v2\/types\/product"}],"version-history":[{"count":1,"href":"https:\/\/2024.shoply.com\/pt\/wp-json\/wp\/v2\/product\/63325\/revisions"}],"predecessor-version":[{"id":125986,"href":"https:\/\/2024.shoply.com\/pt\/wp-json\/wp\/v2\/product\/63325\/revisions\/125986"}],"wp:featuredmedia":[{"embeddable":true,"href":"https:\/\/2024.shoply.com\/pt\/wp-json\/wp\/v2\/media\/124101"}],"wp:attachment":[{"href":"https:\/\/2024.shoply.com\/pt\/wp-json\/wp\/v2\/media?parent=63325"}],"wp:term":[{"taxonomy":"product_brand","embeddable":true,"href":"https:\/\/2024.shoply.com\/pt\/wp-json\/wp\/v2\/product_brand?post=63325"},{"taxonomy":"product_cat","embeddable":true,"href":"https:\/\/2024.shoply.com\/pt\/wp-json\/wp\/v2\/product_cat?post=63325"},{"taxonomy":"product_tag","embeddable":true,"href":"https:\/\/2024.shoply.com\/pt\/wp-json\/wp\/v2\/product_tag?post=63325"}],"curies":[{"name":"wp","href":"https:\/\/api.w.org\/{rel}","templated":true}]}}