{"id":69280,"date":"2024-09-28T19:09:57","date_gmt":"2024-09-29T00:09:57","guid":{"rendered":"https:\/\/shoply.com\/?post_type=product&#038;p=69280"},"modified":"2025-02-01T16:12:23","modified_gmt":"2025-02-01T21:12:23","slug":"wrinkle-recovery-serum","status":"publish","type":"product","link":"https:\/\/2024.shoply.com\/pt\/produto\/wrinkle-recovery-serum\/","title":{"rendered":"S\u00e9rum de Recupera\u00e7\u00e3o de Rugas"},"content":{"rendered":"<h5><img fetchpriority=\"high\" decoding=\"async\" class=\"wp-image-93739 alignnone\" src=\"https:\/\/shoply.com\/wp-content\/uploads\/2024\/11\/5-3-800x800.webp\" alt=\"\" width=\"542\" height=\"542\" srcset=\"https:\/\/2024.shoply.com\/wp-content\/uploads\/2024\/11\/5-3-800x800.webp 800w, https:\/\/2024.shoply.com\/wp-content\/uploads\/2024\/11\/5-3-300x300.webp 300w, https:\/\/2024.shoply.com\/wp-content\/uploads\/2024\/11\/5-3-150x150.webp 150w, https:\/\/2024.shoply.com\/wp-content\/uploads\/2024\/11\/5-3-768x768.webp 768w, https:\/\/2024.shoply.com\/wp-content\/uploads\/2024\/11\/5-3-12x12.webp 12w, https:\/\/2024.shoply.com\/wp-content\/uploads\/2024\/11\/5-3-430x430.webp 430w, https:\/\/2024.shoply.com\/wp-content\/uploads\/2024\/11\/5-3-700x700.webp 700w, https:\/\/2024.shoply.com\/wp-content\/uploads\/2024\/11\/5-3-50x50.webp 50w, https:\/\/2024.shoply.com\/wp-content\/uploads\/2024\/11\/5-3.webp 1080w\" sizes=\"(max-width: 542px) 100vw, 542px\" \/> <img decoding=\"async\" class=\"wp-image-93741 alignnone\" src=\"https:\/\/shoply.com\/wp-content\/uploads\/2024\/11\/7-2-800x800.webp\" alt=\"\" width=\"541\" height=\"541\" srcset=\"https:\/\/2024.shoply.com\/wp-content\/uploads\/2024\/11\/7-2-800x800.webp 800w, https:\/\/2024.shoply.com\/wp-content\/uploads\/2024\/11\/7-2-300x300.webp 300w, https:\/\/2024.shoply.com\/wp-content\/uploads\/2024\/11\/7-2-150x150.webp 150w, https:\/\/2024.shoply.com\/wp-content\/uploads\/2024\/11\/7-2-768x768.webp 768w, https:\/\/2024.shoply.com\/wp-content\/uploads\/2024\/11\/7-2-12x12.webp 12w, https:\/\/2024.shoply.com\/wp-content\/uploads\/2024\/11\/7-2-430x430.webp 430w, https:\/\/2024.shoply.com\/wp-content\/uploads\/2024\/11\/7-2-700x700.webp 700w, https:\/\/2024.shoply.com\/wp-content\/uploads\/2024\/11\/7-2-50x50.webp 50w, https:\/\/2024.shoply.com\/wp-content\/uploads\/2024\/11\/7-2.webp 1080w\" sizes=\"(max-width: 541px) 100vw, 541px\" \/><\/h5>\n<h5><\/h5>\n<h5><img decoding=\"async\" class=\"alignnone wp-image-73813 size-full\" src=\"https:\/\/shoply.com\/wp-content\/uploads\/2024\/10\/All_LavenderIcons-Edited.jpg\" alt=\"\" width=\"1600\" height=\"201\" \/>Ingredientes:<br \/>\nWater, Butylene Glycol, Glycerin, Saccharide Isomerate, Sodium Hyaluronate (Hyaluronic Acid}, Bakuchiol, Chamomilla Recutita (Matricaria] Flower Extract, Daucus Carota Sativa (Carrot] Extract, Tocopheryl Acetate (Vitamin E), Ubiquinone, Squalane, Retinyl Palmitate (Vitamin A), Phenoxyethanol, Ethylhexy|glycerin, Polyacrylate-13, Polyisobutene, Polysorbate 20, Fragrance, Geraniol, Limonene, Linalool, Xanthan Gum, Carrageenan, Mica, Titanium Dioxide, Sclerotium Gum, Potassium Sorbate, Citric Acid, Sodium Citrate, Helianthus Annuus (Sunflower} Seed Oil, Tocopherol, Iron Oxides (CI 77491},\u00a0Sodium Polyacrylate, Cellulose Gum.<\/h5>","protected":false},"excerpt":{"rendered":"<h3><i>S\u00c9RUM DE NOITE SUAVIZANTE DA TEZ<\/i><\/h3>\n<h5>Este s\u00e9rum suave como a seda funciona enquanto dorme. A sua f\u00f3rmula cont\u00e9m 0,5% de palmitato de retinilo (vitamina A) e CoQ10, uma combina\u00e7\u00e3o digna de sonho que reduz o aparecimento de r\u00eddulas, rugas, flacidez da pele e manchas de idade. Tamb\u00e9m acalma a pele com extrato de camomila e extrato de cenoura. Acorde com uma pele revitalizada e bem descansada, para que possa enfrentar o dia com confian\u00e7a.<\/h5>\n<h5><img loading=\"lazy\" decoding=\"async\" class=\"alignnone size-full wp-image-1790\" src=\"https:\/\/belleandcapri.com\/wp-content\/uploads\/2022\/10\/Features-pink-line.jpg\" alt=\"\" width=\"1600\" height=\"134\" \/>- Reduz o aparecimento de rugas e o tom de pele irregular<br \/>\n- Melhora visivelmente o aspeto da firmeza e elasticidade da pele<br \/>\n- Ajuda a reter a humidade, resultando numa pele suave e radiante<\/h5>\n<p><img loading=\"lazy\" decoding=\"async\" class=\"alignnone size-full wp-image-1792\" src=\"https:\/\/belleandcapri.com\/wp-content\/uploads\/2022\/10\/Key-Acitves-pink-line.jpg\" alt=\"\" width=\"1600\" height=\"120\" \/><\/p>\n<p><img loading=\"lazy\" decoding=\"async\" class=\"alignnone size-full wp-image-1793\" src=\"https:\/\/belleandcapri.com\/wp-content\/uploads\/2022\/10\/Wrinkle-recover-key-active-icons.jpg\" alt=\"\" width=\"1600\" height=\"286\" \/><\/p>\n<h5><img loading=\"lazy\" decoding=\"async\" class=\"alignnone size-full wp-image-1791\" src=\"https:\/\/belleandcapri.com\/wp-content\/uploads\/2022\/10\/How-to-benefit-pink-line.jpg\" alt=\"\" width=\"1600\" height=\"105\" \/>Agitar antes de utilizar. Na pele acabada de limpar, aplicar 1-2 doses na ponta dos dedos e espalhar no rosto e no pesco\u00e7o. Durante o dia, proteger a pele do sol e dos raios UV com um protetor solar.  Aplicar um creme hidratante depois de o S\u00e9rum para Recupera\u00e7\u00e3o de Rugas ter sido completamente absorvido e secado.<\/h5>","protected":false},"featured_media":69284,"template":"","meta":{"footnotes":""},"product_brand":[],"product_cat":[821,80,382,383,386],"product_tag":[149,111,137,187,150,140,113,157],"class_list":{"0":"post-69280","1":"product","2":"type-product","3":"status-publish","4":"has-post-thumbnail","6":"product_cat-beauty","7":"product_cat-beauty-health-supplements","8":"product_cat-health","9":"product_cat-personal-care","10":"product_cat-skin-care","11":"product_tag-anti-aging","12":"product_tag-care","13":"product_tag-essentials","14":"product_tag-gluten-free","15":"product_tag-serum","16":"product_tag-skin-care","17":"product_tag-vegan","18":"product_tag-wrinkle","19":"product_shipping_class-shipping-class-2","20":"has-subscription-plans","22":"first","23":"instock","24":"sale","25":"taxable","26":"shipping-taxable","27":"purchasable","28":"product-type-simple"},"bundled_by":[],"bundle_stock_status":"instock","bundle_stock_quantity":null,"bundle_virtual":false,"bundle_layout":"","bundle_add_to_cart_form_location":"","bundle_editable_in_cart":false,"bundle_sold_individually_context":"","bundle_item_grouping":"","bundle_min_size":"","bundle_max_size":"","bundle_price":[],"bundled_items":[],"bundle_sell_ids":[],"group_of_quantity":0,"min_quantity":0,"max_quantity":"","exclude_order_quantity_value_rules":"no","exclude_category_quantity_rules":"no","combine_variations":"no","_links":{"self":[{"href":"https:\/\/2024.shoply.com\/pt\/wp-json\/wp\/v2\/product\/69280","targetHints":{"allow":["GET"]}}],"collection":[{"href":"https:\/\/2024.shoply.com\/pt\/wp-json\/wp\/v2\/product"}],"about":[{"href":"https:\/\/2024.shoply.com\/pt\/wp-json\/wp\/v2\/types\/product"}],"version-history":[{"count":3,"href":"https:\/\/2024.shoply.com\/pt\/wp-json\/wp\/v2\/product\/69280\/revisions"}],"predecessor-version":[{"id":129366,"href":"https:\/\/2024.shoply.com\/pt\/wp-json\/wp\/v2\/product\/69280\/revisions\/129366"}],"wp:featuredmedia":[{"embeddable":true,"href":"https:\/\/2024.shoply.com\/pt\/wp-json\/wp\/v2\/media\/69284"}],"wp:attachment":[{"href":"https:\/\/2024.shoply.com\/pt\/wp-json\/wp\/v2\/media?parent=69280"}],"wp:term":[{"taxonomy":"product_brand","embeddable":true,"href":"https:\/\/2024.shoply.com\/pt\/wp-json\/wp\/v2\/product_brand?post=69280"},{"taxonomy":"product_cat","embeddable":true,"href":"https:\/\/2024.shoply.com\/pt\/wp-json\/wp\/v2\/product_cat?post=69280"},{"taxonomy":"product_tag","embeddable":true,"href":"https:\/\/2024.shoply.com\/pt\/wp-json\/wp\/v2\/product_tag?post=69280"}],"curies":[{"name":"wp","href":"https:\/\/api.w.org\/{rel}","templated":true}]}}