{"id":69292,"date":"2024-09-28T19:17:38","date_gmt":"2024-09-29T00:17:38","guid":{"rendered":"https:\/\/shoply.com\/?post_type=product&#038;p=69292"},"modified":"2025-02-15T03:27:02","modified_gmt":"2025-02-15T08:27:02","slug":"ageless-eye-cream","status":"publish","type":"product","link":"https:\/\/2024.shoply.com\/pt\/produto\/ageless-eye-cream\/","title":{"rendered":"Creme de Olhos Ageless"},"content":{"rendered":"<p>&nbsp;<\/p>\n<p><img fetchpriority=\"high\" decoding=\"async\" class=\"wp-image-80103 alignleft\" src=\"https:\/\/shoply.com\/wp-content\/uploads\/2024\/10\/6-1-1-800x800.webp\" alt=\"\" width=\"550\" height=\"550\" srcset=\"https:\/\/2024.shoply.com\/wp-content\/uploads\/2024\/10\/6-1-1-800x800.webp 800w, https:\/\/2024.shoply.com\/wp-content\/uploads\/2024\/10\/6-1-1-300x300.webp 300w, https:\/\/2024.shoply.com\/wp-content\/uploads\/2024\/10\/6-1-1-150x150.webp 150w, https:\/\/2024.shoply.com\/wp-content\/uploads\/2024\/10\/6-1-1-768x768.webp 768w, https:\/\/2024.shoply.com\/wp-content\/uploads\/2024\/10\/6-1-1-12x12.webp 12w, https:\/\/2024.shoply.com\/wp-content\/uploads\/2024\/10\/6-1-1-430x430.webp 430w, https:\/\/2024.shoply.com\/wp-content\/uploads\/2024\/10\/6-1-1-700x700.webp 700w, https:\/\/2024.shoply.com\/wp-content\/uploads\/2024\/10\/6-1-1-50x50.webp 50w, https:\/\/2024.shoply.com\/wp-content\/uploads\/2024\/10\/6-1-1.webp 1080w\" sizes=\"(max-width: 550px) 100vw, 550px\" \/><\/p>\n<p><img decoding=\"async\" class=\"wp-image-80102 alignnone\" src=\"https:\/\/shoply.com\/wp-content\/uploads\/2024\/10\/5-6-800x800.webp\" alt=\"\" width=\"557\" height=\"557\" srcset=\"https:\/\/2024.shoply.com\/wp-content\/uploads\/2024\/10\/5-6-800x800.webp 800w, https:\/\/2024.shoply.com\/wp-content\/uploads\/2024\/10\/5-6-300x300.webp 300w, https:\/\/2024.shoply.com\/wp-content\/uploads\/2024\/10\/5-6-150x150.webp 150w, https:\/\/2024.shoply.com\/wp-content\/uploads\/2024\/10\/5-6-768x768.webp 768w, https:\/\/2024.shoply.com\/wp-content\/uploads\/2024\/10\/5-6-12x12.webp 12w, https:\/\/2024.shoply.com\/wp-content\/uploads\/2024\/10\/5-6-430x430.webp 430w, https:\/\/2024.shoply.com\/wp-content\/uploads\/2024\/10\/5-6-700x700.webp 700w, https:\/\/2024.shoply.com\/wp-content\/uploads\/2024\/10\/5-6-50x50.webp 50w, https:\/\/2024.shoply.com\/wp-content\/uploads\/2024\/10\/5-6.webp 1080w\" sizes=\"(max-width: 557px) 100vw, 557px\" \/><\/p>\n<h5><\/h5>\n<p><img decoding=\"async\" class=\"alignnone wp-image-73813 size-full\" src=\"https:\/\/shoply.com\/wp-content\/uploads\/2024\/10\/All_LavenderIcons-Edited.jpg\" alt=\"\" width=\"1600\" height=\"201\" \/><\/p>\n<h5>Ingredientes:<br \/>\nWater, Caprylic\/Capric Triglyceride, Glycerin, Polyglyceryl-3 Distearate, Propanediol, Linum Usitatissimum (Linseed) Seed Oil, Cetearyl Alcohol, Bakuchiol, Camellia Sinensis Leaf Extract, Glycyrrhiza Glabra (Licorice) Root Extract, Carbomer, Dimethicone, Tocopheryl Acetate, Glyceryl Stearate Citrate, Phenoxyethanol, Ethylhexylglycerin, Sodium Hydroxide.<\/h5>","protected":false},"excerpt":{"rendered":"<h3><i>CREME DE OLHOS BAKUCHIOL PARA TODO O DIA<\/i><\/h3>\n<h5>Uma estrela para todo o dia, este creme para os olhos entra imediatamente em a\u00e7\u00e3o, suavizando a apar\u00eancia de r\u00eddulas e rugas com a sua alternativa de retinol \u00e0 base de plantas, o bakuchiol. A f\u00f3rmula \u00e9 refor\u00e7ada com \u00f3leo de linha\u00e7a, raiz de alca\u00e7uz e bot\u00e2nicos naturais para defender a pele da secura, tornando-a amiga de todos os tipos de pele - mesmo as sens\u00edveis.<\/h5>\n<h5><img loading=\"lazy\" decoding=\"async\" class=\"alignnone size-full wp-image-1790\" src=\"https:\/\/belleandcapri.com\/wp-content\/uploads\/2022\/10\/Features-pink-line.jpg\" alt=\"\" width=\"1600\" height=\"134\" \/>- Ajuda a atenuar as r\u00eddulas e as rugas<br \/>\n- Hidrata a pele para melhorar a luminosidade<br \/>\n- Suaviza o aspeto irregular da pele<\/h5>\n<p><img loading=\"lazy\" decoding=\"async\" class=\"alignnone size-full wp-image-1792\" src=\"https:\/\/belleandcapri.com\/wp-content\/uploads\/2022\/10\/Key-Acitves-pink-line.jpg\" alt=\"\" width=\"1600\" height=\"120\" \/><\/p>\n<div><\/div>\n<p><img loading=\"lazy\" decoding=\"async\" class=\"alignnone size-full wp-image-2453\" src=\"https:\/\/belleandcapri.com\/wp-content\/uploads\/2023\/01\/AgelessEyeCream_KeyActives-scaled.jpg\" alt=\"\" width=\"2560\" height=\"428\" \/><\/p>\n<h5><img loading=\"lazy\" decoding=\"async\" class=\"alignnone size-full wp-image-1791\" src=\"https:\/\/belleandcapri.com\/wp-content\/uploads\/2022\/10\/How-to-benefit-pink-line.jpg\" alt=\"\" width=\"1600\" height=\"105\" \/>De manh\u00e3 e \u00e0 noite, aplicar suavemente a quantidade desejada na pele do contorno dos olhos para melhorar o aspeto atual e ajudar a prevenir os futuros sinais de envelhecimento.<\/h5>","protected":false},"featured_media":69296,"template":"","meta":{"footnotes":""},"product_brand":[],"product_cat":[821,80,298,382,383,386],"product_tag":[149,111,137,187,152,140,113,157],"class_list":{"0":"post-69292","1":"product","2":"type-product","3":"status-publish","4":"has-post-thumbnail","6":"product_cat-beauty","7":"product_cat-beauty-health-supplements","8":"product_cat-christmas","9":"product_cat-health","10":"product_cat-personal-care","11":"product_cat-skin-care","12":"product_tag-anti-aging","13":"product_tag-care","14":"product_tag-essentials","15":"product_tag-gluten-free","16":"product_tag-moisturizer","17":"product_tag-skin-care","18":"product_tag-vegan","19":"product_tag-wrinkle","20":"product_shipping_class-shipping-class-2","21":"has-subscription-plans","23":"first","24":"instock","25":"sale","26":"taxable","27":"shipping-taxable","28":"purchasable","29":"product-type-simple"},"bundled_by":[],"bundle_stock_status":"instock","bundle_stock_quantity":null,"bundle_virtual":false,"bundle_layout":"","bundle_add_to_cart_form_location":"","bundle_editable_in_cart":false,"bundle_sold_individually_context":"","bundle_item_grouping":"","bundle_min_size":"","bundle_max_size":"","bundle_price":[],"bundled_items":[],"bundle_sell_ids":[],"group_of_quantity":0,"min_quantity":0,"max_quantity":"","exclude_order_quantity_value_rules":"no","exclude_category_quantity_rules":"no","combine_variations":"no","_links":{"self":[{"href":"https:\/\/2024.shoply.com\/pt\/wp-json\/wp\/v2\/product\/69292","targetHints":{"allow":["GET"]}}],"collection":[{"href":"https:\/\/2024.shoply.com\/pt\/wp-json\/wp\/v2\/product"}],"about":[{"href":"https:\/\/2024.shoply.com\/pt\/wp-json\/wp\/v2\/types\/product"}],"version-history":[{"count":3,"href":"https:\/\/2024.shoply.com\/pt\/wp-json\/wp\/v2\/product\/69292\/revisions"}],"predecessor-version":[{"id":129985,"href":"https:\/\/2024.shoply.com\/pt\/wp-json\/wp\/v2\/product\/69292\/revisions\/129985"}],"wp:featuredmedia":[{"embeddable":true,"href":"https:\/\/2024.shoply.com\/pt\/wp-json\/wp\/v2\/media\/69296"}],"wp:attachment":[{"href":"https:\/\/2024.shoply.com\/pt\/wp-json\/wp\/v2\/media?parent=69292"}],"wp:term":[{"taxonomy":"product_brand","embeddable":true,"href":"https:\/\/2024.shoply.com\/pt\/wp-json\/wp\/v2\/product_brand?post=69292"},{"taxonomy":"product_cat","embeddable":true,"href":"https:\/\/2024.shoply.com\/pt\/wp-json\/wp\/v2\/product_cat?post=69292"},{"taxonomy":"product_tag","embeddable":true,"href":"https:\/\/2024.shoply.com\/pt\/wp-json\/wp\/v2\/product_tag?post=69292"}],"curies":[{"name":"wp","href":"https:\/\/api.w.org\/{rel}","templated":true}]}}