{"id":69298,"date":"2024-09-28T19:21:46","date_gmt":"2024-09-29T00:21:46","guid":{"rendered":"https:\/\/shoply.com\/?post_type=product&#038;p=69298"},"modified":"2025-01-28T17:47:59","modified_gmt":"2025-01-28T22:47:59","slug":"cucumber-cleansing-gel","status":"publish","type":"product","link":"https:\/\/2024.shoply.com\/pt\/produto\/cucumber-cleansing-gel\/","title":{"rendered":"Gel de limpeza de pepino"},"content":{"rendered":"<p><img fetchpriority=\"high\" decoding=\"async\" class=\"alignnone wp-image-1797 size-full\" src=\"https:\/\/belleandcapri.com\/wp-content\/uploads\/2022\/10\/All_LavenderIcons-Edited.jpg\" alt=\"\" width=\"1600\" height=\"201\" \/><\/p>\n<h5>Ingredientes:<br \/>\nWater, Decyl Glucoside, Cocamidopropyl Betaine, Sodium Methyl Cocoyl Taurate, Glycerin, Niacinamide (Vitamin B3), Xanthan Gum, Urea, Schizophyllan, Allantoin, Salix Alba (White Willow) Bark Extract, Coco-Glucoside, Glyceryl Oleate, Lauryl Glucoside, Cucumis Sativus (Cucumber) Fruit Extract, Phenoxyethanol, Ethylhexy|glycerin.<\/h5>","protected":false},"excerpt":{"rendered":"<h3><strong><i>GEL ESPUMANTE PARA ROSTO E CORPO<\/i><\/strong><\/h3>\n<h5>Mesmo que fa\u00e7a horas extraordin\u00e1rias, este gel espumante tamb\u00e9m faz. A sua fun\u00e7\u00e3o: Manter a humidade e manter a pele hidratada, macia e suave. Alimentado por uma mistura de alto rendimento de vitamina B3, extractos bot\u00e2nicos e esquizofilano derivado de cogumelos, esta f\u00f3rmula com ingredientes limpos deixa a pele com uma sensa\u00e7\u00e3o de frescura e rejuvenescimento. D\u00e1 tudo de si, para que possa dar o seu.<\/h5>\n<h5><img decoding=\"async\" class=\"alignnone size-full wp-image-1790\" src=\"https:\/\/belleandcapri.com\/wp-content\/uploads\/2022\/10\/Features-pink-line.jpg\" alt=\"\" width=\"1600\" height=\"134\" \/>- Limpa as impurezas, deixando a pele com uma sensa\u00e7\u00e3o de frescura<br \/>\n- Apoia uma pele com aspeto saud\u00e1vel e suave<br \/>\n- Ajuda a minimizar o aparecimento de poros, r\u00eddulas e tom de pele irregular<\/h5>\n<p><img decoding=\"async\" class=\"alignnone size-full wp-image-1792\" src=\"https:\/\/belleandcapri.com\/wp-content\/uploads\/2022\/10\/Key-Acitves-pink-line.jpg\" alt=\"\" width=\"1600\" height=\"120\" \/><\/p>\n<p><img loading=\"lazy\" decoding=\"async\" class=\"alignnone size-full wp-image-1807\" src=\"https:\/\/belleandcapri.com\/wp-content\/uploads\/2022\/10\/Cleansing-gel-key-active-icons.jpg\" alt=\"\" width=\"1600\" height=\"363\" \/><\/p>\n<h5><img loading=\"lazy\" decoding=\"async\" class=\"alignnone size-full wp-image-1791\" src=\"https:\/\/belleandcapri.com\/wp-content\/uploads\/2022\/10\/How-to-benefit-pink-line.jpg\" alt=\"\" width=\"1600\" height=\"105\" \/>Distribuir nas m\u00e3os molhadas e esfregar para fazer espuma.  Massajar o rosto ou o corpo molhado em movimentos circulares durante 30-60 segundos.  Utilize a Luva Esfoliante para Rosto e Corpo, se desejar.  Enxaguar e secar com uma toalha.  Para o rosto:  Utilizar como primeiro passo na sua rotina de cuidados da pele, de manh\u00e3 e \u00e0 noite.<\/h5>","protected":false},"featured_media":69299,"template":"","meta":{"footnotes":""},"product_brand":[],"product_cat":[385,821,80,382,383,386],"product_tag":[149,108,153,137,154,187,140,113],"class_list":{"0":"post-69298","1":"product","2":"type-product","3":"status-publish","4":"has-post-thumbnail","6":"product_cat-bath-body","7":"product_cat-beauty","8":"product_cat-beauty-health-supplements","9":"product_cat-health","10":"product_cat-personal-care","11":"product_cat-skin-care","12":"product_tag-anti-aging","13":"product_tag-bath","14":"product_tag-cleanser","15":"product_tag-essentials","16":"product_tag-gel","17":"product_tag-gluten-free","18":"product_tag-skin-care","19":"product_tag-vegan","20":"product_shipping_class-shipping-class-2","21":"has-subscription-plans","23":"first","24":"instock","25":"sale","26":"taxable","27":"shipping-taxable","28":"purchasable","29":"product-type-simple"},"bundled_by":[],"bundle_stock_status":"instock","bundle_stock_quantity":null,"bundle_virtual":false,"bundle_layout":"","bundle_add_to_cart_form_location":"","bundle_editable_in_cart":false,"bundle_sold_individually_context":"","bundle_item_grouping":"","bundle_min_size":"","bundle_max_size":"","bundle_price":[],"bundled_items":[],"bundle_sell_ids":[],"group_of_quantity":0,"min_quantity":0,"max_quantity":"","exclude_order_quantity_value_rules":"no","exclude_category_quantity_rules":"no","combine_variations":"no","_links":{"self":[{"href":"https:\/\/2024.shoply.com\/pt\/wp-json\/wp\/v2\/product\/69298","targetHints":{"allow":["GET"]}}],"collection":[{"href":"https:\/\/2024.shoply.com\/pt\/wp-json\/wp\/v2\/product"}],"about":[{"href":"https:\/\/2024.shoply.com\/pt\/wp-json\/wp\/v2\/types\/product"}],"version-history":[{"count":1,"href":"https:\/\/2024.shoply.com\/pt\/wp-json\/wp\/v2\/product\/69298\/revisions"}],"predecessor-version":[{"id":126185,"href":"https:\/\/2024.shoply.com\/pt\/wp-json\/wp\/v2\/product\/69298\/revisions\/126185"}],"wp:featuredmedia":[{"embeddable":true,"href":"https:\/\/2024.shoply.com\/pt\/wp-json\/wp\/v2\/media\/69299"}],"wp:attachment":[{"href":"https:\/\/2024.shoply.com\/pt\/wp-json\/wp\/v2\/media?parent=69298"}],"wp:term":[{"taxonomy":"product_brand","embeddable":true,"href":"https:\/\/2024.shoply.com\/pt\/wp-json\/wp\/v2\/product_brand?post=69298"},{"taxonomy":"product_cat","embeddable":true,"href":"https:\/\/2024.shoply.com\/pt\/wp-json\/wp\/v2\/product_cat?post=69298"},{"taxonomy":"product_tag","embeddable":true,"href":"https:\/\/2024.shoply.com\/pt\/wp-json\/wp\/v2\/product_tag?post=69298"}],"curies":[{"name":"wp","href":"https:\/\/api.w.org\/{rel}","templated":true}]}}