{"id":75469,"date":"2024-10-10T12:45:17","date_gmt":"2024-10-10T17:45:17","guid":{"rendered":"https:\/\/shoply.com\/?post_type=product&#038;p=75469"},"modified":"2025-03-02T15:19:53","modified_gmt":"2025-03-02T20:19:53","slug":"trimrox","status":"publish","type":"product","link":"https:\/\/2024.shoply.com\/pt\/produto\/trimrox\/","title":{"rendered":"TrimROX"},"content":{"rendered":"<p><strong><span class=\"TextRun MacChromeBold SCXW14352028 BCX0\" lang=\"EN-US\" xml:lang=\"EN-US\"><span class=\"NormalTextRun SCXW14352028 BCX0\">TrimROX<\/span><span class=\"NormalTextRun SCXW14352028 BCX0\">\u2122<\/span><\/span><\/strong><span class=\"TextRun SCXW14352028 BCX0\" lang=\"EN-US\" xml:lang=\"EN-US\"><span class=\"NormalTextRun SCXW14352028 BCX0\"> \u00e9 um suplemento alimentar inovador e divertido de utilizar, concebido para apoiar o metabolismo, melhorar a queima de gorduras e aumentar os n\u00edveis de energia. Utilizando um sistema de entrega de crepita\u00e7\u00e3o, <\/span><strong><span class=\"NormalTextRun SCXW14352028 BCX0\">TrimROX<\/span><\/strong><span class=\"NormalTextRun SCXW14352028 BCX0\"><strong>\u2122<\/strong> oferece uma forma agrad\u00e1vel de p\u00f4r o corpo em movimento e queimar calorias de forma eficiente. Com a sua f\u00f3rmula \u00fanica, este suplemento \u00e9 perfeito para pessoas que procuram controlar o seu peso, <\/span><span class=\"NormalTextRun SCXW14352028 BCX0\">otimizar<\/span><span class=\"NormalTextRun SCXW14352028 BCX0\"> o seu metabolismo e manter a energia durante todo o dia.<\/span><\/span><span class=\"EOP SCXW14352028 BCX0\">\u00a0<\/span><\/p>\n<p><b>Benef\u00edcios para a sa\u00fade:<\/b><\/p>\n<ul>\n<li><b>Estimula o Metabolismo<\/b>: TrimROX combina poderosos extractos naturais como Gynostemma e Purple Tea para <b>apoiar o metabolismo das gorduras<\/b> e produ\u00e7\u00e3o de energia.<\/li>\n<\/ul>\n<ul>\n<li><b>Energia sustentada<\/b>: Com <b>D-Ribose<\/b> e <b>Guayusa<\/b>O produto \u00e9 uma fonte constante de energia, sem sobressaltos ou falhas, o que o torna perfeito para pessoas activas.<\/li>\n<\/ul>\n<ul>\n<li><b>Apoia a concentra\u00e7\u00e3o cognitiva<\/b>: Ingredientes como <b>Alfa-GPC<\/b> ajudam a manter a concentra\u00e7\u00e3o, a clareza mental e o estado de alerta, essenciais tanto para as actividades di\u00e1rias como para o desempenho f\u00edsico.<\/li>\n<\/ul>\n<ul>\n<li><b>Rico em Antioxidantes<\/b>: Com <b>Camu Camu<\/b> e <b>Ch\u00e1 roxo<\/b>TrimROX fornece um potente impulso antioxidante para ajudar a proteger contra os danos oxidativos e apoiar a sa\u00fade a longo prazo.<\/li>\n<\/ul>\n<p><b>Quem pode beneficiar?<\/b><\/p>\n<p>TrimROX\u2122 \u00e9 ideal para:<\/p>\n<ul>\n<li>Indiv\u00edduos que procuram gerir o seu peso de forma segura atrav\u00e9s do aumento do metabolismo e do equil\u00edbrio do a\u00e7\u00facar no sangue.<\/li>\n<\/ul>\n<ul>\n<li>Quem procura um suplemento agrad\u00e1vel e divertido de utilizar para ajudar a manter a energia e aumentar a motiva\u00e7\u00e3o ao longo do dia.<\/li>\n<\/ul>\n<ul>\n<li>Pessoas interessadas em melhorar o seu desempenho f\u00edsico e clareza mental, mantendo um estilo de vida equilibrado e saud\u00e1vel.<\/li>\n<\/ul>\n<p><b>Como utilizar<\/b><\/p>\n<p>Basta abrir uma embalagem de TrimROX\u2122 e deitar o conte\u00fado, um pouco de cada vez, diretamente na l\u00edngua. Permita que a sensa\u00e7\u00e3o de crepita\u00e7\u00e3o se dissolva na sua boca enquanto os ingredientes trabalham para aumentar o seu metabolismo e n\u00edveis de energia. Para obter melhores resultados, use um pacote diariamente ou conforme necess\u00e1rio para obter energia e suporte metab\u00f3lico.<\/p>\n<p><img fetchpriority=\"high\" decoding=\"async\" class=\"alignnone size-full wp-image-83678\" src=\"https:\/\/shoply.com\/wp-content\/uploads\/2024\/10\/TrimROX-Supplement-Facts.webp\" alt=\"\" width=\"612\" height=\"792\" srcset=\"https:\/\/2024.shoply.com\/wp-content\/uploads\/2024\/10\/TrimROX-Supplement-Facts.webp 612w, https:\/\/2024.shoply.com\/wp-content\/uploads\/2024\/10\/TrimROX-Supplement-Facts-232x300.webp 232w, https:\/\/2024.shoply.com\/wp-content\/uploads\/2024\/10\/TrimROX-Supplement-Facts-9x12.webp 9w, https:\/\/2024.shoply.com\/wp-content\/uploads\/2024\/10\/TrimROX-Supplement-Facts-150x194.webp 150w, https:\/\/2024.shoply.com\/wp-content\/uploads\/2024\/10\/TrimROX-Supplement-Facts-39x50.webp 39w\" sizes=\"(max-width: 612px) 100vw, 612px\" \/><\/p>\n<p><em>Estas declara\u00e7\u00f5es n\u00e3o foram avaliadas pela Food and Drug Administration. Este produto n\u00e3o se destina a diagnosticar, tratar, curar ou prevenir qualquer doen\u00e7a.<\/em><\/p>","protected":false},"excerpt":{"rendered":"<h2><span class=\"headline ng-star-inserted\">METABOLISMO<\/span><\/h2>\n<div>\n<p><strong>Complexo Metab\u00f3lico Popping &amp; Playful<\/strong><br \/>\n<strong>COM A TECNOLOGIA PRODOSOME<\/strong><br \/>\n(saco de 30 doses)<\/p>\n<p><strong>Aumenta o teu metabolismo. Queimar gordura. Equilibra as suas hormonas.<\/strong><br \/>\nQuem disse que melhorar a sua sa\u00fade n\u00e3o podia ser divertido?<\/p>\n<\/div>","protected":false},"featured_media":76229,"template":"","meta":{"footnotes":""},"product_brand":[],"product_cat":[80],"product_tag":[151,278,117,106,115],"class_list":{"0":"post-75469","1":"product","2":"type-product","3":"status-publish","4":"has-post-thumbnail","6":"product_cat-beauty-health-supplements","7":"product_tag-energy","8":"product_tag-health","9":"product_tag-nutrition","10":"product_tag-peformance","11":"product_tag-supplement","12":"product_shipping_class-shipping-class-1","13":"has-subscription-plans","15":"first","16":"instock","17":"sale","18":"taxable","19":"shipping-taxable","20":"purchasable","21":"product-type-simple"},"bundled_by":["75471","120228","120242"],"bundle_stock_status":"instock","bundle_stock_quantity":941,"bundle_virtual":false,"bundle_layout":"","bundle_add_to_cart_form_location":"","bundle_editable_in_cart":false,"bundle_sold_individually_context":"","bundle_item_grouping":"","bundle_min_size":"","bundle_max_size":"","bundle_price":[],"bundled_items":[],"bundle_sell_ids":[],"group_of_quantity":0,"min_quantity":0,"max_quantity":"","exclude_order_quantity_value_rules":"no","exclude_category_quantity_rules":"no","combine_variations":"no","_links":{"self":[{"href":"https:\/\/2024.shoply.com\/pt\/wp-json\/wp\/v2\/product\/75469","targetHints":{"allow":["GET"]}}],"collection":[{"href":"https:\/\/2024.shoply.com\/pt\/wp-json\/wp\/v2\/product"}],"about":[{"href":"https:\/\/2024.shoply.com\/pt\/wp-json\/wp\/v2\/types\/product"}],"version-history":[{"count":3,"href":"https:\/\/2024.shoply.com\/pt\/wp-json\/wp\/v2\/product\/75469\/revisions"}],"predecessor-version":[{"id":140618,"href":"https:\/\/2024.shoply.com\/pt\/wp-json\/wp\/v2\/product\/75469\/revisions\/140618"}],"wp:featuredmedia":[{"embeddable":true,"href":"https:\/\/2024.shoply.com\/pt\/wp-json\/wp\/v2\/media\/76229"}],"wp:attachment":[{"href":"https:\/\/2024.shoply.com\/pt\/wp-json\/wp\/v2\/media?parent=75469"}],"wp:term":[{"taxonomy":"product_brand","embeddable":true,"href":"https:\/\/2024.shoply.com\/pt\/wp-json\/wp\/v2\/product_brand?post=75469"},{"taxonomy":"product_cat","embeddable":true,"href":"https:\/\/2024.shoply.com\/pt\/wp-json\/wp\/v2\/product_cat?post=75469"},{"taxonomy":"product_tag","embeddable":true,"href":"https:\/\/2024.shoply.com\/pt\/wp-json\/wp\/v2\/product_tag?post=75469"}],"curies":[{"name":"wp","href":"https:\/\/api.w.org\/{rel}","templated":true}]}}