{"id":77405,"date":"2024-10-16T00:47:09","date_gmt":"2024-10-16T05:47:09","guid":{"rendered":"https:\/\/shoply.com\/?post_type=product&#038;p=77405"},"modified":"2025-02-06T21:22:20","modified_gmt":"2025-02-07T02:22:20","slug":"happy-birthday-ice-cream-scoop-premier-soy-wax-candle","status":"publish","type":"product","link":"https:\/\/2024.shoply.com\/pt\/produto\/happy-birthday-ice-cream-scoop-premier-soy-wax-candle\/","title":{"rendered":"Vela de cera de soja Happy Birthday Ice Cream Scoop Premier"},"content":{"rendered":"<p>Happy Birthday Candle with decorated Ice Cream Scoop<\/p>\n<p>Lots of buttery, creamy, and vanilla notes make our Birthday Cake (Happy Birthday) candle irresistible.<\/p>\n<p><strong>VELA INFO:\u00a0\u00a0<\/strong><\/p>\n<ul>\n<li>Size: 11oz, Height 3.5inch, Diameter 3.06 inch<\/li>\n<li>Burn Time: 40+ Hours depending on size of Candle<\/li>\n<li>Pavio: Algod\u00e3o 100% (sem chumbo e zinco)<\/li>\n<li>Cera: Mistura exclusiva de cera \u00e0 base de soja | Vegana, sem OGM, Kosher | Fabricada nos EUA<\/li>\n<li>\u00d3leo essencial de fragr\u00e2ncia Premium<\/li>\n<li>Sem gl\u00faten, sem ftalatos, n\u00e3o t\u00f3xico, sem crueldade<\/li>\n<li>Fabricado nos EUA<\/li>\n<li>Colocado \u00e0 m\u00e3o em Champaign, IL<\/li>\n<\/ul>\n<p><strong>CUIDADOS COM A VELA:<\/strong><\/p>\n<ul>\n<li>Apare sempre o seu pavio at\u00e9 1\/4 \"antes de acender a vela de cada vez para evitar qualquer fuligem<\/li>\n<li>N\u00e3o queimar a vela mais do que 4 horas de cada vez.<\/li>\n<li>N\u00e3o queimar a vela com menos de 1\/2\u2033 de cera restante<\/li>\n<li>Manter a vela afastada de ventoinhas, janelas abertas, superf\u00edcies quentes, crian\u00e7as e animais de estima\u00e7\u00e3o<\/li>\n<li>Nunca deixe uma vela acesa sem vigil\u00e2ncia.<\/li>\n<\/ul>","protected":false},"excerpt":{"rendered":"<p>Happy Birthday Candle with decorated Ice Cream Scoop<\/p>\n<p>&nbsp;<\/p>","protected":false},"featured_media":77541,"template":"","meta":{"footnotes":""},"product_brand":[],"product_cat":[408,314],"product_tag":[262,402,327],"class_list":{"0":"post-77405","1":"product","2":"type-product","3":"status-publish","4":"has-post-thumbnail","6":"product_cat-birthday","7":"product_cat-candles","8":"product_tag-cotton","9":"product_tag-fragrances-2","10":"product_tag-soy","11":"product_shipping_class-shipping-class-1","12":"has-subscription-plans","14":"first","15":"instock","16":"taxable","17":"shipping-taxable","18":"purchasable","19":"product-type-simple"},"bundled_by":[],"bundle_stock_status":"instock","bundle_stock_quantity":296,"bundle_virtual":false,"bundle_layout":"","bundle_add_to_cart_form_location":"","bundle_editable_in_cart":false,"bundle_sold_individually_context":"","bundle_item_grouping":"","bundle_min_size":"","bundle_max_size":"","bundle_price":[],"bundled_items":[],"bundle_sell_ids":[],"group_of_quantity":0,"min_quantity":0,"max_quantity":"","exclude_order_quantity_value_rules":"no","exclude_category_quantity_rules":"no","combine_variations":"no","_links":{"self":[{"href":"https:\/\/2024.shoply.com\/pt\/wp-json\/wp\/v2\/product\/77405","targetHints":{"allow":["GET"]}}],"collection":[{"href":"https:\/\/2024.shoply.com\/pt\/wp-json\/wp\/v2\/product"}],"about":[{"href":"https:\/\/2024.shoply.com\/pt\/wp-json\/wp\/v2\/types\/product"}],"version-history":[{"count":1,"href":"https:\/\/2024.shoply.com\/pt\/wp-json\/wp\/v2\/product\/77405\/revisions"}],"predecessor-version":[{"id":132438,"href":"https:\/\/2024.shoply.com\/pt\/wp-json\/wp\/v2\/product\/77405\/revisions\/132438"}],"wp:featuredmedia":[{"embeddable":true,"href":"https:\/\/2024.shoply.com\/pt\/wp-json\/wp\/v2\/media\/77541"}],"wp:attachment":[{"href":"https:\/\/2024.shoply.com\/pt\/wp-json\/wp\/v2\/media?parent=77405"}],"wp:term":[{"taxonomy":"product_brand","embeddable":true,"href":"https:\/\/2024.shoply.com\/pt\/wp-json\/wp\/v2\/product_brand?post=77405"},{"taxonomy":"product_cat","embeddable":true,"href":"https:\/\/2024.shoply.com\/pt\/wp-json\/wp\/v2\/product_cat?post=77405"},{"taxonomy":"product_tag","embeddable":true,"href":"https:\/\/2024.shoply.com\/pt\/wp-json\/wp\/v2\/product_tag?post=77405"}],"curies":[{"name":"wp","href":"https:\/\/api.w.org\/{rel}","templated":true}]}}