{"id":77546,"date":"2024-10-16T00:49:33","date_gmt":"2024-10-16T05:49:33","guid":{"rendered":"https:\/\/shoply.com\/?post_type=product&#038;p=77546"},"modified":"2025-02-23T17:12:41","modified_gmt":"2025-02-23T22:12:41","slug":"fruity-parfait-premier-soy-wax-candle-11oz","status":"publish","type":"product","link":"https:\/\/2024.shoply.com\/pt\/produto\/fruity-parfait-premier-soy-wax-candle-11oz\/","title":{"rendered":"Vela de cera de soja Fruity Parfait Premier 11oz"},"content":{"rendered":"<p>A freshly whipped topping with a selection of zesty fruits.<br \/>\nA fruity fragrance that is a favorite. Effervescent top notes of champagne and orange peel blend with an enhanced heart of grapefruit and peach cradled in a gentle base of ginger, and vanilla.<br \/>\nComes with Gift Box.<\/p>\n<p>VELA INFO:<br \/>\n\u2022 Size: 11oz<br \/>\n\u2022 Burn Time: 40+ Hours depending on size of Candle<br \/>\n- Pavio: Algod\u00e3o 100% (sem chumbo e sem zinco)<br \/>\n- Cera: Mistura exclusiva de cera \u00e0 base de soja | Vegana, sem OGM, Kosher | Fabricada nos EUA<br \/>\n- \u00d3leo essencial de fragr\u00e2ncia Premium<br \/>\n- Sem gl\u00faten, sem ftalatos, n\u00e3o t\u00f3xico, sem crueldade<br \/>\n- Fabricado nos EUA<br \/>\n- Colocado \u00e0 m\u00e3o em Champaign, IL<br \/>\nCUIDADOS COM A VELA:<br \/>\n- Apare sempre o seu pavio at\u00e9 1\/4 \"antes de acender a vela de cada vez para evitar qualquer fuligem<br \/>\n- N\u00e3o queimar a vela mais do que 4 horas de cada vez.<br \/>\n- N\u00e3o queimar a vela com menos de 1\/2\u2033 de cera restante<br \/>\n- Manter a vela afastada de ventoinhas, janelas abertas, superf\u00edcies quentes, crian\u00e7as e animais de estima\u00e7\u00e3o<br \/>\n- Nunca deixe uma vela acesa sem vigil\u00e2ncia.<\/p>","protected":false},"excerpt":{"rendered":"<p>Vela de cera de soja Fruity Parfait 11oz<\/p>\n<p>&nbsp;<\/p>","protected":false},"featured_media":77550,"template":"","meta":{"footnotes":""},"product_brand":[],"product_cat":[408,314],"product_tag":[262,402,327],"class_list":{"0":"post-77546","1":"product","2":"type-product","3":"status-publish","4":"has-post-thumbnail","6":"product_cat-birthday","7":"product_cat-candles","8":"product_tag-cotton","9":"product_tag-fragrances-2","10":"product_tag-soy","11":"product_shipping_class-shipping-class-1","12":"has-subscription-plans","14":"first","15":"instock","16":"taxable","17":"shipping-taxable","18":"purchasable","19":"product-type-simple"},"bundled_by":[],"bundle_stock_status":"instock","bundle_stock_quantity":290,"bundle_virtual":false,"bundle_layout":"","bundle_add_to_cart_form_location":"","bundle_editable_in_cart":false,"bundle_sold_individually_context":"","bundle_item_grouping":"","bundle_min_size":"","bundle_max_size":"","bundle_price":[],"bundled_items":[],"bundle_sell_ids":[],"group_of_quantity":0,"min_quantity":0,"max_quantity":"","exclude_order_quantity_value_rules":"no","exclude_category_quantity_rules":"no","combine_variations":"no","_links":{"self":[{"href":"https:\/\/2024.shoply.com\/pt\/wp-json\/wp\/v2\/product\/77546","targetHints":{"allow":["GET"]}}],"collection":[{"href":"https:\/\/2024.shoply.com\/pt\/wp-json\/wp\/v2\/product"}],"about":[{"href":"https:\/\/2024.shoply.com\/pt\/wp-json\/wp\/v2\/types\/product"}],"version-history":[{"count":1,"href":"https:\/\/2024.shoply.com\/pt\/wp-json\/wp\/v2\/product\/77546\/revisions"}],"predecessor-version":[{"id":132346,"href":"https:\/\/2024.shoply.com\/pt\/wp-json\/wp\/v2\/product\/77546\/revisions\/132346"}],"wp:featuredmedia":[{"embeddable":true,"href":"https:\/\/2024.shoply.com\/pt\/wp-json\/wp\/v2\/media\/77550"}],"wp:attachment":[{"href":"https:\/\/2024.shoply.com\/pt\/wp-json\/wp\/v2\/media?parent=77546"}],"wp:term":[{"taxonomy":"product_brand","embeddable":true,"href":"https:\/\/2024.shoply.com\/pt\/wp-json\/wp\/v2\/product_brand?post=77546"},{"taxonomy":"product_cat","embeddable":true,"href":"https:\/\/2024.shoply.com\/pt\/wp-json\/wp\/v2\/product_cat?post=77546"},{"taxonomy":"product_tag","embeddable":true,"href":"https:\/\/2024.shoply.com\/pt\/wp-json\/wp\/v2\/product_tag?post=77546"}],"curies":[{"name":"wp","href":"https:\/\/api.w.org\/{rel}","templated":true}]}}