{"id":77561,"date":"2024-10-16T01:05:51","date_gmt":"2024-10-16T06:05:51","guid":{"rendered":"https:\/\/shoply.com\/?post_type=product&#038;p=77561"},"modified":"2025-02-03T15:52:47","modified_gmt":"2025-02-03T20:52:47","slug":"strawberries-and-cream-premier-soy-wax-candle-11oz","status":"publish","type":"product","link":"https:\/\/2024.shoply.com\/pt\/produto\/strawberries-and-cream-premier-soy-wax-candle-11oz\/","title":{"rendered":"Vela de cera de soja Strawberries and Cream Premier 11oz"},"content":{"rendered":"<div class=\"Flex-sc-14t19kd-0 Column-sc-4nf49i-0 kutNWl cMHkUE\"><span class=\"Styles__Span-sc-4zz2i3-1 AccordionContainer__AccordionSpan-sc-ohybgg-2 fYstiQ WSLjP\">A freshly whipped topping with a selection of zesty fruits. A fruity fragrance of fresh strawberries, a hint of vanilla and creamy whipped cream. A true delight.<br \/>\n<\/span><\/div>\n<div class=\"Flex-sc-14t19kd-0 Column-sc-4nf49i-0 kutNWl cMHkUE\"><\/div>\n<div class=\"Flex-sc-14t19kd-0 Column-sc-4nf49i-0 kutNWl cMHkUE\"><span class=\"Styles__Span-sc-4zz2i3-1 AccordionContainer__AccordionSpan-sc-ohybgg-2 fYstiQ WSLjP\">VELA INFO:<\/span><\/div>\n<div class=\"Flex-sc-14t19kd-0 Column-sc-4nf49i-0 kutNWl cMHkUE\"><span class=\"Styles__Span-sc-4zz2i3-1 AccordionContainer__AccordionSpan-sc-ohybgg-2 fYstiQ WSLjP\">\u2022 Size: 11oz<\/span><\/div>\n<div class=\"Flex-sc-14t19kd-0 Column-sc-4nf49i-0 kutNWl cMHkUE\"><span class=\"Styles__Span-sc-4zz2i3-1 AccordionContainer__AccordionSpan-sc-ohybgg-2 fYstiQ WSLjP\">\u2022 Burn Time: 40+ Hours depending on size of Candle<\/span><\/div>\n<div class=\"Flex-sc-14t19kd-0 Column-sc-4nf49i-0 kutNWl cMHkUE\"><span class=\"Styles__Span-sc-4zz2i3-1 AccordionContainer__AccordionSpan-sc-ohybgg-2 fYstiQ WSLjP\">- Pavio: Algod\u00e3o 100% (sem chumbo e sem zinco)<\/span><\/div>\n<div class=\"Flex-sc-14t19kd-0 Column-sc-4nf49i-0 kutNWl cMHkUE\"><span class=\"Styles__Span-sc-4zz2i3-1 AccordionContainer__AccordionSpan-sc-ohybgg-2 fYstiQ WSLjP\">\u2022 Wax: Proprietary Soy Based Wax Blend | Vegan, Non-GMO, Kosher | Made in USA \u2022 Premium Fragrance Essential Oil<\/span><\/div>\n<div class=\"Flex-sc-14t19kd-0 Column-sc-4nf49i-0 kutNWl cMHkUE\"><span class=\"Styles__Span-sc-4zz2i3-1 AccordionContainer__AccordionSpan-sc-ohybgg-2 fYstiQ WSLjP\">- Sem gl\u00faten, sem ftalatos, n\u00e3o t\u00f3xico, sem crueldade<\/span><\/div>\n<div class=\"Flex-sc-14t19kd-0 Column-sc-4nf49i-0 kutNWl cMHkUE\"><span class=\"Styles__Span-sc-4zz2i3-1 AccordionContainer__AccordionSpan-sc-ohybgg-2 fYstiQ WSLjP\">\u2022 Made in the USA \u2022 Hand-poured in Champaign, IL<\/span><\/div>\n<div class=\"Flex-sc-14t19kd-0 Column-sc-4nf49i-0 kutNWl cMHkUE\"><\/div>\n<div class=\"Flex-sc-14t19kd-0 Column-sc-4nf49i-0 kutNWl cMHkUE\"><span class=\"Styles__Span-sc-4zz2i3-1 AccordionContainer__AccordionSpan-sc-ohybgg-2 fYstiQ WSLjP\">CUIDADOS COM A VELA:<\/span><\/div>\n<div class=\"Flex-sc-14t19kd-0 Column-sc-4nf49i-0 kutNWl cMHkUE\"><span class=\"Styles__Span-sc-4zz2i3-1 AccordionContainer__AccordionSpan-sc-ohybgg-2 fYstiQ WSLjP\">- Apare sempre o seu pavio at\u00e9 1\/4 \"antes de acender a vela de cada vez para evitar qualquer fuligem<\/span><\/div>\n<div class=\"Flex-sc-14t19kd-0 Column-sc-4nf49i-0 kutNWl cMHkUE\"><span class=\"Styles__Span-sc-4zz2i3-1 AccordionContainer__AccordionSpan-sc-ohybgg-2 fYstiQ WSLjP\">- N\u00e3o queimar a vela mais do que 4 horas de cada vez.<\/span><\/div>\n<div class=\"Flex-sc-14t19kd-0 Column-sc-4nf49i-0 kutNWl cMHkUE\"><span class=\"Styles__Span-sc-4zz2i3-1 AccordionContainer__AccordionSpan-sc-ohybgg-2 fYstiQ WSLjP\">- N\u00e3o queimar a vela com menos de 1\/2\u2033 de cera restante<\/span><\/div>\n<div class=\"Flex-sc-14t19kd-0 Column-sc-4nf49i-0 kutNWl cMHkUE\"><span class=\"Styles__Span-sc-4zz2i3-1 AccordionContainer__AccordionSpan-sc-ohybgg-2 fYstiQ WSLjP\">- Manter a vela afastada de ventoinhas, janelas abertas, superf\u00edcies quentes, crian\u00e7as e animais de estima\u00e7\u00e3o<\/span><\/div>\n<div class=\"Flex-sc-14t19kd-0 Column-sc-4nf49i-0 kutNWl cMHkUE\"><span class=\"Styles__Span-sc-4zz2i3-1 AccordionContainer__AccordionSpan-sc-ohybgg-2 fYstiQ WSLjP\">- Nunca deixe uma vela acesa sem vigil\u00e2ncia.<\/span><\/div>","protected":false},"excerpt":{"rendered":"<p>Vela de cera de soja Strawberries and Cream 11oz<\/p>\n<p>&nbsp;<\/p>","protected":false},"featured_media":77563,"template":"","meta":{"footnotes":""},"product_brand":[],"product_cat":[408,314,407],"product_tag":[262,402,327],"class_list":{"0":"post-77561","1":"product","2":"type-product","3":"status-publish","4":"has-post-thumbnail","6":"product_cat-birthday","7":"product_cat-candles","8":"product_cat-gift-giving","9":"product_tag-cotton","10":"product_tag-fragrances-2","11":"product_tag-soy","12":"product_shipping_class-shipping-class-1","13":"has-subscription-plans","15":"first","16":"instock","17":"taxable","18":"shipping-taxable","19":"purchasable","20":"product-type-simple"},"bundled_by":[],"bundle_stock_status":"instock","bundle_stock_quantity":290,"bundle_virtual":false,"bundle_layout":"","bundle_add_to_cart_form_location":"","bundle_editable_in_cart":false,"bundle_sold_individually_context":"","bundle_item_grouping":"","bundle_min_size":"","bundle_max_size":"","bundle_price":[],"bundled_items":[],"bundle_sell_ids":[],"group_of_quantity":0,"min_quantity":0,"max_quantity":"","exclude_order_quantity_value_rules":"no","exclude_category_quantity_rules":"no","combine_variations":"no","_links":{"self":[{"href":"https:\/\/2024.shoply.com\/pt\/wp-json\/wp\/v2\/product\/77561","targetHints":{"allow":["GET"]}}],"collection":[{"href":"https:\/\/2024.shoply.com\/pt\/wp-json\/wp\/v2\/product"}],"about":[{"href":"https:\/\/2024.shoply.com\/pt\/wp-json\/wp\/v2\/types\/product"}],"version-history":[{"count":1,"href":"https:\/\/2024.shoply.com\/pt\/wp-json\/wp\/v2\/product\/77561\/revisions"}],"predecessor-version":[{"id":132335,"href":"https:\/\/2024.shoply.com\/pt\/wp-json\/wp\/v2\/product\/77561\/revisions\/132335"}],"wp:featuredmedia":[{"embeddable":true,"href":"https:\/\/2024.shoply.com\/pt\/wp-json\/wp\/v2\/media\/77563"}],"wp:attachment":[{"href":"https:\/\/2024.shoply.com\/pt\/wp-json\/wp\/v2\/media?parent=77561"}],"wp:term":[{"taxonomy":"product_brand","embeddable":true,"href":"https:\/\/2024.shoply.com\/pt\/wp-json\/wp\/v2\/product_brand?post=77561"},{"taxonomy":"product_cat","embeddable":true,"href":"https:\/\/2024.shoply.com\/pt\/wp-json\/wp\/v2\/product_cat?post=77561"},{"taxonomy":"product_tag","embeddable":true,"href":"https:\/\/2024.shoply.com\/pt\/wp-json\/wp\/v2\/product_tag?post=77561"}],"curies":[{"name":"wp","href":"https:\/\/api.w.org\/{rel}","templated":true}]}}