{"id":78700,"date":"2024-10-20T19:02:08","date_gmt":"2024-10-21T00:02:08","guid":{"rendered":"https:\/\/shoply.com\/?post_type=product&#038;p=78700"},"modified":"2025-01-31T18:41:54","modified_gmt":"2025-01-31T23:41:54","slug":"usa-bio-lite-usa","status":"publish","type":"product","link":"https:\/\/2024.shoply.com\/pt\/produto\/usa-bio-lite-usa\/","title":{"rendered":"(USA) Bio-Lite (USA)"},"content":{"rendered":"<p>Experimente os efeitos de <strong>Ondas de Terahertz e l\u00f5es negativos<\/strong> tudo na mesma frequ\u00eancia com esta energia tripla que revigora e aquece o seu corpo.<\/p>\n<p>Energia 1: O efeito de imagem espetral das ondas terahertz detecta com precis\u00e3o c\u00e9lulas an\u00f3malas no corpo.<\/p>\n<p>Energia 2: Os i\u00f5es negativos actuam como antioxidantes e melhoram a qualidade do sono.<\/p>\n<p>Energia 3: O raio de grafeno ajuda a promover o relaxamento.<\/p>\n<p><strong>30 minutos de iTera-Bio \u00e9 equivalente a:<\/strong><br \/>\n- 60 minutos de aer\u00f3bica<br \/>\n- 8 horas de massagem terap\u00eautica<br \/>\n*60 minutos de suor<br \/>\n- 30 minutos de Gua Sha<br \/>\n- 180 minutos de moxabust\u00e3o<br \/>\n- 20 tratamentos de ventosas<\/p>\n<p>&nbsp;<\/p>\n<p>&nbsp;<\/p>\n<p><strong>DECLARA\u00c7\u00c3O DE RESPONSABILIDADE<\/strong><\/p>\n<p>- Este dispositivo n\u00e3o \u00e9 considerado um tratamento m\u00e9dico. Como sempre, se tiver d\u00favidas sobre a utiliza\u00e7\u00e3o deste dispositivo relacionadas com a sua sa\u00fade pessoal, \u00e9 importante que fale com o seu m\u00e9dico de fam\u00edlia sobre as suas preocupa\u00e7\u00f5es.<\/p>\n<p>&nbsp;<\/p>\n<p>&nbsp;<\/p>\n<p>&nbsp;<\/p>\n<p>&nbsp;<\/p>\n<p>&nbsp;<\/p>","protected":false},"excerpt":{"rendered":"<p><a href=\"https:\/\/shoply.com\/wp-content\/uploads\/woocommerce_uploads\/2024\/10\/230915-iTera-Bio-Lite-Manual_EN-vl2vak.pdf\">Manual Bio-Lite<\/a><\/p>","protected":false},"featured_media":78701,"template":"","meta":{"footnotes":""},"product_brand":[],"product_cat":[382,383,386],"product_tag":[149,174,139,138,135,394,140],"class_list":{"0":"post-78700","1":"product","2":"type-product","3":"status-publish","4":"has-post-thumbnail","6":"product_cat-health","7":"product_cat-personal-care","8":"product_cat-skin-care","9":"product_tag-anti-aging","10":"product_tag-anti-inflammatory","11":"product_tag-detox","12":"product_tag-detoxification","13":"product_tag-recovery","14":"product_tag-skin","15":"product_tag-skin-care","16":"product_shipping_class-shipping-class-2","18":"first","19":"instock","20":"sale","21":"taxable","22":"shipping-taxable","23":"purchasable","24":"product-type-simple"},"bundled_by":[],"bundle_stock_status":"instock","bundle_stock_quantity":19,"bundle_virtual":false,"bundle_layout":"","bundle_add_to_cart_form_location":"","bundle_editable_in_cart":false,"bundle_sold_individually_context":"","bundle_item_grouping":"","bundle_min_size":"","bundle_max_size":"","bundle_price":[],"bundled_items":[],"bundle_sell_ids":[],"group_of_quantity":0,"min_quantity":0,"max_quantity":"","exclude_order_quantity_value_rules":"no","exclude_category_quantity_rules":"no","combine_variations":"no","_links":{"self":[{"href":"https:\/\/2024.shoply.com\/pt\/wp-json\/wp\/v2\/product\/78700","targetHints":{"allow":["GET"]}}],"collection":[{"href":"https:\/\/2024.shoply.com\/pt\/wp-json\/wp\/v2\/product"}],"about":[{"href":"https:\/\/2024.shoply.com\/pt\/wp-json\/wp\/v2\/types\/product"}],"version-history":[{"count":1,"href":"https:\/\/2024.shoply.com\/pt\/wp-json\/wp\/v2\/product\/78700\/revisions"}],"predecessor-version":[{"id":126948,"href":"https:\/\/2024.shoply.com\/pt\/wp-json\/wp\/v2\/product\/78700\/revisions\/126948"}],"wp:featuredmedia":[{"embeddable":true,"href":"https:\/\/2024.shoply.com\/pt\/wp-json\/wp\/v2\/media\/78701"}],"wp:attachment":[{"href":"https:\/\/2024.shoply.com\/pt\/wp-json\/wp\/v2\/media?parent=78700"}],"wp:term":[{"taxonomy":"product_brand","embeddable":true,"href":"https:\/\/2024.shoply.com\/pt\/wp-json\/wp\/v2\/product_brand?post=78700"},{"taxonomy":"product_cat","embeddable":true,"href":"https:\/\/2024.shoply.com\/pt\/wp-json\/wp\/v2\/product_cat?post=78700"},{"taxonomy":"product_tag","embeddable":true,"href":"https:\/\/2024.shoply.com\/pt\/wp-json\/wp\/v2\/product_tag?post=78700"}],"curies":[{"name":"wp","href":"https:\/\/api.w.org\/{rel}","templated":true}]}}