{"id":78901,"date":"2024-10-21T12:30:42","date_gmt":"2024-10-21T17:30:42","guid":{"rendered":"https:\/\/shoply.com\/?post_type=product&#038;p=78901"},"modified":"2025-01-31T14:06:46","modified_gmt":"2025-01-31T19:06:46","slug":"royal-fools-gold","status":"publish","type":"product","link":"https:\/\/2024.shoply.com\/pt\/produto\/royal-fools-gold\/","title":{"rendered":"Royal Fools Gold"},"content":{"rendered":"<p><strong>Sobre a Just For Toenails\u00ae.<\/strong><\/p>\n<p><strong>Desde 1998, a Just For Toenails\u00ae (JFT) tem sido pioneira na ind\u00fastria de cuidados das unhas.<\/strong> Desenvolvido pelo Dr. Robert Spalding e aprovado por pod\u00f3logos como o Dr. David Velarde, a nossa f\u00f3rmula avan\u00e7ada de verniz para unhas apresenta permeabilidade ao O2, melhorando a apar\u00eancia das unhas dos p\u00e9s e das m\u00e3os e promovendo a sua sa\u00fade. Sendo o primeiro verniz de unhas melhorado com \u00f3leo da \u00e1rvore do ch\u00e1, demos consistentemente prioridade ao bem-estar das suas unhas. A nossa f\u00f3rmula \"21-free\", isenta de qu\u00edmicos nocivos como o formalde\u00eddo, o tolueno e o <strong>Dibutilo\u00a0<\/strong>ftalato (DBP), exemplifica o nosso compromisso com o cuidado seguro e eficaz das unhas. Atualmente, o JFT continua a ser o produto orientado para a podologia com o pre\u00e7o mais razo\u00e1vel do mercado, tornando a beleza saud\u00e1vel das unhas acess\u00edvel a todos.<\/p>\n<p><strong>Melhorado e perme\u00e1vel<\/strong><\/p>\n<p>Na Just For Toenails\u00ae, acreditamos que conseguir unhas bonitas n\u00e3o deve comprometer a sua sa\u00fade. A nossa filosofia centra-se na cria\u00e7\u00e3o de\u00a0<strong>refor\u00e7ada e perme\u00e1vel<\/strong> que n\u00e3o s\u00f3 proporciona uma cor vibrante e duradoura, como tamb\u00e9m permite que as suas unhas respirem. Orgulhamo-nos de ter o melhor registo de satisfa\u00e7\u00e3o dos pacientes, um testemunho do nosso empenho em fornecer solu\u00e7\u00f5es eficazes e seguras para o cuidado das unhas desde 1998. Tamb\u00e9m nos dedicamos a oferecer os melhores vernizes melhorados a pre\u00e7os acess\u00edveis do mercado, garantindo que todos possam ter acesso a cuidados de alta qualidade para as unhas. Os nossos produtos s\u00e3o orgulhosamente isentos de crueldade e de 21 toxinas, reflectindo a nossa dedica\u00e7\u00e3o ao seu bem-estar e ao ambiente.<\/p>","protected":false},"excerpt":{"rendered":"<p>A L<strong>Verniz de unhas uxurious Proprietary em cores brilhantes<\/strong> isto \u00e9 <strong>21 Livre de Toxinas<\/strong>. <strong>JustforToenails<\/strong><strong>\u00ae<\/strong> \u00e9 o <em>muito primeiro<\/em> <strong>Infus\u00e3o de \u00e1rvore do ch\u00e1<\/strong> <strong>Melhorado<\/strong> para melhorar o aspeto, o brilho e a prote\u00e7\u00e3o das unhas normais e problem\u00e1ticas. O JFT protege a placa ungueal com um verniz de cor pigmentada patenteado que \u00e9 id\u00eantico ou superior ao de um servi\u00e7o de unhas profissional, proporcionando uma prote\u00e7\u00e3o sem toxinas para as unhas naturais. <em>Recomendado para ser utilizado com a nossa Base especial com infus\u00e3o de Tea Tree para proteger melhor o natural dos pigmentos de verniz de aplica\u00e7\u00e3o direta e para melhorar o reflexo da cor.<\/em><\/p>","protected":false},"featured_media":78594,"template":"","meta":{"footnotes":""},"product_brand":[],"product_cat":[384,382,383],"product_tag":[272,109,278,342],"class_list":{"0":"post-78901","1":"product","2":"type-product","3":"status-publish","4":"has-post-thumbnail","6":"product_cat-cosmetics","7":"product_cat-health","8":"product_cat-personal-care","9":"product_tag-awareness","10":"product_tag-body","11":"product_tag-health","12":"product_tag-pretty","13":"product_shipping_class-shipping-class-1","14":"has-subscription-plans","16":"first","17":"instock","18":"taxable","19":"shipping-taxable","20":"purchasable","21":"product-type-simple"},"bundled_by":[],"bundle_stock_status":"instock","bundle_stock_quantity":100,"bundle_virtual":false,"bundle_layout":"","bundle_add_to_cart_form_location":"","bundle_editable_in_cart":false,"bundle_sold_individually_context":"","bundle_item_grouping":"","bundle_min_size":"","bundle_max_size":"","bundle_price":[],"bundled_items":[],"bundle_sell_ids":[],"group_of_quantity":0,"min_quantity":0,"max_quantity":"","exclude_order_quantity_value_rules":"no","exclude_category_quantity_rules":"no","combine_variations":"no","_links":{"self":[{"href":"https:\/\/2024.shoply.com\/pt\/wp-json\/wp\/v2\/product\/78901","targetHints":{"allow":["GET"]}}],"collection":[{"href":"https:\/\/2024.shoply.com\/pt\/wp-json\/wp\/v2\/product"}],"about":[{"href":"https:\/\/2024.shoply.com\/pt\/wp-json\/wp\/v2\/types\/product"}],"version-history":[{"count":1,"href":"https:\/\/2024.shoply.com\/pt\/wp-json\/wp\/v2\/product\/78901\/revisions"}],"predecessor-version":[{"id":128862,"href":"https:\/\/2024.shoply.com\/pt\/wp-json\/wp\/v2\/product\/78901\/revisions\/128862"}],"wp:featuredmedia":[{"embeddable":true,"href":"https:\/\/2024.shoply.com\/pt\/wp-json\/wp\/v2\/media\/78594"}],"wp:attachment":[{"href":"https:\/\/2024.shoply.com\/pt\/wp-json\/wp\/v2\/media?parent=78901"}],"wp:term":[{"taxonomy":"product_brand","embeddable":true,"href":"https:\/\/2024.shoply.com\/pt\/wp-json\/wp\/v2\/product_brand?post=78901"},{"taxonomy":"product_cat","embeddable":true,"href":"https:\/\/2024.shoply.com\/pt\/wp-json\/wp\/v2\/product_cat?post=78901"},{"taxonomy":"product_tag","embeddable":true,"href":"https:\/\/2024.shoply.com\/pt\/wp-json\/wp\/v2\/product_tag?post=78901"}],"curies":[{"name":"wp","href":"https:\/\/api.w.org\/{rel}","templated":true}]}}