{"id":83420,"date":"2024-10-28T22:55:42","date_gmt":"2024-10-29T03:55:42","guid":{"rendered":"https:\/\/shoply.com\/?post_type=product&#038;p=83420"},"modified":"2025-01-30T14:53:42","modified_gmt":"2025-01-30T19:53:42","slug":"yellow-sapphire-and-diamond-band-engagement-commitment-ring","status":"publish","type":"product","link":"https:\/\/2024.shoply.com\/pt\/produto\/yellow-sapphire-and-diamond-band-engagement-commitment-ring\/","title":{"rendered":"Anel de noivado\/compromisso com safira amarela e diamante"},"content":{"rendered":"<h2 style=\"font-weight: 400\"><strong>Somos fabricantes de j\u00f3ias finas, criando pe\u00e7as que d\u00e3o poder e transformam.<\/strong><\/h2>\n<p style=\"font-weight: 400\">Acreditamos que s\u00f3 refor\u00e7ando a liga\u00e7\u00e3o \u00fanica que cada um de n\u00f3s tem com a natureza, com os outros e connosco pr\u00f3prios, podemos capacitar e transformar as pessoas na melhor vers\u00e3o de si mesmas.<\/p>\n<p style=\"font-weight: 400\">Aproveitar as qualidades e virtudes das pedras preciosas para se ligar a cada indiv\u00edduo, obtendo-as eticamente de todo o mundo e transformando-as em verdadeiros s\u00edmbolos que d\u00e3o poder e inspiram a transforma\u00e7\u00e3o.<\/p>\n<p style=\"font-weight: 400\">Inspirados por outras \u00e9pocas e lugares antigos, a nossa abordagem ao design de j\u00f3ias vai para al\u00e9m do simplesmente belo e acaba por se traduzir em pe\u00e7as modernas mas intemporais.<\/p>\n<h2 style=\"font-weight: 400\"><strong>Um verdadeiro compromisso com o abastecimento \u00e9tico: O cora\u00e7\u00e3o da Scott Rogers Design<\/strong><\/h2>\n<p style=\"font-weight: 400\">Na SR, acreditamos que o fornecimento respons\u00e1vel n\u00e3o \u00e9 apenas uma pr\u00e1tica comercial; \u00e9 um valor fundamental que orienta tudo o que fazemos. \u00c9 a PERGUNTA que fazemos: \"Onde est\u00e1 a integridade nisto?\" Scott \u00e9 apaixonado por expressar a sua criatividade e liga\u00e7\u00e3o \u00e0 natureza de uma forma \u00e9tica e ecol\u00f3gica. Tem sido uma viagem de 40 anos e continuamos a crescer, a evoluir e a acarinhar as pessoas que t\u00eam a coragem de fazer esta viagem de auto-aprimoramento connosco. Utilizamos ouro reciclado nas nossas cria\u00e7\u00f5es, reduzindo o nosso impacto ambiental.<\/p>\n<p style=\"font-weight: 400\">O nosso amor pelas pedras preciosas de cor \u00e9 profundo. Todas as nossas gemas prov\u00eam diretamente dos campos de gemas de cada pa\u00eds, apoiando as comunidades\/artes\u00e3os locais e garantindo a autenticidade das nossas pedras. As nossas colec\u00e7\u00f5es \u00fanicas e encomendas personalizadas tamb\u00e9m nos levam em aventuras globais para obter pedras preciosas raras e ex\u00f3ticas de todo o mundo.<\/p>\n<p style=\"font-weight: 400\">Ao escolher a SR, est\u00e1 a apoiar a nossa marca e o nosso ecossistema, que est\u00e1 empenhado no fornecimento respons\u00e1vel, em pr\u00e1ticas sustent\u00e1veis e na cria\u00e7\u00e3o de j\u00f3ias \"Talisman\" requintadas e cheias de alma. Localizada no interior de Byron Bay, Austr\u00e1lia.<\/p>","protected":false},"excerpt":{"rendered":"<h2 style=\"font-weight: 400\"><strong>Pe\u00e7as que transformam<\/strong><\/h2>\n<p><a href=\"https:\/\/shoply.com\/wp-content\/uploads\/2024\/12\/IMG_3612.mov\">V\u00cdDEO DO ANEL DE SAFIRA <\/a><\/p>\n<p><a href=\"https:\/\/shoply.com\/wp-content\/uploads\/2024\/12\/IMG_3611.mov\">V\u00cdDEO DE UM ANEL DE SAFIRA NA M\u00c3O<\/a><\/p>\n<p style=\"font-weight: 400\">Cole\u00e7\u00e3o de an\u00e9is de noivado. Esta pe\u00e7a \u00fanica \u00e9 colocada num estilo de garra no topo da banda para um estilo exagerado para envolver a safira de corte radiante proveniente do pa\u00eds de origem em Madag\u00e1scar - especialmente cortada por um dos nossos cortadores de pedras preciosas e concebida para se adequar \u00e0 nossa cole\u00e7\u00e3o Paris -.  Este anel \u00e9 \u00fanico e simples de usar todos os dias. A safira \u00e9 a carater\u00edstica principal que flutua sobre a banda tornando-a um pouco ousada.<\/p>\n<p>Anel de noivado estilo cl\u00e1ssico moderno<\/p>\n<p>950 Platina 2.05CT Safira bicolor amarela\/azul de corte radiante<\/p>\n<p>Diamante VS1 na banda 0.34ct<\/p>\n<p>1180 QV \/ 470 DB \/ 240 CV<\/p>","protected":false},"featured_media":76638,"template":"","meta":{"footnotes":""},"product_brand":[],"product_cat":[206],"product_tag":[267,288,397],"class_list":{"0":"post-83420","1":"product","2":"type-product","3":"status-publish","4":"has-post-thumbnail","6":"product_cat-jewelry-250-01-or-more","7":"product_tag-gifts","8":"product_tag-love","9":"product_tag-luxury","11":"first","12":"instock","13":"sold-individually","14":"taxable","15":"shipping-taxable","16":"purchasable","17":"product-type-simple"},"bundled_by":[],"bundle_stock_status":"instock","bundle_stock_quantity":1,"bundle_virtual":false,"bundle_layout":"","bundle_add_to_cart_form_location":"","bundle_editable_in_cart":false,"bundle_sold_individually_context":"","bundle_item_grouping":"","bundle_min_size":"","bundle_max_size":"","bundle_price":[],"bundled_items":[],"bundle_sell_ids":[],"group_of_quantity":0,"min_quantity":1,"max_quantity":1,"exclude_order_quantity_value_rules":"no","exclude_category_quantity_rules":"no","combine_variations":"no","_links":{"self":[{"href":"https:\/\/2024.shoply.com\/pt\/wp-json\/wp\/v2\/product\/83420","targetHints":{"allow":["GET"]}}],"collection":[{"href":"https:\/\/2024.shoply.com\/pt\/wp-json\/wp\/v2\/product"}],"about":[{"href":"https:\/\/2024.shoply.com\/pt\/wp-json\/wp\/v2\/types\/product"}],"version-history":[{"count":1,"href":"https:\/\/2024.shoply.com\/pt\/wp-json\/wp\/v2\/product\/83420\/revisions"}],"predecessor-version":[{"id":126379,"href":"https:\/\/2024.shoply.com\/pt\/wp-json\/wp\/v2\/product\/83420\/revisions\/126379"}],"wp:featuredmedia":[{"embeddable":true,"href":"https:\/\/2024.shoply.com\/pt\/wp-json\/wp\/v2\/media\/76638"}],"wp:attachment":[{"href":"https:\/\/2024.shoply.com\/pt\/wp-json\/wp\/v2\/media?parent=83420"}],"wp:term":[{"taxonomy":"product_brand","embeddable":true,"href":"https:\/\/2024.shoply.com\/pt\/wp-json\/wp\/v2\/product_brand?post=83420"},{"taxonomy":"product_cat","embeddable":true,"href":"https:\/\/2024.shoply.com\/pt\/wp-json\/wp\/v2\/product_cat?post=83420"},{"taxonomy":"product_tag","embeddable":true,"href":"https:\/\/2024.shoply.com\/pt\/wp-json\/wp\/v2\/product_tag?post=83420"}],"curies":[{"name":"wp","href":"https:\/\/api.w.org\/{rel}","templated":true}]}}